{"id":1389,"date":"2024-08-12T14:21:31","date_gmt":"2024-08-12T14:21:31","guid":{"rendered":"https:\/\/drterziler.com\/hair-treatments\/"},"modified":"2026-04-21T10:57:14","modified_gmt":"2026-04-21T10:57:14","slug":"sac-tedavileri","status":"publish","type":"page","link":"https:\/\/drterziler.com\/tr\/sac-tedavileri\/","title":{"rendered":"Sa\u00e7 Tedavileri"},"content":{"rendered":"<div class=\"page-content category-page\">\n<div id=\"header-area\">\n<div class=\"container\" id=\"firstContent\">\n<div class=\"header-content d-flex flex-column\">\n<h1 class=\"content-title\">Sa\u00e7 Tedavileri<\/h1>\n<div class=\"content-paragraph\">\n<p>Sa\u00e7 restorasyon tedavilerinde ama\u00e7 mevcut sa\u00e7lar\u0131 g\u00fc\u00e7lendirmek, sa\u00e7 d\u00f6k\u00fclmesini \u00f6nlemek ve sa\u00e7 sa\u011fl\u0131\u011f\u0131n\u0131 korumakt\u0131r. Lazer tedavileri, PRP, b\u00fcy\u00fcme fakt\u00f6rleri ve mezoterapi gibi ileri teknoloji tabanl\u0131 uygulamalar sa\u00e7lar\u0131n yeniden canlanmas\u0131na yard\u0131mc\u0131 olur. Ki\u015fiye \u00f6zel tedavi planlar\u0131 ile Dr. Terziler Exclusive Clinic\u2019te hem kad\u0131nlar\u0131 hem de erkekleri birinci s\u0131n\u0131f bir tedavi deneyimi bekliyor.<\/p>\n<\/p><\/div>\n<nav aria-label=\"breadcrumb\" class=\"breadcrumbs\">\n<ul class=\"d-flex align-items-center mb-0\">\n<li><a class=\"link\" href=\"https:\/\/drterziler.com\/tr\/\"><span>Dr. Terziler<\/span><\/a><\/li>\n<li class=\"separator\">\u00bb<\/li>\n<li class=\"current-page\"><span>Sa\u00e7 Tedavileri<\/span><\/li>\n<\/ul>\n<\/nav><\/div>\n<\/p><\/div>\n<\/p><\/div>\n<\/p><\/div>\n<section class=\"svc-section\">\n<div class=\"container\">\n<div class=\"svc-item right-card\">\n<div class=\"svc-media\">\n              <img decoding=\"async\" src=\"https:\/\/drterziler.com\/wp-content\/uploads\/2026\/02\/Sac-Eksozom_6_11zon.webp\" alt=\"Exosome Treatments\" style=\"transform: scaleX(-1);\" loading=\"lazy\" class=\"cat-img\">\n              <\/div>\n<div class=\"svc-card\">\n<h3 class=\"svc-title gilda\">Eksozom Uygulamalar\u0131<\/h3>\n<p class=\"svc-text barlow\">\n                  Eksozomlar, h\u00fccreler taraf\u0131ndan do\u011fal olarak salg\u0131lanan ve h\u00fccreler aras\u0131 ileti\u015fimi kolayla\u015ft\u0131ran mikroskobik, zarla \u00e7evrili yap\u0131lard\u0131r. Genellikle 30 ila 150 nanometre aras\u0131nda de\u011fi\u015fen boyutlara sahip olan bu yap\u0131lar, h\u00fccre i\u00e7inde olu\u015fan \u00f6zel vezik\u00fcller arac\u0131l\u0131\u011f\u0131yla \u015fekillenir ve biyolojik bilgi ta\u015f\u0131yarak di\u011fer h\u00fccreleri etkilerler.\n              <\/p>\n<p>              <a class=\"btn-details barlow-condensed\" href=\"https:\/\/drterziler.com\/tr\/sac-tedavileri\/eksozom\/\">DETAYLAR<\/a>\n              <\/div>\n<\/p><\/div>\n<div class=\"svc-item left-card\">\n<div class=\"svc-media\">\n              <img decoding=\"async\" src=\"https:\/\/drterziler.com\/wp-content\/uploads\/2025\/04\/HAIR-ELIXIR.webp\" alt=\"Hair Elixir\" loading=\"lazy\" class=\"cat-img\">\n              <\/div>\n<div class=\"svc-card\">\n<h3 class=\"svc-title gilda\">Sa\u00e7 \u0130ksiri<\/h3>\n<p class=\"svc-text barlow\">\n                  Hair Elixir tedavisi, hastan\u0131n kendi k\u00f6k h\u00fccrelerinden elde edilen zenginle\u015ftirilmi\u015f plazman\u0131n kafa derisine enjekte edilmesini i\u00e7erir. Bu i\u015flem kafa derisini besler ve onar\u0131c\u0131 b\u00fcy\u00fcme fakt\u00f6rleri sa\u011flayarak mevcut sa\u00e7 tellerini etkili bir \u015fekilde g\u00fc\u00e7lendirir ve yeni sa\u00e7lar\u0131n b\u00fcy\u00fcmesini destekler.\n              <\/p>\n<p>              <a class=\"btn-details barlow-condensed\" href=\"https:\/\/drterziler.com\/tr\/sac-tedavileri\/sac-iksiri\/\">DETAYLAR<\/a>\n              <\/div>\n<\/p><\/div>\n<div class=\"svc-item right-card\">\n<div class=\"svc-media\">\n            <img decoding=\"async\" src=\"https:\/\/drterziler.com\/wp-content\/uploads\/2026\/02\/Tricho-Test_8_11zon.webp\" alt=\"Exosome Treatments\" loading=\"lazy\" class=\"cat-img\">\n            <\/div>\n<div class=\"svc-card\">\n<h3 class=\"svc-title gilda\">Sa\u00e7 Geneti\u011fi \u2018Tricho Test\u2019<\/h3>\n<p class=\"svc-text barlow\">\n                Ki\u015fiselle\u015ftirilmi\u015f bir bak\u0131m plan\u0131 arac\u0131l\u0131\u011f\u0131yla, genetik sa\u00e7 d\u00f6k\u00fclmesi ya\u015fayan bireylerde sa\u00e7\u0131n \u00f6zel ihtiya\u00e7lar\u0131 kapsaml\u0131 bir \u015fekilde analiz edilir. \u00d6rnekler \u0130spanya\u2019daki bir genetik laboratuvar\u0131na g\u00f6nderildikten sonra 50 farkl\u0131 DNA belirteci de\u011ferlendirilir ve ki\u015fiye \u00f6zel form\u00fcle edilmi\u015f bir serum ile tedavi s\u00fcreci ba\u015flar.\n            <\/p>\n<p>            <a class=\"btn-details barlow-condensed\" href=\"https:\/\/drterziler.com\/tr\/sac-tedavileri\/triko-testi\/\">DETAYLAR<\/a>\n            <\/div>\n<\/p><\/div>\n<div class=\"svc-item left-card\">\n<div class=\"svc-media\">\n              <img decoding=\"async\" src=\"https:\/\/drterziler.com\/wp-content\/uploads\/2026\/02\/HAIR-LASER_3_11zon.webp\" alt=\"Hair Elixir\" loading=\"lazy\" class=\"cat-img\">\n              <\/div>\n<div class=\"svc-card\">\n<h3 class=\"svc-title gilda\">Sa\u00e7 Lazeri Tedavisi<\/h3>\n<p class=\"svc-text barlow\">\n                  Sa\u00e7 lazeri tedavisi, kafa derisinin alt\u0131ndaki aktiviteyi art\u0131rmak, mevcut sa\u00e7lar\u0131 g\u00fc\u00e7lendirmek, uykuda olan sa\u00e7 k\u00f6klerini canland\u0131rmak ve sa\u00e7 d\u00f6k\u00fclmesi olan b\u00f6lgelerde yeni sa\u00e7 b\u00fcy\u00fcmesini te\u015fvik etmek i\u00e7in geli\u015fmi\u015f lazer teknolojisini kullan\u0131r. D\u00fc\u015f\u00fck \u0131s\u0131l\u0131 lazer \u0131\u015f\u0131nlar\u0131, kafa derisine veya sa\u00e7a hi\u00e7bir t\u0131bbi risk veya zarar vermeden tamamen a\u011fr\u0131s\u0131z bir prosed\u00fcr sunar.\n              <\/p>\n<p>              <a class=\"btn-details barlow-condensed\" href=\"https:\/\/drterziler.com\/tr\/sac-tedavileri\/sac-lazeri-terapisi\/\">DETAYLAR<\/a>\n              <\/div>\n<\/p><\/div>\n<div class=\"svc-item right-card\">\n<div class=\"svc-media\">\n            <img decoding=\"async\" src=\"https:\/\/drterziler.com\/wp-content\/uploads\/2026\/02\/GROWTH-FACTOR_1_11zon.webp\" alt=\"Exosome Treatments\" loading=\"lazy\" class=\"cat-img\">\n            <\/div>\n<div class=\"svc-card\">\n<h3 class=\"svc-title gilda\">Growth Factor Tedavisi<\/h3>\n<p class=\"svc-text barlow\">\n               Growth Factor, vitaminler, mineraller, amino asitler ve onar\u0131c\u0131 bile\u015fenler i\u00e7eren ki\u015fiselle\u015ftirilmi\u015f bir serumun dermapen ve masaj teknikleri kullan\u0131larak kafa derisine uyguland\u0131\u011f\u0131 bir tedavi y\u00f6ntemidir. Bu i\u015flem, uykuda olan sa\u00e7 k\u00f6klerini besler ve uyar\u0131r, yeni sa\u00e7 b\u00fcy\u00fcmesini te\u015fvik eder ve daha dolgun ve hacimli bir g\u00f6r\u00fcn\u00fcm sa\u011flar.\n            <\/p>\n<p>            <a class=\"btn-details barlow-condensed\" href=\"https:\/\/drterziler.com\/tr\/sac-tedavileri\/growth-factor\/\">DETAYLAR<\/a>\n            <\/div>\n<\/p><\/div>\n<div class=\"svc-item left-card\">\n<div class=\"svc-media\">\n              <img decoding=\"async\" src=\"https:\/\/drterziler.com\/wp-content\/uploads\/2026\/02\/PRP_5_11zon.webp\" alt=\"Hair Elixir\" loading=\"lazy\" class=\"cat-img\">\n              <\/div>\n<div class=\"svc-card\">\n<h3 class=\"svc-title gilda\">PRP<\/h3>\n<p class=\"svc-text barlow\">\n                  Sa\u00e7 d\u00f6k\u00fclmesiyle m\u00fccadelede bu yenilik\u00e7i ve biyolojik temelli yakla\u015f\u0131m PRP (Trombositten Zengin Plazma) kullan\u0131m\u0131n\u0131 i\u00e7erir. PRP hastan\u0131n kendi kan\u0131ndan elde edilir ve trombosit bak\u0131m\u0131ndan zengindir. Plazma kafa derisine enjekte edilir, sa\u00e7 k\u00f6klerini canland\u0131r\u0131r ve yeni sa\u00e7 b\u00fcy\u00fcmesini te\u015fvik eder.\n              <\/p>\n<p>              <a class=\"btn-details barlow-condensed\" href=\"https:\/\/drterziler.com\/tr\/sac-tedavileri\/prp\/\">DETAYLAR<\/a>\n              <\/div>\n<\/p><\/div>\n<div class=\"svc-item right-card\">\n<div class=\"svc-media\">\n            <img decoding=\"async\" src=\"https:\/\/drterziler.com\/wp-content\/uploads\/2026\/02\/HAIR-NAIL-KOKTEYL-1_4_11zon.webp\" alt=\"Exosome Treatments\" loading=\"lazy\" class=\"cat-img\">\n            <\/div>\n<div class=\"svc-card\">\n<h3 class=\"svc-title gilda\">Hair Nail Cocktail Tedavisi<\/h3>\n<p class=\"svc-text barlow\">\n                Sa\u00e7 ve t\u0131rnaklar \u00fczerinde g\u00fc\u00e7lendirici bir etki yaratan do\u011fal vitaminlerle \u00f6zel olarak form\u00fcle edilmi\u015f bir kar\u0131\u015f\u0131md\u0131r. \u00c7inko, B vitamini ve biotin a\u00e7\u0131s\u0131ndan zengin olan bu \u00fcr\u00fcn sa\u00e7 k\u00f6klerini besleyip g\u00fc\u00e7lendirirken t\u0131rnaklar\u0131 da daha g\u00fc\u00e7l\u00fc ve p\u00fcr\u00fczs\u00fcz hale getirir. Sedef hastal\u0131\u011f\u0131 ve egzama gibi rahats\u0131zl\u0131klar\u0131n tedavisinde de kullan\u0131labilir.\n            <\/p>\n<p>            <a class=\"btn-details barlow-condensed\" href=\"https:\/\/drterziler.com\/tr\/sac-tedavileri\/hair-nail-cocktail\/\">DETAYLAR<\/a>\n            <\/div>\n<\/p><\/div>\n<div class=\"svc-item left-card\">\n<div class=\"svc-media\">\n              <img decoding=\"async\" src=\"https:\/\/drterziler.com\/wp-content\/uploads\/2026\/02\/SAMPUANrev_7_11zon.webp\" alt=\"Hair Elixir\" loading=\"lazy\" class=\"cat-img\">\n              <\/div>\n<div class=\"svc-card\">\n<h3 class=\"svc-title gilda\">Sa\u00e7 Bak\u0131m \u00dcr\u00fcnleri<\/h3>\n<p class=\"svc-text barlow\">\n                  Sa\u00e7 sa\u011fl\u0131\u011f\u0131, estetik g\u00f6r\u00fcn\u00fcm\u00fcn temel ta\u015flar\u0131ndan biri olup, genel ya\u015fam kalitesiyle do\u011frudan ili\u015fkilidir. Klinik olarak geli\u015ftirdi\u011fimiz sa\u00e7 bak\u0131m \u00fcr\u00fcnleri, sa\u00e7 k\u00f6klerini besleyerek g\u00fc\u00e7lendirmeyi ve sa\u00e7\u0131n do\u011fal yap\u0131s\u0131n\u0131 korumay\u0131 hedefler. \u0130\u00e7eri\u011findeki siyah biber tohumu, beyaz s\u00f6\u011f\u00fct kabu\u011fu veya pomegranate ekstresi gibi g\u00fc\u00e7l\u00fc bitkisel bile\u015fenler, sa\u00e7\u0131n do\u011fal b\u00fcy\u00fcme s\u00fcrecini desteklerken, sa\u00e7 derisinin sa\u011fl\u0131\u011f\u0131n\u0131 optimize eder. Feeluxo sa\u00e7 bak\u0131m \u00fcr\u00fcnleri, uzun vadeli ve kal\u0131c\u0131 \u00e7\u00f6z\u00fcmler sunmak, sa\u00e7 d\u00f6k\u00fclmesini minimize etmek ve sa\u00e7a parlakl\u0131\u011f\u0131n\u0131 geri kazand\u0131rmas\u0131 i\u00e7in klinik ortamda geli\u015ftirilmi\u015ftir.\n              <\/p>\n<p>              <a class=\"btn-details barlow-condensed\" href=\"https:\/\/drterziler.com\/tr\/sac-tedavileri\/sac-bakim-urunleri\/\">DETAYLAR<\/a>\n              <\/div>\n<\/p><\/div>\n<\/p><\/div>\n<\/section>\n","protected":false},"excerpt":{"rendered":"<p>Sa\u00e7 Tedavileri Sa\u00e7 restorasyon tedavilerinde ama\u00e7 mevcut sa\u00e7lar\u0131 g\u00fc\u00e7lendirmek, sa\u00e7 d\u00f6k\u00fclmesini \u00f6nlemek ve sa\u00e7 sa\u011fl\u0131\u011f\u0131n\u0131 korumakt\u0131r. Lazer tedavileri, PRP, b\u00fcy\u00fcme fakt\u00f6rleri ve mezoterapi gibi ileri teknoloji tabanl\u0131 uygulamalar sa\u00e7lar\u0131n yeniden canlanmas\u0131na yard\u0131mc\u0131 olur. Ki\u015fiye \u00f6zel tedavi planlar\u0131 ile Dr. Terziler Exclusive Clinic\u2019te hem kad\u0131nlar\u0131 hem de erkekleri birinci s\u0131n\u0131f bir tedavi deneyimi bekliyor. Dr. Terziler [&hellip;]<\/p>\n","protected":false},"author":6,"featured_media":767,"parent":0,"menu_order":0,"comment_status":"closed","ping_status":"closed","template":"","meta":{"footnotes":""},"class_list":["post-1389","page","type-page","status-publish","has-post-thumbnail","hentry"],"_links":{"self":[{"href":"https:\/\/drterziler.com\/tr\/wp-json\/wp\/v2\/pages\/1389","targetHints":{"allow":["GET"]}}],"collection":[{"href":"https:\/\/drterziler.com\/tr\/wp-json\/wp\/v2\/pages"}],"about":[{"href":"https:\/\/drterziler.com\/tr\/wp-json\/wp\/v2\/types\/page"}],"author":[{"embeddable":true,"href":"https:\/\/drterziler.com\/tr\/wp-json\/wp\/v2\/users\/6"}],"replies":[{"embeddable":true,"href":"https:\/\/drterziler.com\/tr\/wp-json\/wp\/v2\/comments?post=1389"}],"version-history":[{"count":91,"href":"https:\/\/drterziler.com\/tr\/wp-json\/wp\/v2\/pages\/1389\/revisions"}],"predecessor-version":[{"id":62000,"href":"https:\/\/drterziler.com\/tr\/wp-json\/wp\/v2\/pages\/1389\/revisions\/62000"}],"wp:featuredmedia":[{"embeddable":true,"href":"https:\/\/drterziler.com\/tr\/wp-json\/wp\/v2\/media\/767"}],"wp:attachment":[{"href":"https:\/\/drterziler.com\/tr\/wp-json\/wp\/v2\/media?parent=1389"}],"curies":[{"name":"wp","href":"https:\/\/api.w.org\/{rel}","templated":true}]}}