{"id":1514,"date":"2024-08-12T17:11:21","date_gmt":"2024-08-12T17:11:21","guid":{"rendered":"https:\/\/drterziler.com\/dr-servet-terziler\/"},"modified":"2026-03-08T15:52:46","modified_gmt":"2026-03-08T15:52:46","slug":"dr-servet-terziler","status":"publish","type":"page","link":"https:\/\/drterziler.com\/tr\/dr-servet-terziler\/","title":{"rendered":"Dr. Servet Terziler"},"content":{"rendered":"<div class=\"page-content\">\n<div id=\"header-area\">\n<div class=\"container\" id=\"firstContent\">\n<div class=\"header-content d-flex flex-column\">\n<h1 class=\"content-title h1-header\">Dr. Servet Terziler<\/h1>\n<div class=\"content-paragraph\">\n<p class=\"p-text\">\n<\/p><\/div>\n<nav aria-label=\"breadcrumb\" class=\"breadcrumbs\">\n<ul class=\"d-flex align-items-center mb-0\">\n<li><a class=\"link\" href=\"https:\/\/drterziler.com\/tr\/\"><span>Dr. Terziler<\/span><\/a><\/li>\n<li class=\"separator\">\u00bb<\/li>\n<li class=\"current-page\"><span>Dr. Servet Terziler<\/span><\/li>\n<\/ul>\n<\/nav><\/div>\n<\/p><\/div>\n<\/p><\/div>\n<\/div>\n<section id=\"content-area\">\n<div class=\"container g-0 w-100\">\n<div class=\"col-lg-12 col-12 tour-video\">\n<div class=\"video-wrapper\">\n        <iframe\n        data-src=\"https:\/\/www.youtube-nocookie.com\/embed\/Z1pQZbFH3BA\"\n        frameborder=\"0\"\n        allow=\"encrypted-media; picture-in-picture\"\n        allowfullscreen><br \/>\n        <\/iframe>\n      <\/div>\n<\/p><\/div>\n<\/p><\/div>\n<div class=\"container\">\n<div>\n<div>\n<h2 class=\"h2-header\"><\/h2>\n<\/p><\/div>\n<div>\n<p class=\"p-text\">35 y\u0131ll\u0131k tecr\u00fcbesi ve binlerce ba\u015far\u0131l\u0131 operasyonuyla, &#8220;Sa\u00e7\u0131n Picassosu&#8221; olarak bilinen Dr. Terziler, d\u00fcnyan\u0131n d\u00f6rt bir yan\u0131ndan gelen misafirlerine do\u011fal ve kal\u0131c\u0131 estetik \u00e7\u00f6z\u00fcmler sunmaktad\u0131r. Avrupa ve ABD&#8217;deki konferans deneyimleri ve yenilik\u00e7i \u00e7al\u0131\u015fmalar\u0131yla Terziler, T\u00fcrkiye&#8217;ye ilk sa\u00e7 ekimi robotunu kazand\u0131rm\u0131\u015f olup ayn\u0131 zamanda d\u00fcnyada en ince safir u\u00e7lu kalemi kullanan tek doktordur.<\/p>\n<\/p><\/div>\n<\/p><\/div>\n<div>\n<div>\n<p class=\"p-text\">K\u00f6k h\u00fccre destekli rejeneratif tedavilerden androlojik uygulamalara kadar, Dr. Terziler Exclusive Clinic yeni nesil \u00e7\u00f6z\u00fcmler geli\u015ftirmekte ve sizi sanat\u0131n bilimle bulu\u015ftu\u011fu %100 ki\u015fiselle\u015ftirilmi\u015f bir deneyime davet etmektedir. Bu etkileyici kariyerin arkas\u0131nda sadece bilgi de\u011fil, ayn\u0131 zamanda azimle \u015fekillenmi\u015f bir vizyon, m\u00fckemmellik i\u00e7in \u00e7abalayan bir ruh ve bitmek bilmeyen bir \u00f6\u011frenme tutkusu yatmaktad\u0131r.<\/p>\n<\/p><\/div>\n<\/p><\/div>\n<div>\n<div>\n<p class=\"p-text\">Dr. Terziler 1968 y\u0131l\u0131nda \u0130stanbul&#8217;da do\u011fdu. Gen\u00e7 ya\u015flardan itibaren disiplinli, \u00e7al\u0131\u015fkan ve kararl\u0131 karakteriyle \u00f6n plana \u00e7\u0131kt\u0131. T\u00fcrkiye&#8217;nin en prestijli okullar\u0131ndan biri olan Kabata\u015f Erkek Lisesi&#8217;nden d\u00f6nem birincisi olarak mezun olduktan sonra, ulusal \u00fcniversite s\u0131nav\u0131ndaki \u00fcst\u00fcn ba\u015far\u0131s\u0131yla \u0130stanbul \u00dcniversitesi T\u0131p Fak\u00fcltesi&#8217;ne girdi. 1991 y\u0131l\u0131nda onur derecesiyle mezun olarak uluslararas\u0131 alanda tan\u0131nacak kariyerinin temellerini att\u0131. Mezuniyetinin ard\u0131ndan h\u0131zla sa\u00e7 ekimi e\u011fitimine ba\u015flad\u0131; hem T\u00fcrkiye&#8217;de hem de yurt d\u0131\u015f\u0131nda sa\u00e7 ekim teknikleri, robotik sa\u00e7 cerrahisi ve ileri sa\u00e7 tedavileri konular\u0131nda ileri d\u00fczey e\u011fitimler ald\u0131. Bu giri\u015fimler, T\u00fcrkiye&#8217;de sa\u00e7 ekim merkezlerinin kurulmas\u0131nda ve k\u00fcresel m\u00fckemmelli\u011fe ula\u015fan yeni bir standard\u0131n olu\u015fturulmas\u0131nda ilk ad\u0131mlar oldu.<\/p>\n<\/p><\/div>\n<\/p><\/div>\n<div>\n<div>\n<p class=\"p-text\">Sa\u011fl\u0131k y\u00f6netimi alan\u0131ndaki ilk giri\u015fimi 1996 y\u0131l\u0131nda 10 doktor arkada\u015f\u0131yla birlikte &#8220;Onur T\u0131p Merkezi&#8221;ni kurmas\u0131yla ba\u015flad\u0131. Kariyeri boyunca &#8220;G\u00f6ztepe Marmara T\u0131p Merkezi&#8221; (2001), &#8220;Bah\u00e7elievler Marmara T\u0131p Merkezi&#8221; (2002) ve &#8220;\u00dcmraniye T\u0131p Merkezi&#8221;nde (2003) g\u00f6rev yapt\u0131. 2005 y\u0131l\u0131nda T.C. Sa\u011fl\u0131k Bakanl\u0131\u011f\u0131 taraf\u0131ndan &#8220;Medikal Estetik Hekimi&#8221; unvan\u0131na lay\u0131k g\u00f6r\u00fcld\u00fc. 2004-2021 y\u0131llar\u0131 aras\u0131nda &#8220;Sa\u00e7 Ekimi ve Tedavileri&#8221;, &#8220;Plastik Cerrahi&#8221;, &#8220;Medikal Estetik&#8221; ve &#8220;A\u011f\u0131z ve Di\u015f Sa\u011fl\u0131\u011f\u0131\/Esteti\u011fi&#8221; alanlar\u0131nda hizmet veren &#8220;Esteworld Sa\u011fl\u0131k Grubu&#8221;nun Kurucu Orta\u011f\u0131 ve Y\u00f6netim Kurulu Ba\u015fkan\u0131 olarak g\u00f6rev yapt\u0131.<\/p>\n<\/p><\/div>\n<\/p><\/div>\n<div>\n<div>\n<p class=\"p-text\">Bug\u00fcn Dr. Terziler, \u00e7al\u0131\u015fmalar\u0131na \u0130stanbul&#8217;un prestijli semti Etiler&#8217;de bulunan Dr. Terziler Exclusive Clinic \u00e7at\u0131s\u0131 alt\u0131nda devam etmektedir. Klinik; sa\u00e7 ekimi ve restorasyonu, rejeneratif t\u0131p ve cinsel sa\u011fl\u0131k, k\u00f6k h\u00fccre tedavileri, longevity (uzun ya\u015fam) uygulamalar\u0131, a\u011f\u0131z ve di\u015f sa\u011fl\u0131\u011f\u0131 ile medikal estetik gibi alanlarda d\u00fcnya standartlar\u0131nda \u00e7\u00f6z\u00fcmler sunmaktad\u0131r.<\/p>\n<\/p><\/div>\n<\/p><\/div>\n<div>\n<div>\n<p class=\"p-text\">Dr. Terziler Exclusive Clinic; patentli sa\u00e7 ekim robotu, ileri teknolojik altyap\u0131s\u0131, AACI uluslararas\u0131 akreditasyon belgesi ve &#8220;European Property Awards&#8221; (Avrupa Gayrimenkul \u00d6d\u00fclleri) ile onurland\u0131r\u0131lan modern klini\u011fiyle birinci s\u0131n\u0131f bir tedavi deneyimi sunmaktad\u0131r. Bu sayede klinik, d\u00fcnyan\u0131n her yerinden gelen misafirlerine her g\u00fcn g\u00fcven, konfor ve garantili kal\u0131c\u0131 sonu\u00e7lar sunarak onlara estetik m\u00fckemmellik deneyimi ya\u015fatmaktad\u0131r.<\/p>\n<\/p><\/div>\n<\/p><\/div>\n<div>\n<div>\n<p class=\"p-text\">Kendi klini\u011finde Y\u00f6netim Kurulu Ba\u015fkanl\u0131\u011f\u0131 g\u00f6revini y\u00fcr\u00fctmesinin yan\u0131 s\u0131ra Dr. Terziler, T\u00dcSATDER&#8217;in (Uluslararas\u0131 Sa\u011fl\u0131k Turizmi Derne\u011fi) kurucusu ve ba\u015fkan\u0131d\u0131r. &#8220;\u0130yi Ya\u015fam&#8221; k\u00f6\u015fe yaz\u0131lar\u0131 D\u00fcnya gazetesinde yay\u0131mlanm\u0131\u015f olup, g\u00f6r\u00fc\u015flerini Sabah gazetesinin sa\u011fl\u0131k b\u00f6l\u00fcm\u00fcnde payla\u015fmaya devam etmektedir. Ayr\u0131ca 2016 y\u0131l\u0131nda yay\u0131mlanan G\u00fc\u00e7 Zay\u0131fl\u0131ktan Do\u011far kitab\u0131n\u0131n yazar\u0131 ve bir k\u0131z \u00e7ocuk babas\u0131d\u0131r.<\/p>\n<\/p><\/div>\n<\/p><\/div>\n<\/p><\/div>\n<\/section>\n","protected":false},"excerpt":{"rendered":"<p>Dr. Servet Terziler Dr. Terziler \u00bb Dr. Servet Terziler 35 y\u0131ll\u0131k tecr\u00fcbesi ve binlerce ba\u015far\u0131l\u0131 operasyonuyla, &#8220;Sa\u00e7\u0131n Picassosu&#8221; olarak bilinen Dr. Terziler, d\u00fcnyan\u0131n d\u00f6rt bir yan\u0131ndan gelen misafirlerine do\u011fal ve kal\u0131c\u0131 estetik \u00e7\u00f6z\u00fcmler sunmaktad\u0131r. Avrupa ve ABD&#8217;deki konferans deneyimleri ve yenilik\u00e7i \u00e7al\u0131\u015fmalar\u0131yla Terziler, T\u00fcrkiye&#8217;ye ilk sa\u00e7 ekimi robotunu kazand\u0131rm\u0131\u015f olup ayn\u0131 zamanda d\u00fcnyada en ince [&hellip;]<\/p>\n","protected":false},"author":6,"featured_media":0,"parent":0,"menu_order":0,"comment_status":"closed","ping_status":"closed","template":"","meta":{"footnotes":""},"class_list":["post-1514","page","type-page","status-publish","hentry"],"_links":{"self":[{"href":"https:\/\/drterziler.com\/tr\/wp-json\/wp\/v2\/pages\/1514","targetHints":{"allow":["GET"]}}],"collection":[{"href":"https:\/\/drterziler.com\/tr\/wp-json\/wp\/v2\/pages"}],"about":[{"href":"https:\/\/drterziler.com\/tr\/wp-json\/wp\/v2\/types\/page"}],"author":[{"embeddable":true,"href":"https:\/\/drterziler.com\/tr\/wp-json\/wp\/v2\/users\/6"}],"replies":[{"embeddable":true,"href":"https:\/\/drterziler.com\/tr\/wp-json\/wp\/v2\/comments?post=1514"}],"version-history":[{"count":18,"href":"https:\/\/drterziler.com\/tr\/wp-json\/wp\/v2\/pages\/1514\/revisions"}],"predecessor-version":[{"id":59932,"href":"https:\/\/drterziler.com\/tr\/wp-json\/wp\/v2\/pages\/1514\/revisions\/59932"}],"wp:attachment":[{"href":"https:\/\/drterziler.com\/tr\/wp-json\/wp\/v2\/media?parent=1514"}],"curies":[{"name":"wp","href":"https:\/\/api.w.org\/{rel}","templated":true}]}}