{"id":1559,"date":"2024-08-12T14:28:20","date_gmt":"2024-08-12T14:28:20","guid":{"rendered":"https:\/\/drterziler.com\/sac-ekimi\/robotic-dhi\/"},"modified":"2026-04-17T10:44:43","modified_gmt":"2026-04-17T10:44:43","slug":"robotic-dhi","status":"publish","type":"page","link":"https:\/\/drterziler.com\/tr\/sac-ekimi\/robotic-dhi\/","title":{"rendered":"Robotic DHI"},"content":{"rendered":"<div class=\"page-content\">\n<div id=\"header-area\">\n<div id=\"firstContent\" class=\"container\">\n<div class=\"header-content d-flex flex-column\">\n<h1 class=\"content-title h1-header\">Robotic DHI<\/h1>\n<div class=\"content-paragraph\">\n<p class=\"p-text\">Sa\u00e7 seyrelmesi ve d\u00f6k\u00fclmesi, hem kad\u0131nlar hem de erkekler i\u00e7in estetik kayg\u0131lara yol a\u00e7sa da, bu alandaki ileri teknolojik geli\u015fmeler, kal\u0131c\u0131 ve do\u011fal \u00e7\u00f6z\u00fcmler sunma konusunda \u00f6nemli f\u0131rsatlar sa\u011flamaktad\u0131r. Bu teknolojik ilerlemeler aras\u0131nda Robotik DHI (Robotic Direct Hair Implantation) y\u00f6ntemi, sa\u00e7 ekimi prosed\u00fcrleri aras\u0131nda ba\u015far\u0131s\u0131, do\u011fal ve s\u0131k g\u00f6r\u00fcn\u00fcm ile y\u00fcksek memnuniyet sa\u011flamaktad\u0131r.Dr. Terziler Exclusive Clinic, sa\u00e7 seyrelmesi, sa\u00e7 kayb\u0131 ya\u015fayanlar kad\u0131n ve erkekler i\u00e7in geli\u015ftirdi\u011fi yeni nesil \u2018t\u0131ra\u015fs\u0131z\u2019 teknik Robotik DHI ile sa\u00e7 ekimine \u00e7a\u011f atlat\u0131yor! Son teknoloji uygulaman\u0131n teknik detaylar\u0131, i\u015flem s\u00fcreci, avantajlar\u0131 ve klinik sonu\u00e7lar\u0131 yaz\u0131n\u0131n devam\u0131nda kapsaml\u0131 bir \u015fekilde ele al\u0131nacakt\u0131r.<\/p>\n<\/div>\n<nav class=\"breadcrumbs\" aria-label=\"breadcrumb\">\n<ul class=\"d-flex align-items-center mb-0\">\n<li><a class=\"link\" href=\"https:\/\/drterziler.com\/tr\/\">Dr. Terziler Exclusive Clinic<\/a><\/li>\n<li class=\"separator\">\u00bb<\/li>\n<li><a class=\"link\" href=\"https:\/\/drterziler.com\/tr\/sac-ekimi\/\">Sa\u00e7 Ekimi<\/a><\/li>\n<li class=\"separator\">\u00bb<\/li>\n<li class=\"current-page\">Robotic DHI<\/li>\n<\/ul>\n<\/nav>\n<\/div>\n<\/div>\n<\/div>\n<\/div>\n<section id=\"content-area\">\n<div class=\"container my-5\">\n<div class=\"row align-items-start\">\n<div class=\"col-md-6 order-2 order-md-1\">\n<div class=\"custom-toc-box\">\n<div id=\"toc-header\">\n<h4>\u0130\u00e7indekiler<\/h4>\n<div class=\"toc-toggle-icon\"><\/div>\n<\/div>\n<div class=\"toc-full-divider\"><\/div>\n<div id=\"toc-body\">\n<div id=\"toc-container\"><\/div>\n<\/div>\n<\/div>\n<\/div>\n<div id=\"jForm\" class=\"col-md-6 order-1 order-md-2\"><script type=\"text\/javascript\" src=\"https:\/\/form.jotform.com\/jsform\/242882264736970\"><\/script><\/div>\n<\/div>\n<\/div>\n<div class=\"container\">\n<div class=\"img-thumb\"><img loading=\"lazy\" decoding=\"async\" src=\"https:\/\/drterziler.com\/wp-content\/uploads\/2025\/04\/ROBOTICrev.webp\" sizes=\"auto, (max-width: 1140px) 100vw, 1140px\" srcset=\"https:\/\/drterziler.com\/wp-content\/uploads\/2025\/04\/ROBOTICrev.webp 1140w, https:\/\/drterziler.com\/wp-content\/uploads\/2025\/04\/ROBOTICrev-300x169.webp 300w, https:\/\/drterziler.com\/wp-content\/uploads\/2025\/04\/ROBOTICrev-1024x576.webp 1024w, https:\/\/drterziler.com\/wp-content\/uploads\/2025\/04\/ROBOTICrev-768x432.webp 768w\" alt=\"\" width=\"1140\" height=\"641\"><\/div>\n<div>\n<div>\n<h2 class=\"h2-header\">Robotik DHI Nedir?<\/h2>\n<\/div>\n<div>\n<p class=\"p-text\">Robotik DHI, geleneksel DHI y\u00f6nteminin yeni nesil ileri robot teknolojisi ile kombine edilmi\u015f halidir. Sa\u00e7 k\u00f6klerinin don\u00f6r b\u00f6lgeden toplanmas\u0131 ve hedef b\u00f6lgeye ekimi, y\u00fcksek hassasiyete sahip robotik cihazlar arac\u0131l\u0131\u011f\u0131yla ger\u00e7ekle\u015ftirilir. Robotik DHI ile %101\u2019e yak\u0131n sa\u00e7 ekim deneyimi sunulurken sa\u00e7 ekimi i\u015fleminin do\u011fall\u0131\u011f\u0131 ve estetik sonu\u00e7lar\u0131 maksimize edilir.\u00dc\u00e7 a\u015famal\u0131 sa\u00e7 ekim i\u015flemini iki a\u015famaya d\u00fc\u015f\u00fcren teknikle yara izini minimuma indirilir, a\u011fr\u0131s\u0131z, ac\u0131s\u0131z ve t\u0131ra\u015fs\u0131z bir ekim deneyimi sunulur. Bu metotla g\u00fcnl\u00fck hayata d\u00f6n\u00fc\u015f\u00fc h\u0131zland\u0131ran modern metot, Dr. Terziler Exclusive Clinic\u2019in \u2018m\u00fccevher ustas\u0131 titizli\u011fi\u2019 ile muhte\u015fem sonu\u00e7lar sunar.Manuel DHI uygulamalar\u0131yla tek seansta elde edilen greft say\u0131s\u0131n\u0131n iki kat\u0131 Robotik DHI y\u00f6ntemi ile yap\u0131lmaktad\u0131r.<\/p>\n<\/div>\n<\/div>\n<div>\n<div>\n<h2 class=\"h2-header\">Robotik DHI Tedavi S\u00fcre\u00e7leri<\/h2>\n<\/div>\n<div>\n<p class=\"p-text\">Ki\u015fiye \u00d6zel Sa\u00e7 \u00c7izgisi Tasar\u0131m\u0131Ki\u015fiselle\u015ftirilmi\u015f tedavi plan\u0131, her misafirin ihtiyac\u0131na g\u00f6re titizlikle haz\u0131rlan\u0131r. Misafirimizin ya\u015f\u0131, don\u00f6r b\u00f6lgesi, al\u0131n ve y\u00fcz kaslar\u0131, mimikleri, beklentisi, k\u0131sa ve uzun vade planlar\u0131, gibi bir\u00e7ok unsur g\u00f6z \u00f6n\u00fcnde bulundurulur. B\u00f6ylece, t\u00fcm parametreler de\u011ferlendirilir, misafire \u00f6zel bir tedavi plan\u0131 olu\u015fturulur. Bu yakla\u015f\u0131m, Dr. Terziler Exclusive Clinic\u2019in de\u011fi\u015fmez prensibidir.Ekim A\u015famas\u0131Toplama i\u015fleminin akabinde, misafirimiz kendisi ve yak\u0131nlar\u0131 i\u00e7in haz\u0131rlanan suit odas\u0131nda ikramlar\u0131n tad\u0131n\u0131 \u00e7\u0131kar\u0131r ve dinlenir. Ard\u0131ndan, \u00e7ift operat\u00f6r, 4 yard\u0131mc\u0131 hem\u015fire ve uzman doktorla birlikte toplam yedi ki\u015filik ekiple ekim i\u015flemine ba\u015flan\u0131r. \u00d6n sa\u00e7 \u00e7izgisindeki do\u011fall\u0131\u011f\u0131 ve s\u0131kl\u0131\u011f\u0131 korumak i\u00e7in hibrit y\u00f6ntemin bir par\u00e7as\u0131 olan 0,75 mm \u00e7ap\u0131ndaki tek kullan\u0131ml\u0131k safirler ile kanallar a\u00e7\u0131l\u0131r. Ekim i\u015flemi, s\u0131ras\u0131yla arkaya do\u011fru en ince \u2018choi\u2019 kalemlerle \u00f6zenle devam eder.2-3 g\u00fcnl\u00fck i\u015flemi 6-8 saate tamamlayan Robotik DHI, misafirlerimizi ayn\u0131 g\u00fcnde maksimum s\u0131kl\u0131kta ve do\u011fal g\u00f6r\u00fcn\u00fcml\u00fc sa\u00e7lara kavu\u015fturur.<\/p>\n<\/div>\n<\/div>\n<div>\n<div>\n<h2 class=\"h2-header\">Robotik DHI\u2019\u0131n Avantajlar\u0131<\/h2>\n<\/div>\n<div>\n<h3 class=\"h3-header\">T\u0131ra\u015fs\u0131z Sa\u00e7 Ekim Deneyimi<\/h3>\n<\/div>\n<div>\n<p class=\"p-text\">Robotik DHI, geleneksel y\u00f6ntemlerden farkl\u0131 olarak t\u0131ra\u015f gerektirmez. Dolay\u0131s\u0131yla g\u00fcnl\u00fck ya\u015fama kesintisiz devam etmeyi sa\u011flar ve ekim sonras\u0131 sosyal aktivitelere d\u00f6n\u00fc\u015f\u00fc h\u0131zland\u0131r\u0131r. Modern tekniklerle uygulanan bu <a href=\"https:\/\/drterziler.com\/tr\/sac-ekimi\/sac-ekim-teknikleri-ve-yontemleri\/\">sa\u00e7 ekimi tekni\u011fi<\/a> hem kad\u0131n hem erkekler i\u00e7in konfor ve esteti\u011fi ayn\u0131 \u00e7at\u0131 alt\u0131nda birle\u015ftirmesiyle e\u015fsiz bir sa\u00e7 ekim deneyimi ya\u015fat\u0131r.<\/p>\n<\/div>\n<div>\n<h3 class=\"h3-header\">Optik Okuyucu ile \u015eeffaf Ekim<\/h3>\n<\/div>\n<div>\n<p class=\"p-text\">Robotta bulunan optik okuyucu sayesinde ekilen greftler tek tek say\u0131l\u0131r. Misafirimiz, ekim boyunca robota ba\u011fl\u0131 ekrandan operasyonu an an takip edip izleyebilir. Ayr\u0131ca, \u015feffaf bir ekim deneyiminin sa\u011flanmas\u0131 ad\u0131na, i\u015flemin kayd\u0131 hem yaz\u0131l\u0131 hem de dijital bellek olarak iki \u015fekilde teslim edilir.<\/p>\n<\/div>\n<div>\n<h3 class=\"h3-header\">Her Grefte UV I\u015f\u0131nlar\u0131 ve Growth Factor<\/h3>\n<\/div>\n<div>\n<p class=\"p-text\">Robotik sistem, her bir grefti, UV \u0131\u015f\u0131nlar\u0131 ve Growth Factor i\u00e7eren \u00f6zel sol\u00fcsyondan ge\u00e7irir. \u00dcst\u00fcn sterilizasyon ve besleyicilik sa\u011flanm\u0131\u015f greftler, 9 saate kadar %100 canl\u0131 kal\u0131r ve maksimum verimlilikle ekilir. Bu yenilik\u00e7i yakla\u015f\u0131m, sa\u00e7 ekimi s\u00fcrecinde greftlerin kalitesini art\u0131rarak, ba\u015far\u0131l\u0131 ve do\u011fal sonu\u00e7lar\u0131n elde edilmesine katk\u0131da bulunur.<\/p>\n<\/div>\n<div>\n<h3 class=\"h3-header\">\u00dcst\u00fcn Hassasiyet &amp; Do\u011fal Sonu\u00e7lar<\/h3>\n<\/div>\n<div>\n<p class=\"p-text\">\u2018M\u00fccevher ustas\u0131 titizli\u011fi\u2019 ile hizmet veren klini\u011fimiz, Dr. Terziler\u2019in geli\u015ftirdi\u011fi sa\u00e7 ekim robotu ve uzman kadrosuyla her detaya bilimin \u0131\u015f\u0131\u011f\u0131nda yakla\u015farak kusursuz sonu\u00e7lar sunar. Profesyonel dokunu\u015flar\u0131n inovatif tekniklerle birle\u015fmesiyle ekilen sa\u00e7lar, i\u015flem sonras\u0131 do\u011fal ve estetik bir g\u00f6r\u00fcn\u00fcm elde edilir.<\/p>\n<\/div>\n<div>\n<h3 class=\"h3-header\">Y\u00fcksek Ba\u015far\u0131 Oran\u0131<\/h3>\n<\/div>\n<div>\n<p class=\"p-text\">Klini\u011fimizde ger\u00e7ekle\u015ftirilen Robotik DHI uygulamas\u0131n\u0131n klinik sonu\u00e7lar\u0131, y\u00fcksek ba\u015far\u0131 oranlar\u0131yla dikkat \u00e7ekmektedir. G\u00f6zlemler neticesinde; Robotik DHI y\u00f6nteminin geleneksel sa\u00e7 ekimi y\u00f6ntemlerine k\u0131yasla daha do\u011fal ve estetik sonu\u00e7lar sundu\u011fu, ayr\u0131ca k\u00f6klerin tutunma oran\u0131n\u0131n daha y\u00fcksek oldu\u011fu sonucuna var\u0131labilir.<\/p>\n<\/div>\n<div>\n<h3 class=\"h3-header\">Garantili Sa\u00e7 Ekimi<\/h3>\n<\/div>\n<div>\n<p class=\"p-text\">Operasyon sonras\u0131, misafirlerimize bir ay boyunca ihtiyac\u0131 olan t\u00fcm bak\u0131m \u00fcr\u00fcnlerini i\u00e7eren bak\u0131m seti verilir. Ayr\u0131ca misafirlerimiz, ilk 10 g\u00fcn her g\u00fcn; sonraki birinci, d\u00f6rd\u00fcnc\u00fc, yedinci ve 12. ayda d\u00fczenli olarak takip edilir. Bu s\u00fcre\u00e7te, klinik olarak uygulad\u0131\u011f\u0131m\u0131z t\u00fcm i\u015flemleri garanti eden ve sizi g\u00fcvence alt\u0131na alan bir \u2018Garanti Sertifikas\u0131\u2019 taraf\u0131n\u0131za teslim edilir.<\/p>\n<\/div>\n<div>\n<h3 class=\"h3-header\">Tedavinizi Tatile D\u00f6n\u00fc\u015ft\u00fcr\u00fcn<\/h3>\n<\/div>\n<div>\n<p class=\"p-text\">Ba\u015ftan sonra kusursuz an\u0131lar biriktirmeniz i\u00e7in her ad\u0131mda yan\u0131n\u0131zday\u0131z. 7 y\u0131ld\u0131zl\u0131 otel konaklama hizmetimizle, tedavi s\u00fcrecinizi l\u00fcks bir tatil deneyimine d\u00f6n\u00fc\u015ft\u00fcr\u00fcyoruz. Havaliman\u0131 transfer hizmetimiz sayesinde, seyahatiniz ba\u015f\u0131ndan sonuna kadar rahat ve konforlu ge\u00e7er. Ayr\u0131ca, \u0130stanbul&#8217;un e\u015fsiz g\u00fczelliklerini ke\u015ffetmeniz i\u00e7in rehberlik hizmeti sunarak, tedavi s\u00fcrecinizi unutulmaz bir deneyime \u00e7eviriyoruz. Sa\u011fl\u0131k ve tatil bir arada! Dr. Terziler Exclusive Clinic, tek bir dokunu\u015fla ya\u015famlar\u0131nda harika izler b\u0131rakaca\u011f\u0131 se\u00e7kin misafirlerini bekliyor\u2026<\/p>\n<\/div>\n<\/div>\n<\/div>\n<\/section>\n","protected":false},"excerpt":{"rendered":"<p>Robotic DHI Sa\u00e7 seyrelmesi ve d\u00f6k\u00fclmesi, hem kad\u0131nlar hem de erkekler i\u00e7in estetik kayg\u0131lara yol a\u00e7sa da, bu alandaki ileri teknolojik geli\u015fmeler, kal\u0131c\u0131 ve do\u011fal \u00e7\u00f6z\u00fcmler sunma konusunda \u00f6nemli f\u0131rsatlar sa\u011flamaktad\u0131r. Bu teknolojik ilerlemeler aras\u0131nda Robotik DHI (Robotic Direct Hair Implantation) y\u00f6ntemi, sa\u00e7 ekimi prosed\u00fcrleri aras\u0131nda ba\u015far\u0131s\u0131, do\u011fal ve s\u0131k g\u00f6r\u00fcn\u00fcm ile y\u00fcksek memnuniyet sa\u011flamaktad\u0131r.Dr. [&hellip;]<\/p>\n","protected":false},"author":6,"featured_media":4889,"parent":1297,"menu_order":0,"comment_status":"closed","ping_status":"closed","template":"","meta":{"footnotes":""},"class_list":["post-1559","page","type-page","status-publish","has-post-thumbnail","hentry"],"_links":{"self":[{"href":"https:\/\/drterziler.com\/tr\/wp-json\/wp\/v2\/pages\/1559","targetHints":{"allow":["GET"]}}],"collection":[{"href":"https:\/\/drterziler.com\/tr\/wp-json\/wp\/v2\/pages"}],"about":[{"href":"https:\/\/drterziler.com\/tr\/wp-json\/wp\/v2\/types\/page"}],"author":[{"embeddable":true,"href":"https:\/\/drterziler.com\/tr\/wp-json\/wp\/v2\/users\/6"}],"replies":[{"embeddable":true,"href":"https:\/\/drterziler.com\/tr\/wp-json\/wp\/v2\/comments?post=1559"}],"version-history":[{"count":51,"href":"https:\/\/drterziler.com\/tr\/wp-json\/wp\/v2\/pages\/1559\/revisions"}],"predecessor-version":[{"id":62226,"href":"https:\/\/drterziler.com\/tr\/wp-json\/wp\/v2\/pages\/1559\/revisions\/62226"}],"up":[{"embeddable":true,"href":"https:\/\/drterziler.com\/tr\/wp-json\/wp\/v2\/pages\/1297"}],"wp:featuredmedia":[{"embeddable":true,"href":"https:\/\/drterziler.com\/tr\/wp-json\/wp\/v2\/media\/4889"}],"wp:attachment":[{"href":"https:\/\/drterziler.com\/tr\/wp-json\/wp\/v2\/media?parent=1559"}],"curies":[{"name":"wp","href":"https:\/\/api.w.org\/{rel}","templated":true}]}}