{"id":1589,"date":"2024-08-12T14:42:02","date_gmt":"2024-08-12T14:42:02","guid":{"rendered":"https:\/\/drterziler.com\/sac-tedavileri\/growth-factor-tedavisi\/"},"modified":"2026-04-26T13:16:31","modified_gmt":"2026-04-26T13:16:31","slug":"growth-factor","status":"publish","type":"page","link":"https:\/\/drterziler.com\/tr\/sac-tedavileri\/growth-factor\/","title":{"rendered":"Growth Factor Tedavisi"},"content":{"rendered":"<div class=\"page-content\">\n<div id=\"header-area\">\n<div class=\"container\" id=\"firstContent\">\n<div class=\"header-content d-flex flex-column\">\n<h1 class=\"content-title h1-header\">Growth Factor Tedavisi<\/h1>\n<div class=\"content-paragraph\">\n<p class=\"p-text\">Sa\u00e7 ekimi, ki\u015fiye \u00f6zel planlama ve ileri teknoloji kullan\u0131larak sa\u00e7 d\u00f6k\u00fclmesini kal\u0131c\u0131 olarak tedavi eden bir s\u00fcre\u00e7tir. Uzman ekibimiz kapsaml\u0131 bir kons\u00fcltasyon s\u00fcreciyle sa\u00e7 d\u00f6k\u00fclmesinin nedenlerini de\u011ferlendirir ve en uygun \u00e7\u00f6z\u00fcm\u00fc sunar. Picasso Robotic DHI, Robotic DHI ve Sapphire FUE gibi modern tekniklerimiz ile do\u011fal ve yo\u011fun g\u00f6r\u00fcn\u00fcml\u00fc sonu\u00e7lar elde edilir. Sa\u00e7 ekimi do\u011fal g\u00f6r\u00fcn\u00fcm\u00fcn\u00fcz\u00fc yeniden kazanman\u0131za yard\u0131mc\u0131 olur ve \u00f6zg\u00fcveninizi art\u0131r\u0131r.Translated with DeepL.com (free version)<\/p>\n<\/p><\/div>\n<nav aria-label=\"breadcrumb\" class=\"breadcrumbs\">\n<ul class=\"d-flex align-items-center mb-0\">\n<li><a class=\"link\" href=\"https:\/\/drterziler.com\/tr\/\"><span>Dr. Terziler Exclusive Clinic<\/span><\/a><\/li>\n<li class=\"separator\">\u00bb<\/li>\n<li><a class=\"link\" href=\"https:\/\/drterziler.com\/tr\/sac-tedavileri\/\"><span>Sa\u00e7 Tedavileri<\/span><\/a><\/li>\n<li class=\"separator\">\u00bb<\/li>\n<li class=\"current-page\"><span>Growth Factor Tedavisi<\/span><\/li>\n<\/ul>\n<\/nav><\/div>\n<\/p><\/div>\n<\/p><\/div>\n<\/div>\n<section id=\"content-area\">\n<div class=\"container my-5\">\n<div class=\"row align-items-start\">\n<div class=\"col-md-6 order-2 order-md-1\">\n<div class=\"custom-toc-box\">\n<div id=\"toc-header\">\n<h4>\u0130\u00e7indekiler<\/h4>\n<div class=\"toc-toggle-icon\"><\/div>\n<\/p><\/div>\n<div class=\"toc-full-divider\"><\/div>\n<div id=\"toc-body\">\n<div id=\"toc-container\"><\/div>\n<\/p><\/div>\n<\/p><\/div>\n<\/p><\/div>\n<div class=\"col-md-6 order-1 order-md-2\" id=\"jForm\">\n                <script type=\"text\/javascript\" src=\"https:\/\/form.jotform.com\/jsform\/242882264736970\"><\/script>\n            <\/div>\n<\/p><\/div>\n<\/p><\/div>\n<div class=\"container\">\n<div class=\"img-thumb\">\n            <img loading=\"lazy\" decoding=\"async\" width=\"1140\" height=\"641\" src=\"https:\/\/drterziler.com\/wp-content\/uploads\/2025\/04\/GROWTH-FACTOR.webp\" alt=\"\" srcset=\"https:\/\/drterziler.com\/wp-content\/uploads\/2025\/04\/GROWTH-FACTOR.webp 1140w, https:\/\/drterziler.com\/wp-content\/uploads\/2025\/04\/GROWTH-FACTOR-300x169.webp 300w, https:\/\/drterziler.com\/wp-content\/uploads\/2025\/04\/GROWTH-FACTOR-1024x576.webp 1024w, https:\/\/drterziler.com\/wp-content\/uploads\/2025\/04\/GROWTH-FACTOR-768x432.webp 768w\" sizes=\"auto, (max-width: 1140px) 100vw, 1140px\">\n        <\/div>\n<div>\n<div>\n<h2 class=\"h2-header\">Molek\u00fcler Bile\u015fenler ve Sa\u00e7 Folik\u00fcllerine Etkileri<\/h2>\n<\/p><\/div>\n<div>\n<p class=\"p-text\">Growth Factor serumu, sa\u00e7 k\u00f6klerinin ihtiya\u00e7 duydu\u011fu temel besin maddelerini ve biyolojik olarak aktif bile\u015fenleri i\u00e7erir. Bu bile\u015fenler aras\u0131nda vitaminler, mineraller ve aminoasitler bulunur; bu maddeler sa\u00e7 folik\u00fcllerinin metabolik aktivitelerini art\u0131r\u0131r ve h\u00fccresel yenilenmeyi destekler. Onar\u0131c\u0131 bile\u015fenler ise, sa\u00e7 derisinde meydana gelen hasarlar\u0131 onararak sa\u00e7 k\u00f6klerinin daha sa\u011fl\u0131kl\u0131 bir ortamda geli\u015fmesini sa\u011flar. Bu s\u00fcre\u00e7, sa\u00e7 k\u00f6klerinin aktif b\u00fcy\u00fcme faz\u0131na ge\u00e7i\u015fini h\u0131zland\u0131r\u0131r ve sa\u00e7\u0131n genel g\u00f6r\u00fcn\u00fcm\u00fcn\u00fc iyile\u015ftirir.<\/p>\n<\/p><\/div>\n<\/p><\/div>\n<div>\n<div>\n<h2 class=\"h2-header\">Tedavi S\u00fcreci: Dermapen ve Masaj\u0131n Rol\u00fc<\/h2>\n<\/p><\/div>\n<div>\n<p class=\"p-text\">Growth Factor tedavisinde kullan\u0131lan dermapen cihaz\u0131, sa\u00e7 derisinde mikroskobik kanallar a\u00e7arak serumu derin katmanlara iletir. Bu mikrokanallar, cildin do\u011fal iyile\u015fme s\u00fcrecini ba\u015flatarak sa\u00e7 folik\u00fcllerine daha fazla besin ve oksijen ta\u015f\u0131nmas\u0131n\u0131 sa\u011flar. Ayn\u0131 zamanda, uygulanan masaj teknikleri, kan dola\u015f\u0131m\u0131n\u0131 art\u0131rarak serumun etkisini maksimize eder ve sa\u00e7 k\u00f6klerinin uyar\u0131lmas\u0131n\u0131 sa\u011flar. B\u00f6ylece, hem mevcut sa\u00e7lar\u0131n g\u00fc\u00e7lenmesi hem de yeni sa\u00e7 olu\u015fumu desteklenir.<\/p>\n<\/p><\/div>\n<\/p><\/div>\n<div>\n<div>\n<h2 class=\"h2-header\">Klinik Ara\u015ft\u0131rmalar ve Etkinlik<\/h2>\n<\/p><\/div>\n<div>\n<p class=\"p-text\">Growth Factor tedavisi \u00fczerine yap\u0131lan klinik ara\u015ft\u0131rmalar, bu y\u00f6ntemin sa\u00e7 d\u00f6k\u00fclmesini azaltmada ve sa\u00e7 b\u00fcy\u00fcmesini te\u015fvik etmede etkili oldu\u011funu g\u00f6stermektedir. \u00d6zellikle sa\u00e7 k\u00f6klerinin canland\u0131r\u0131lmas\u0131 ve yeni sa\u00e7lar\u0131n \u00e7\u0131kmas\u0131 a\u00e7\u0131s\u0131ndan \u00f6nemli sonu\u00e7lar elde edilmi\u015ftir. Tedavi, her ya\u015ftan ve cinsiyetten bireyler i\u00e7in uygun olup, ki\u015fiye \u00f6zel olarak form\u00fcle edilen serumlar sayesinde maksimum etkililik sa\u011flanmaktad\u0131r.<\/p>\n<\/p><\/div>\n<\/p><\/div>\n<div>\n<div>\n<h2 class=\"h2-header\">Ki\u015fiselle\u015ftirilmi\u015f Yakla\u015f\u0131mla Kal\u0131c\u0131 \u00c7\u00f6z\u00fcmler<\/h2>\n<\/p><\/div>\n<div>\n<p class=\"p-text\">Growth Factor tedavisinin en \u00f6nemli \u00f6zelliklerinden biri, ki\u015fiye \u00f6zel olarak form\u00fcle edilmesi ve her bireyin sa\u00e7 tipine ve ihtiya\u00e7lar\u0131na uygun \u015fekilde uygulanmas\u0131d\u0131r. Bu ki\u015fiselle\u015ftirilmi\u015f yakla\u015f\u0131m, tedavinin ba\u015far\u0131 oran\u0131n\u0131 art\u0131r\u0131r ve daha kal\u0131c\u0131 sonu\u00e7lar elde edilmesine olanak tan\u0131r. Ayr\u0131ca, tedavi s\u00fcrecinde kullan\u0131lan bile\u015fenler, sa\u00e7 derisinde uzun vadeli iyile\u015fme sa\u011flar ve sa\u00e7\u0131n genel sa\u011fl\u0131\u011f\u0131n\u0131 korur.<\/p>\n<\/p><\/div>\n<\/p><\/div>\n<\/p><\/div>\n<\/section>\n","protected":false},"excerpt":{"rendered":"<p>Growth Factor Tedavisi Sa\u00e7 ekimi, ki\u015fiye \u00f6zel planlama ve ileri teknoloji kullan\u0131larak sa\u00e7 d\u00f6k\u00fclmesini kal\u0131c\u0131 olarak tedavi eden bir s\u00fcre\u00e7tir. Uzman ekibimiz kapsaml\u0131 bir kons\u00fcltasyon s\u00fcreciyle sa\u00e7 d\u00f6k\u00fclmesinin nedenlerini de\u011ferlendirir ve en uygun \u00e7\u00f6z\u00fcm\u00fc sunar. Picasso Robotic DHI, Robotic DHI ve Sapphire FUE gibi modern tekniklerimiz ile do\u011fal ve yo\u011fun g\u00f6r\u00fcn\u00fcml\u00fc sonu\u00e7lar elde edilir. Sa\u00e7 [&hellip;]<\/p>\n","protected":false},"author":6,"featured_media":4919,"parent":1389,"menu_order":0,"comment_status":"closed","ping_status":"closed","template":"","meta":{"footnotes":""},"class_list":["post-1589","page","type-page","status-publish","has-post-thumbnail","hentry"],"_links":{"self":[{"href":"https:\/\/drterziler.com\/tr\/wp-json\/wp\/v2\/pages\/1589","targetHints":{"allow":["GET"]}}],"collection":[{"href":"https:\/\/drterziler.com\/tr\/wp-json\/wp\/v2\/pages"}],"about":[{"href":"https:\/\/drterziler.com\/tr\/wp-json\/wp\/v2\/types\/page"}],"author":[{"embeddable":true,"href":"https:\/\/drterziler.com\/tr\/wp-json\/wp\/v2\/users\/6"}],"replies":[{"embeddable":true,"href":"https:\/\/drterziler.com\/tr\/wp-json\/wp\/v2\/comments?post=1589"}],"version-history":[{"count":30,"href":"https:\/\/drterziler.com\/tr\/wp-json\/wp\/v2\/pages\/1589\/revisions"}],"predecessor-version":[{"id":59419,"href":"https:\/\/drterziler.com\/tr\/wp-json\/wp\/v2\/pages\/1589\/revisions\/59419"}],"up":[{"embeddable":true,"href":"https:\/\/drterziler.com\/tr\/wp-json\/wp\/v2\/pages\/1389"}],"wp:featuredmedia":[{"embeddable":true,"href":"https:\/\/drterziler.com\/tr\/wp-json\/wp\/v2\/media\/4919"}],"wp:attachment":[{"href":"https:\/\/drterziler.com\/tr\/wp-json\/wp\/v2\/media?parent=1589"}],"curies":[{"name":"wp","href":"https:\/\/api.w.org\/{rel}","templated":true}]}}