{"id":15913,"date":"2025-01-27T10:48:00","date_gmt":"2025-01-27T10:48:00","guid":{"rendered":"https:\/\/drterziler.com\/?page_id=15913"},"modified":"2026-04-06T12:20:44","modified_gmt":"2026-04-06T12:20:44","slug":"yuz-uygulamalari","status":"publish","type":"page","link":"https:\/\/drterziler.com\/tr\/medikal-estetik\/yuz-uygulamalari\/","title":{"rendered":"Y\u00fcz Uygulamalar\u0131"},"content":{"rendered":"<div class=\"page-content category-page\">\n<div id=\"header-area\">\n<div class=\"container\" id=\"firstContent\">\n<div class=\"header-content d-flex flex-column\">\n<h1 class=\"content-title\">Y\u00fcz Uygulamalar\u0131<\/h1>\n<div class=\"content-paragraph\">\n<p>Aynaya bakt\u0131\u011f\u0131n\u0131zda g\u00f6rmek istedi\u011finiz y\u00fcz i\u00e7in buraday\u0131z. \u0130leri teknoloji cihazlar\u0131m\u0131z ve uzman dokunu\u015fumuzla, cildinizin gen\u00e7lik yolculu\u011funda size rehberlik ediyoruz. Hayallerinizdeki g\u00f6r\u00fcn\u00fcm art\u0131k bir ad\u0131m uza\u011f\u0131n\u0131zda, \u00fcstelik en kusursuz haliyle.<\/p>\n<\/p><\/div>\n<nav aria-label=\"breadcrumb\" class=\"breadcrumbs\">\n<ul class=\"d-flex align-items-center mb-0\">\n<li><a class=\"link\" href=\"https:\/\/drterziler.com\/tr\/\"><span>Dr. Terziler<\/span><\/a><\/li>\n<li class=\"separator\">\u00bb<\/li>\n<li><a class=\"link\" href=\"https:\/\/drterziler.com\/tr\/medikal-estetik\/\"><span>Medikal Estetik<\/span><\/a><\/li>\n<li class=\"separator\">\u00bb<\/li>\n<li class=\"current-page\"><span>Y\u00fcz Uygulamalar\u0131<\/span><\/li>\n<\/ul>\n<\/nav><\/div>\n<\/p><\/div>\n<\/p><\/div>\n<\/div>\n<section class=\"svc-section\">\n<div class=\"container\" data-target=\"category-page\">\n<div class=\"svc-item right-card\">\n<div class=\"svc-media\">\n                <img decoding=\"async\" src=\"https:\/\/drterziler.com\/wp-content\/uploads\/2025\/01\/FRANSIZ-ASKISI.webp\" alt=\"Frans\u0131z Ask\u0131\" loading=\"lazy\" class=\"cat-img\">\n            <\/div>\n<div class=\"svc-card\">\n<h3 class=\"svc-title gilda\">Frans\u0131z Ask\u0131<\/h3>\n<p class=\"svc-text barlow\">\n                    Frans\u0131z ask\u0131s\u0131, cilt alt\u0131na yerle\u015ftirilen ince iplerle y\u00fcz hatlar\u0131n\u0131 asarak do\u011fal bir germe etkisi yarat\u0131r. Ciltteki gev\u015feme ve sarkmalar\u0131 toparlayarak gen\u00e7 ve dinamik bir g\u00f6r\u00fcn\u00fcm sa\u011flar. Uygulama minimal invazivdir ve genellikle lokal anestezi ile yap\u0131l\u0131r.\n                <\/p>\n<p>                <a class=\"btn-details barlow-condensed\" href=\"https:\/\/drterziler.com\/tr\/medikal-estetik\/yuz-uygulamalari\/fransiz-aski\/\">DETAYLAR<\/a>\n            <\/div>\n<\/p><\/div>\n<div class=\"svc-item left-card\">\n<div class=\"svc-media\">\n                <img decoding=\"async\" src=\"https:\/\/drterziler.com\/wp-content\/uploads\/2025\/01\/Likit-Yuz-Germe.webp\" alt=\"Likit Y\u00fcz Germe\" loading=\"lazy\" class=\"cat-img\">\n            <\/div>\n<div class=\"svc-card\">\n<h3 class=\"svc-title gilda\">Likit Y\u00fcz Germe<\/h3>\n<p class=\"svc-text barlow\">\n                    Likit y\u00fcz germe, hyaluronik asit ve benzeri dolgu maddeleri ile y\u00fcz hatlar\u0131n\u0131 \u015fekillendirir ve cildi gerer. H\u0131zl\u0131 ve etkili sonu\u00e7lar sunarak, cerrahi m\u00fcdahale gerektirmeden y\u00fcz gen\u00e7le\u015ftirmeyi sa\u011flar. Y\u00fczdeki sarkma ve \u00e7izgiler belirgin \u015fekilde azal\u0131r.\n                <\/p>\n<p>                <a class=\"btn-details barlow-condensed\" href=\"https:\/\/drterziler.com\/tr\/medikal-estetik\/yuz-uygulamalari\/likit-yuz-germe\/\">DETAYLAR<\/a>\n            <\/div>\n<\/p><\/div>\n<div class=\"svc-item right-card\">\n<div class=\"svc-media\">\n                <img decoding=\"async\" src=\"https:\/\/drterziler.com\/wp-content\/uploads\/2025\/01\/Dolgu-Tedavisi.webp\" alt=\"Dolgu\" loading=\"lazy\" class=\"cat-img\">\n            <\/div>\n<div class=\"svc-card\">\n<h3 class=\"svc-title gilda\">Dolgu<\/h3>\n<p class=\"svc-text barlow\">\n                    G\u00fcnl\u00fck hayat\u0131n ko\u015fu\u015fturmas\u0131, stres ve ya\u015flanman\u0131n etkileri zamanla cildinize yans\u0131r, ancak bu de\u011fi\u015fimi geri almak m\u00fcmk\u00fcn. Klini\u011fimizde uygulad\u0131\u011f\u0131m\u0131z \u00e7e\u015fitli dolgu uygulamalar\u0131, kaybolan hacmi geri getirir, hatlar\u0131 belirginle\u015ftirir ve cildinizi p\u00fcr\u00fczs\u00fczle\u015ftirir. An\u0131nda etkili sonu\u00e7lar ve minimal iyile\u015fme s\u00fcresiyle, do\u011fal bir gen\u00e7le\u015fme sa\u011flar, sizi daha taze ve gen\u00e7 hissettirir.\n                <\/p>\n<p>                <a class=\"btn-details barlow-condensed\" href=\"https:\/\/drterziler.com\/tr\/medikal-estetik\/yuz-uygulamalari\/dolgu\/\">DETAYLAR<\/a>\n            <\/div>\n<\/p><\/div>\n<div class=\"svc-item left-card\">\n<div class=\"svc-media\">\n                <img decoding=\"async\" src=\"https:\/\/drterziler.com\/wp-content\/uploads\/2025\/01\/Botoks.webp\" alt=\"Botoks (Botulinumtoksin)\" loading=\"lazy\" class=\"cat-img\">\n            <\/div>\n<div class=\"svc-card\">\n<h3 class=\"svc-title gilda\">Botoks (Botulinumtoksin)<\/h3>\n<p class=\"svc-text barlow\">\n                    Botoks, estetik ve sa\u011fl\u0131k alan\u0131nda geni\u015f bir yelpazeye yay\u0131lan etkili bir dizi tedavi y\u00f6ntemidir. Masseter botoksu, \u00e7ene kaslar\u0131ndaki a\u015f\u0131r\u0131 gerilimi azaltarak y\u00fcz hatlar\u0131n\u0131 inceltirken, migren botoksu ba\u015f a\u011fr\u0131lar\u0131n\u0131 hafifletir ve ya\u015fam kalitesini art\u0131r\u0131r. Terleme botoksu ise a\u015f\u0131r\u0131 terleme sorununu kontrol alt\u0131na alarak ki\u015filerin g\u00fcnl\u00fck ya\u015famlar\u0131n\u0131 daha konforlu hale getirir. Bu botoks t\u00fcrleri, minimal invaziv olmalar\u0131 ve h\u0131zl\u0131 iyile\u015fme s\u00fcreleriyle s\u0131kl\u0131kla tercih edilen tedavi se\u00e7enekleridir.\n                <\/p>\n<p>                <a class=\"btn-details barlow-condensed\" href=\"https:\/\/drterziler.com\/tr\/medikal-estetik\/yuz-uygulamalari\/botoks-botulinumtoksin\/\">DETAYLAR<\/a>\n            <\/div>\n<\/p><\/div>\n<div class=\"svc-item right-card\">\n<div class=\"svc-media\">\n                <img decoding=\"async\" src=\"https:\/\/drterziler.com\/wp-content\/uploads\/2025\/01\/Mezoterapi.webp\" alt=\"Mezoterapi\" loading=\"lazy\" class=\"cat-img\">\n            <\/div>\n<div class=\"svc-card\">\n<h3 class=\"svc-title gilda\">Mezoterapi<\/h3>\n<p class=\"svc-text barlow\">\n                    Mezoterapi, cildinize derinlemesine etki ederek gen\u00e7lik, canl\u0131l\u0131k ve \u0131\u015f\u0131lt\u0131 kazand\u0131ran etkili bir tedavi y\u00f6ntemidir. Vitaminler, mineraller, hyaluronik asit ve di\u011fer besleyici i\u00e7eriklerle cilt alt\u0131na yap\u0131lan mikro enjeksiyonlar sayesinde, cildinizin ihtiya\u00e7 duydu\u011fu t\u00fcm besinleri almas\u0131n\u0131 sa\u011flan\u0131r. B\u00f6ylece canl\u0131 ve parlak bir g\u00f6r\u00fcn\u00fcm elde edilir.\n                <\/p>\n<p>                <a class=\"btn-details barlow-condensed\" href=\"https:\/\/drterziler.com\/tr\/medikal-estetik\/yuz-uygulamalari\/mezoterapi\/\">DETAYLAR<\/a>\n            <\/div>\n<\/p><\/div>\n<div class=\"svc-item left-card\">\n<div class=\"svc-media\">\n                <img decoding=\"async\" src=\"https:\/\/drterziler.com\/wp-content\/uploads\/2025\/01\/PRP-ve-Egzozom-Plazma-Uygulamalari.webp\" alt=\"PRP ve Egzozom Plazma Uygulamalar\u0131\" loading=\"lazy\" class=\"cat-img\">\n            <\/div>\n<div class=\"svc-card\">\n<h3 class=\"svc-title gilda\">PRP ve Egzozom Plazma Uygulamalar\u0131<\/h3>\n<p class=\"svc-text barlow\">\n                    PRP ve Eksozom Plazma uygulamalar\u0131, cildinize gen\u00e7lik \u0131\u015f\u0131lt\u0131s\u0131 kazand\u0131r\u0131rken sa\u00e7lar\u0131n\u0131zda dolgun ve sa\u011fl\u0131kl\u0131 bir g\u00f6r\u00fcn\u00fcm sunar. Do\u011fal yenilenme mekanizmalar\u0131n\u0131 tetikleyen bu ileri teknolojiler, k\u0131r\u0131\u015f\u0131kl\u0131klar\u0131n azalmas\u0131ndan sa\u00e7 d\u00f6k\u00fclmesinin \u00f6nlenmesine kadar geni\u015f bir etki yelpazesiyle, g\u00fczellik ve bak\u0131m d\u00fcnyas\u0131nda fark yarat\u0131r.\n                <\/p>\n<p>                <a class=\"btn-details barlow-condensed\" href=\"https:\/\/drterziler.com\/tr\/medikal-estetik\/yuz-uygulamalari\/prp-ve-egzozom-plazma-uygulamalari\/\">DETAYLAR<\/a>\n            <\/div>\n<\/p><\/div>\n<div class=\"svc-item right-card\">\n<div class=\"svc-media\">\n                <img decoding=\"async\" src=\"https:\/\/drterziler.com\/wp-content\/uploads\/2025\/01\/Kok-Hucre-Uygulamalari.webp\" alt=\"K\u00f6k H\u00fccre Uygulamalar\u0131\" loading=\"lazy\" class=\"cat-img\">\n            <\/div>\n<div class=\"svc-card\">\n<h3 class=\"svc-title gilda\">K\u00f6k H\u00fccre Uygulamalar\u0131<\/h3>\n<p class=\"svc-text barlow\">\n                    K\u00f6k h\u00fccre tedavisi, v\u00fccudun kendini onarma ve yenileme potansiyelini ortaya \u00e7\u0131karan ileri bir sa\u011fl\u0131k teknolojisidir. Bu \u00f6zel uygulama, h\u00fccrelerin do\u011fal onar\u0131m mekanizmas\u0131n\u0131 tetikleyerek gen\u00e7lik, dayan\u0131kl\u0131l\u0131k ve enerji kazand\u0131r\u0131r. Ki\u015fiye \u00f6zel bir yakla\u015f\u0131m sunan k\u00f6k h\u00fccre tedavisi, hem genel sa\u011fl\u0131\u011f\u0131 destekler hem de ya\u015fam kalitesini art\u0131r\u0131r.\n                <\/p>\n<p>                <a class=\"btn-details barlow-condensed\" href=\"https:\/\/drterziler.com\/tr\/medikal-estetik\/yuz-uygulamalari\/kok-hucre-uygulamalari\/\">DETAYLAR<\/a>\n            <\/div>\n<\/p><\/div>\n<div class=\"svc-item left-card\">\n<div class=\"svc-media\">\n                <img decoding=\"async\" src=\"https:\/\/drterziler.com\/wp-content\/uploads\/2025\/01\/Skinbooster.webp\" alt=\"Skinbooster\" loading=\"lazy\" class=\"cat-img\">\n            <\/div>\n<div class=\"svc-card\">\n<h3 class=\"svc-title gilda\">Skinbooster<\/h3>\n<p class=\"svc-text barlow\">\n                    Cilt sa\u011fl\u0131\u011f\u0131n\u0131 ve g\u00f6r\u00fcn\u00fcm\u00fcn\u00fc yeniden canland\u0131ran, son derece etkili ve inovatif bir tedavi y\u00f6ntemidir. Hyaluronik asit i\u00e7eren form\u00fcl\u00fc sayesinde cildi derinlemesine nemlendirir, elastikiyetini art\u0131r\u0131r ve ya\u015flanma belirtilerini minimize eder. Do\u011fal, \u0131\u015f\u0131lt\u0131l\u0131 bir cilt g\u00f6r\u00fcn\u00fcm\u00fc sa\u011flayarak, sa\u011fl\u0131kl\u0131 bir gen\u00e7le\u015fme etkisi yarat\u0131r ve cildi daha canl\u0131 hale getirir.\n                <\/p>\n<p>                <a class=\"btn-details barlow-condensed\" href=\"https:\/\/drterziler.com\/tr\/medikal-estetik\/yuz-uygulamalari\/skinbooster\/\">DETAYLAR<\/a>\n            <\/div>\n<\/p><\/div>\n<div class=\"svc-item right-card\">\n<div class=\"svc-media\">\n                <img decoding=\"async\" src=\"https:\/\/drterziler.com\/wp-content\/uploads\/2025\/01\/Dermapen.webp\" alt=\"Dermapen\" loading=\"lazy\" class=\"cat-img\">\n            <\/div>\n<div class=\"svc-card\">\n<h3 class=\"svc-title gilda\">Dermapen<\/h3>\n<p class=\"svc-text barlow\">\n                    Dermapen, sa\u00e7 k\u00f6klerini uyarmak ve sa\u00e7 derisinin sa\u011fl\u0131\u011f\u0131n\u0131 art\u0131rmak amac\u0131yla uygulanan i\u015flemlerde kullan\u0131lan etkili bir cihazd\u0131r. \u0130nce mikro i\u011fneler ile sa\u00e7 derisinde minik kanallar a\u00e7\u0131l\u0131r, kan ak\u0131\u015f\u0131n\u0131 art\u0131r\u0131l\u0131r, b\u00f6ylece sa\u00e7 k\u00f6kleri daha fazla beslenir ve tedavilerin verimi maksimize edilir. Tamamen a\u011fr\u0131s\u0131z ve konforlu bir \u015fekilde uygulan\u0131r.\n                <\/p>\n<p>                <a class=\"btn-details barlow-condensed\" href=\"https:\/\/drterziler.com\/tr\/medikal-estetik\/yuz-uygulamalari\/dermapen\/\">DETAYLAR<\/a>\n            <\/div>\n<\/p><\/div>\n<\/p><\/div>\n<\/section>\n","protected":false},"excerpt":{"rendered":"<p>Y\u00fcz Uygulamalar\u0131 Aynaya bakt\u0131\u011f\u0131n\u0131zda g\u00f6rmek istedi\u011finiz y\u00fcz i\u00e7in buraday\u0131z. \u0130leri teknoloji cihazlar\u0131m\u0131z ve uzman dokunu\u015fumuzla, cildinizin gen\u00e7lik yolculu\u011funda size rehberlik ediyoruz. Hayallerinizdeki g\u00f6r\u00fcn\u00fcm art\u0131k bir ad\u0131m uza\u011f\u0131n\u0131zda, \u00fcstelik en kusursuz haliyle. Dr. Terziler \u00bb Medikal Estetik \u00bb Y\u00fcz Uygulamalar\u0131 Frans\u0131z Ask\u0131 Frans\u0131z ask\u0131s\u0131, cilt alt\u0131na yerle\u015ftirilen ince iplerle y\u00fcz hatlar\u0131n\u0131 asarak do\u011fal bir germe etkisi [&hellip;]<\/p>\n","protected":false},"author":6,"featured_media":0,"parent":1654,"menu_order":0,"comment_status":"closed","ping_status":"closed","template":"","meta":{"footnotes":""},"class_list":["post-15913","page","type-page","status-publish","hentry"],"_links":{"self":[{"href":"https:\/\/drterziler.com\/tr\/wp-json\/wp\/v2\/pages\/15913","targetHints":{"allow":["GET"]}}],"collection":[{"href":"https:\/\/drterziler.com\/tr\/wp-json\/wp\/v2\/pages"}],"about":[{"href":"https:\/\/drterziler.com\/tr\/wp-json\/wp\/v2\/types\/page"}],"author":[{"embeddable":true,"href":"https:\/\/drterziler.com\/tr\/wp-json\/wp\/v2\/users\/6"}],"replies":[{"embeddable":true,"href":"https:\/\/drterziler.com\/tr\/wp-json\/wp\/v2\/comments?post=15913"}],"version-history":[{"count":49,"href":"https:\/\/drterziler.com\/tr\/wp-json\/wp\/v2\/pages\/15913\/revisions"}],"predecessor-version":[{"id":59445,"href":"https:\/\/drterziler.com\/tr\/wp-json\/wp\/v2\/pages\/15913\/revisions\/59445"}],"up":[{"embeddable":true,"href":"https:\/\/drterziler.com\/tr\/wp-json\/wp\/v2\/pages\/1654"}],"wp:attachment":[{"href":"https:\/\/drterziler.com\/tr\/wp-json\/wp\/v2\/media?parent=15913"}],"curies":[{"name":"wp","href":"https:\/\/api.w.org\/{rel}","templated":true}]}}