{"id":1603,"date":"2024-08-12T14:37:34","date_gmt":"2024-08-12T14:37:34","guid":{"rendered":"https:\/\/drterziler.com\/sac-tedavileri\/sac-check-up\/"},"modified":"2026-04-26T13:18:05","modified_gmt":"2026-04-26T13:18:05","slug":"sac-check-up","status":"publish","type":"page","link":"https:\/\/drterziler.com\/tr\/sac-tedavileri\/sac-check-up\/","title":{"rendered":"Sa\u00e7 Check-Up"},"content":{"rendered":"<div class=\"page-content\">\n<div id=\"header-area\">\n<div class=\"container\" id=\"firstContent\">\n<div class=\"header-content d-flex flex-column\">\n<h1 class=\"content-title h1-header\">Sa\u00e7 Check-Up<\/h1>\n<div class=\"content-paragraph\">\n<p class=\"p-text\">Sa\u00e7 Check-Up&#039;\u0131, sa\u00e7 ve kafa derisi sorunlar\u0131n\u0131 te\u015fhis ve tedavi etmek i\u00e7in tasarlanm\u0131\u015f kapsaml\u0131 bir trikolojik muayenedir. Bu s\u00fcre\u00e7, sa\u00e7 k\u00f6klerinin, kafa derisinin durumunun ve temel besin maddelerinin ayr\u0131nt\u0131l\u0131 analizini i\u00e7erir ve sa\u00e7 d\u00f6k\u00fclmesi, incelme ve kafa derisi sa\u011fl\u0131\u011f\u0131 gibi endi\u015feleri gidermek i\u00e7in ki\u015fiselle\u015ftirilmi\u015f bir tedavi plan\u0131 sa\u011flar. D\u00fczenli Sa\u00e7 Check-Up&#039;lar\u0131, sorunlar\u0131n erken tespiti, etkili m\u00fcdahalelere olanak sa\u011flanmas\u0131 ve uzun vadeli sa\u00e7 sa\u011fl\u0131\u011f\u0131n\u0131n g\u00fcvence alt\u0131na al\u0131nmas\u0131 i\u00e7in \u00e7ok \u00f6nemlidir.<\/p>\n<\/p><\/div>\n<nav aria-label=\"breadcrumb\" class=\"breadcrumbs\">\n<ul class=\"d-flex align-items-center mb-0\">\n<li><a class=\"link\" href=\"https:\/\/drterziler.com\/tr\/\"><span>Dr. Terziler Exclusive Clinic<\/span><\/a><\/li>\n<li class=\"separator\">\u00bb<\/li>\n<li><a class=\"link\" href=\"https:\/\/drterziler.com\/tr\/sac-tedavileri\/\"><span>Sa\u00e7 Tedavileri<\/span><\/a><\/li>\n<li class=\"separator\">\u00bb<\/li>\n<li class=\"current-page\"><span>Sa\u00e7 Check-Up<\/span><\/li>\n<\/ul>\n<\/nav><\/div>\n<\/p><\/div>\n<\/p><\/div>\n<\/div>\n<section id=\"content-area\">\n<div class=\"container my-5\">\n<div class=\"row align-items-start\">\n<div class=\"col-md-6 order-2 order-md-1\">\n<div class=\"custom-toc-box\">\n<div id=\"toc-header\">\n<h4>\u0130\u00e7indekiler<\/h4>\n<div class=\"toc-toggle-icon\"><\/div>\n<\/p><\/div>\n<div class=\"toc-full-divider\"><\/div>\n<div id=\"toc-body\">\n<div id=\"toc-container\"><\/div>\n<\/p><\/div>\n<\/p><\/div>\n<\/p><\/div>\n<div class=\"col-md-6 order-1 order-md-2\" id=\"jForm\">\n                <script type=\"text\/javascript\" src=\"https:\/\/form.jotform.com\/jsform\/242882264736970\"><\/script>\n            <\/div>\n<\/p><\/div>\n<\/p><\/div>\n<div class=\"container\">\n<div>\n<div>\n<h2 class=\"h2-header\">Sa\u00e7 Check-Up&#039;\u0131: Sa\u00e7 ve Sa\u00e7 Derisi Sa\u011fl\u0131\u011f\u0131 i\u00e7in Kapsaml\u0131 Analiz<\/h2>\n<\/p><\/div>\n<div>\n<p class=\"p-text\">Sa\u00e7 Check-Up&#039;\u0131, sa\u00e7 ve kafa derisi sorunlar\u0131n\u0131 tan\u0131mlamay\u0131 ve ele almay\u0131 ama\u00e7layan bir dizi trikolojik testi i\u00e7erir. Bu i\u015flem s\u0131ras\u0131nda sa\u00e7 k\u00f6kleri detayl\u0131 mikroskobik g\u00f6r\u00fcnt\u00fcleme kullan\u0131larak incelenir ve sa\u00e7 k\u00fctle indeksi, elastikiyet, nem, sebum (ya\u011f) ve pH de\u011feri gibi \u00e7e\u015fitli parametreler \u00f6l\u00e7\u00fcl\u00fcr. Ayr\u0131ca, genel sa\u011fl\u0131k i\u00e7in hayati \u00f6nem ta\u015f\u0131yan demir, \u00e7inko, folik asit, D vitamini, B12 ve biotin gibi temel besinler de\u011ferlendirilir. Sa\u00e7 Check-Up&#039;\u0131n\u0131n amac\u0131, sa\u00e7 d\u00f6k\u00fclmesine katk\u0131da bulunabilecek genetik veya hormonal fakt\u00f6rleri belirleyerek hasta i\u00e7in en do\u011fru tedaviyi sa\u011flamakt\u0131r.<\/p>\n<\/p><\/div>\n<\/p><\/div>\n<div>\n<div>\n<h2 class=\"h2-header\">Sa\u00e7 Check-Up&#039;\u0131 Neden \u00d6nemlidir?<\/h2>\n<\/p><\/div>\n<div>\n<p class=\"p-text\">D\u00fczenli Sa\u00e7 Check-Up&#039;lar\u0131, optimum sa\u00e7 sa\u011fl\u0131\u011f\u0131n\u0131 korumak ve altta yatan sorunlar\u0131 daha ciddi hale gelmeden ele almak i\u00e7in gereklidir. Sa\u00e7 d\u00f6k\u00fclmesi, kafa derisi sorunlar\u0131 veya di\u011fer endi\u015felerin erken belirtilerini tespit ederek, erken m\u00fcdahale edebilir ve daha fazla hasar\u0131 \u00f6nlemek ve sa\u011fl\u0131kl\u0131 sa\u00e7 b\u00fcy\u00fcmesini te\u015fvik etmek i\u00e7in uygun tedaviler \u00f6nerebiliriz. Sa\u00e7 Check-Up&#039;\u0131 ayr\u0131ca sa\u00e7\u0131n\u0131zdaki ve sa\u00e7 derinizdeki zaman i\u00e7inde meydana gelen de\u011fi\u015fiklikleri izlememize, genel sa\u00e7 sa\u011fl\u0131\u011f\u0131n\u0131z hakk\u0131nda de\u011ferli bilgiler sa\u011flamam\u0131za ve tedavi plan\u0131n\u0131z\u0131 gerekti\u011fi gibi ayarlamam\u0131za olanak tan\u0131r.<\/p>\n<\/p><\/div>\n<\/p><\/div>\n<div>\n<div>\n<h2 class=\"h2-header\">Sa\u00e7 Check-Up Nas\u0131l Uygulan\u0131r?<\/h2>\n<\/p><\/div>\n<div>\n<p class=\"p-text\">Sa\u00e7 Check-Up s\u00fcreci, uzman bir trikolog taraf\u0131ndan al\u0131nacak anamnez (hasta \u00f6yk\u00fcs\u00fc) ile ba\u015flar. Bu, hastan\u0131n t\u0131bbi ge\u00e7mi\u015fini, ya\u015fam tarz\u0131n\u0131 ve sa\u00e7 bak\u0131m\u0131 rutinini tart\u0131\u015fmak i\u00e7in bire bir g\u00f6r\u00fc\u015fmeyi i\u00e7erir. Daha sonra, sa\u00e7\u0131n morfolojisini inceleyen ve sa\u00e7 hastal\u0131klar\u0131n\u0131n te\u015fhisine yard\u0131mc\u0131 olan \u201ctrikogram\u201d tekni\u011fini kullanarak sa\u00e7 sa\u011fl\u0131\u011f\u0131n\u0131, k\u0131r\u0131lma oran\u0131n\u0131 ve d\u00f6k\u00fclme \u015fiddetini de\u011ferlendirmek i\u00e7in bir kafa derisi \u00f6rne\u011fi al\u0131n\u0131r. Fizik muayene ve \u00f6l\u00e7\u00fcmlerin ard\u0131ndan altta yatan bir sorunun tespit edilmesi i\u00e7in kan testi istenir. Tan\u0131, genellikle 1-1,5 saat s\u00fcren bu tarama ve analizlerin sonu\u00e7lar\u0131na g\u00f6re konulur. Daha sonra hasta i\u00e7in ki\u015fiselle\u015ftirilmi\u015f bir trikolojik terapi veya tedavi plan\u0131 geli\u015ftirilir. Sa\u00e7 d\u00f6k\u00fclmesinin nedeninin t\u0131bbi bir durum oldu\u011fu tespit edilirse hasta uzman hekime y\u00f6nlendirilir.<\/p>\n<\/p><\/div>\n<\/p><\/div>\n<div>\n<div>\n<h2 class=\"h2-header\">Sa\u00e7 Kontrol\u00fc S\u0131ras\u0131nda Neler Beklenmeli?<\/h2>\n<\/p><\/div>\n<div>\n<p class=\"p-text\">Sa\u00e7 Kontrol\u00fc S\u0131ras\u0131nda Neler Beklenmeli? Bu \u015funlar\u0131 i\u00e7erebilir: Sa\u00e7 derisinin ve sa\u00e7 folik\u00fcllerinin g\u00f6rsel muayenesi Sa\u00e7 yo\u011funlu\u011funun, kal\u0131nl\u0131\u011f\u0131n\u0131n ve dokusunun analizi \u0130ltihap, kepek veya di\u011fer dermatolojik sorunlar\u0131n belirtileri de dahil olmak \u00fczere kafa derisi durumunun de\u011ferlendirilmesi Sa\u00e7 d\u00f6k\u00fclmesiyle ilgili endi\u015felerin veya sa\u00e7 b\u00fcy\u00fcme d\u00fczenindeki de\u011fi\u015fikliklerin tart\u0131\u015f\u0131lmas\u0131 \u00d6neriler Gerekirse daha ileri te\u015fhis testleri veya tedaviler i\u00e7in Uzmanlar\u0131m\u0131z endi\u015felerinizi dinlemek ve olas\u0131 sorular\u0131n\u0131z\u0131 yan\u0131tlamak i\u00e7in zaman ay\u0131rarak s\u00fcre\u00e7 boyunca kendinizi g\u00fcvende ve desteklenmi\u015f hissetmenizi sa\u011flar.<\/p>\n<\/p><\/div>\n<\/p><\/div>\n<div>\n<div>\n<h2 class=\"h2-header\">Sa\u00e7 Check-Up&#039;\u0131n\u0131n Bilimsel Boyutu: Genetik Sa\u00e7 Testi<\/h2>\n<\/p><\/div>\n<div>\n<p class=\"p-text\">Sa\u00e7 d\u00f6k\u00fclmesinin \u00e7o\u011funlukla genetik bir temeli vard\u0131r, ancak di\u011fer fakt\u00f6rler de katk\u0131da bulunabilir. \u201cTricho testi\u201d gibi genetik sa\u00e7 testleri, sa\u00e7 d\u00f6k\u00fclmesinin genetik nedenlerini anlamak i\u00e7in kullan\u0131lan en son teknolojidir. Bu test, 5-6 hafta i\u00e7inde sa\u00e7 d\u00f6k\u00fclmesinden sorumlu spesifik geni tan\u0131mlayabilir. Sonu\u00e7lara g\u00f6re sa\u00e7 ve sa\u00e7 derisi problemlerini yava\u015flatmak, hatta durdurmak i\u00e7in sa\u00e7 serumlar\u0131 ve vitaminler gibi ki\u015fiselle\u015ftirilmi\u015f form\u00fcller geli\u015ftirilebilir.<\/p>\n<\/p><\/div>\n<\/p><\/div>\n<div>\n<div>\n<h2 class=\"h2-header\">Kimler Sa\u00e7 Check-Up&#039;\u0131 Yapt\u0131rmal\u0131?<\/h2>\n<\/p><\/div>\n<div>\n<p class=\"p-text\">Sa\u00e7lar\u0131nda zay\u0131fl\u0131k, b\u00f6lgesel sa\u00e7 d\u00f6k\u00fclmesi, sa\u00e7 derisinde ka\u015f\u0131nt\u0131, a\u015f\u0131r\u0131 kepeklenme, sa\u00e7 elastikiyet kayb\u0131 ya\u015fayan herkes Sa\u00e7 Check-Up yapt\u0131rmay\u0131 d\u00fc\u015f\u00fcnmelidir. S\u00fcre\u00e7, bireyin sa\u00e7 sa\u011fl\u0131\u011f\u0131nda kritik rol oynayan vitamin ve mineral d\u00fczeylerinin de\u011ferlendirilmesiyle ba\u015flar.<\/p>\n<\/p><\/div>\n<\/p><\/div>\n<div>\n<div>\n<h2 class=\"h2-header\">Sa\u00e7 Check-Up&#039;\u0131n\u0131n Faydalar\u0131<\/h2>\n<\/p><\/div>\n<div>\n<p class=\"p-text\">Sa\u00e7 D\u00f6k\u00fclmesinin Erken Tespiti: Sa\u00e7 d\u00f6k\u00fclmesi veya sa\u00e7ta incelme belirtilerinin erken tespit edilmesi, h\u0131zl\u0131 m\u00fcdahaleye olanak tan\u0131r, daha fazla sa\u00e7 d\u00f6k\u00fclmesini \u00f6nler ve tedavinin etkinli\u011fini art\u0131r\u0131r. Ki\u015fiselle\u015ftirilmi\u015f \u00d6neriler: Uzmanlar\u0131m\u0131z, \u00f6zel ihtiya\u00e7lar\u0131n\u0131z ve hedefleriniz do\u011frultusunda sa\u00e7 bak\u0131m \u00fcr\u00fcnleri, tedaviler ve ya\u015fam tarz\u0131 de\u011fi\u015fiklikleri konusunda size \u00f6zel tavsiyelerde bulunur. \u0130yile\u015ftirilmi\u015f Sa\u00e7 Derisi Sa\u011fl\u0131\u011f\u0131: Kontrol s\u0131ras\u0131nda sa\u00e7 derisi sorunlar\u0131n\u0131 ele almak, g\u00fc\u00e7l\u00fc ve dayan\u0131kl\u0131 sa\u00e7lar i\u00e7in gerekli olan daha sa\u011fl\u0131kl\u0131 bir sa\u00e7 derisine yol a\u00e7abilir. \u0130\u00e7iniz Rahat Olsun: D\u00fczenli Sa\u00e7 Kontrolleri, sa\u00e7 sa\u011fl\u0131\u011f\u0131n\u0131z\u0131n profesyoneller taraf\u0131ndan takip edilmesini sa\u011flar ve endi\u015feleriniz i\u00e7in etkili \u00e7\u00f6z\u00fcmler sunar.<\/p>\n<\/p><\/div>\n<\/p><\/div>\n<div>\n<div>\n<h2 class=\"h2-header\">Sa\u00e7 Kontrol\u00fcn\u00fcz\u00fc Bug\u00fcn Planlay\u0131n!<\/h2>\n<\/p><\/div>\n<div>\n<p class=\"p-text\">Sa\u00e7 sorunlar\u0131n\u0131n daha da k\u00f6t\u00fcle\u015fmesini beklemeyin. Bug\u00fcn Dr. Terziler&#039;in klini\u011finde Sa\u00e7 Check-Up&#039;\u0131n\u0131z\u0131 planlay\u0131n ve sa\u011fl\u0131kl\u0131, canl\u0131 sa\u00e7lar\u0131 korumak i\u00e7in proaktif ad\u0131mlar at\u0131n. Uzman ekibimiz, g\u00fczel ve sa\u011fl\u0131kl\u0131 sa\u00e7lara giden yolculu\u011funuzda size destek olmak i\u00e7in burada.<\/p>\n<\/p><\/div>\n<\/p><\/div>\n<\/p><\/div>\n<\/section>\n","protected":false},"excerpt":{"rendered":"<p>Sa\u00e7 Check-Up Sa\u00e7 Check-Up&#039;\u0131, sa\u00e7 ve kafa derisi sorunlar\u0131n\u0131 te\u015fhis ve tedavi etmek i\u00e7in tasarlanm\u0131\u015f kapsaml\u0131 bir trikolojik muayenedir. Bu s\u00fcre\u00e7, sa\u00e7 k\u00f6klerinin, kafa derisinin durumunun ve temel besin maddelerinin ayr\u0131nt\u0131l\u0131 analizini i\u00e7erir ve sa\u00e7 d\u00f6k\u00fclmesi, incelme ve kafa derisi sa\u011fl\u0131\u011f\u0131 gibi endi\u015feleri gidermek i\u00e7in ki\u015fiselle\u015ftirilmi\u015f bir tedavi plan\u0131 sa\u011flar. D\u00fczenli Sa\u00e7 Check-Up&#039;lar\u0131, sorunlar\u0131n erken [&hellip;]<\/p>\n","protected":false},"author":6,"featured_media":892,"parent":1389,"menu_order":0,"comment_status":"closed","ping_status":"closed","template":"","meta":{"footnotes":""},"class_list":["post-1603","page","type-page","status-publish","has-post-thumbnail","hentry"],"_links":{"self":[{"href":"https:\/\/drterziler.com\/tr\/wp-json\/wp\/v2\/pages\/1603","targetHints":{"allow":["GET"]}}],"collection":[{"href":"https:\/\/drterziler.com\/tr\/wp-json\/wp\/v2\/pages"}],"about":[{"href":"https:\/\/drterziler.com\/tr\/wp-json\/wp\/v2\/types\/page"}],"author":[{"embeddable":true,"href":"https:\/\/drterziler.com\/tr\/wp-json\/wp\/v2\/users\/6"}],"replies":[{"embeddable":true,"href":"https:\/\/drterziler.com\/tr\/wp-json\/wp\/v2\/comments?post=1603"}],"version-history":[{"count":12,"href":"https:\/\/drterziler.com\/tr\/wp-json\/wp\/v2\/pages\/1603\/revisions"}],"predecessor-version":[{"id":62455,"href":"https:\/\/drterziler.com\/tr\/wp-json\/wp\/v2\/pages\/1603\/revisions\/62455"}],"up":[{"embeddable":true,"href":"https:\/\/drterziler.com\/tr\/wp-json\/wp\/v2\/pages\/1389"}],"wp:featuredmedia":[{"embeddable":true,"href":"https:\/\/drterziler.com\/tr\/wp-json\/wp\/v2\/media\/892"}],"wp:attachment":[{"href":"https:\/\/drterziler.com\/tr\/wp-json\/wp\/v2\/media?parent=1603"}],"curies":[{"name":"wp","href":"https:\/\/api.w.org\/{rel}","templated":true}]}}