{"id":1627,"date":"2024-08-12T14:44:08","date_gmt":"2024-08-12T14:44:08","guid":{"rendered":"https:\/\/drterziler.com\/sac-tedavileri\/hair-nail-cocktail-tedavisi\/"},"modified":"2026-04-16T11:03:25","modified_gmt":"2026-04-16T11:03:25","slug":"hair-nail-cocktail","status":"publish","type":"page","link":"https:\/\/drterziler.com\/tr\/sac-tedavileri\/hair-nail-cocktail\/","title":{"rendered":"Hair Nail Cocktail"},"content":{"rendered":"<div class=\"page-content\">\n<div id=\"header-area\">\n<div class=\"container\" id=\"firstContent\">\n<div class=\"header-content d-flex flex-column\">\n<h1 class=\"content-title h1-header\">Hair Nail Cocktail<\/h1>\n<div class=\"content-paragraph\">\n<p class=\"p-text\">\n<\/p><\/div>\n<nav aria-label=\"breadcrumb\" class=\"breadcrumbs\">\n<ul class=\"d-flex align-items-center mb-0\">\n<li><a class=\"link\" href=\"https:\/\/drterziler.com\/tr\/\"><span>Dr. Terziler Exclusive Clinic<\/span><\/a><\/li>\n<li class=\"separator\">\u00bb<\/li>\n<li><a class=\"link\" href=\"https:\/\/drterziler.com\/tr\/sac-tedavileri\/\"><span>Sa\u00e7 Tedavileri<\/span><\/a><\/li>\n<li class=\"separator\">\u00bb<\/li>\n<li class=\"current-page\"><span>Hair Nail Cocktail<\/span><\/li>\n<\/ul>\n<\/nav><\/div>\n<\/p><\/div>\n<\/p><\/div>\n<\/div>\n<section id=\"content-area\">\n<div class=\"container my-5\">\n<div class=\"row align-items-start\">\n<div class=\"col-md-6 order-2 order-md-1\">\n<div class=\"custom-toc-box\">\n<div id=\"toc-header\">\n<h4>\u0130\u00e7indekiler<\/h4>\n<div class=\"toc-toggle-icon\"><\/div>\n<\/p><\/div>\n<div class=\"toc-full-divider\"><\/div>\n<div id=\"toc-body\">\n<div id=\"toc-container\"><\/div>\n<\/p><\/div>\n<\/p><\/div>\n<\/p><\/div>\n<div class=\"col-md-6 order-1 order-md-2\" id=\"jForm\">\n                <script type=\"text\/javascript\" src=\"https:\/\/form.jotform.com\/jsform\/242882264736970\"><\/script>\n            <\/div>\n<\/p><\/div>\n<\/p><\/div>\n<div class=\"container\">\n<div class=\"img-thumb\">\n            <img loading=\"lazy\" decoding=\"async\" width=\"1920\" height=\"1080\" src=\"https:\/\/drterziler.com\/wp-content\/uploads\/2024\/09\/HAIR-NAIL-KOKTEYL-1.webp\" alt=\"\" srcset=\"https:\/\/drterziler.com\/wp-content\/uploads\/2024\/09\/HAIR-NAIL-KOKTEYL-1.webp 1920w, https:\/\/drterziler.com\/wp-content\/uploads\/2024\/09\/HAIR-NAIL-KOKTEYL-1-300x169.webp 300w, https:\/\/drterziler.com\/wp-content\/uploads\/2024\/09\/HAIR-NAIL-KOKTEYL-1-1024x576.webp 1024w, https:\/\/drterziler.com\/wp-content\/uploads\/2024\/09\/HAIR-NAIL-KOKTEYL-1-768x432.webp 768w, https:\/\/drterziler.com\/wp-content\/uploads\/2024\/09\/HAIR-NAIL-KOKTEYL-1-1536x864.webp 1536w\" sizes=\"auto, (max-width: 1920px) 100vw, 1920px\">\n        <\/div>\n<div>\n<div>\n<h2 class=\"h2-header\">Doping Etkisi: Sa\u00e7 ve T\u0131rnaklar \u0130\u00e7in G\u00fc\u00e7 \u0130ksiri<\/h2>\n<\/p><\/div>\n<div>\n<p class=\"p-text\">Hair Nail Cocktail, sa\u00e7 ve t\u0131rnaklar\u0131n\u0131z i\u00e7in adeta bir doping etkisi yarat\u0131r. Bu \u00f6zel kar\u0131\u015f\u0131m, do\u011fal vitaminler ve minerallerle form\u00fcle edilmi\u015ftir, sa\u00e7 k\u00f6klerini besleyip g\u00fc\u00e7lendirirken t\u0131rnaklar\u0131n daha kuvvetli ve p\u00fcr\u00fczs\u00fcz olmas\u0131n\u0131 sa\u011flar. \u0130\u00e7eri\u011findeki y\u00fcksek \u00e7inko, B vitamini ve biotin sayesinde, sa\u00e7lar\u0131n\u0131z\u0131n parlakl\u0131\u011f\u0131n\u0131 geri kazanabilir ve t\u0131rnaklar\u0131n\u0131z\u0131n dayan\u0131kl\u0131l\u0131\u011f\u0131n\u0131 art\u0131rabilirsiniz.<\/p>\n<\/p><\/div>\n<\/p><\/div>\n<div>\n<div>\n<h2 class=\"h2-header\">\u00c7inko ve Biotinle G\u00fczellik \u0130ksiri<\/h2>\n<\/p><\/div>\n<div>\n<p class=\"p-text\">Bu benzersiz kokteyl, \u00f6zellikle yo\u011fun miktarda \u00e7inko, B vitamini ve biotin i\u00e7ermesiyle canl\u0131l\u0131k ve g\u00fczellik kayna\u011f\u0131d\u0131r. \u00c7inko, sa\u00e7 k\u00f6klerinin g\u00fc\u00e7lenmesini sa\u011flarken, biotin sa\u00e7 tellerinin kalitesini art\u0131r\u0131r ve k\u0131r\u0131lgan t\u0131rnaklar\u0131 g\u00fc\u00e7lendirir. B vitamini ise, sa\u00e7 derisinin ve t\u0131rnak yataklar\u0131n\u0131n sa\u011fl\u0131\u011f\u0131n\u0131 korur, b\u00f6ylece sa\u00e7 ve t\u0131rnaklar\u0131n\u0131z\u0131n do\u011fal g\u00fczelli\u011fini ortaya \u00e7\u0131kar\u0131r.<\/p>\n<\/p><\/div>\n<\/p><\/div>\n<div>\n<div>\n<h2 class=\"h2-header\">Sa\u00e7 ve T\u0131rnaklar\u0131n Do\u011fal Kalkan\u0131<\/h2>\n<\/p><\/div>\n<div>\n<p class=\"p-text\">Hair Nail Cocktail, sedef ve egzama gibi cilt rahats\u0131zl\u0131klar\u0131n\u0131n tedavisinde de etkili olabilir. Bu kar\u0131\u015f\u0131m, cildin do\u011fal bariyerini destekleyerek tahri\u015fi azalt\u0131r ve sa\u00e7 derisini yat\u0131\u015ft\u0131r\u0131r. Do\u011fal i\u00e7eriklerle form\u00fcle edilmi\u015f bu kokteyl, cildinizin ihtiya\u00e7 duydu\u011fu nemi sa\u011flar ve sa\u00e7 folik\u00fcllerini \u00e7evresel hasarlara kar\u015f\u0131 korur.<\/p>\n<\/p><\/div>\n<\/p><\/div>\n<div>\n<div>\n<h2 class=\"h2-header\">G\u00fc\u00e7l\u00fc Sa\u00e7lar ve P\u00fcr\u00fczs\u00fcz T\u0131rnaklar \u0130\u00e7in<\/h2>\n<\/p><\/div>\n<div>\n<p class=\"p-text\">T\u0131rnaklar ve sa\u00e7lar g\u00fcn i\u00e7inde y\u0131prat\u0131c\u0131 d\u0131\u015f etkenlere maruz kal\u0131r. Bu durum, onlar\u0131n d\u00fczenli bak\u0131ma ihtiya\u00e7 duydu\u011fu anlam\u0131na gelir. Hair Nail Cocktail, sa\u00e7 ve t\u0131rnaklar\u0131n ihtiya\u00e7 duydu\u011fu hassas bak\u0131m i\u00e7in ideal olarak tasarland\u0131. Bu kar\u0131\u015f\u0131m, d\u00fczenli kullan\u0131mda sa\u00e7lar\u0131n\u0131za hacim kazand\u0131r\u0131r ve t\u0131rnaklar\u0131n\u0131z\u0131 sertle\u015ftirir. Sa\u011fl\u0131kl\u0131, g\u00fc\u00e7l\u00fc ve p\u00fcr\u00fczs\u00fcz sa\u00e7lar ve t\u0131rnaklar i\u00e7in ihtiyac\u0131n\u0131z olan t\u00fcm besinler bu kokteylde sizi bekliyor.<\/p>\n<\/p><\/div>\n<\/p><\/div>\n<div>\n<div>\n<h2 class=\"h2-header\">Ge\u00e7 Olmadan \u00d6nleminizi Al\u0131n<\/h2>\n<\/p><\/div>\n<div>\n<p class=\"p-text\">Gelecekte sorun ya\u015famamak i\u00e7in bug\u00fcnden ba\u015flay\u0131n; sa\u00e7lar\u0131n\u0131z ve t\u0131rnaklar\u0131n\u0131z Hair Nail Cocktail ile hak etti\u011fi g\u00fcc\u00fc kazans\u0131n.<\/p>\n<\/p><\/div>\n<\/p><\/div>\n<\/p><\/div>\n<\/section>\n","protected":false},"excerpt":{"rendered":"<p>Hair Nail Cocktail Dr. Terziler Exclusive Clinic \u00bb Sa\u00e7 Tedavileri \u00bb Hair Nail Cocktail \u0130\u00e7indekiler Doping Etkisi: Sa\u00e7 ve T\u0131rnaklar \u0130\u00e7in G\u00fc\u00e7 \u0130ksiri Hair Nail Cocktail, sa\u00e7 ve t\u0131rnaklar\u0131n\u0131z i\u00e7in adeta bir doping etkisi yarat\u0131r. Bu \u00f6zel kar\u0131\u015f\u0131m, do\u011fal vitaminler ve minerallerle form\u00fcle edilmi\u015ftir, sa\u00e7 k\u00f6klerini besleyip g\u00fc\u00e7lendirirken t\u0131rnaklar\u0131n daha kuvvetli ve p\u00fcr\u00fczs\u00fcz olmas\u0131n\u0131 sa\u011flar. [&hellip;]<\/p>\n","protected":false},"author":6,"featured_media":4925,"parent":1389,"menu_order":0,"comment_status":"closed","ping_status":"closed","template":"","meta":{"footnotes":""},"class_list":["post-1627","page","type-page","status-publish","has-post-thumbnail","hentry"],"_links":{"self":[{"href":"https:\/\/drterziler.com\/tr\/wp-json\/wp\/v2\/pages\/1627","targetHints":{"allow":["GET"]}}],"collection":[{"href":"https:\/\/drterziler.com\/tr\/wp-json\/wp\/v2\/pages"}],"about":[{"href":"https:\/\/drterziler.com\/tr\/wp-json\/wp\/v2\/types\/page"}],"author":[{"embeddable":true,"href":"https:\/\/drterziler.com\/tr\/wp-json\/wp\/v2\/users\/6"}],"replies":[{"embeddable":true,"href":"https:\/\/drterziler.com\/tr\/wp-json\/wp\/v2\/comments?post=1627"}],"version-history":[{"count":43,"href":"https:\/\/drterziler.com\/tr\/wp-json\/wp\/v2\/pages\/1627\/revisions"}],"predecessor-version":[{"id":59421,"href":"https:\/\/drterziler.com\/tr\/wp-json\/wp\/v2\/pages\/1627\/revisions\/59421"}],"up":[{"embeddable":true,"href":"https:\/\/drterziler.com\/tr\/wp-json\/wp\/v2\/pages\/1389"}],"wp:featuredmedia":[{"embeddable":true,"href":"https:\/\/drterziler.com\/tr\/wp-json\/wp\/v2\/media\/4925"}],"wp:attachment":[{"href":"https:\/\/drterziler.com\/tr\/wp-json\/wp\/v2\/media?parent=1627"}],"curies":[{"name":"wp","href":"https:\/\/api.w.org\/{rel}","templated":true}]}}