{"id":1629,"date":"2024-08-12T20:00:03","date_gmt":"2024-08-12T20:00:03","guid":{"rendered":"https:\/\/drterziler.com\/sac-tedavileri\/triko-testi\/"},"modified":"2026-03-04T12:53:52","modified_gmt":"2026-03-04T12:53:52","slug":"triko-testi","status":"publish","type":"page","link":"https:\/\/drterziler.com\/tr\/sac-tedavileri\/triko-testi\/","title":{"rendered":"Sa\u00e7 Geneti\u011fi \u2018Tricho Test\u2019"},"content":{"rendered":"<div class=\"page-content\">\n<div id=\"header-area\">\n<div class=\"container\" id=\"firstContent\">\n<div class=\"header-content d-flex flex-column\">\n<h1 class=\"content-title h1-header\">Sa\u00e7 Geneti\u011fi \u2018Tricho Test\u2019<\/h1>\n<div class=\"content-paragraph\">\n<p class=\"p-text\">\n<\/p><\/div>\n<nav aria-label=\"breadcrumb\" class=\"breadcrumbs\">\n<ul class=\"d-flex align-items-center mb-0\">\n<li><a class=\"link\" href=\"https:\/\/drterziler.com\/tr\/\"><span>Dr. Terziler Exclusive Clinic<\/span><\/a><\/li>\n<li class=\"separator\">\u00bb<\/li>\n<li><a class=\"link\" href=\"https:\/\/drterziler.com\/tr\/sac-tedavileri\/\"><span>Sa\u00e7 Tedavileri<\/span><\/a><\/li>\n<li class=\"separator\">\u00bb<\/li>\n<li class=\"current-page\"><span>Sa\u00e7 Geneti\u011fi \u2018Tricho Test\u2019<\/span><\/li>\n<\/ul>\n<\/nav><\/div>\n<\/p><\/div>\n<\/p><\/div>\n<\/div>\n<section id=\"content-area\">\n<div class=\"container my-5\">\n<div class=\"row align-items-start\">\n<div class=\"col-md-6 order-2 order-md-1\">\n<div class=\"custom-toc-box\">\n<div id=\"toc-header\">\n<h4>\u0130\u00e7indekiler<\/h4>\n<div class=\"toc-toggle-icon\"><\/div>\n<\/p><\/div>\n<div class=\"toc-full-divider\"><\/div>\n<div id=\"toc-body\">\n<div id=\"toc-container\"><\/div>\n<\/p><\/div>\n<\/p><\/div>\n<\/p><\/div>\n<div class=\"col-md-6 order-1 order-md-2\" id=\"jForm\">\n                <script type=\"text\/javascript\" src=\"https:\/\/form.jotform.com\/jsform\/242882264736970\"><\/script>\n            <\/div>\n<\/p><\/div>\n<\/p><\/div>\n<div class=\"container\">\n<div class=\"img-thumb\">\n            <img loading=\"lazy\" decoding=\"async\" width=\"1140\" height=\"641\" src=\"https:\/\/drterziler.com\/wp-content\/uploads\/2025\/04\/Tricho-Test.webp\" alt=\"\" srcset=\"https:\/\/drterziler.com\/wp-content\/uploads\/2025\/04\/Tricho-Test.webp 1140w, https:\/\/drterziler.com\/wp-content\/uploads\/2025\/04\/Tricho-Test-300x169.webp 300w, https:\/\/drterziler.com\/wp-content\/uploads\/2025\/04\/Tricho-Test-1024x576.webp 1024w, https:\/\/drterziler.com\/wp-content\/uploads\/2025\/04\/Tricho-Test-768x432.webp 768w\" sizes=\"auto, (max-width: 1140px) 100vw, 1140px\">\n        <\/div>\n<div>\n<div>\n<h2 class=\"h2-header\">Genetik Sa\u00e7 D\u00f6k\u00fclmesinin \u00d6n\u00fcne Ge\u00e7in<\/h2>\n<\/p><\/div>\n<div>\n<p class=\"p-text\">Sa\u00e7 tedavilerinin son y\u0131llardaki en \u00f6nemli geli\u015fmelerinden biri olan Tricho Test ile art\u0131k bir bireyin geneti\u011fine dayal\u0131 ki\u015fiselle\u015ftirilmi\u015f sa\u00e7 tedavisi geli\u015ftirilebiliyor. Hem erkeklerde hem de kad\u0131nlarda genetik olarak sa\u00e7 d\u00f6k\u00fclmesi sorunu ya\u015fayanlarda Tricho Test, sa\u00e7\u0131n geli\u015fmesi i\u00e7in tam olarak neye ihtiya\u00e7 duydu\u011funu belirliyor. Bu \u00f6zel ihtiya\u00e7lara hitap ederek sa\u00e7\u0131n kalitesi ve miktar\u0131 art\u0131r\u0131labiliyor ve hatta cerrahi m\u00fcdahaleye gerek kalmadan sa\u00e7 yeniden canland\u0131r\u0131labiliyor.<\/p>\n<\/p><\/div>\n<\/p><\/div>\n<div>\n<div>\n<h2 class=\"h2-header\">Genetik Analiz Nas\u0131l Yap\u0131l\u0131r?<\/h2>\n<\/p><\/div>\n<div>\n<p class=\"p-text\">Bu s\u00fcre\u00e7, ki\u015finin a\u011fz\u0131ndan al\u0131nan s\u00fcr\u00fcnt\u00fc \u00f6rne\u011finin \u0130spanya&#039;daki ileri d\u00fczey genetik laboratuvarlar\u0131na g\u00f6nderilmesiyle ba\u015flar. Burada, 50 farkl\u0131 DNA&#039;n\u0131n analiz edilmesiyle sa\u00e7 yap\u0131n\u0131z hakk\u0131nda detayl\u0131 bilgi elde edilir.<\/p>\n<\/p><\/div>\n<\/p><\/div>\n<div>\n<div>\n<h2 class=\"h2-header\">Sa\u00e7 Yap\u0131n\u0131za \u00d6zel Serum Form\u00fcl\u00fc<\/h2>\n<\/p><\/div>\n<div>\n<p class=\"p-text\">Laboratuvar sonu\u00e7lar\u0131na g\u00f6re, sa\u00e7 yap\u0131n\u0131zdaki eksiklikler tespit edilir. Sa\u00e7 d\u00f6k\u00fclmesini tetikleyen t\u00fcm fakt\u00f6rler derinlemesine incelenir. Bu bilgiler \u0131\u015f\u0131\u011f\u0131nda, size \u00f6zel form\u00fcle edilen serumla tedavi s\u00fcreci ba\u015flar.<\/p>\n<\/p><\/div>\n<\/p><\/div>\n<div>\n<div>\n<h2 class=\"h2-header\">Tricho Test ile Kal\u0131c\u0131 \u00c7\u00f6z\u00fcmler<\/h2>\n<\/p><\/div>\n<div>\n<p class=\"p-text\">Sa\u00e7 d\u00f6k\u00fclmesine kar\u015f\u0131 bilimsel ve ki\u015fiye \u00f6zel bir yakla\u015f\u0131m ar\u0131yorsan\u0131z, Tricho Test tam size g\u00f6re. Tedavinizin her a\u015famas\u0131nda bilimsel verilerle desteklenen ki\u015fiselle\u015ftirilmi\u015f bir yolculuk sizi bekliyor.<\/p>\n<\/p><\/div>\n<\/p><\/div>\n<\/p><\/div>\n<\/section>\n","protected":false},"excerpt":{"rendered":"<p>Sa\u00e7 Geneti\u011fi \u2018Tricho Test\u2019 Dr. Terziler Exclusive Clinic \u00bb Sa\u00e7 Tedavileri \u00bb Sa\u00e7 Geneti\u011fi \u2018Tricho Test\u2019 \u0130\u00e7indekiler Genetik Sa\u00e7 D\u00f6k\u00fclmesinin \u00d6n\u00fcne Ge\u00e7in Sa\u00e7 tedavilerinin son y\u0131llardaki en \u00f6nemli geli\u015fmelerinden biri olan Tricho Test ile art\u0131k bir bireyin geneti\u011fine dayal\u0131 ki\u015fiselle\u015ftirilmi\u015f sa\u00e7 tedavisi geli\u015ftirilebiliyor. Hem erkeklerde hem de kad\u0131nlarda genetik olarak sa\u00e7 d\u00f6k\u00fclmesi sorunu ya\u015fayanlarda Tricho [&hellip;]<\/p>\n","protected":false},"author":6,"featured_media":4949,"parent":1389,"menu_order":0,"comment_status":"closed","ping_status":"closed","template":"","meta":{"footnotes":""},"class_list":["post-1629","page","type-page","status-publish","has-post-thumbnail","hentry"],"_links":{"self":[{"href":"https:\/\/drterziler.com\/tr\/wp-json\/wp\/v2\/pages\/1629","targetHints":{"allow":["GET"]}}],"collection":[{"href":"https:\/\/drterziler.com\/tr\/wp-json\/wp\/v2\/pages"}],"about":[{"href":"https:\/\/drterziler.com\/tr\/wp-json\/wp\/v2\/types\/page"}],"author":[{"embeddable":true,"href":"https:\/\/drterziler.com\/tr\/wp-json\/wp\/v2\/users\/6"}],"replies":[{"embeddable":true,"href":"https:\/\/drterziler.com\/tr\/wp-json\/wp\/v2\/comments?post=1629"}],"version-history":[{"count":34,"href":"https:\/\/drterziler.com\/tr\/wp-json\/wp\/v2\/pages\/1629\/revisions"}],"predecessor-version":[{"id":59417,"href":"https:\/\/drterziler.com\/tr\/wp-json\/wp\/v2\/pages\/1629\/revisions\/59417"}],"up":[{"embeddable":true,"href":"https:\/\/drterziler.com\/tr\/wp-json\/wp\/v2\/pages\/1389"}],"wp:featuredmedia":[{"embeddable":true,"href":"https:\/\/drterziler.com\/tr\/wp-json\/wp\/v2\/media\/4949"}],"wp:attachment":[{"href":"https:\/\/drterziler.com\/tr\/wp-json\/wp\/v2\/media?parent=1629"}],"curies":[{"name":"wp","href":"https:\/\/api.w.org\/{rel}","templated":true}]}}