{"id":16349,"date":"2025-01-27T12:56:40","date_gmt":"2025-01-27T12:56:40","guid":{"rendered":"https:\/\/drterziler.com\/?page_id=16349"},"modified":"2026-04-06T11:56:36","modified_gmt":"2026-04-06T11:56:36","slug":"burun-dolgusu","status":"publish","type":"page","link":"https:\/\/drterziler.com\/tr\/medikal-estetik\/yuz-uygulamalari\/dolgu\/burun-dolgusu\/","title":{"rendered":"Burun Dolgusu"},"content":{"rendered":"<div class=\"page-content\">\n<div id=\"header-area\">\n<div class=\"container\" id=\"firstContent\">\n<div class=\"header-content d-flex flex-column\">\n<h1 class=\"content-title h1-header\">Burun Dolgusu<\/h1>\n<div class=\"content-paragraph\">\n<p class=\"p-text\">Burun dolgusu, burun yap\u0131s\u0131n\u0131 \u015fekillendirmek ve simetriyi d\u00fczeltmek amac\u0131yla hyaluronik asit veya benzeri maddelerle yap\u0131lan bir i\u015flemdir. Cerrahi m\u00fcdahale gerektirmeden burunda k\u00fc\u00e7\u00fck d\u00fczeltmeler yap\u0131l\u0131r. K\u0131sa s\u00fcrede estetik sonu\u00e7lar verir ve iyile\u015fme s\u00fcreci olduk\u00e7a h\u0131zl\u0131d\u0131r.<\/p>\n<\/p><\/div>\n<nav aria-label=\"breadcrumb\" class=\"breadcrumbs\">\n<ul class=\"d-flex align-items-center mb-0\">\n<li><a class=\"link\" href=\"https:\/\/drterziler.com\/tr\"><span>Dr. Terziler Exclusive Clinic<\/span><\/a><\/li>\n<li class=\"separator\">\u00bb<\/li>\n<li><a class=\"link\" href=\"https:\/\/drterziler.com\/tr\/medikal-estetik\/\"><span>Medikal Estetik<\/span><\/a><\/li>\n<li class=\"separator\">\u00bb<\/li>\n<li><a class=\"link\" href=\"https:\/\/drterziler.com\/tr\/medikal-estetik\/yuz-uygulamalari\/\"><span>Y\u00fcz Uygulamalar\u0131<\/span><\/a><\/li>\n<li class=\"separator\">\u00bb<\/li>\n<li><a class=\"link\" href=\"https:\/\/drterziler.com\/tr\/medikal-estetik\/yuz-uygulamalari\/dolgu\/\"><span>Dolgu<\/span><\/a><\/li>\n<li class=\"separator\">\u00bb<\/li>\n<li class=\"current-page\"><span>Burun Dolgusu<\/span><\/li>\n<\/ul>\n<\/nav><\/div>\n<\/p><\/div>\n<\/p><\/div>\n<\/div>\n<section id=\"content-area\">\n<div class=\"container my-5\">\n<div class=\"row align-items-start\">\n<div class=\"col-md-6 order-2 order-md-1\">\n<div class=\"custom-toc-box\">\n<div id=\"toc-header\">\n<h4>\u0130\u00e7indekiler<\/h4>\n<div class=\"toc-toggle-icon\"><\/div>\n<\/p><\/div>\n<div class=\"toc-full-divider\"><\/div>\n<div id=\"toc-body\">\n<div id=\"toc-container\"><\/div>\n<\/p><\/div>\n<\/p><\/div>\n<\/p><\/div>\n<div class=\"col-md-6 order-1 order-md-2\" id=\"jForm\">\n                <script type=\"text\/javascript\" src=\"https:\/\/form.jotform.com\/jsform\/242882264736970\"><\/script>\n            <\/div>\n<\/p><\/div>\n<\/p><\/div>\n<div class=\"container\">\n<div class=\"img-thumb\">\n            <img loading=\"lazy\" decoding=\"async\" width=\"1920\" height=\"1080\" src=\"https:\/\/drterziler.com\/wp-content\/uploads\/2025\/01\/Burun-Dolgusu.webp\" alt=\"\" srcset=\"https:\/\/drterziler.com\/wp-content\/uploads\/2025\/01\/Burun-Dolgusu.webp 1920w, https:\/\/drterziler.com\/wp-content\/uploads\/2025\/01\/Burun-Dolgusu-300x169.webp 300w, https:\/\/drterziler.com\/wp-content\/uploads\/2025\/01\/Burun-Dolgusu-1024x576.webp 1024w, https:\/\/drterziler.com\/wp-content\/uploads\/2025\/01\/Burun-Dolgusu-768x432.webp 768w, https:\/\/drterziler.com\/wp-content\/uploads\/2025\/01\/Burun-Dolgusu-1536x864.webp 1536w\" sizes=\"auto, (max-width: 1920px) 100vw, 1920px\">\n        <\/div>\n<div>\n<div>\n<h2 class=\"h2-header\">Burun Dolgusu Nedir?<\/h2>\n<\/p><\/div>\n<div>\n<p class=\"p-text\">Burun dolgusu, cerrahi m\u00fcdahaleye gerek kalmadan burun \u015feklini d\u00fczeltmek, k\u00fc\u00e7\u00fck asimetrileri gidermek ve daha estetik bir g\u00f6r\u00fcn\u00fcm elde etmek amac\u0131yla yap\u0131lan minimal invaziv bir estetik i\u015flemdir. Hyal\u00fcronik asit gibi dolgu maddeleri kullan\u0131larak burun kemi\u011fi ya da k\u0131k\u0131rda\u011f\u0131nda olu\u015fan k\u00fc\u00e7\u00fck kusurlar d\u00fczeltilir, burun ucu kald\u0131r\u0131l\u0131r ya da burun s\u0131rt\u0131 daha p\u00fcr\u00fczs\u00fcz hale getirilir. Bu y\u00f6ntem \u00f6zellikle burun ameliyat\u0131 (rinoplasti) istemeyen, ancak burun g\u00f6r\u00fcn\u00fcm\u00fcnde belirgin iyile\u015ftirmeler arayan ki\u015filer i\u00e7in harika bir alternatiftir.<\/p>\n<\/p><\/div>\n<\/p><\/div>\n<div>\n<div>\n<h2 class=\"h2-header\">Burun Dolgusu Fiyat\u0131 Ne Kadard\u0131r?<\/h2>\n<\/p><\/div>\n<div>\n<p class=\"p-text\">Bir dizi fakt\u00f6r, burun dolgusu fiyatlar\u0131n\u0131 etkiler. Uygulama yap\u0131lacak klinik, kullan\u0131lan dolgu maddesinin t\u00fcr\u00fc ve doktorun deneyimi bu fakt\u00f6rlerden baz\u0131lar\u0131d\u0131r. 2025 y\u0131l\u0131na kadar T\u00fcrkiye&#039;de burun dolgusu fiyatlar\u0131 1500 ila 35000 TL aras\u0131nda de\u011fi\u015fecektir.<\/p>\n<\/p><\/div>\n<\/p><\/div>\n<div>\n<div>\n<h2 class=\"h2-header\">Burun Dolgusu Ne Kadar Kal\u0131r?<\/h2>\n<\/p><\/div>\n<div>\n<p class=\"p-text\">Dolgunun etkisi 12 ila 18 ay aras\u0131nda de\u011fi\u015fmektedir. Ancak y\u00fcksek kaliteli malzemelerle yap\u0131lan i\u015flemlerde bu s\u00fcre 1.5 ila 2 y\u0131la kadar uzayabilir. Genelde kal\u0131c\u0131l\u0131k s\u00fcresi 1 ila 1.5 y\u0131l aras\u0131ndad\u0131r.<\/p>\n<\/p><\/div>\n<\/p><\/div>\n<div>\n<div>\n<h2 class=\"h2-header\">1 ml Burun Dolgusu Yeterli mi?<\/h2>\n<\/p><\/div>\n<div>\n<p class=\"p-text\">Burun dolgusu genellikle 1 cc\/ml\u2019lik bir t\u00fcp ile uygulan\u0131r ve bu miktar \u00e7o\u011fu birey i\u00e7in yeterli olmaktad\u0131r. Lokal anesteziler sayesinde i\u015flem konforlu ge\u00e7er.<\/p>\n<\/p><\/div>\n<\/p><\/div>\n<div>\n<div>\n<h2 class=\"h2-header\">Kimler \u0130\u00e7in Uygundur?<\/h2>\n<\/p><\/div>\n<div>\n<p class=\"p-text\">Burun ameliyat\u0131 (rinoplasti) istemeyenler Y\u00fcz profiline daha dengeli bir g\u00f6r\u00fcn\u00fcm kazand\u0131rmak isteyenler Burun ucunu kald\u0131rmak isteyenler Burundaki asimetrik g\u00f6r\u00fcnt\u00fcy\u00fc gidermek isteyenler Daha d\u00fcz ve simetrik bir burun s\u0131rt\u0131 isteyenler Burnunu yeniden \u015fekillendirmek isteyenler Ameliyat sonras\u0131 k\u00fc\u00e7\u00fck r\u00f6tu\u015flara ihtiya\u00e7 duyanlar Burun \u015feklinde ge\u00e7ici bir de\u011fi\u015fiklik denemek isteyenler<\/p>\n<\/p><\/div>\n<\/p><\/div>\n<div>\n<div>\n<h2 class=\"h2-header\">Avantajlar\u0131 Nelerdir?<\/h2>\n<\/p><\/div>\n<div>\n<p class=\"p-text\">Ameliyats\u0131z bir y\u00f6ntemdir H\u0131zl\u0131 ve pratik bir uygulamad\u0131r G\u00fcnl\u00fck hayata hemen d\u00f6n\u00fclebilir Do\u011fal ve estetik bir g\u00f6r\u00fcn\u00fcm sa\u011flar Asimetriyi ve k\u00fc\u00e7\u00fck kusurlar\u0131 d\u00fczeltir Lokal anestezi ile a\u011fr\u0131s\u0131z bir \u015fekilde uygulan\u0131r Kal\u0131c\u0131 bir de\u011fi\u015fim sunmadan \u00f6nce se\u00e7enekleri deneme imk\u00e2n\u0131 sa\u011flar Y\u00fcz hatlar\u0131na uyumlu bir burun g\u00f6r\u00fcn\u00fcm\u00fc yarat\u0131r An\u0131nda sonu\u00e7 verir<\/p>\n<\/p><\/div>\n<\/p><\/div>\n<div>\n<div>\n<h2 class=\"h2-header\">Burun Dolgusu Uygulamas\u0131 Nas\u0131l Yap\u0131l\u0131r?<\/h2>\n<\/p><\/div>\n<div>\n<p class=\"p-text\">Lokal anestezik krem veya enjeksiyon yard\u0131m\u0131yla b\u00f6lge uyu\u015fturulduktan sonra ger\u00e7ekle\u015ftirilir. Dolgu maddesi, burundaki belirli b\u00f6lgelere ince u\u00e7lu i\u011fnelerle enjekte edilir. Bu i\u015flem, dolgunun do\u011fru \u015fekilde yerle\u015ftirilmesi ve simetrinin sa\u011flanmas\u0131 amac\u0131yla dikkat ve hassasiyet gerektirir.<\/p>\n<\/p><\/div>\n<\/p><\/div>\n<div>\n<div>\n<h2 class=\"h2-header\">Burun Esteti\u011fi Ameliyat\u0131 Gibi Sonu\u00e7 Verir mi?<\/h2>\n<\/p><\/div>\n<div>\n<p class=\"p-text\">Burun dolgusu, ameliyat gerektirmeden burundaki kusurlar\u0131 d\u00fczeltmek ve estetik bir g\u00f6r\u00fcn\u00fcm kazand\u0131rmak i\u00e7in ideal bir y\u00f6ntemdir. Rhinoplasty i\u015flemindeki uzun iyile\u015fme s\u00fcreci ve riskler olmadan, daha simetrik ve dengeli bir burun g\u00f6r\u00fcn\u00fcm\u00fcne kavu\u015fman\u0131z\u0131 sa\u011flar. Ameliyats\u0131z, h\u0131zl\u0131 ve etkili sonu\u00e7lar arayanlar aras\u0131nda olduk\u00e7a pop\u00fclerdir.<\/p>\n<\/p><\/div>\n<\/p><\/div>\n<div>\n<div>\n<h2 class=\"h2-header\">Nas\u0131l Bir G\u00f6r\u00fcn\u00fcm Sa\u011flar?<\/h2>\n<\/p><\/div>\n<div>\n<p class=\"p-text\">Burun dolgusu, burun s\u0131rt\u0131n\u0131 daha p\u00fcr\u00fczs\u00fcz hale getirerek estetik bir denge sa\u011flar. Burun ucu daha kalk\u0131k g\u00f6r\u00fcnebilir ve burundaki asimetriler d\u00fczeltilerek y\u00fcz\u00fcn genel hatlar\u0131yla uyumlu bir burun g\u00f6r\u00fcn\u00fcm\u00fc elde edilir.<\/p>\n<\/p><\/div>\n<\/p><\/div>\n<div>\n<div>\n<h2 class=\"h2-header\">Sonu\u00e7lar Ne Kadar Kal\u0131c\u0131d\u0131r?<\/h2>\n<\/p><\/div>\n<div>\n<p class=\"p-text\">Burun dolgusu genellikle 6-12 ay s\u00fcreyle etkisini korur. S\u00fcre, ki\u015finin cilt yap\u0131s\u0131na, ya\u015fam tarz\u0131na ve kullan\u0131lan dolgu maddesinin \u00f6zelliklerine ba\u011fl\u0131 olarak de\u011fi\u015febilir. D\u00fczenli uygulamalar ile sonu\u00e7lar uzun vadede devam ettirilebilir.<\/p>\n<\/p><\/div>\n<\/p><\/div>\n<div>\n<div>\n<h2 class=\"h2-header\">Ac\u0131l\u0131 Bir \u0130\u015flem Midir?<\/h2>\n<\/p><\/div>\n<div>\n<p class=\"p-text\">Burun dolgusu, uygulama \u00f6ncesinde yap\u0131lan lokal anestezi ile genellikle a\u011fr\u0131s\u0131z bir \u015fekilde ger\u00e7ekle\u015ftirilir. K\u0131sa s\u00fcrede tamamlanan bu i\u015flem, ki\u015fiye konforlu bir deneyim sunar.<\/p>\n<\/p><\/div>\n<\/p><\/div>\n<div>\n<div>\n<h2 class=\"h2-header\">Burun Dolgusu Fiyatlar\u0131<\/h2>\n<\/p><\/div>\n<div>\n<p class=\"p-text\">Kullan\u0131lan dolgu malzemesi, i\u015flemde uygulanan dolgu miktar\u0131 ve misafir taraf\u0131ndan tercih edilebilecek kombine i\u015flemler gibi fakt\u00f6rlere g\u00f6re de\u011fi\u015fiklik g\u00f6sterebilir. Ki\u015fiye \u00f6zel \u00e7\u00f6z\u00fcmler i\u00e7in fiyat bilgisi klini\u011finizle ileti\u015fime ge\u00e7ilerek netle\u015ftirilebilir.<\/p>\n<\/p><\/div>\n<\/p><\/div>\n<div>\n<div>\n<h2 class=\"h2-header\">Neden Dr. Terziler Exclusive Clinic?<\/h2>\n<\/p><\/div>\n<div>\n<p class=\"p-text\">Dr. Terziler, d\u00fcnya \u00e7ap\u0131nda tan\u0131nan uzmanl\u0131\u011f\u0131 ve sanatla bilimi bulu\u015fturan estetik yakla\u015f\u0131m\u0131yla ki\u015fiye \u00f6zel \u00e7\u00f6z\u00fcmler sunarak yaln\u0131zca fiziksel de\u011fil, duygusal bir d\u00f6n\u00fc\u015f\u00fcm de ya\u015fat\u0131r. \u0130leri teknolojilerle donat\u0131lm\u0131\u015f, konfor ve g\u00fcven esas\u0131yla faaliyet g\u00f6steren klini\u011fimiz, kusursuzlu\u011fu bir kurum felsefesi olarak benimser. \u00c7\u00fcnk\u00fc burada her dokunu\u015f, b\u00fct\u00fcnsel sa\u011fl\u0131\u011f\u0131n\u0131z\u0131 ve mutlulu\u011funuzu hedefler.<\/p>\n<\/p><\/div>\n<\/p><\/div>\n<\/p><\/div>\n<\/section>\n","protected":false},"excerpt":{"rendered":"<p>Burun Dolgusu Burun dolgusu, burun yap\u0131s\u0131n\u0131 \u015fekillendirmek ve simetriyi d\u00fczeltmek amac\u0131yla hyaluronik asit veya benzeri maddelerle yap\u0131lan bir i\u015flemdir. Cerrahi m\u00fcdahale gerektirmeden burunda k\u00fc\u00e7\u00fck d\u00fczeltmeler yap\u0131l\u0131r. K\u0131sa s\u00fcrede estetik sonu\u00e7lar verir ve iyile\u015fme s\u00fcreci olduk\u00e7a h\u0131zl\u0131d\u0131r. Dr. Terziler Exclusive Clinic \u00bb Medikal Estetik \u00bb Y\u00fcz Uygulamalar\u0131 \u00bb Dolgu \u00bb Burun Dolgusu \u0130\u00e7indekiler Burun Dolgusu Nedir? [&hellip;]<\/p>\n","protected":false},"author":6,"featured_media":0,"parent":3248,"menu_order":0,"comment_status":"closed","ping_status":"closed","template":"","meta":{"footnotes":""},"class_list":["post-16349","page","type-page","status-publish","hentry"],"_links":{"self":[{"href":"https:\/\/drterziler.com\/tr\/wp-json\/wp\/v2\/pages\/16349","targetHints":{"allow":["GET"]}}],"collection":[{"href":"https:\/\/drterziler.com\/tr\/wp-json\/wp\/v2\/pages"}],"about":[{"href":"https:\/\/drterziler.com\/tr\/wp-json\/wp\/v2\/types\/page"}],"author":[{"embeddable":true,"href":"https:\/\/drterziler.com\/tr\/wp-json\/wp\/v2\/users\/6"}],"replies":[{"embeddable":true,"href":"https:\/\/drterziler.com\/tr\/wp-json\/wp\/v2\/comments?post=16349"}],"version-history":[{"count":24,"href":"https:\/\/drterziler.com\/tr\/wp-json\/wp\/v2\/pages\/16349\/revisions"}],"predecessor-version":[{"id":59456,"href":"https:\/\/drterziler.com\/tr\/wp-json\/wp\/v2\/pages\/16349\/revisions\/59456"}],"up":[{"embeddable":true,"href":"https:\/\/drterziler.com\/tr\/wp-json\/wp\/v2\/pages\/3248"}],"wp:attachment":[{"href":"https:\/\/drterziler.com\/tr\/wp-json\/wp\/v2\/media?parent=16349"}],"curies":[{"name":"wp","href":"https:\/\/api.w.org\/{rel}","templated":true}]}}