{"id":1635,"date":"2024-08-12T14:45:48","date_gmt":"2024-08-12T14:45:48","guid":{"rendered":"https:\/\/drterziler.com\/longevity\/glutatyon-ve-c-vitamini\/"},"modified":"2026-03-04T13:40:21","modified_gmt":"2026-03-04T13:40:21","slug":"glutatyon-ve-c-vitamini","status":"publish","type":"page","link":"https:\/\/drterziler.com\/tr\/longevity\/glutatyon-ve-c-vitamini\/","title":{"rendered":"Glutatyon ve C Vitamini"},"content":{"rendered":"<div class=\"page-content\">\n<div id=\"header-area\">\n<div class=\"container\" id=\"firstContent\">\n<div class=\"header-content d-flex flex-column\">\n<h1 class=\"content-title h1-header\">Glutatyon ve C Vitamini<\/h1>\n<div class=\"content-paragraph\">\n<p class=\"p-text\">Glutatyon C Terapisi, glutatyon ve C vitamininin faydalar\u0131n\u0131 birle\u015ftirerek v\u00fccudunuzu gen\u00e7le\u015ftirmek i\u00e7in tasarlanm\u0131\u015f g\u00fc\u00e7l\u00fc bir tamamlay\u0131c\u0131 t\u0131p tedavisidir. Bu terapi detoksifikasyon \u00f6zellikleri, ba\u011f\u0131\u015f\u0131kl\u0131k sistemi deste\u011fi ve h\u00fccre yenilenmesi faydalar\u0131 ile bilinir. V\u00fccudunuz i\u00e7in bir \u201c\u00e7\u00f6p temizleyici\u201d g\u00f6revi g\u00f6rerek toksik maddelerin ortadan kald\u0131r\u0131lmas\u0131na yard\u0131mc\u0131 olur ve metabolizman\u0131z\u0131 g\u00fc\u00e7lendirerek genel sa\u011fl\u0131k ve canl\u0131l\u0131\u011f\u0131 destekler.<\/p>\n<\/p><\/div>\n<nav aria-label=\"breadcrumb\" class=\"breadcrumbs\">\n<ul class=\"d-flex align-items-center mb-0\">\n<li><a class=\"link\" href=\"https:\/\/drterziler.com\/tr\/\"><span>Dr. Terziler Exclusive Clinic<\/span><\/a><\/li>\n<li class=\"separator\">\u00bb<\/li>\n<li><a class=\"link\" href=\"https:\/\/drterziler.com\/tr\/longevity\/\"><span>Longevity<\/span><\/a><\/li>\n<li class=\"separator\">\u00bb<\/li>\n<li class=\"current-page\"><span>Glutatyon ve C Vitamini<\/span><\/li>\n<\/ul>\n<\/nav><\/div>\n<\/p><\/div>\n<\/p><\/div>\n<\/div>\n<section id=\"content-area\">\n<div class=\"container my-5\">\n<div class=\"row align-items-start\">\n<div class=\"col-md-6 order-2 order-md-1\">\n<div class=\"custom-toc-box\">\n<div id=\"toc-header\">\n<h4>\u0130\u00e7indekiler<\/h4>\n<div class=\"toc-toggle-icon\"><\/div>\n<\/p><\/div>\n<div class=\"toc-full-divider\"><\/div>\n<div id=\"toc-body\">\n<div id=\"toc-container\"><\/div>\n<\/p><\/div>\n<\/p><\/div>\n<\/p><\/div>\n<div class=\"col-md-6 order-1 order-md-2\" id=\"jForm\">\n                <script type=\"text\/javascript\" src=\"https:\/\/form.jotform.com\/jsform\/242882264736970\"><\/script>\n            <\/div>\n<\/p><\/div>\n<\/p><\/div>\n<div class=\"container\">\n<div class=\"img-thumb\">\n            <img loading=\"lazy\" decoding=\"async\" width=\"1140\" height=\"641\" src=\"https:\/\/drterziler.com\/wp-content\/uploads\/2025\/04\/glutatyon.webp\" alt=\"\" srcset=\"https:\/\/drterziler.com\/wp-content\/uploads\/2025\/04\/glutatyon.webp 1140w, https:\/\/drterziler.com\/wp-content\/uploads\/2025\/04\/glutatyon-300x169.webp 300w, https:\/\/drterziler.com\/wp-content\/uploads\/2025\/04\/glutatyon-1024x576.webp 1024w, https:\/\/drterziler.com\/wp-content\/uploads\/2025\/04\/glutatyon-768x432.webp 768w\" sizes=\"auto, (max-width: 1140px) 100vw, 1140px\">\n        <\/div>\n<div>\n<div>\n<h2 class=\"h2-header\">Glutatyon C Terapisi Nedir?<\/h2>\n<\/p><\/div>\n<div>\n<p class=\"p-text\">Glutatyon C Terapisi iki temel bile\u015feni bir araya getirir:Glutatyon: Genellikle v\u00fccudun \u201cana antioksidan\u0131\u201d olarak adland\u0131r\u0131lan glutatyon, ba\u011f\u0131\u015f\u0131kl\u0131k sisteminin y\u00f6netilmesinde ve zararl\u0131 maddelerin detoksifikasyonunda \u00e7ok \u00f6nemli bir rol oynar.C Vitamini Ba\u011f\u0131\u015f\u0131kl\u0131k fonksiyonunu destekleyen, oksidatif strese kar\u015f\u0131 koruyan ve h\u00fccre yenilenmesine yard\u0131mc\u0131 olan g\u00fc\u00e7l\u00fc bir antioksidand\u0131r.<\/p>\n<\/p><\/div>\n<\/p><\/div>\n<div>\n<div>\n<h2 class=\"h2-header\">Glutatyon C Tedavisinin Faydalar\u0131<\/h2>\n<\/p><\/div>\n<div>\n<p class=\"p-text\">Detoksifikasyon: Bir pas \u00f6nleyicinin makineler \u00fczerinde \u00e7al\u0131\u015fmas\u0131na benzer \u015fekilde toksinleri atarak v\u00fccudu ar\u0131nd\u0131r\u0131r.Ba\u011f\u0131\u015f\u0131kl\u0131k Deste\u011fi: Ba\u011f\u0131\u015f\u0131kl\u0131k sistemini g\u00fc\u00e7lendirerek v\u00fccudun hastal\u0131klar\u0131 savu\u015fturma yetene\u011fini art\u0131r\u0131r.Gen\u00e7lik ve Sa\u011fl\u0131k: G\u00fc\u00e7l\u00fc bir metabolizmay\u0131 te\u015fvik eder ve genel sa\u011fl\u0131k ve canl\u0131l\u0131\u011f\u0131 destekler.H\u00fccre Yenilenmesi: H\u00fccrelerin onar\u0131lmas\u0131na ve yenilenmesine yard\u0131mc\u0131 olarak gen\u00e7 bir g\u00f6r\u00fcn\u00fcme katk\u0131da bulunur.<\/p>\n<\/p><\/div>\n<\/p><\/div>\n<div>\n<div>\n<h2 class=\"h2-header\">Glutatyon C Terapisi Nas\u0131l \u00c7al\u0131\u015f\u0131r?<\/h2>\n<\/p><\/div>\n<div>\n<p class=\"p-text\">Terapi, haftada bir seans olmak \u00fczere 5 seansl\u0131k bir seri olarak uygulan\u0131r. Bu rejim, s\u00fcrekli destek ve gen\u00e7le\u015fme sa\u011flamak \u00fczere tasarlanm\u0131\u015ft\u0131r. Glutatyon ve C vitamininin birle\u015fik etkileri, ba\u011f\u0131\u015f\u0131kl\u0131k sistemini aktive etmek ve g\u00fc\u00e7lendirmek i\u00e7in sinerjik olarak \u00e7al\u0131\u015farak sa\u011fl\u0131k ve zindeli\u011fin korunmas\u0131na y\u00f6nelik kapsaml\u0131 bir yakla\u015f\u0131m sunar.<\/p>\n<\/p><\/div>\n<\/p><\/div>\n<div>\n<div>\n<h2 class=\"h2-header\">Glutatyon C Tedavisi i\u00e7in \u0130deal Adaylar<\/h2>\n<\/p><\/div>\n<div>\n<p class=\"p-text\">Bu terapi, genel olarak sa\u011fl\u0131kl\u0131 olan ve ba\u011f\u0131\u015f\u0131kl\u0131k sistemlerini g\u00fc\u00e7lendirmek, v\u00fccutlar\u0131n\u0131 detoksifiye etmek ve genel refahlar\u0131n\u0131 art\u0131rmak isteyen bireyler i\u00e7in \u00f6nerilir. Terapinin d\u00fczenli sa\u011fl\u0131k bak\u0131m rutininin bir par\u00e7as\u0131 olarak y\u0131lda bir kez uygulanmas\u0131 tavsiye edilir.<\/p>\n<\/p><\/div>\n<\/p><\/div>\n<div>\n<div>\n<h2 class=\"h2-header\">Glutatyon C Terapinizi Bug\u00fcn Ayarlay\u0131n!<\/h2>\n<\/p><\/div>\n<div>\n<p class=\"p-text\">Glutatyon C Terapisinin canland\u0131r\u0131c\u0131 etkilerini Dr. Terziler Exclusive Hair Clinic&#039;te deneyimleyin. Uzman ekibimiz daha sa\u011fl\u0131kl\u0131, daha canl\u0131 bir siz i\u00e7in v\u00fccudunuzu detoksifiye etmenize ve g\u00fc\u00e7lendirmenize yard\u0131mc\u0131 olmaya haz\u0131r.<\/p>\n<\/p><\/div>\n<\/p><\/div>\n<\/p><\/div>\n<\/section>\n","protected":false},"excerpt":{"rendered":"<p>Glutatyon ve C Vitamini Glutatyon C Terapisi, glutatyon ve C vitamininin faydalar\u0131n\u0131 birle\u015ftirerek v\u00fccudunuzu gen\u00e7le\u015ftirmek i\u00e7in tasarlanm\u0131\u015f g\u00fc\u00e7l\u00fc bir tamamlay\u0131c\u0131 t\u0131p tedavisidir. Bu terapi detoksifikasyon \u00f6zellikleri, ba\u011f\u0131\u015f\u0131kl\u0131k sistemi deste\u011fi ve h\u00fccre yenilenmesi faydalar\u0131 ile bilinir. V\u00fccudunuz i\u00e7in bir \u201c\u00e7\u00f6p temizleyici\u201d g\u00f6revi g\u00f6rerek toksik maddelerin ortadan kald\u0131r\u0131lmas\u0131na yard\u0131mc\u0131 olur ve metabolizman\u0131z\u0131 g\u00fc\u00e7lendirerek genel sa\u011fl\u0131k ve canl\u0131l\u0131\u011f\u0131 [&hellip;]<\/p>\n","protected":false},"author":6,"featured_media":5060,"parent":1409,"menu_order":0,"comment_status":"closed","ping_status":"closed","template":"","meta":{"footnotes":""},"class_list":["post-1635","page","type-page","status-publish","has-post-thumbnail","hentry"],"_links":{"self":[{"href":"https:\/\/drterziler.com\/tr\/wp-json\/wp\/v2\/pages\/1635","targetHints":{"allow":["GET"]}}],"collection":[{"href":"https:\/\/drterziler.com\/tr\/wp-json\/wp\/v2\/pages"}],"about":[{"href":"https:\/\/drterziler.com\/tr\/wp-json\/wp\/v2\/types\/page"}],"author":[{"embeddable":true,"href":"https:\/\/drterziler.com\/tr\/wp-json\/wp\/v2\/users\/6"}],"replies":[{"embeddable":true,"href":"https:\/\/drterziler.com\/tr\/wp-json\/wp\/v2\/comments?post=1635"}],"version-history":[{"count":33,"href":"https:\/\/drterziler.com\/tr\/wp-json\/wp\/v2\/pages\/1635\/revisions"}],"predecessor-version":[{"id":59440,"href":"https:\/\/drterziler.com\/tr\/wp-json\/wp\/v2\/pages\/1635\/revisions\/59440"}],"up":[{"embeddable":true,"href":"https:\/\/drterziler.com\/tr\/wp-json\/wp\/v2\/pages\/1409"}],"wp:featuredmedia":[{"embeddable":true,"href":"https:\/\/drterziler.com\/tr\/wp-json\/wp\/v2\/media\/5060"}],"wp:attachment":[{"href":"https:\/\/drterziler.com\/tr\/wp-json\/wp\/v2\/media?parent=1635"}],"curies":[{"name":"wp","href":"https:\/\/api.w.org\/{rel}","templated":true}]}}