{"id":1637,"date":"2024-08-12T22:39:00","date_gmt":"2024-08-12T22:39:00","guid":{"rendered":"https:\/\/drterziler.com\/longevity\/golden-vial\/"},"modified":"2026-03-27T08:35:19","modified_gmt":"2026-03-27T08:35:19","slug":"golden-vial","status":"publish","type":"page","link":"https:\/\/drterziler.com\/tr\/longevity\/golden-vial\/","title":{"rendered":"Gen\u00e7lik \u0130ksiri"},"content":{"rendered":"<p><script type=\"application\/ld+json\">\n{\n  \"@context\": \"https:\/\/schema.org\",\n  \"@graph\": [\n    {\n      \"@type\": [\"MedicalClinic\", \"Organization\"],\n      \"@id\": \"https:\/\/drterziler.com\/#organization\",\n      \"name\": \"Dr. Terziler Exclusive Clinic\",\n      \"aggregateRating\": {\n        \"@type\": \"AggregateRating\",\n        \"ratingValue\": \"4.8\",\n        \"bestRating\": \"5\",\n        \"worstRating\": \"1\",\n        \"reviewCount\": \"256\",\n        \"ratingExplanation\": \"Do\u011frulanm\u0131\u015f Trustpilot yorumlar\u0131na dayanmaktad\u0131r\"\n      }\n    },\n    {\n      \"@type\": \"MedicalWebPage\",\n      \"@id\": \"https:\/\/drterziler.com\/tr\/longevity\/golden-vial\/#webpage\",\n      \"name\": \"Gen\u00e7lik \u0130ksiri (Gen\u00e7lik A\u015f\u0131s\u0131) Nedir, Ne \u0130\u015fe Yarar?\",\n      \"url\": \"https:\/\/drterziler.com\/tr\/longevity\/golden-vial\/\",\n      \"description\": \"Gen\u00e7lik iksiri ile biyolojik saatinizi 15 y\u0131l geriye al\u0131n! Fiziksel, zihinsel ve cinsel verimlili\u011fi art\u0131ran bu uygulaman\u0131n 2026 fiyatlar\u0131, faydalar\u0131 ve kal\u0131c\u0131l\u0131\u011f\u0131.\",\n      \"dateModified\": \"2026-03-27\",\n      \"inLanguage\": \"tr\",\n      \"isPartOf\": {\n        \"@type\": \"WebSite\",\n        \"@id\": \"https:\/\/drterziler.com\/#website\",\n        \"name\": \"Dr. Terziler Exclusive Clinic\",\n        \"url\": \"https:\/\/drterziler.com\"\n      },\n      \"about\": {\n        \"@type\": \"MedicalProcedure\",\n        \"name\": \"Gen\u00e7lik \u0130ksiri (Gen\u00e7lik A\u015f\u0131s\u0131)\",\n        \"procedureType\": \"https:\/\/schema.org\/NoninvasiveProcedure\"\n      }\n    }\n  ]\n}\n<\/script><\/p>\n<div class=\"page-content\">\n<div id=\"header-area\">\n<div id=\"firstContent\" class=\"container\">\n<div class=\"header-content d-flex flex-column\">\n<h1 class=\"content-title h1-header\">Gen\u00e7lik \u0130ksiri (Golden Vial)<\/h1>\n<div class=\"content-paragraph\">\n<p class=\"p-text\">Zaman\u0131n etkilerini sadece yava\u015flatmak de\u011fil, tamamen geri \u00e7evirmek ister misiniz? Gen\u00e7lik iksiri (golden vial), mucizevi bir kar\u0131\u015f\u0131m\u0131n v\u00fccuda enjekte edilmesiyle hem i\u00e7ten hem de d\u0131\u015ftan onar\u0131m sa\u011flayan, biyolojik saatinizi 15 y\u0131la kadar geriye alarak e\u015fsiz bir gen\u00e7le\u015fme sunan devrim niteli\u011finde bir programd\u0131r.<\/p>\n<p class=\"p-text\">Neredeyse t\u00fckenmez bir enerji ve g\u00fc\u00e7 sa\u011flayan bu mucizevi serum; fiziksel, zihinsel ve cinsel verimlili\u011finizi maksimize eder. Sa\u011fl\u0131kl\u0131 kilo vermeyi ve kas k\u00fctlesi kazan\u0131m\u0131n\u0131 kolayla\u015ft\u0131r\u0131rken, \u00f6zg\u00fcveninizi ve motivasyonunuzu her zaman zirvede tutar. Bu program sayesinde ya\u015flanman\u0131n fiziksel, bili\u015fsel ve psikolojik etkilerini tek bir hamlede ortadan kald\u0131rarak hayat\u0131n\u0131z\u0131n en iyi versiyonuna ad\u0131m atabilirsiniz.<\/p>\n<\/div>\n<nav class=\"breadcrumbs\" aria-label=\"breadcrumb\">\n<ul class=\"d-flex align-items-center mb-0\">\n\u00a0\t<\/p>\n<li><a class=\"link\" href=\"https:\/\/drterziler.com\/tr\/\">Dr. Terziler Exclusive Clinic<\/a><\/li>\n<p>\u00a0\t<\/p>\n<li class=\"separator\">\u00bb<\/li>\n<p>\u00a0\t<\/p>\n<li><a class=\"link\" href=\"https:\/\/drterziler.com\/tr\/longevity\/\">Longevity<\/a><\/li>\n<p>\u00a0\t<\/p>\n<li class=\"separator\">\u00bb<\/li>\n<p>\u00a0\t<\/p>\n<li class=\"current-page\">Gen\u00e7lik \u0130ksiri<\/li>\n<\/ul>\n<\/nav>\n<\/div>\n<\/div>\n<\/div>\n<\/div>\n<section id=\"content-area\">\n<div class=\"container my-5\">\n<div class=\"row align-items-start\">\n<div class=\"col-md-6 order-2 order-md-1\">\n<div class=\"custom-toc-box\">\n<div id=\"toc-header\">\n<h4>\u0130\u00e7indekiler<\/h4>\n<div class=\"toc-toggle-icon\"><\/div>\n<\/div>\n<div class=\"toc-full-divider\"><\/div>\n<div id=\"toc-body\">\n<div id=\"toc-container\"><\/div>\n<\/div>\n<\/div>\n<\/div>\n<div id=\"jForm\" class=\"col-md-6 order-1 order-md-2\"><script type=\"text\/javascript\" src=\"https:\/\/form.jotform.com\/jsform\/242882264736970\"><\/script><\/div>\n<\/div>\n<\/div>\n<div class=\"container\">\n<div class=\"row text-center my-4 p-4\" style=\"background-color: #f8f9fa; border-radius: 12px; border: 1px solid #e9ecef;\">\n<div class=\"col-6 col-md-3 mb-3\"><strong style=\"color: #1d4d3a;\">Seans Say\u0131s\u0131<\/strong><br \/>\n<span style=\"font-size: 0.95rem; color: #555;\">3-4 Seans<\/span><\/div>\n<div class=\"col-6 col-md-3 mb-3\"><strong style=\"color: #1d4d3a;\">\u0130\u015flem S\u00fcresi<\/strong><br \/>\n<span style=\"font-size: 0.95rem; color: #555;\">20 Dakika<\/span><\/div>\n<div class=\"col-6 col-md-3 mb-3\"><strong style=\"color: #1d4d3a;\">Kal\u0131c\u0131l\u0131k<\/strong><br \/>\n<span style=\"font-size: 0.95rem; color: #555;\">1 Y\u0131l<\/span><\/div>\n<div class=\"col-6 col-md-3 mb-3\"><strong style=\"color: #1d4d3a;\">Hastanede Yat\u0131\u015f<\/strong><br \/>\n<span style=\"font-size: 0.95rem; color: #555;\">Yok<\/span><\/div>\n<div class=\"col-6 col-md-3 mb-3\"><strong style=\"color: #1d4d3a;\">Hassasiyet S\u00fcresi<\/strong><br \/>\n<span style=\"font-size: 0.95rem; color: #555;\">1 G\u00fcn<\/span><\/div>\n<div class=\"col-6 col-md-3 mb-3\"><strong style=\"color: #1d4d3a;\">\u0130\u015fe D\u00f6n\u00fc\u015f<\/strong><br \/>\n<span style=\"font-size: 0.95rem; color: #555;\">Hemen<\/span><\/div>\n<div class=\"col-6 col-md-3 mb-3\"><strong style=\"color: #1d4d3a;\">Anestezi<\/strong><br \/>\n<span style=\"font-size: 0.95rem; color: #555;\">Lokal Krem (\u0130ste\u011fe Ba\u011fl\u0131)<\/span><\/div>\n<div class=\"col-6 col-md-3 mb-3\"><strong style=\"color: #1d4d3a;\">Mevsim<\/strong><br \/>\n<span style=\"font-size: 0.95rem; color: #555;\">Her Mevsim<\/span><\/div>\n<\/div>\n<div class=\"img-thumb\"><img loading=\"lazy\" decoding=\"async\" src=\"https:\/\/drterziler.com\/wp-content\/uploads\/2025\/04\/medikal-cilt-bakimi.webp\" sizes=\"auto, (max-width: 996px) 100vw, 996px\" srcset=\"https:\/\/drterziler.com\/wp-content\/uploads\/2025\/04\/medikal-cilt-bakimi.webp 996w, https:\/\/drterziler.com\/wp-content\/uploads\/2025\/04\/medikal-cilt-bakimi-300x169.webp 300w, https:\/\/drterziler.com\/wp-content\/uploads\/2025\/04\/medikal-cilt-bakimi-768x432.webp 768w\" alt=\"gen\u00e7lik iksiri uygulamas\u0131\" width=\"996\" height=\"560\" \/><\/div>\n<div>\n<div>\n<h2 class=\"h2-header\">Gen\u00e7lik \u0130ksiri (Golden Vial) Nedir ve Nas\u0131l Yap\u0131l\u0131r?<\/h2>\n<\/div>\n<div>\n<p class=\"p-text\">Gen\u00e7lik iksiri (gen\u00e7lik a\u015f\u0131s\u0131); saf hyal\u00fcronik asit, s\u00fcksinik asit, temel vitaminler ve amino asitlerin \u00f6zel bir kombinasyonla bir araya getirilerek cilt alt\u0131na veya v\u00fccuda enjekte edildi\u011fi ileri d\u00fczey bir mezoterapi ve longevity (uzun \u00f6m\u00fcr) uygulamas\u0131d\u0131r. Redermalizasyon ad\u0131 verilen h\u00fccresel yenilenme s\u00fcreciyle cildin nem dengesini sa\u011flar ve metabolizmas\u0131n\u0131 h\u0131zland\u0131r\u0131r.<\/p>\n<p class=\"p-text\">\u0130\u015flem, olduk\u00e7a ince u\u00e7lu i\u011fneler yard\u0131m\u0131yla hedef b\u00f6lgelere (y\u00fcz, boyun, dekolte, eller veya b\u00fct\u00fcnsel enerji i\u00e7in belirlenen alanlara) uygulan\u0131r. Sadece 20 dakika s\u00fcren bu konforlu i\u015flem, h\u00fccresel enerjinizi yeniden ba\u015flat\u0131r. Ya\u015flanman\u0131n biyolojik mekanizmalar\u0131na direkt m\u00fcdahale eden bu form\u00fcl, <a href=\"https:\/\/drterziler.com\/tr\/longevity\/nad\/\">NAD<\/a> takviyeleri gibi h\u00fccresel onar\u0131m terapileriyle birle\u015fti\u011finde biyolojik ya\u015f\u0131 geri almada benzersiz bir sinerji yarat\u0131r.<\/p>\n<\/div>\n<\/div>\n<div>\n<div>\n<h2 class=\"h2-header\">Gen\u00e7lik \u0130ksiri (Golden Vial) Ne \u0130\u015fe Yarar?<\/h2>\n<\/div>\n<div>\n<p class=\"p-text\">Bu \u00f6zel form\u00fcl\u00fcn en b\u00fcy\u00fck fark\u0131, hem kozmetik hem de sistemik bir yenilenme sa\u011flamas\u0131d\u0131r. Y\u00fczeyde k\u0131r\u0131\u015f\u0131kl\u0131klar\u0131 giderir, cilt elastikiyetini art\u0131r\u0131r, ince \u00e7izgileri yok eder ve leke g\u00f6r\u00fcn\u00fcm\u00fcn\u00fc azaltarak cilde parlakl\u0131k kazand\u0131r\u0131r. Ancak as\u0131l mucize i\u00e7eride ger\u00e7ekle\u015fir.<\/p>\n<p class=\"p-text\">V\u00fccudun biyolojik saatini s\u0131f\u0131rlayan bu serum, t\u00fckenmi\u015flik hissini ortadan kald\u0131rarak fiziksel ve zihinsel performans\u0131 zirveye ta\u015f\u0131r. Metabolizmay\u0131 h\u0131zland\u0131rarak sa\u011fl\u0131kl\u0131 kilo kontrol\u00fcne ve kas k\u00fctlesi kazan\u0131m\u0131na destek olur. Sistemik iyile\u015fmeyi maksimuma \u00e7\u0131karmak i\u00e7in bu tedavi, damar yoluyla al\u0131nan <a href=\"https:\/\/drterziler.com\/tr\/longevity\/myers-cocktail\/\">Myers kokteyli<\/a> ile desteklendi\u011finde, kronik yorgunluk tamamen silinir ve ba\u011f\u0131\u015f\u0131kl\u0131k sistemi \u00e7elik gibi bir dirence kavu\u015fur.<\/p>\n<\/div>\n<\/div>\n<div>\n<div>\n<h2 class=\"h2-header\">Gen\u00e7lik \u0130ksiri Kimlere Uygulanabilir?<\/h2>\n<\/div>\n<div>\n<p class=\"p-text\">Gen\u00e7lik iksiri, hem cildinin ve bedeninin gen\u00e7li\u011fini korumak isteyenlere hem de var olan ya\u015flanma belirtilerini tedavi etmek isteyenlere hitap eder. Bu nedenle 20 ya\u015f\u0131n \u00fczerindeki t\u00fcm bireylere ve her cilt tipine g\u00fcvenle uygulanabilir. Spor performans\u0131n\u0131 art\u0131rmak isteyenler, yo\u011fun stres alt\u0131nda \u00e7al\u0131\u015fan y\u00f6neticiler, menopoz veya andropoz d\u00f6nemindeki bireyler ve cildinde matl\u0131k hisseden herkes bu programdan faydalanabilir.<\/p>\n<\/div>\n<\/div>\n<div>\n<div>\n<h2 class=\"h2-header\">Gen\u00e7lik \u0130ksiri Ne Kadar S\u00fcrede Etki Eder ve Kal\u0131c\u0131l\u0131\u011f\u0131 Ne Kadard\u0131r?<\/h2>\n<\/div>\n<div>\n<p class=\"p-text\">Uygulama sonras\u0131nda enerji art\u0131\u015f\u0131 ve cildin nemlenmesi gibi etkiler hemen ilk 24 saatte hissedilmeye ba\u015flasa da, h\u00fccresel yenilenme zaman al\u0131r. Nihai estetik ve sistemik sonu\u00e7lar genellikle 2. g\u00fcnden itibaren belirginle\u015fir ve 15 ila 30 g\u00fcn i\u00e7inde en muazzam halini al\u0131r.<\/p>\n<p class=\"p-text\">Gen\u00e7lik a\u015f\u0131s\u0131n\u0131n kal\u0131c\u0131l\u0131\u011f\u0131 ortalama 1 y\u0131ld\u0131r. Ancak ki\u015finin ya\u015fam tarz\u0131, beslenmesi ve stres y\u00f6netimi bu s\u00fcreyi uzatabilir. \u00d6zellikle bu s\u00fcreci, v\u00fccuttaki oksijenlenmeyi art\u0131ran <a href=\"https:\/\/drterziler.com\/tr\/longevity\/ozon-terapisi\/\">ozon tedavisi<\/a> gibi uygulamalarla periyodik olarak desteklemek, elde edilen 15 y\u0131ll\u0131k gen\u00e7le\u015fme hissinin \u00e7ok daha uzun s\u00fcre korunmas\u0131n\u0131 sa\u011flar.<\/p>\n<\/div>\n<\/div>\n<div>\n<div>\n<h2 class=\"h2-header\">Yan Etkileri Var M\u0131d\u0131r ve \u0130\u015flem Sonras\u0131 Nelere Dikkat Edilmelidir?<\/h2>\n<\/div>\n<div>\n<p class=\"p-text\">Kullan\u0131lan asitler ve vitaminler v\u00fccudun do\u011fal yap\u0131 ta\u015flar\u0131 oldu\u011fu i\u00e7in ciddi bir yan etkisi yoktur. Enjeksiyon yerlerinde 1 g\u00fcn s\u00fcrebilecek hafif k\u0131zar\u0131kl\u0131k veya minimal hassasiyet g\u00f6r\u00fclmesi normaldir. \u0130\u015flemden sonra g\u00fcnl\u00fck hayata hemen d\u00f6n\u00fclebilir.<\/p>\n<p class=\"p-text\">\u0130\u015flemden sonraki ilk 24 saat a\u011f\u0131r egzersizden, a\u015f\u0131r\u0131 s\u0131cak banyolardan ve direkt g\u00fcne\u015f \u0131\u015f\u0131\u011f\u0131ndan ka\u00e7\u0131nmak gerekir. Tedavinin kal\u0131c\u0131l\u0131\u011f\u0131n\u0131 art\u0131rmak i\u00e7in bol su t\u00fcketimi (hidrasyon) \u015fartt\u0131r. Ayr\u0131ca, g\u00fc\u00e7l\u00fc bir antioksidan bariyeri olu\u015fturarak toksinleri v\u00fccuttan atmak i\u00e7in <a href=\"https:\/\/drterziler.com\/tr\/longevity\/glutatyon-ve-c-vitamini\/\">glutatyon ve C vitamini<\/a> destekleri kullanmak, gen\u00e7lik iksirinin dokulardaki etkisini adeta m\u00fch\u00fcrleyecektir.<\/p>\n<\/div>\n<\/div>\n<div>\n<div>\n<h2 class=\"h2-header\">Gen\u00e7lik \u0130ksiri Fiyatlar\u0131 2026<\/h2>\n<\/div>\n<div>\n<p class=\"p-text\">2026 y\u0131l\u0131 itibariyle gen\u00e7lik iksiri (gen\u00e7lik a\u015f\u0131s\u0131) fiyatlar\u0131; ki\u015finin ya\u015f\u0131na, hedeflenen onar\u0131m d\u00fczeyine (sadece y\u00fcz b\u00f6lgesi mi yoksa sistemik bir enerji protokol\u00fc m\u00fc oldu\u011funa) ve planlanan seans say\u0131s\u0131na g\u00f6re de\u011fi\u015fiklik g\u00f6stermektedir. Size en uygun longevity program\u0131n\u0131 ve fiyatland\u0131rmay\u0131 olu\u015fturmak i\u00e7in uzman hekimlerimizle \u00fccretsiz \u00f6n g\u00f6r\u00fc\u015fme ayarlayabilirsiniz.<\/p>\n<\/div>\n<\/div>\n<div>\n<div>\n<h2 class=\"h2-header\">S\u0131k Sorulan Sorular<\/h2>\n<\/div>\n<div>\n<p class=\"p-text\"><strong>Gen\u00e7lik \u0130ksiri ka\u00e7 seans yap\u0131l\u0131r?<\/strong><br \/>\nKi\u015finin biyolojik ya\u015f\u0131na ve ihtiya\u00e7lar\u0131na g\u00f6re de\u011fi\u015fmekle birlikte, genellikle 2-3 hafta arayla 3 ila 4 seans \u015feklinde uygulanmas\u0131 en kal\u0131c\u0131 ve etkili sonu\u00e7lar\u0131 verir.<\/p>\n<p class=\"p-text\"><strong>\u0130\u015flem s\u00fcresi ne kadard\u0131r ve a\u011fr\u0131l\u0131 m\u0131d\u0131r?<\/strong><br \/>\n\u0130\u015flem yakla\u015f\u0131k 20 dakika s\u00fcrmektedir. \u00d6ncesinde uygulanan lokal anestezik kremler sayesinde a\u011fr\u0131 veya ac\u0131 hissi minimuma indirilir, son derece konforlu bir i\u015flemdir.<\/p>\n<p class=\"p-text\"><strong>Gen\u00e7lik iksiri di\u011fer estetik i\u015flemlerle birle\u015ftirilebilir mi?<\/strong><br \/>\nEvet, kesinlikle. Dolgu, botoks, lazer tedavileri, radyofrekans ve <a href=\"https:\/\/drterziler.com\/tr\/longevity\/medikal-cilt-bakimi\/\">medikal cilt bak\u0131m\u0131<\/a> gibi di\u011fer anti-aging uygulamalar\u0131yla m\u00fckemmel bir \u015fekilde kombine edilerek sonu\u00e7lar\u0131n \u00e7ok daha \u00e7arp\u0131c\u0131 olmas\u0131 sa\u011flanabilir.<\/p>\n<p class=\"p-text\"><strong>Kilo vermeye ve kas geli\u015fimine nas\u0131l yard\u0131mc\u0131 olur?<\/strong><br \/>\n\u0130\u00e7eri\u011findeki \u00f6zel h\u00fccresel uyar\u0131c\u0131lar sayesinde metabolizma h\u0131z\u0131n\u0131 art\u0131r\u0131r ve h\u00fccrelerin enerji \u00fcretim merkezleri olan mitokondrileri onar\u0131r. Bu artan enerji, egzersiz kapasitesini y\u00fckselterek kas in\u015fas\u0131n\u0131 ve sa\u011fl\u0131kl\u0131 ya\u011f yak\u0131m\u0131n\u0131 do\u011frudan destekler.<\/p>\n<\/div>\n<\/div>\n<\/div>\n<\/section>\n","protected":false},"excerpt":{"rendered":"<p>Gen\u00e7lik \u0130ksiri (Golden Vial) Zaman\u0131n etkilerini sadece yava\u015flatmak de\u011fil, tamamen geri \u00e7evirmek ister misiniz? Gen\u00e7lik iksiri (golden vial), mucizevi bir kar\u0131\u015f\u0131m\u0131n v\u00fccuda enjekte edilmesiyle hem i\u00e7ten hem de d\u0131\u015ftan onar\u0131m sa\u011flayan, biyolojik saatinizi 15 y\u0131la kadar geriye alarak e\u015fsiz bir gen\u00e7le\u015fme sunan devrim niteli\u011finde bir programd\u0131r. Neredeyse t\u00fckenmez bir enerji ve g\u00fc\u00e7 sa\u011flayan bu mucizevi [&hellip;]<\/p>\n","protected":false},"author":6,"featured_media":5054,"parent":1409,"menu_order":0,"comment_status":"closed","ping_status":"closed","template":"","meta":{"footnotes":""},"class_list":["post-1637","page","type-page","status-publish","has-post-thumbnail","hentry"],"_links":{"self":[{"href":"https:\/\/drterziler.com\/tr\/wp-json\/wp\/v2\/pages\/1637","targetHints":{"allow":["GET"]}}],"collection":[{"href":"https:\/\/drterziler.com\/tr\/wp-json\/wp\/v2\/pages"}],"about":[{"href":"https:\/\/drterziler.com\/tr\/wp-json\/wp\/v2\/types\/page"}],"author":[{"embeddable":true,"href":"https:\/\/drterziler.com\/tr\/wp-json\/wp\/v2\/users\/6"}],"replies":[{"embeddable":true,"href":"https:\/\/drterziler.com\/tr\/wp-json\/wp\/v2\/comments?post=1637"}],"version-history":[{"count":43,"href":"https:\/\/drterziler.com\/tr\/wp-json\/wp\/v2\/pages\/1637\/revisions"}],"predecessor-version":[{"id":60875,"href":"https:\/\/drterziler.com\/tr\/wp-json\/wp\/v2\/pages\/1637\/revisions\/60875"}],"up":[{"embeddable":true,"href":"https:\/\/drterziler.com\/tr\/wp-json\/wp\/v2\/pages\/1409"}],"wp:featuredmedia":[{"embeddable":true,"href":"https:\/\/drterziler.com\/tr\/wp-json\/wp\/v2\/media\/5054"}],"wp:attachment":[{"href":"https:\/\/drterziler.com\/tr\/wp-json\/wp\/v2\/media?parent=1637"}],"curies":[{"name":"wp","href":"https:\/\/api.w.org\/{rel}","templated":true}]}}