{"id":1639,"date":"2024-08-12T14:49:05","date_gmt":"2024-08-12T14:49:05","guid":{"rendered":"https:\/\/drterziler.com\/longevity\/myers-cocktail\/"},"modified":"2026-04-06T12:27:28","modified_gmt":"2026-04-06T12:27:28","slug":"myers-cocktail","status":"publish","type":"page","link":"https:\/\/drterziler.com\/tr\/longevity\/myers-cocktail\/","title":{"rendered":"Myer&#8217;s Cocktail"},"content":{"rendered":"<div class=\"page-content\">\n<div id=\"header-area\">\n<div class=\"container\" id=\"firstContent\">\n<div class=\"header-content d-flex flex-column\">\n<h1 class=\"content-title h1-header\">Myer&#039;s Cocktail<\/h1>\n<div class=\"content-paragraph\">\n<p class=\"p-text\">Myer&#039;s Coctail, ge\u00e7meyen yorgunluk, fibromiyalji a\u011fr\u0131lar, depresyon gibi pek \u00e7ok rahats\u0131zl\u0131klar\u0131n tedavisi i\u00e7in kullan\u0131lan bir vitamin terapisi olarak tan\u0131mlan\u0131r. \u0130\u00e7erdi\u011fi B vitamini kompleksleri, C vitamini ve magnezyum klor\u00fcr ile kombine edilen \u00f6zel serum, do\u011frudan kana verilmesiyle birlikte v\u00fccudu daha dinamik ve zinde k\u0131larken, zihin berrakl\u0131\u011f\u0131 sa\u011flar. Do\u011fal Doping Myer\u2019s Cocktail ile Tan\u0131\u015f\u0131n!<\/p>\n<\/p><\/div>\n<nav aria-label=\"breadcrumb\" class=\"breadcrumbs\">\n<ul class=\"d-flex align-items-center mb-0\">\n<li><a class=\"link\" href=\"https:\/\/drterziler.com\/tr\/\"><span>Dr. Terziler Exclusive Clinic<\/span><\/a><\/li>\n<li class=\"separator\">\u00bb<\/li>\n<li><a class=\"link\" href=\"https:\/\/drterziler.com\/tr\/longevity\/\"><span>Longevity<\/span><\/a><\/li>\n<li class=\"separator\">\u00bb<\/li>\n<li class=\"current-page\"><span>Myer&#039;s Cocktail<\/span><\/li>\n<\/ul>\n<\/nav><\/div>\n<\/p><\/div>\n<\/p><\/div>\n<\/div>\n<section id=\"content-area\">\n<div class=\"container my-5\">\n<div class=\"row align-items-start\">\n<div class=\"col-md-6 order-2 order-md-1\">\n<div class=\"custom-toc-box\">\n<div id=\"toc-header\">\n<h4>\u0130\u00e7indekiler<\/h4>\n<div class=\"toc-toggle-icon\"><\/div>\n<\/p><\/div>\n<div class=\"toc-full-divider\"><\/div>\n<div id=\"toc-body\">\n<div id=\"toc-container\"><\/div>\n<\/p><\/div>\n<\/p><\/div>\n<\/p><\/div>\n<div class=\"col-md-6 order-1 order-md-2\" id=\"jForm\">\n                <script type=\"text\/javascript\" src=\"https:\/\/form.jotform.com\/jsform\/242882264736970\"><\/script>\n            <\/div>\n<\/p><\/div>\n<\/p><\/div>\n<div class=\"container\">\n<div class=\"img-thumb\">\n            <img loading=\"lazy\" decoding=\"async\" width=\"1140\" height=\"641\" src=\"https:\/\/drterziler.com\/wp-content\/uploads\/2025\/04\/Myers-Cocktail.webp\" alt=\"\" srcset=\"https:\/\/drterziler.com\/wp-content\/uploads\/2025\/04\/Myers-Cocktail.webp 1140w, https:\/\/drterziler.com\/wp-content\/uploads\/2025\/04\/Myers-Cocktail-300x169.webp 300w, https:\/\/drterziler.com\/wp-content\/uploads\/2025\/04\/Myers-Cocktail-1024x576.webp 1024w, https:\/\/drterziler.com\/wp-content\/uploads\/2025\/04\/Myers-Cocktail-768x432.webp 768w\" sizes=\"auto, (max-width: 1140px) 100vw, 1140px\">\n        <\/div>\n<div>\n<div>\n<h2 class=\"h2-header\">Myer\u2019s Cocktail\u2019in \u0130\u00e7eri\u011fi Nedir ve Hangi Faydalar\u0131 Sa\u011flar?<\/h2>\n<\/p><\/div>\n<div>\n<p class=\"p-text\">Myer\u2019s Cocktail, B vitaminleri, C vitamini ve magnezyum klor\u00fcr gibi g\u00fc\u00e7l\u00fc bile\u015fenlerle doludur. B vitaminleri enerji \u00fcretimini desteklerken, C vitamini ba\u011f\u0131\u015f\u0131kl\u0131k sistemini g\u00fc\u00e7lendirir ve magnezyum kas a\u011fr\u0131lar\u0131n\u0131 hafifletir. Bu \u00f6zel kar\u0131\u015f\u0131m, v\u00fccuda enerji kazand\u0131rarak hem fiziksel hem de zihinsel yorgunlu\u011fu azalt\u0131r.<\/p>\n<\/p><\/div>\n<\/p><\/div>\n<div>\n<div>\n<h2 class=\"h2-header\">Kesin ve Berrak Bir Zihin<\/h2>\n<\/p><\/div>\n<div>\n<p class=\"p-text\">Myer\u2019s Cocktail, beyin fonksiyonlar\u0131n\u0131 destekleyen B vitamini kompleksi ve antioksidan etkili C vitamini ile zihinsel berrakl\u0131k sa\u011flar. Yorgunlu\u011fu giderirken, zihin a\u00e7\u0131kl\u0131\u011f\u0131 ve konsantrasyonu art\u0131r\u0131r. \u00d6zellikle stresli ve yo\u011fun d\u00f6nemlerde, zihni daha odakl\u0131 ve aktif tutmaya yard\u0131mc\u0131 olur. Dolay\u0131s\u0131yla, i\u015f ve sosyal ya\u015famda \u00f6nemli oranda iyile\u015fme sa\u011flar.<\/p>\n<\/p><\/div>\n<\/p><\/div>\n<div>\n<div>\n<h2 class=\"h2-header\">Myer\u2019s Cocktail Kimler \u0130\u00e7in Uygundur?<\/h2>\n<\/p><\/div>\n<div>\n<p class=\"p-text\">Kronik yorgunluk, fibromiyalji, depresyon, kas a\u011fr\u0131lar\u0131 veya yo\u011fun stres alt\u0131nda olan ki\u015filer i\u00e7in m\u00fckemmel bir se\u00e7enektir. Enerji seviyelerini art\u0131rmak, zihin a\u00e7\u0131kl\u0131\u011f\u0131 sa\u011flamak ve genel sa\u011fl\u0131k durumunu iyile\u015ftirmek isteyen herkes bu tedaviden faydalanabilir.<\/p>\n<\/p><\/div>\n<\/p><\/div>\n<div>\n<div>\n<h2 class=\"h2-header\">Nas\u0131l Uygulan\u0131r?<\/h2>\n<\/p><\/div>\n<div>\n<p class=\"p-text\">Serum \u015feklinde olup v\u00fccuda enjekte edilen vitamin kokteyli, do\u011frudan kan dola\u015f\u0131m\u0131na dahil olmas\u0131ndan dolay\u0131 a\u011f\u0131z yoluyla al\u0131nan vitaminlerden \u00e7ok daha etkilidir. Haftada bir kez 3-6 seans uygulanabilen tedavi, aktar\u0131m h\u0131z\u0131na ba\u011fl\u0131 olarak yakla\u015f\u0131k bir saat i\u00e7inde tamamlan\u0131r.<\/p>\n<\/p><\/div>\n<\/p><\/div>\n<\/p><\/div>\n<\/section>\n","protected":false},"excerpt":{"rendered":"<p>Myer&#039;s Cocktail Myer&#039;s Coctail, ge\u00e7meyen yorgunluk, fibromiyalji a\u011fr\u0131lar, depresyon gibi pek \u00e7ok rahats\u0131zl\u0131klar\u0131n tedavisi i\u00e7in kullan\u0131lan bir vitamin terapisi olarak tan\u0131mlan\u0131r. \u0130\u00e7erdi\u011fi B vitamini kompleksleri, C vitamini ve magnezyum klor\u00fcr ile kombine edilen \u00f6zel serum, do\u011frudan kana verilmesiyle birlikte v\u00fccudu daha dinamik ve zinde k\u0131larken, zihin berrakl\u0131\u011f\u0131 sa\u011flar. Do\u011fal Doping Myer\u2019s Cocktail ile Tan\u0131\u015f\u0131n! Dr. [&hellip;]<\/p>\n","protected":false},"author":6,"featured_media":982,"parent":1409,"menu_order":0,"comment_status":"closed","ping_status":"closed","template":"","meta":{"footnotes":""},"class_list":["post-1639","page","type-page","status-publish","has-post-thumbnail","hentry"],"_links":{"self":[{"href":"https:\/\/drterziler.com\/tr\/wp-json\/wp\/v2\/pages\/1639","targetHints":{"allow":["GET"]}}],"collection":[{"href":"https:\/\/drterziler.com\/tr\/wp-json\/wp\/v2\/pages"}],"about":[{"href":"https:\/\/drterziler.com\/tr\/wp-json\/wp\/v2\/types\/page"}],"author":[{"embeddable":true,"href":"https:\/\/drterziler.com\/tr\/wp-json\/wp\/v2\/users\/6"}],"replies":[{"embeddable":true,"href":"https:\/\/drterziler.com\/tr\/wp-json\/wp\/v2\/comments?post=1639"}],"version-history":[{"count":39,"href":"https:\/\/drterziler.com\/tr\/wp-json\/wp\/v2\/pages\/1639\/revisions"}],"predecessor-version":[{"id":59443,"href":"https:\/\/drterziler.com\/tr\/wp-json\/wp\/v2\/pages\/1639\/revisions\/59443"}],"up":[{"embeddable":true,"href":"https:\/\/drterziler.com\/tr\/wp-json\/wp\/v2\/pages\/1409"}],"wp:featuredmedia":[{"embeddable":true,"href":"https:\/\/drterziler.com\/tr\/wp-json\/wp\/v2\/media\/982"}],"wp:attachment":[{"href":"https:\/\/drterziler.com\/tr\/wp-json\/wp\/v2\/media?parent=1639"}],"curies":[{"name":"wp","href":"https:\/\/api.w.org\/{rel}","templated":true}]}}