{"id":1654,"date":"2024-08-12T14:23:02","date_gmt":"2024-08-12T14:23:02","guid":{"rendered":"https:\/\/drterziler.com\/medikal-estetik\/"},"modified":"2026-04-06T11:47:29","modified_gmt":"2026-04-06T11:47:29","slug":"medikal-estetik","status":"publish","type":"page","link":"https:\/\/drterziler.com\/tr\/medikal-estetik\/","title":{"rendered":"Medikal Estetik"},"content":{"rendered":"<div class=\"page-content\">\n<div id=\"header-area\">\n<div class=\"container\" id=\"firstContent\">\n<div class=\"header-content d-flex flex-column\">\n<h1 class=\"content-title\">Medikal Estetik<\/h1>\n<div class=\"content-paragraph\">\n<p>Dr. Terziler Exclusive Clinic\u2019te, uzmanl\u0131kla uygulanan tedavilerimizle do\u011fal g\u00fczelli\u011finizi art\u0131rma konusunda uzman\u0131z. Hizmetlerimiz aras\u0131nda, her biri cildinizi gen\u00e7le\u015ftirmek ve gen\u00e7 bir g\u00f6r\u00fcn\u00fcm kazand\u0131rmak i\u00e7in tasarlanm\u0131\u015f Mezoterapi Uygulamalar\u0131, Gen\u00e7lik A\u015f\u0131s\u0131 ve Botoks bulunmaktad\u0131r. Hassasiyet ve bak\u0131ma odaklanarak, \u00f6zel ihtiya\u00e7lar\u0131n\u0131za g\u00f6re uyarlanm\u0131\u015f en y\u00fcksek kalitede tedavi alman\u0131z\u0131 sa\u011fl\u0131yoruz. Kendinizi g\u00fcvende ve yenilenmi\u015f hissetmenizi sa\u011flayan sonu\u00e7larla medikal estetik sanat\u0131n\u0131 deneyimleyin.<\/p>\n<\/p><\/div>\n<nav aria-label=\"breadcrumb\" class=\"breadcrumbs\">\n<ul class=\"d-flex align-items-center mb-0\">\n<li><a class=\"link\" href=\"https:\/\/drterziler.com\/tr\"><span>Dr. Terziler<\/span><\/a><\/li>\n<li class=\"separator\">\u00bb<\/li>\n<li class=\"current-page\"><span>Medikal Estetik<\/span><\/li>\n<\/ul>\n<\/nav><\/div>\n<\/p><\/div>\n<\/p><\/div>\n<\/div>\n<section class=\"svc-section\">\n<div class=\"container\">\n<div class=\"svc-item right-card\">\n<div class=\"svc-media\">\n                <img decoding=\"async\" src=\"https:\/\/drterziler.com\/wp-content\/uploads\/2025\/04\/karbon-peeling.webp\" alt=\"Facial Treatments\" loading=\"lazy\" class=\"cat-img\">\n            <\/div>\n<div class=\"svc-card\">\n<h3 class=\"svc-title gilda\">Y\u00fcz Uygulamalar\u0131<\/h3>\n<p class=\"svc-text barlow\">\n                    Aynaya bakt\u0131\u011f\u0131n\u0131zda g\u00f6rmek istedi\u011finiz y\u00fcz i\u00e7in buraday\u0131z. \u0130leri teknoloji cihazlar\u0131m\u0131z ve uzman dokunu\u015fumuzla, cildinizin gen\u00e7lik yolculu\u011funda size rehberlik ediyoruz. Hayallerinizdeki g\u00f6r\u00fcn\u00fcm art\u0131k bir ad\u0131m uza\u011f\u0131n\u0131zda, \u00fcstelik en kusursuz haliyle.\n                <\/p>\n<p>                <a class=\"btn-details barlow-condensed\" href=\"https:\/\/drterziler.com\/tr\/medikal-estetik\/yuz-uygulamalari\/\">DETAYLAR<\/a>\n            <\/div>\n<\/p><\/div>\n<div class=\"svc-item left-card\">\n<div class=\"svc-media\">\n                <img decoding=\"async\" src=\"https:\/\/drterziler.com\/wp-content\/uploads\/2025\/02\/Dermatoloji.webp\" alt=\"Dermatology\" loading=\"lazy\" class=\"cat-img\" style= \"transform: scaleX(-1);\">\n            <\/div>\n<div class=\"svc-card\">\n<h3 class=\"svc-title gilda\">Dermatoloji\u200b<\/h3>\n<p class=\"svc-text barlow\">\n                    Dermatoloji, cilt sa\u011fl\u0131\u011f\u0131 ve esteti\u011fi konusunda uzmanla\u015fm\u0131\u015f bir t\u0131p dal\u0131d\u0131r. Cilt, sa\u00e7, t\u0131rnak ve di\u011fer deri alt\u0131 yap\u0131lar\u0131ndaki hastal\u0131klar ve estetik sorunlar, dermatolojik tedavilerle \u00e7\u00f6z\u00fcme kavu\u015fturulmaktad\u0131r. Dermatologlar, cilt lekeleri, akne, sedef gibi rahats\u0131zl\u0131klar\u0131n tedavisinin yan\u0131 s\u0131ra, sa\u011fl\u0131kl\u0131 ve gen\u00e7 bir cilt g\u00f6r\u00fcn\u00fcm\u00fc sa\u011flamak i\u00e7in \u00e7e\u015fitli estetik m\u00fcdahaleler uygulamaktad\u0131r.\n                <\/p>\n<p>                <a class=\"btn-details barlow-condensed\" href=\"https:\/\/drterziler.com\/tr\/medikal-estetik\/dermatoloji\/\">DETAYLAR<\/a>\n            <\/div>\n<\/p><\/div>\n<div class=\"svc-item right-card\">\n<div class=\"svc-media\">\n                <img decoding=\"async\" src=\"https:\/\/drterziler.com\/wp-content\/uploads\/2025\/01\/Ameliyatsiz-Goz-Cevresi-Uygulamalari.webp\" alt=\"Non-Surgical Periorbital Treatments\" loading=\"lazy\" class=\"cat-img\" style= \"transform: scaleX(-1);\">\n            <\/div>\n<div class=\"svc-card\">\n<h3 class=\"svc-title gilda\">Ameliyats\u0131z G\u00f6z \u00c7evresi Uygulamalar\u0131<\/h3>\n<p class=\"svc-text barlow\">\n                    Ameliyats\u0131z g\u00f6z \u00e7evresi uygulamalar\u0131, k\u0131r\u0131\u015f\u0131kl\u0131klar, torbalar ve morluklar gibi g\u00f6z \u00e7evresi problemlerini hedef al\u0131r. Bu i\u015flemler, botoks, dolgu, mezoterapi gibi y\u00f6ntemlerle g\u00f6z \u00e7evresinin daha gen\u00e7 ve dinamik g\u00f6r\u00fcnmesini sa\u011flar. Etkisi hemen g\u00f6r\u00fclebilir, iyile\u015fme s\u00fcresi ise k\u0131sad\u0131r, b\u00f6ylece i\u015f ve sosyal aktivitelere d\u00f6n\u00fc\u015f h\u0131zl\u0131d\u0131r.\n                <\/p>\n<p>                <a class=\"btn-details barlow-condensed\" href=\"https:\/\/drterziler.com\/tr\/medikal-estetik\/ameliyatsiz-goz-cevresi-uygulamalari\/\">DETAYLAR<\/a>\n            <\/div>\n<\/p><\/div>\n<div class=\"svc-item left-card\">\n<div class=\"svc-media\">\n                <img decoding=\"async\" src=\"https:\/\/drterziler.com\/wp-content\/uploads\/2025\/02\/El-Genclestirme.webp\" alt=\"Hand Rejuvenation\" loading=\"lazy\" class=\"cat-img\">\n            <\/div>\n<div class=\"svc-card\">\n<h3 class=\"svc-title gilda\">El Gen\u00e7le\u015ftirme<\/h3>\n<p class=\"svc-text barlow\">\n                    Ellerdeki ya\u015flanma belirtilerini, hacim kayb\u0131n\u0131, k\u0131r\u0131\u015f\u0131kl\u0131klar\u0131 ve ince \u00e7izgileri gidermeyi ama\u00e7layan cerrahi olmayan bir estetik uygulamad\u0131r. Dermal dolgu, PRP ve lazer gibi y\u00f6ntemlerle ger\u00e7ekle\u015ftirilen bu tedavi, ellerin daha gen\u00e7, sa\u011fl\u0131kl\u0131 ve canl\u0131 g\u00f6r\u00fcnmesini sa\u011flar. Hem h\u0131zl\u0131 hem de minimal a\u011fr\u0131 ile uygulanabilmesi, tedaviyi tercih edilebilir k\u0131lar.\n                <\/p>\n<p>                <a class=\"btn-details barlow-condensed\" href=\"https:\/\/drterziler.com\/tr\/medikal-estetik\/el-genclestirme\/\">DETAYLAR<\/a>\n            <\/div>\n<\/p><\/div>\n<div class=\"svc-item right-card\">\n<div class=\"svc-media\">\n                <img decoding=\"async\" src=\"https:\/\/drterziler.com\/wp-content\/uploads\/2025\/02\/Boyun-Genclestirme.webp\" alt=\"Neck Rejuvenation\" loading=\"lazy\" class=\"cat-img\" style= \"transform: scaleX(-1);\">\n            <\/div>\n<div class=\"svc-card\">\n<h3 class=\"svc-title gilda\">Boyun Gen\u00e7le\u015ftirme<\/h3>\n<p class=\"svc-text barlow\">\n                    Ya\u015flanma nedeniyle ortaya \u00e7\u0131kan k\u0131r\u0131\u015f\u0131kl\u0131klar, sarkmalar ve ince \u00e7izgileri d\u00fczeltmek i\u00e7in cerrahi olmayan y\u00f6ntemlerle yap\u0131lan bir uygulamad\u0131r. Dolgu, botoks, lazer ve PRP gibi tekniklerle boyun cildinin daha s\u0131k\u0131, p\u00fcr\u00fczs\u00fcz ve gen\u00e7 g\u00f6r\u00fcnmesi sa\u011flan\u0131r. Bu tedavi, h\u0131zl\u0131 ve etkili sonu\u00e7lar sunarak minimal a\u011fr\u0131 ve k\u0131sa iyile\u015fme s\u00fcresi ile s\u0131kl\u0131kla tercih edilir.\n                <\/p>\n<p>                <a class=\"btn-details barlow-condensed\" href=\"https:\/\/drterziler.com\/tr\/medikal-estetik\/boyun-genclestirme\/\">DETAYLAR<\/a>\n            <\/div>\n<\/p><\/div>\n<div class=\"svc-item left-card\">\n<div class=\"svc-media\">\n                <img decoding=\"async\" src=\"https:\/\/drterziler.com\/wp-content\/uploads\/2025\/02\/Dekolte-Genclestirme.webp\" alt=\"Decollete Rejuvenation\" loading=\"lazy\" class=\"cat-img\" style= \"transform: scaleX(-1);\">\n            <\/div>\n<div class=\"svc-card\">\n<h3 class=\"svc-title gilda\">Dekolte Gen\u00e7le\u015ftirme<\/h3>\n<p class=\"svc-text barlow\">\n                    Dekolte gen\u00e7le\u015ftirme tedavisi, boyun ve g\u00f6\u011f\u00fcs b\u00f6lgesindeki ince \u00e7izgileri, lekeleri ve cilt elastikiyet kayb\u0131n\u0131 hedef alan yenilik\u00e7i bir uygulamad\u0131r. Do\u011fal i\u00e7eriklerle desteklenen y\u00f6ntemler, cildi s\u0131k\u0131la\u015ft\u0131r\u0131rken daha gen\u00e7 ve canl\u0131 bir g\u00f6r\u00fcn\u00fcm sa\u011flar. Bu tedavi, p\u00fcr\u00fczs\u00fcz ve \u0131\u015f\u0131ldayan bir dekolte i\u00e7in etkili bir \u00e7\u00f6z\u00fcm sunar.<br \/>\n                <a class=\"btn-details barlow-condensed\" href=\"https:\/\/drterziler.com\/tr\/medikal-estetik\/dekolte-genclestirme\/\">DETAYLAR<\/a>\n            <\/div>\n<\/p><\/div>\n<div class=\"svc-item right-card\">\n<div class=\"svc-media\">\n                <img decoding=\"async\" src=\"https:\/\/drterziler.com\/wp-content\/uploads\/2025\/01\/Gidi-Genclestirme.webp\" alt=\"Double Chin Rejuvenation\" loading=\"lazy\" class=\"cat-img\" style= \"transform: scaleX(-1);\">\n            <\/div>\n<div class=\"svc-card\">\n<h3 class=\"svc-title gilda\">G\u0131d\u0131 Gen\u00e7le\u015ftirme<\/h3>\n<p class=\"svc-text barlow\">\n                   G\u0131d\u0131 gen\u00e7le\u015ftirme tedavisi, cilt sarkmas\u0131n\u0131 ve gev\u015fekli\u011fini azaltarak daha gen\u00e7 ve s\u0131k\u0131 bir g\u00f6r\u00fcn\u00fcm elde etmeyi ama\u00e7lar. Bu tedavi, botoks, dolgu ve lazer gibi y\u00f6ntemlerle yap\u0131labilir, b\u00f6lgedeki ya\u011f birikimlerini azaltarak ve cilt elastikiyetini art\u0131rarak etki eder. Sonu\u00e7 olarak, \u00e7ene hatt\u0131 daha belirgin hale gelir ve y\u00fcz kont\u00fcr\u00fc d\u00fczelir.\n                <\/p>\n<p>                <a class=\"btn-details barlow-condensed\" href=\"https:\/\/drterziler.com\/tr\/medikal-estetik\/gidi-genclestirme\/\">DETAYLAR<\/a>\n            <\/div>\n<\/p><\/div>\n<div class=\"svc-item left-card\">\n<div class=\"svc-media\">\n                <img decoding=\"async\" src=\"https:\/\/drterziler.com\/wp-content\/uploads\/2025\/02\/Diger-Botoks-Uygulamalari.webp\" alt=\"Other Botox Treatments\" loading=\"lazy\" class=\"cat-img\" style= \"transform: scaleX(-1);\">\n            <\/div>\n<div class=\"svc-card\">\n<h3 class=\"svc-title gilda\">Di\u011fer Botoks Uygulamalar\u0131<\/h3>\n<p class=\"svc-text barlow\">\n                   Botoks, estetik ve sa\u011fl\u0131k alan\u0131nda geni\u015f bir yelpazeye yay\u0131lan etkili bir dizi tedavi y\u00f6ntemidir. Masseter botoksu, \u00e7ene kaslar\u0131ndaki a\u015f\u0131r\u0131 gerilimi azaltarak y\u00fcz hatlar\u0131n\u0131 inceltirken, migren botoksu ba\u015f a\u011fr\u0131lar\u0131n\u0131 hafifletir ve ya\u015fam kalitesini art\u0131r\u0131r. Terleme botoksu ise a\u015f\u0131r\u0131 terleme sorununu kontrol alt\u0131na alarak ki\u015filerin g\u00fcnl\u00fck ya\u015famlar\u0131n\u0131 daha konforlu hale getirir. Bu botoks t\u00fcrleri, minimal invaziv olmalar\u0131 ve h\u0131zl\u0131 iyile\u015fme s\u00fcreleriyle s\u0131kl\u0131kla tercih edilen tedavi se\u00e7enekleridir.\n                <\/p>\n<p>                <a class=\"btn-details barlow-condensed\" href=\"https:\/\/drterziler.com\/tr\/medikal-estetik\/diger-botoks-uygulamalari\/\">DETAYLAR<\/a>\n            <\/div>\n<\/p><\/div>\n<div class=\"svc-item right-card\">\n<div class=\"svc-media\">\n                <img decoding=\"async\" src=\"https:\/\/drterziler.com\/wp-content\/uploads\/2025\/02\/Teknolojik-Uygulamalar.webp\" alt=\"Technological Treatments\" loading=\"lazy\" class=\"cat-img\" style= \"transform: scaleX(-1);\">\n            <\/div>\n<div class=\"svc-card\">\n<h3 class=\"svc-title gilda\">Teknolojik Uygulamalar<\/h3>\n<p class=\"svc-text barlow\">\n                    Dr. Terziler olarak, estetik, sa\u011fl\u0131k ve g\u00fczellik alan\u0131ndaki son teknoloji uygulamalar\u0131m\u0131zla zaman\u0131n \u00f6tesinde bir deneyim sunuyoruz. Robotik cihazlar, lazer teknolojileri ve ak\u0131ll\u0131 sistemler ile tedavi s\u00fcre\u00e7leri hem h\u0131zland\u0131r\u0131lmakta hem de daha etkili hale getirilmektedir. Modernize uygulamalar, minimum invaziv y\u00f6ntemlerle iyile\u015fme s\u00fcrecinin h\u0131zlanmas\u0131na olanak tan\u0131rken, ayn\u0131 zamanda benzersiz bir konfor sa\u011flamaktad\u0131r.\n                <\/p>\n<p>                <a class=\"btn-details barlow-condensed\" href=\"https:\/\/drterziler.com\/tr\/medikal-estetik\/teknolojik-uygulamalar\/\">DETAYLAR<\/a>\n            <\/div>\n<\/p><\/div>\n<div class=\"svc-item left-card\">\n<div class=\"svc-media\">\n                <img decoding=\"async\" src=\"https:\/\/drterziler.com\/wp-content\/uploads\/2025\/02\/Tamamlayici-Tip-GETAT-Uygulamalari.webp\" alt=\"Complementary Medicine GETAT Treatments\" loading=\"lazy\" class=\"cat-img\" style= \"transform: scaleX(-1);\">\n            <\/div>\n<div class=\"svc-card\">\n<h3 class=\"svc-title gilda\">Tamamlay\u0131c\u0131 T\u0131p GETAT Uygulamalar\u0131<\/h3>\n<p class=\"svc-text barlow\">\n                    Tamamlay\u0131c\u0131 t\u0131p (GETAT), geleneksel t\u0131bb\u0131n yan\u0131 s\u0131ra v\u00fccuda do\u011fal ve b\u00fct\u00fcnsel iyile\u015fme y\u00f6ntemleriyle destek olmay\u0131 ama\u00e7layan bir tedavi alan\u0131d\u0131r. Bu uygulamalar, v\u00fccudun iyile\u015fme s\u00fcre\u00e7lerini desteklerken ayn\u0131 zamanda ki\u015finin ruhsal ve fiziksel sa\u011fl\u0131\u011f\u0131n\u0131 da en \u00fcst seviyelere ta\u015f\u0131may\u0131 hedefler.\n                <\/p>\n<p>                <a class=\"btn-details barlow-condensed\" href=\"https:\/\/drterziler.com\/tr\/medikal-estetik\/tamamlayici-tip-getat-uygulamalari\/\">DETAYLAR<\/a>\n            <\/div>\n<\/p><\/div>\n<div class=\"svc-item right-card\">\n<div class=\"svc-media\">\n                <img decoding=\"async\" src=\"https:\/\/drterziler.com\/wp-content\/uploads\/2025\/07\/Cilt-Eksozom.webp\" alt=\"Exosome Treatments\" loading=\"lazy\" class=\"cat-img\">\n            <\/div>\n<div class=\"svc-card\">\n<h3 class=\"svc-title gilda\">Eksozom Uygulamalar\u0131<\/h3>\n<p class=\"svc-text barlow\">\n                    Eksozomlar, h\u00fccreler i\u00e7inde \u00fcretilen ve h\u00fccre d\u0131\u015f\u0131na salg\u0131lanan mikroskobik, zarla \u00e7evrili yap\u0131lard\u0131r. RNA, proteinler ve b\u00fcy\u00fcme fakt\u00f6rleri gibi biyolojik i\u00e7erikleri ta\u015f\u0131yarak h\u00fccreler aras\u0131nda bilgi iletimini sa\u011flarlar. Son y\u0131llarda, doku yenilenmesi ve h\u00fccresel yenilenme s\u00fcre\u00e7lerindeki \u00f6nemli rolleri sayesinde eksozomlar, cilt gen\u00e7le\u015ftirme tedavilerinde dikkat \u00e7ekmeye ba\u015flam\u0131\u015ft\u0131r.\n                <\/p>\n<p>                <a class=\"btn-details barlow-condensed\" href=\"https:\/\/drterziler.com\/tr\/medikal-estetik\/eksozom-uygulamalari-cilt\/\">DETAYLAR<\/a>\n            <\/div>\n<\/p><\/div>\n<div class=\"svc-item left-card\">\n<div class=\"svc-media\">\n                <img decoding=\"async\" src=\"https:\/\/drterziler.com\/wp-content\/uploads\/2025\/02\/cilt-iksiri-1.webp\" alt=\"Skin Elixir\" loading=\"lazy\" class=\"cat-img\" style= \"transform: scaleX(-1);\">\n            <\/div>\n<div class=\"svc-card\">\n<h3 class=\"svc-title gilda\">Cilt \u0130ksiri<\/h3>\n<p class=\"svc-text barlow\">\n                    Bu tedavi cildin do\u011fal yap\u0131s\u0131n\u0131 desteklemek ve ya\u015flanma belirtilerini azaltmak i\u00e7in tasarlanm\u0131\u015ft\u0131r. Hyaluronik asit, vitaminler, antioksidanlar ve di\u011fer do\u011fal bile\u015fenlerin birle\u015fiminden olu\u015fan \u00f6zel form\u00fcl, cilde derinlemesine n\u00fcfuz ederek canl\u0131l\u0131\u011f\u0131n\u0131 art\u0131r\u0131r ve g\u00f6r\u00fcn\u00fcm\u00fcn\u00fc canland\u0131r\u0131r.\n                <\/p>\n<p>                <a class=\"btn-details barlow-condensed\" href=\"https:\/\/drterziler.com\/tr\/medikal-estetik\/genclik-asisi\/\">DETAYLAR<\/a>\n            <\/div>\n<\/p><\/div>\n<div class=\"svc-item right-card\">\n<div class=\"svc-media\">\n                <img decoding=\"async\" src=\"https:\/\/drterziler.com\/wp-content\/uploads\/2025\/02\/Ozon-Terapi1.webp\" alt=\"Ozone Therapy\" loading=\"lazy\" class=\"cat-img\">\n            <\/div>\n<div class=\"svc-card\">\n<h3 class=\"svc-title gilda\">Ozon Terapisi<\/h3>\n<p class=\"svc-text barlow\">\n                    \u0130leri teknoloji ozon cihaz\u0131 sayesinde 10 seansl\u0131k uygulamay\u0131 tek seansta sa\u011flayan bu terapi, mucizevi etkilerinin yan\u0131 s\u0131ra maksimum zaman tasarrufu da sa\u011flar. Kandaki oksijen seviyesini y\u00fcksek seviyelere \u00e7\u0131kararak b\u00fct\u00fcnsel bir doku yenilenmesi ba\u015flatan 10X Ozon Terapisi, sa\u011flad\u0131\u011f\u0131 enerji ve canl\u0131l\u0131k sayesinde v\u00fccutta do\u011fal bir doping etkisi yarat\u0131r.\n                <\/p>\n<p>                <a class=\"btn-details barlow-condensed\" href=\"https:\/\/drterziler.com\/tr\/medikal-estetik\/ozon-terapi\/\">DETAYLAR<\/a>\n            <\/div>\n<\/p><\/div>\n<\/p><\/div>\n<\/section>\n","protected":false},"excerpt":{"rendered":"<p>Medikal Estetik Dr. Terziler Exclusive Clinic\u2019te, uzmanl\u0131kla uygulanan tedavilerimizle do\u011fal g\u00fczelli\u011finizi art\u0131rma konusunda uzman\u0131z. Hizmetlerimiz aras\u0131nda, her biri cildinizi gen\u00e7le\u015ftirmek ve gen\u00e7 bir g\u00f6r\u00fcn\u00fcm kazand\u0131rmak i\u00e7in tasarlanm\u0131\u015f Mezoterapi Uygulamalar\u0131, Gen\u00e7lik A\u015f\u0131s\u0131 ve Botoks bulunmaktad\u0131r. Hassasiyet ve bak\u0131ma odaklanarak, \u00f6zel ihtiya\u00e7lar\u0131n\u0131za g\u00f6re uyarlanm\u0131\u015f en y\u00fcksek kalitede tedavi alman\u0131z\u0131 sa\u011fl\u0131yoruz. Kendinizi g\u00fcvende ve yenilenmi\u015f hissetmenizi sa\u011flayan sonu\u00e7larla [&hellip;]<\/p>\n","protected":false},"author":6,"featured_media":1007,"parent":0,"menu_order":0,"comment_status":"closed","ping_status":"closed","template":"","meta":{"footnotes":""},"class_list":["post-1654","page","type-page","status-publish","has-post-thumbnail","hentry"],"_links":{"self":[{"href":"https:\/\/drterziler.com\/tr\/wp-json\/wp\/v2\/pages\/1654","targetHints":{"allow":["GET"]}}],"collection":[{"href":"https:\/\/drterziler.com\/tr\/wp-json\/wp\/v2\/pages"}],"about":[{"href":"https:\/\/drterziler.com\/tr\/wp-json\/wp\/v2\/types\/page"}],"author":[{"embeddable":true,"href":"https:\/\/drterziler.com\/tr\/wp-json\/wp\/v2\/users\/6"}],"replies":[{"embeddable":true,"href":"https:\/\/drterziler.com\/tr\/wp-json\/wp\/v2\/comments?post=1654"}],"version-history":[{"count":97,"href":"https:\/\/drterziler.com\/tr\/wp-json\/wp\/v2\/pages\/1654\/revisions"}],"predecessor-version":[{"id":59444,"href":"https:\/\/drterziler.com\/tr\/wp-json\/wp\/v2\/pages\/1654\/revisions\/59444"}],"wp:featuredmedia":[{"embeddable":true,"href":"https:\/\/drterziler.com\/tr\/wp-json\/wp\/v2\/media\/1007"}],"wp:attachment":[{"href":"https:\/\/drterziler.com\/tr\/wp-json\/wp\/v2\/media?parent=1654"}],"curies":[{"name":"wp","href":"https:\/\/api.w.org\/{rel}","templated":true}]}}