{"id":1660,"date":"2024-08-12T16:07:43","date_gmt":"2024-08-12T16:07:43","guid":{"rendered":"https:\/\/drterziler.com\/medikal-estetik\/mezoterapi-uygulamalari\/"},"modified":"2026-04-21T10:51:15","modified_gmt":"2026-04-21T10:51:15","slug":"mezoterapi","status":"publish","type":"page","link":"https:\/\/drterziler.com\/tr\/medikal-estetik\/yuz-uygulamalari\/mezoterapi\/","title":{"rendered":"Mezoterapi"},"content":{"rendered":"<div class=\"page-content category-page\">\n<div id=\"header-area\">\n<div class=\"container\" id=\"firstContent\">\n<div class=\"header-content d-flex flex-column\">\n<h1 class=\"content-title\">Mezoterapi<\/h1>\n<div class=\"content-paragraph\">\n<p>Mezoterapi, cildinize derinlemesine etki ederek gen\u00e7lik, canl\u0131l\u0131k ve \u0131\u015f\u0131lt\u0131 kazand\u0131ran etkili bir tedavi y\u00f6ntemidir. Vitaminler, mineraller, hyaluronik asit ve di\u011fer besleyici i\u00e7eriklerle cilt alt\u0131na yap\u0131lan mikro enjeksiyonlar sayesinde, cildinizin ihtiya\u00e7 duydu\u011fu t\u00fcm besinleri almas\u0131n\u0131 sa\u011flan\u0131r. B\u00f6ylece canl\u0131 ve parlak bir g\u00f6r\u00fcn\u00fcm elde edilir.<\/p>\n<\/p><\/div>\n<nav aria-label=\"breadcrumb\" class=\"breadcrumbs\">\n<ul class=\"d-flex align-items-center mb-0\">\n<li><a class=\"link\" href=\"https:\/\/drterziler.com\/tr\/\"><span>Dr. Terziler<\/span><\/a><\/li>\n<li class=\"separator\">\u00bb<\/li>\n<li><a class=\"link\" href=\"https:\/\/drterziler.com\/tr\/medikal-estetik\/\"><span>Medikal Estetik<\/span><\/a><\/li>\n<li class=\"separator\">\u00bb<\/li>\n<li><a class=\"link\" href=\"https:\/\/drterziler.com\/tr\/medikal-estetik\/yuz-uygulamalari\/\"><span>Y\u00fcz Uygulamalar\u0131<\/span><\/a><\/li>\n<li class=\"separator\">\u00bb<\/li>\n<li class=\"current-page\"><span>Mezoterapi<\/span><\/li>\n<\/ul>\n<\/nav><\/div>\n<\/p><\/div>\n<\/p><\/div>\n<\/p><\/div>\n<section class=\"svc-section\">\n<div class=\"container\">\n<div class=\"svc-item right-card\">\n<div class=\"svc-media\">\n              <img decoding=\"async\" src=\"https:\/\/drterziler.com\/wp-content\/uploads\/2025\/02\/Akne-Tedavisi-1.webp\" alt=\"Exosome Treatments\" style=\"transform: scaleX(-1);\" loading=\"lazy\" class=\"cat-img\">\n              <\/div>\n<div class=\"svc-card\">\n<h3 class=\"svc-title gilda\">Akne Tedavisi<\/h3>\n<p class=\"svc-text barlow\">\n                  Sivilce ve akne izlerinin giderilmesine y\u00f6nelik bir dizi dermatolojik i\u015flemi i\u00e7erir. Lazer tedavileri, kimyasal peeling ve topikal ila\u00e7lar gibi y\u00f6ntemlerle cilt temizlenir ve dengeye kavu\u015fur. Tedavi, cilt tipine g\u00f6re \u00f6zelle\u015ftirilerek etkili ve h\u0131zl\u0131 sonu\u00e7lar sunar.\n              <\/p>\n<p>              <a class=\"btn-details barlow-condensed\" href=\"https:\/\/drterziler.com\/tr\/medikal-estetik\/yuz-uygulamalari\/mezoterapi\/akne-tedavisi\/\">DETAYLAR<\/a>\n              <\/div>\n<\/p><\/div>\n<div class=\"svc-item left-card\">\n<div class=\"svc-media\">\n              <img decoding=\"async\" src=\"https:\/\/drterziler.com\/wp-content\/uploads\/2025\/02\/leke-tedavisi-1.webp\" alt=\"Hair Elixir\" loading=\"lazy\" class=\"cat-img\">\n              <\/div>\n<div class=\"svc-card\">\n<h3 class=\"svc-title gilda\">Leke Tedavisi<\/h3>\n<p class=\"svc-text barlow\">\n                  Ciltteki g\u00fcne\u015f lekeleri, akne izleri ve ya\u015flanma izlerini hedef alarak cilt tonunu e\u015fitler. Lazer tedavisi, kimyasal peeling ve PRP gibi y\u00f6ntemler kullan\u0131larak lekeler giderilir ve cilt daha parlak hale gelir. Uygulama, ki\u015fiye \u00f6zel planlanarak do\u011fal ve uzun s\u00fcre kal\u0131c\u0131 sonu\u00e7lar sa\u011flar.\n              <\/p>\n<p>              <a class=\"btn-details barlow-condensed\" href=\"https:\/\/drterziler.com\/tr\/medikal-estetik\/yuz-uygulamalari\/mezoterapi\/leke-tedavisi\/\">DETAYLAR<\/a>\n              <\/div>\n<\/p><\/div>\n<div class=\"svc-item right-card\">\n<div class=\"svc-media\">\n            <img decoding=\"async\" src=\"https:\/\/drterziler.com\/wp-content\/uploads\/2025\/02\/Anti-Aging-1.webp\" alt=\"Exosome Treatments\" loading=\"lazy\" class=\"cat-img\" style=\"transform: scaleX(-1);\">\n            <\/div>\n<div class=\"svc-card\">\n<h3 class=\"svc-title gilda\">Anti-Aging<\/h3>\n<p class=\"svc-text barlow\">\n                Ya\u015flanma belirtilerine meydan okuyan anti-aging tedavileri, daha gen\u00e7, canl\u0131 ve p\u00fcr\u00fczs\u00fcz bir cilt hedefleyen modern uygulamalard\u0131r. Hem estetik hem de do\u011fal g\u00fczelli\u011fi destekleyen bu y\u00f6ntemler, g\u00fcn\u00fcm\u00fczde herkes i\u00e7in pop\u00fcler bir \u00e7\u00f6z\u00fcm sunar.\n            <\/p>\n<p>            <a class=\"btn-details barlow-condensed\" href=\"https:\/\/drterziler.com\/tr\/medikal-estetik\/yuz-uygulamalari\/mezoterapi\/anti-aging\/\">DETAYLAR<\/a>\n            <\/div>\n<\/p><\/div>\n<\/p><\/div>\n<\/section>\n","protected":false},"excerpt":{"rendered":"<p>Mezoterapi Mezoterapi, cildinize derinlemesine etki ederek gen\u00e7lik, canl\u0131l\u0131k ve \u0131\u015f\u0131lt\u0131 kazand\u0131ran etkili bir tedavi y\u00f6ntemidir. Vitaminler, mineraller, hyaluronik asit ve di\u011fer besleyici i\u00e7eriklerle cilt alt\u0131na yap\u0131lan mikro enjeksiyonlar sayesinde, cildinizin ihtiya\u00e7 duydu\u011fu t\u00fcm besinleri almas\u0131n\u0131 sa\u011flan\u0131r. B\u00f6ylece canl\u0131 ve parlak bir g\u00f6r\u00fcn\u00fcm elde edilir. Dr. Terziler \u00bb Medikal Estetik \u00bb Y\u00fcz Uygulamalar\u0131 \u00bb Mezoterapi Akne [&hellip;]<\/p>\n","protected":false},"author":6,"featured_media":5002,"parent":15913,"menu_order":0,"comment_status":"closed","ping_status":"closed","template":"","meta":{"footnotes":""},"class_list":["post-1660","page","type-page","status-publish","has-post-thumbnail","hentry"],"_links":{"self":[{"href":"https:\/\/drterziler.com\/tr\/wp-json\/wp\/v2\/pages\/1660","targetHints":{"allow":["GET"]}}],"collection":[{"href":"https:\/\/drterziler.com\/tr\/wp-json\/wp\/v2\/pages"}],"about":[{"href":"https:\/\/drterziler.com\/tr\/wp-json\/wp\/v2\/types\/page"}],"author":[{"embeddable":true,"href":"https:\/\/drterziler.com\/tr\/wp-json\/wp\/v2\/users\/6"}],"replies":[{"embeddable":true,"href":"https:\/\/drterziler.com\/tr\/wp-json\/wp\/v2\/comments?post=1660"}],"version-history":[{"count":35,"href":"https:\/\/drterziler.com\/tr\/wp-json\/wp\/v2\/pages\/1660\/revisions"}],"predecessor-version":[{"id":62006,"href":"https:\/\/drterziler.com\/tr\/wp-json\/wp\/v2\/pages\/1660\/revisions\/62006"}],"up":[{"embeddable":true,"href":"https:\/\/drterziler.com\/tr\/wp-json\/wp\/v2\/pages\/15913"}],"wp:featuredmedia":[{"embeddable":true,"href":"https:\/\/drterziler.com\/tr\/wp-json\/wp\/v2\/media\/5002"}],"wp:attachment":[{"href":"https:\/\/drterziler.com\/tr\/wp-json\/wp\/v2\/media?parent=1660"}],"curies":[{"name":"wp","href":"https:\/\/api.w.org\/{rel}","templated":true}]}}