{"id":1662,"date":"2024-08-12T16:08:05","date_gmt":"2024-08-12T16:08:05","guid":{"rendered":"https:\/\/drterziler.com\/medikal-estetik\/genclik-asisi\/"},"modified":"2026-04-06T12:04:06","modified_gmt":"2026-04-06T12:04:06","slug":"genclik-asisi","status":"publish","type":"page","link":"https:\/\/drterziler.com\/tr\/medikal-estetik\/genclik-asisi\/","title":{"rendered":"Cilt \u0130ksiri"},"content":{"rendered":"<div class=\"page-content\">\n<div id=\"header-area\">\n<div class=\"container\" id=\"firstContent\">\n<div class=\"header-content d-flex flex-column\">\n<h1 class=\"content-title h1-header\">Cilt \u0130ksiri<\/h1>\n<div class=\"content-paragraph\">\n<p class=\"p-text\">Do\u011fal Yenilemenin S\u0131rr\u0131<\/p>\n<\/p><\/div>\n<nav aria-label=\"breadcrumb\" class=\"breadcrumbs\">\n<ul class=\"d-flex align-items-center mb-0\">\n<li><a class=\"link\" href=\"https:\/\/drterziler.com\/tr\/\"><span>Dr. Terziler Exclusive Clinic<\/span><\/a><\/li>\n<li class=\"separator\">\u00bb<\/li>\n<li><a class=\"link\" href=\"https:\/\/drterziler.com\/tr\/medikal-estetik\/\"><span>Medikal Estetik<\/span><\/a><\/li>\n<li class=\"separator\">\u00bb<\/li>\n<li class=\"current-page\"><span>Cilt \u0130ksiri<\/span><\/li>\n<\/ul>\n<\/nav><\/div>\n<\/p><\/div>\n<\/p><\/div>\n<\/div>\n<section id=\"content-area\">\n<div class=\"container my-5\">\n<div class=\"row align-items-start\">\n<div class=\"col-md-6 order-2 order-md-1\">\n<div class=\"custom-toc-box\">\n<div id=\"toc-header\">\n<h4>\u0130\u00e7indekiler<\/h4>\n<div class=\"toc-toggle-icon\"><\/div>\n<\/p><\/div>\n<div class=\"toc-full-divider\"><\/div>\n<div id=\"toc-body\">\n<div id=\"toc-container\"><\/div>\n<\/p><\/div>\n<\/p><\/div>\n<\/p><\/div>\n<div class=\"col-md-6 order-1 order-md-2\" id=\"jForm\">\n                <script type=\"text\/javascript\" src=\"https:\/\/form.jotform.com\/jsform\/242882264736970\"><\/script>\n            <\/div>\n<\/p><\/div>\n<\/p><\/div>\n<div class=\"container\">\n<div class=\"img-thumb\">\n            <img loading=\"lazy\" decoding=\"async\" width=\"1920\" height=\"1080\" src=\"https:\/\/drterziler.com\/wp-content\/uploads\/2025\/02\/cilt-iksiri-1.webp\" alt=\"\" sizes=\"auto, (max-width: 1920px) 100vw, 1920px\">\n        <\/div>\n<div>\n<div>\n<h2 class=\"h2-header\">Cilt \u0130ksiri Nedir?<\/h2>\n<\/p><\/div>\n<div>\n<p class=\"p-text\">Cilt \u0130ksiri, cildin do\u011fal yap\u0131s\u0131n\u0131 desteklemek ve ya\u015flanma belirtilerini azaltmak amac\u0131yla geli\u015ftirilmi\u015f bir tedavi y\u00f6ntemidir. Bu \u00f6zel form\u00fcl, hyaluronik asit, vitaminler, antioksidanlar ve di\u011fer do\u011fal bile\u015fenlerin kombinasyonu ile cilde derinlemesine n\u00fcfuz eder ve cildin canl\u0131l\u0131\u011f\u0131n\u0131 art\u0131r\u0131r. \u0130ksir, cildin yenilenmesini te\u015fvik ederken, sa\u011fl\u0131kl\u0131 ve gen\u00e7 bir g\u00f6r\u00fcn\u00fcm kazand\u0131r\u0131r.<\/p>\n<\/p><\/div>\n<\/p><\/div>\n<div>\n<div>\n<h2 class=\"h2-header\">\u0130\u00e7eri\u011fi ve Faydalar\u0131<\/h2>\n<\/p><\/div>\n<div>\n<p class=\"p-text\">Cilt \u0130ksiri, hyaluronik asit, vitaminler ve antioksidanlar gibi g\u00fc\u00e7l\u00fc bile\u015fenleri i\u00e7erir. Hyaluronik asit, cildin nem dengesini sa\u011flayarak, kuruluk ve k\u0131r\u0131\u015f\u0131kl\u0131klar\u0131 azalt\u0131r. Vitaminler, cildin beslenmesine ve onar\u0131m\u0131na katk\u0131da bulunur, antioksidanlar ise serbest radikallerle sava\u015farak cildin ya\u015flanmas\u0131n\u0131 geciktirir. Bu bile\u015fenler, cildin elastikiyetini art\u0131r\u0131r ve daha sa\u011fl\u0131kl\u0131 bir g\u00f6r\u00fcn\u00fcm sa\u011flar.<\/p>\n<\/p><\/div>\n<\/p><\/div>\n<div>\n<div>\n<h2 class=\"h2-header\">Kimler \u0130\u00e7in Uygundur?<\/h2>\n<\/p><\/div>\n<div>\n<p class=\"p-text\">Ya\u015flanma belirtileri g\u00f6sterenler Alkol ve sigara kullan\u0131m\u0131 sonucu zarar g\u00f6ren ciltler G\u00fcne\u015f \u0131\u015f\u0131nlar\u0131 ve solaryumdan etkilenen ciltler Akne sonras\u0131 izleri olanlar Cilt tonunda d\u00fczensizlik ya\u015fayanlar Daha sa\u011fl\u0131kl\u0131 ve dengeli bir cilt g\u00f6r\u00fcn\u00fcm\u00fc isteyen herkes<\/p>\n<\/p><\/div>\n<\/p><\/div>\n<div>\n<div>\n<h2 class=\"h2-header\">Beklenen Sonu\u00e7lar<\/h2>\n<\/p><\/div>\n<div>\n<p class=\"p-text\">Tedavi sonras\u0131nda cilt daha p\u00fcr\u00fczs\u00fcz, canl\u0131 ve elastik hale gelir. Ciltte g\u00f6zle g\u00f6r\u00fcl\u00fcr bir s\u0131k\u0131la\u015fma, nem art\u0131\u015f\u0131 ve gen\u00e7le\u015fme etkisi meydana gelir. D\u00fczenli uygulamalar sonucunda, ciltte daha kal\u0131c\u0131 iyile\u015fmeler ve uzun s\u00fcreli gen\u00e7 g\u00f6r\u00fcn\u00fcm sa\u011flanabilir.<\/p>\n<\/p><\/div>\n<\/p><\/div>\n<div>\n<div>\n<h2 class=\"h2-header\">Bak\u0131m ve \u00d6neriler<\/h2>\n<\/p><\/div>\n<div>\n<p class=\"p-text\">Cilt \u0130ksiri uygulamas\u0131 sonras\u0131 cildin g\u00fcne\u015ften korunmas\u0131 ve d\u00fczenli olarak nemlendirici kullan\u0131lmas\u0131 \u00f6nemlidir. Ayr\u0131ca, ciltte kal\u0131c\u0131 sonu\u00e7lar elde etmek i\u00e7in \u00f6nerilen seans aral\u0131klar\u0131na uyulmal\u0131d\u0131r. Cildin iyile\u015fme s\u00fcrecini desteklemek i\u00e7in sa\u011fl\u0131kl\u0131 bir ya\u015fam tarz\u0131 ve dengeli beslenme de \u00f6nemlidir. Uzman tavsiyelerine g\u00f6re, tedaviyi belirli aral\u0131klarla tekrarlamak en iyi sonu\u00e7lar\u0131 elde etmenizi sa\u011flar.<\/p>\n<\/p><\/div>\n<\/p><\/div>\n<\/p><\/div>\n<\/section>\n","protected":false},"excerpt":{"rendered":"<p>Cilt \u0130ksiri Do\u011fal Yenilemenin S\u0131rr\u0131 Dr. Terziler Exclusive Clinic \u00bb Medikal Estetik \u00bb Cilt \u0130ksiri \u0130\u00e7indekiler Cilt \u0130ksiri Nedir? Cilt \u0130ksiri, cildin do\u011fal yap\u0131s\u0131n\u0131 desteklemek ve ya\u015flanma belirtilerini azaltmak amac\u0131yla geli\u015ftirilmi\u015f bir tedavi y\u00f6ntemidir. Bu \u00f6zel form\u00fcl, hyaluronik asit, vitaminler, antioksidanlar ve di\u011fer do\u011fal bile\u015fenlerin kombinasyonu ile cilde derinlemesine n\u00fcfuz eder ve cildin canl\u0131l\u0131\u011f\u0131n\u0131 art\u0131r\u0131r. [&hellip;]<\/p>\n","protected":false},"author":6,"featured_media":4978,"parent":1654,"menu_order":0,"comment_status":"closed","ping_status":"closed","template":"","meta":{"footnotes":""},"class_list":["post-1662","page","type-page","status-publish","has-post-thumbnail","hentry"],"_links":{"self":[{"href":"https:\/\/drterziler.com\/tr\/wp-json\/wp\/v2\/pages\/1662","targetHints":{"allow":["GET"]}}],"collection":[{"href":"https:\/\/drterziler.com\/tr\/wp-json\/wp\/v2\/pages"}],"about":[{"href":"https:\/\/drterziler.com\/tr\/wp-json\/wp\/v2\/types\/page"}],"author":[{"embeddable":true,"href":"https:\/\/drterziler.com\/tr\/wp-json\/wp\/v2\/users\/6"}],"replies":[{"embeddable":true,"href":"https:\/\/drterziler.com\/tr\/wp-json\/wp\/v2\/comments?post=1662"}],"version-history":[{"count":30,"href":"https:\/\/drterziler.com\/tr\/wp-json\/wp\/v2\/pages\/1662\/revisions"}],"predecessor-version":[{"id":61376,"href":"https:\/\/drterziler.com\/tr\/wp-json\/wp\/v2\/pages\/1662\/revisions\/61376"}],"up":[{"embeddable":true,"href":"https:\/\/drterziler.com\/tr\/wp-json\/wp\/v2\/pages\/1654"}],"wp:featuredmedia":[{"embeddable":true,"href":"https:\/\/drterziler.com\/tr\/wp-json\/wp\/v2\/media\/4978"}],"wp:attachment":[{"href":"https:\/\/drterziler.com\/tr\/wp-json\/wp\/v2\/media?parent=1662"}],"curies":[{"name":"wp","href":"https:\/\/api.w.org\/{rel}","templated":true}]}}