{"id":16635,"date":"2025-01-27T14:34:58","date_gmt":"2025-01-27T14:34:58","guid":{"rendered":"https:\/\/drterziler.com\/?page_id=16635"},"modified":"2026-04-06T12:12:59","modified_gmt":"2026-04-06T12:12:59","slug":"anti-aging","status":"publish","type":"page","link":"https:\/\/drterziler.com\/tr\/medikal-estetik\/yuz-uygulamalari\/mezoterapi\/anti-aging\/","title":{"rendered":"Anti Aging"},"content":{"rendered":"<div class=\"page-content\">\n<div id=\"header-area\">\n<div id=\"firstContent\" class=\"container\">\n<div class=\"header-content d-flex flex-column\">\n<h1 class=\"content-title h1-header\">Anti Aging<\/h1>\n<div class=\"content-paragraph\">\n<p class=\"p-text\">Ya\u015flanma belirtilerine meydan okuyan anti-aging tedavileri, daha gen\u00e7, canl\u0131 ve p\u00fcr\u00fczs\u00fcz bir cilt hedefleyen modern uygulamalard\u0131r. Hem estetik hem de do\u011fal g\u00fczelli\u011fi destekleyen bu y\u00f6ntemler, g\u00fcn\u00fcm\u00fczde herkes i\u00e7in pop\u00fcler bir \u00e7\u00f6z\u00fcm sunar.<\/p>\n<\/div>\n<nav class=\"breadcrumbs\" aria-label=\"breadcrumb\">\n<ul class=\"d-flex align-items-center mb-0\">\n<li><a class=\"link\" href=\"https:\/\/drterziler.com\/tr\/\">Dr. Terziler Exclusive Clinic<\/a><\/li>\n<li class=\"separator\">\u00bb<\/li>\n<li><a class=\"link\" href=\"https:\/\/drterziler.com\/tr\/medikal-estetik\/\">Medikal Estetik<\/a><\/li>\n<li class=\"separator\">\u00bb<\/li>\n<li><a class=\"link\" href=\"https:\/\/drterziler.com\/tr\/medikal-estetik\/yuz-uygulamalari\/\">Y\u00fcz Uygulamalar\u0131<\/a><\/li>\n<li class=\"separator\">\u00bb<\/li>\n<li><a class=\"link\" href=\"https:\/\/drterziler.com\/tr\/medikal-estetik\/yuz-uygulamalari\/mezoterapi\/\">Mezoterapi<\/a><\/li>\n<li class=\"separator\">\u00bb<\/li>\n<li class=\"current-page\">Anti Aging<\/li>\n<\/ul>\n<\/nav>\n<\/div>\n<\/div>\n<\/div>\n<\/div>\n<section id=\"content-area\">\n<div class=\"container my-5\">\n<div class=\"row align-items-start\">\n<div class=\"col-md-6 order-2 order-md-1\">\n<div class=\"custom-toc-box\">\n<div id=\"toc-header\">\n<h4>\u0130\u00e7indekiler<\/h4>\n<div class=\"toc-toggle-icon\"><\/div>\n<\/div>\n<div class=\"toc-full-divider\"><\/div>\n<div id=\"toc-body\">\n<div id=\"toc-container\"><\/div>\n<\/div>\n<\/div>\n<\/div>\n<div id=\"jForm\" class=\"col-md-6 order-1 order-md-2\"><script type=\"text\/javascript\" src=\"https:\/\/form.jotform.com\/jsform\/242882264736970\"><\/script><\/div>\n<\/div>\n<\/div>\n<div class=\"container\">\n<div class=\"img-thumb\"><img loading=\"lazy\" decoding=\"async\" src=\"https:\/\/drterziler.com\/wp-content\/uploads\/2025\/01\/Anti-Aging.webp\" sizes=\"auto, (max-width: 1920px) 100vw, 1920px\" srcset=\"https:\/\/drterziler.com\/wp-content\/uploads\/2025\/01\/Anti-Aging.webp 1920w, https:\/\/drterziler.com\/wp-content\/uploads\/2025\/01\/Anti-Aging-300x169.webp 300w, https:\/\/drterziler.com\/wp-content\/uploads\/2025\/01\/Anti-Aging-1024x576.webp 1024w, https:\/\/drterziler.com\/wp-content\/uploads\/2025\/01\/Anti-Aging-768x432.webp 768w, https:\/\/drterziler.com\/wp-content\/uploads\/2025\/01\/Anti-Aging-1536x864.webp 1536w\" alt=\"\" width=\"1920\" height=\"1080\"><\/div>\n<div>\n<div>\n<h2 class=\"h2-header\">Anti-Aging Nedir?<\/h2>\n<\/div>\n<div>\n<p class=\"p-text\">Anti-aging, ya\u015flanma belirtilerini geciktirmek veya tersine \u00e7evirmek i\u00e7in geli\u015ftirilmi\u015f bir dizi uygulama ve tedaviyi ifade eder. Bu kapsamda cilt yenileme, kas tonusu d\u00fczenleme, k\u0131r\u0131\u015f\u0131kl\u0131k azaltma ve genel olarak daha gen\u00e7 bir g\u00f6r\u00fcn\u00fcm hedeflenir. Y\u00fczeysel cilt bak\u0131mlar\u0131ndan ileri teknoloji t\u0131bbi uygulamalara kadar geni\u015f bir yelpazede \u00e7\u00f6z\u00fcmler sunar.<\/p>\n<\/div>\n<\/div>\n<div>\n<div>\n<h2 class=\"h2-header\">Avantajlar\u0131 Nelerdir?<\/h2>\n<\/div>\n<div>\n<p class=\"p-text\">K\u0131r\u0131\u015f\u0131kl\u0131klar\u0131 ve ince \u00e7izgileri azalt\u0131r. Cildin elastikiyetini ve parlakl\u0131\u011f\u0131n\u0131 art\u0131r\u0131r. Cilt tonu dengesizliklerini ve lekeleri azalt\u0131r. Genel olarak daha gen\u00e7, canl\u0131 ve sa\u011fl\u0131kl\u0131 bir g\u00f6r\u00fcn\u00fcm kazand\u0131r\u0131r. \u00d6zg\u00fcvenin artmas\u0131na yard\u0131mc\u0131 olur. K\u0131sa s\u00fcrede g\u00f6zle g\u00f6r\u00fcl\u00fcr etkiler sa\u011flar.<\/p>\n<\/div>\n<\/div>\n<div>\n<div>\n<h2 class=\"h2-header\">Nas\u0131l Bir G\u00f6r\u00fcn\u00fcm Sa\u011flar?<\/h2>\n<\/div>\n<div>\n<p class=\"p-text\">Anti-aging tedaviler sonucunda, cilt daha s\u0131k\u0131, dolgun ve \u0131\u015f\u0131ldayan bir yap\u0131ya kavu\u015fur. Yorgun ve \u015fekli bozulmu\u015f g\u00f6r\u00fcnen y\u00fcz hatlar\u0131 toparlan\u0131r. Leke, \u00e7izgi ve \u015fi\u015flik gibi sorunlar hafifler, y\u00fcz gen\u00e7lik \u0131\u015f\u0131lt\u0131s\u0131n\u0131 geri kazan\u0131r.<\/p>\n<\/div>\n<\/div>\n<div>\n<div>\n<h2 class=\"h2-header\">Kimler \u0130\u00e7in Uygundur?<\/h2>\n<\/div>\n<div>\n<p class=\"p-text\">Anti-aging tedaviler, ya\u015flanma belirtileriyle m\u00fcadele etmek isteyen herkes i\u00e7in uygundur. Genellikle 30\u2019lu ya\u015flardan itibaren tercih edilse de, daha gen\u00e7 ya\u015flarda koruyucu amaca y\u00f6nelik uygulamalar da yap\u0131labilir. Hamilelik ve baz\u0131 medikal durumlar d\u0131\u015f\u0131nda herkese tavsiye edilebilir.<\/p>\n<\/div>\n<\/div>\n<div>\n<div>\n<h2 class=\"h2-header\">Anti-Aging Neden Pop\u00fclerdir?<\/h2>\n<\/div>\n<div>\n<p class=\"p-text\">G\u00fcn\u00fcm\u00fcz\u00fcn estetik anlay\u0131\u015f\u0131nda gen\u00e7 ve enerjik bir g\u00f6r\u00fcn\u00fcm \u00f6n plandad\u0131r. K\u0131sa s\u00fcrede etkili sonu\u00e7lar verir. Teknolojinin ilerlemesiyle daha konforlu ve etkili uygulamalar geli\u015ftirilmi\u015ftir. Herkes i\u00e7in ki\u015fiselle\u015ftirilmi\u015f \u00e7\u00f6z\u00fcmler sunar. Do\u011fal g\u00f6r\u00fcn\u00fcm\u00fc koruyarak gen\u00e7lik etkisi yarat\u0131r.<\/p>\n<\/div>\n<\/div>\n<div>\n<div>\n<h2 class=\"h2-header\">Nas\u0131l Uygulan\u0131r?<\/h2>\n<\/div>\n<div>\n<p class=\"p-text\">Anti-aging uygulamalar\u0131, se\u00e7ilen tedavi y\u00f6ntemine g\u00f6re farkl\u0131l\u0131k g\u00f6sterir. Mezoterapi, PRP, dolgu, botoks, lazer tedavileri gibi y\u00f6ntemler yayg\u0131nd\u0131r. Bu tedaviler genellikle klinik ortamda, uzman hekimler taraf\u0131ndan uygulan\u0131r. Seans say\u0131s\u0131 ve s\u00fcresi ihtiya\u00e7lara ba\u011fl\u0131 olarak de\u011fi\u015fir.<\/p>\n<\/div>\n<\/div>\n<div>\n<div>\n<h2 class=\"h2-header\">Sonu\u00e7lar\u0131 Ne Kadar Kal\u0131c\u0131d\u0131r?<\/h2>\n<\/div>\n<div>\n<p class=\"p-text\">Tedavinin kal\u0131c\u0131l\u0131\u011f\u0131, uygulanan y\u00f6nteme ve bireyin cilt yap\u0131s\u0131na ba\u011fl\u0131 olarak de\u011fi\u015fir. Botoks ve dolgu gibi uygulamalar 6-12 ay kal\u0131c\u0131l\u0131k sa\u011flarken, lazer ve PRP gibi y\u00f6ntemler daha uzun vadeli etkiler sunabilir. Kal\u0131c\u0131 etkiler i\u00e7in d\u00fczenli bak\u0131m ve kontrol \u00f6nemlidir.<\/p>\n<\/div>\n<\/div>\n<div>\n<div>\n<h2 class=\"h2-header\">Ac\u0131, A\u011fr\u0131 Hissedilir mi?<\/h2>\n<\/div>\n<div>\n<p class=\"p-text\">Modern anti-aging tedavileri genellikle minimal invaziv olup, hafif rahats\u0131zl\u0131k hissi yaratabilir. Uygulama \u00f6ncesinde lokal anestezik kremler kullan\u0131larak konfor sa\u011flan\u0131r. Lazer veya enjeksiyon bazl\u0131 tedavilerde hafif bir batma veya s\u0131cakl\u0131k hissi olu\u015fabilir.<\/p>\n<\/div>\n<\/div>\n<div>\n<div>\n<h2 class=\"h2-header\">Anti-Aging Fiyatlar\u0131<\/h2>\n<\/div>\n<div>\n<p class=\"p-text\">Anti-aging tedavilerinin fiyatlar\u0131, se\u00e7ilen y\u00f6ntem, uygulaman\u0131n kapsam\u0131 gibi unsurlara g\u00f6re de\u011fi\u015fir. Tek seansl\u0131k bak\u0131mlar daha uygun fiyatl\u0131 olurken, kombine tedaviler veya uzun vadeli protokoller daha y\u00fcksek maliyetli olabilir. Do\u011fru bilgi i\u00e7in uzman klini\u011finizle g\u00f6r\u00fc\u015fmelisiniz.<\/p>\n<\/div>\n<\/div>\n<div>\n<div>\n<h2 class=\"h2-header\">Neden Dr. Terziler Exclusive Clinic?<\/h2>\n<\/div>\n<div>\n<p class=\"p-text\">Dr. Terziler, d\u00fcnya \u00e7ap\u0131nda tan\u0131nan uzmanl\u0131\u011f\u0131 ve sanatla bilimi bulu\u015fturan estetik yakla\u015f\u0131m\u0131yla ki\u015fiye \u00f6zel \u00e7\u00f6z\u00fcmler sunarak yaln\u0131zca fiziksel de\u011fil, duygusal bir d\u00f6n\u00fc\u015f\u00fcm de ya\u015fat\u0131r. \u0130leri teknolojilerle donat\u0131lm\u0131\u015f, konfor ve g\u00fcven esas\u0131yla faaliyet g\u00f6steren klini\u011fimiz, kusursuzlu\u011fu bir kurum felsefesi olarak benimser. \u00c7\u00fcnk\u00fc burada her dokunu\u015f, b\u00fct\u00fcnsel sa\u011fl\u0131\u011f\u0131n\u0131z\u0131 ve mutlulu\u011funuzu hedefler.<\/p>\n<\/div>\n<\/div>\n<\/div>\n<\/section>\n","protected":false},"excerpt":{"rendered":"<p>Anti Aging Ya\u015flanma belirtilerine meydan okuyan anti-aging tedavileri, daha gen\u00e7, canl\u0131 ve p\u00fcr\u00fczs\u00fcz bir cilt hedefleyen modern uygulamalard\u0131r. Hem estetik hem de do\u011fal g\u00fczelli\u011fi destekleyen bu y\u00f6ntemler, g\u00fcn\u00fcm\u00fczde herkes i\u00e7in pop\u00fcler bir \u00e7\u00f6z\u00fcm sunar. Dr. Terziler Exclusive Clinic \u00bb Medikal Estetik \u00bb Y\u00fcz Uygulamalar\u0131 \u00bb Mezoterapi \u00bb Anti Aging \u0130\u00e7indekiler Anti-Aging Nedir? Anti-aging, ya\u015flanma belirtilerini [&hellip;]<\/p>\n","protected":false},"author":6,"featured_media":0,"parent":1660,"menu_order":0,"comment_status":"closed","ping_status":"closed","template":"","meta":{"footnotes":""},"class_list":["post-16635","page","type-page","status-publish","hentry"],"_links":{"self":[{"href":"https:\/\/drterziler.com\/tr\/wp-json\/wp\/v2\/pages\/16635","targetHints":{"allow":["GET"]}}],"collection":[{"href":"https:\/\/drterziler.com\/tr\/wp-json\/wp\/v2\/pages"}],"about":[{"href":"https:\/\/drterziler.com\/tr\/wp-json\/wp\/v2\/types\/page"}],"author":[{"embeddable":true,"href":"https:\/\/drterziler.com\/tr\/wp-json\/wp\/v2\/users\/6"}],"replies":[{"embeddable":true,"href":"https:\/\/drterziler.com\/tr\/wp-json\/wp\/v2\/comments?post=16635"}],"version-history":[{"count":18,"href":"https:\/\/drterziler.com\/tr\/wp-json\/wp\/v2\/pages\/16635\/revisions"}],"predecessor-version":[{"id":61390,"href":"https:\/\/drterziler.com\/tr\/wp-json\/wp\/v2\/pages\/16635\/revisions\/61390"}],"up":[{"embeddable":true,"href":"https:\/\/drterziler.com\/tr\/wp-json\/wp\/v2\/pages\/1660"}],"wp:attachment":[{"href":"https:\/\/drterziler.com\/tr\/wp-json\/wp\/v2\/media?parent=16635"}],"curies":[{"name":"wp","href":"https:\/\/api.w.org\/{rel}","templated":true}]}}