{"id":16669,"date":"2025-01-27T14:45:31","date_gmt":"2025-01-27T14:45:31","guid":{"rendered":"https:\/\/drterziler.com\/?page_id=16669"},"modified":"2026-04-21T10:41:55","modified_gmt":"2026-04-21T10:41:55","slug":"prp-ve-egzozom-plazma-uygulamalari","status":"publish","type":"page","link":"https:\/\/drterziler.com\/tr\/medikal-estetik\/yuz-uygulamalari\/prp-ve-egzozom-plazma-uygulamalari\/","title":{"rendered":"PRP ve Egzozom Plazma Uygulamalar\u0131"},"content":{"rendered":"<div class=\"page-content\">\n<div id=\"header-area\">\n<div class=\"container\" id=\"firstContent\">\n<div class=\"header-content d-flex flex-column\">\n<h1 class=\"content-title h1-header\">PRP ve Egzozom Plazma Uygulamalar\u0131<\/h1>\n<div class=\"content-paragraph\">\n<p class=\"p-text\">PRP ve Eksozom Plazma uygulamalar\u0131, cildinize gen\u00e7lik \u0131\u015f\u0131lt\u0131s\u0131 kazand\u0131r\u0131rken sa\u00e7lar\u0131n\u0131zda dolgun ve sa\u011fl\u0131kl\u0131 bir g\u00f6r\u00fcn\u00fcm sunar. Do\u011fal yenilenme mekanizmalar\u0131n\u0131 tetikleyen bu ileri teknolojiler, k\u0131r\u0131\u015f\u0131kl\u0131klar\u0131n azalmas\u0131ndan sa\u00e7 d\u00f6k\u00fclmesinin \u00f6nlenmesine kadar geni\u015f bir etki yelpazesiyle, g\u00fczellik ve bak\u0131m d\u00fcnyas\u0131nda fark yarat\u0131r.<\/p>\n<\/p><\/div>\n<nav aria-label=\"breadcrumb\" class=\"breadcrumbs\">\n<ul class=\"d-flex align-items-center mb-0\">\n<li><a class=\"link\" href=\"https:\/\/drterziler.com\/tr\/\"><span>Dr. Terziler Exclusive Clinic<\/span><\/a><\/li>\n<li class=\"separator\">\u00bb<\/li>\n<li><a class=\"link\" href=\"https:\/\/drterziler.com\/tr\/medikal-estetik\/\"><span>Medikal Estetik<\/span><\/a><\/li>\n<li class=\"separator\">\u00bb<\/li>\n<li><a class=\"link\" href=\"https:\/\/drterziler.com\/tr\/medikal-estetik\/yuz-uygulamalari\/\"><span>Y\u00fcz Uygulamalar\u0131<\/span><\/a><\/li>\n<li class=\"separator\">\u00bb<\/li>\n<li class=\"current-page\"><span>PRP ve Egzozom Plazma Uygulamalar\u0131<\/span><\/li>\n<\/ul>\n<\/nav><\/div>\n<\/p><\/div>\n<\/p><\/div>\n<\/div>\n<section id=\"content-area\">\n<div class=\"container my-5\">\n<div class=\"row align-items-start\">\n<div class=\"col-md-6 order-2 order-md-1\">\n<div class=\"custom-toc-box\">\n<div id=\"toc-header\">\n<h4>\u0130\u00e7indekiler<\/h4>\n<div class=\"toc-toggle-icon\"><\/div>\n<\/p><\/div>\n<div class=\"toc-full-divider\"><\/div>\n<div id=\"toc-body\">\n<div id=\"toc-container\"><\/div>\n<\/p><\/div>\n<\/p><\/div>\n<\/p><\/div>\n<div class=\"col-md-6 order-1 order-md-2\" id=\"jForm\">\n                <script type=\"text\/javascript\" src=\"https:\/\/form.jotform.com\/jsform\/242882264736970\"><\/script>\n            <\/div>\n<\/p><\/div>\n<\/p><\/div>\n<div class=\"container\">\n<div class=\"img-thumb\">\n            <img loading=\"lazy\" decoding=\"async\" width=\"1920\" height=\"1080\" src=\"https:\/\/drterziler.com\/wp-content\/uploads\/2025\/01\/PRP-ve-Egzozom-Plazma-Uygulamalari.webp\" alt=\"\" srcset=\"https:\/\/drterziler.com\/wp-content\/uploads\/2025\/01\/PRP-ve-Egzozom-Plazma-Uygulamalari.webp 1920w, https:\/\/drterziler.com\/wp-content\/uploads\/2025\/01\/PRP-ve-Egzozom-Plazma-Uygulamalari-300x169.webp 300w, https:\/\/drterziler.com\/wp-content\/uploads\/2025\/01\/PRP-ve-Egzozom-Plazma-Uygulamalari-1024x576.webp 1024w, https:\/\/drterziler.com\/wp-content\/uploads\/2025\/01\/PRP-ve-Egzozom-Plazma-Uygulamalari-768x432.webp 768w, https:\/\/drterziler.com\/wp-content\/uploads\/2025\/01\/PRP-ve-Egzozom-Plazma-Uygulamalari-1536x864.webp 1536w\" sizes=\"auto, (max-width: 1920px) 100vw, 1920px\">\n        <\/div>\n<div>\n<div>\n<h2 class=\"h2-header\">PRP ve Eksozom Plazma Uygulamalar\u0131 Nedir?<\/h2>\n<\/p><\/div>\n<div>\n<p class=\"p-text\">PRP (Platelet Rich Plasma), ki\u015finin kendi kan\u0131ndan elde edilen trombosit y\u00f6n\u00fcnden zengin plazman\u0131n, cilt ve sa\u00e7 dokular\u0131n\u0131 yenilemek i\u00e7in kullan\u0131ld\u0131\u011f\u0131 bir tedavi y\u00f6ntemidir. Eksozom plazma ise, h\u00fccre ileti\u015fimini y\u00f6nlendiren eksozomlar\u0131 kullanarak daha yo\u011fun bir yenilenme sa\u011flayan bir teknolojidir. Her iki y\u00f6ntem de do\u011fal yenilenme mekanizmalar\u0131n\u0131 tetikleyerek cilt ve sa\u00e7 sa\u011fl\u0131\u011f\u0131n\u0131 destekler.<\/p>\n<\/p><\/div>\n<\/p><\/div>\n<div>\n<div>\n<h2 class=\"h2-header\">PRP ve Eksozom Plazma Uygulamalar\u0131n\u0131n Avantajlar\u0131 Nelerdir?<\/h2>\n<\/p><\/div>\n<div>\n<p class=\"p-text\">Ciltteki ince \u00e7izgi ve k\u0131r\u0131\u015f\u0131kl\u0131klar\u0131 azalt\u0131r. Cildin parlakl\u0131\u011f\u0131n\u0131 ve elastikiyetini art\u0131r\u0131r. Sa\u00e7 d\u00f6k\u00fclmesini durdurur ve yeni sa\u00e7 b\u00fcy\u00fcmesini destekler. Leke, yara izleri ve akne izlerinin azalmas\u0131na yard\u0131mc\u0131 olur. H\u0131zl\u0131 iyile\u015fme s\u00fcresi sunar ve minimal invazivdir. Do\u011fal bir y\u00f6ntem oldu\u011fu i\u00e7in alerjik reaksiyon riski d\u00fc\u015f\u00fckt\u00fcr. Bu y\u00f6ntemler, cildin k\u00f6k sorunlar\u0131n\u0131 ele alarak uzun vadeli iyile\u015fme sunar. Bunun yan\u0131nda, hem erkekler hem de kad\u0131nlar i\u00e7in uygun \u00e7\u00f6z\u00fcmler sunar.<\/p>\n<\/p><\/div>\n<\/p><\/div>\n<div>\n<div>\n<h2 class=\"h2-header\">Nas\u0131l Bir G\u00f6r\u00fcn\u00fcm Sa\u011flar?<\/h2>\n<\/p><\/div>\n<div>\n<p class=\"p-text\">PRP ve eksozom plazma tedavileri, cildin \u0131\u015f\u0131ldamas\u0131n\u0131, daha gen\u00e7 ve dolgun bir yap\u0131 kazanmas\u0131n\u0131 sa\u011flar. Yorgun ve mat g\u00f6r\u00fcnen cilt canlan\u0131rken, sa\u00e7larda ise daha yo\u011fun ve sa\u011fl\u0131kl\u0131 bir g\u00f6r\u00fcn\u00fcm elde edilir. Cildin g\u00f6zenek yap\u0131s\u0131 d\u00fczelir ve daha homojen bir ton kazan\u0131r. Sa\u00e7larda ise g\u00f6zle g\u00f6r\u00fcl\u00fcr bir dolgunluk ve par\u0131lt\u0131 fark edilir.<\/p>\n<\/p><\/div>\n<\/p><\/div>\n<div>\n<div>\n<h2 class=\"h2-header\">PRP ve Eksozom Plazma Uygulamalar\u0131 Kimler \u0130\u00e7in Uygundur?<\/h2>\n<\/p><\/div>\n<div>\n<p class=\"p-text\">Bu tedaviler, ya\u015f\u0131 ne olursa olsun, cildinde veya sa\u00e7lar\u0131nda yenilenme isteyen herkes i\u00e7in uygundur. Erken ya\u015flarda sa\u00e7 d\u00f6k\u00fclmesi problemi ya\u015fayan bireyler veya ya\u015flanma belirtilerini azaltmak isteyen ki\u015filer i\u00e7in ideal bir se\u00e7enektir. Aktif enfeksiyon, kanama bozuklu\u011fu ya da ciddi cilt rahats\u0131zl\u0131klar\u0131 olan ki\u015filerin uzman de\u011ferlendirmesi al\u0131nmas\u0131 \u00f6nerilir. Ki\u015fiselle\u015ftirilmi\u015f tedavi planlar\u0131, herkese \u00f6zel \u00e7\u00f6z\u00fcmler sunar.<\/p>\n<\/p><\/div>\n<\/p><\/div>\n<div>\n<div>\n<h2 class=\"h2-header\">Neden Pop\u00fclerdir?<\/h2>\n<\/p><\/div>\n<div>\n<p class=\"p-text\">Do\u011fal ve ki\u015fiselle\u015ftirilmi\u015f bir tedavi sunar. Cerrahi m\u00fcdahaleye gerek kalmadan etkili sonu\u00e7lar verir. Teknolojik geli\u015fmelerle daha etkin hale gelmi\u015ftir. K\u0131sa s\u00fcrede g\u00f6zle g\u00f6r\u00fcl\u00fcr fark yarat\u0131r. Minimal risk ve yan etki ile uygulanabilir. Ayr\u0131ca, \u00e7o\u011fu birey i\u00e7in sosyal hayata hemen d\u00f6nme olana\u011f\u0131 sunar. Yenilik\u00e7i yap\u0131s\u0131 ve etkileyici sonu\u00e7lar\u0131yla estetik d\u00fcnyas\u0131nda \u00f6n plana \u00e7\u0131kar.<\/p>\n<\/p><\/div>\n<\/p><\/div>\n<div>\n<div>\n<h2 class=\"h2-header\">PRP ve Eksozom Plazma Uygulamalar\u0131 Nas\u0131l Uygulan\u0131r?<\/h2>\n<\/p><\/div>\n<div>\n<p class=\"p-text\">PRP uygulamas\u0131nda, hastadan al\u0131nan kan \u00f6zel bir cihazla ayr\u0131\u015ft\u0131r\u0131l\u0131r ve trombosit y\u00f6n\u00fcnden zengin plazma elde edilir. Bu plazma, ince i\u011fnelerle sorunlu b\u00f6lgeye enjekte edilir. Eksozom plazma tedavisinde ise, d\u0131\u015f kaynaktan elde edilen eksozomlar yine enjeksiyon y\u00f6ntemiyle uygulan\u0131r. Her iki tedavi de genellikle 30-45 dakika s\u00fcrer ve klinik ortamda ger\u00e7ekle\u015ftirilir. Uygulama sonras\u0131 ki\u015fi hemen normal hayat\u0131na d\u00f6nebilir ve etkiler k\u0131sa s\u00fcrede g\u00f6zle g\u00f6r\u00fclmeye ba\u015flar.<\/p>\n<\/p><\/div>\n<\/p><\/div>\n<div>\n<div>\n<h2 class=\"h2-header\">Sonu\u00e7lar\u0131 Ne Kadar Kal\u0131c\u0131d\u0131r?<\/h2>\n<\/p><\/div>\n<div>\n<p class=\"p-text\">Sonu\u00e7lar bireysel farkl\u0131l\u0131klara ba\u011fl\u0131 olarak de\u011fi\u015fiklik g\u00f6sterse de, genellikle PRP uygulamalar\u0131 6-12 ay etkisini korur. Eksozom plazma tedavisi, daha uzun s\u00fcreli bir yenilenme sa\u011flayabilir. Kal\u0131c\u0131l\u0131\u011f\u0131 art\u0131rmak i\u00e7in d\u00fczenli seanslar \u00f6nerilir. Bunun yan\u0131nda, etkilerin devam\u0131 i\u00e7in cilt bak\u0131m rutininin korunmas\u0131 \u00e7ok \u00f6nemlidir.<\/p>\n<\/p><\/div>\n<\/p><\/div>\n<div>\n<div>\n<h2 class=\"h2-header\">Ac\u0131, A\u011fr\u0131 Hissedilir mi?<\/h2>\n<\/p><\/div>\n<div>\n<p class=\"p-text\">Uygulama esnas\u0131nda minimal bir rahats\u0131zl\u0131k hissi olabilir, ancak lokal anestezik kremler kullan\u0131larak bu his en aza indirgenir. Uygulama sonras\u0131 hafif bir k\u0131zar\u0131kl\u0131k veya \u015fi\u015fkinlik g\u00f6r\u00fclse de, genellikle 24 saat i\u00e7inde kaybolur. Tedavi s\u0131ras\u0131ndaki konfor, uzman\u0131n deneyimi ve uygulama tekniklerine ba\u011fl\u0131 olarak artar. Hastalar genellikle tedaviyi rahat bir \u015fekilde tolere eder.<\/p>\n<\/p><\/div>\n<\/p><\/div>\n<div>\n<div>\n<h2 class=\"h2-header\">PRP ve Eksozom Plazma Uygulamalar\u0131 Fiyatlar\u0131<\/h2>\n<\/p><\/div>\n<div>\n<p class=\"p-text\">Fiyatlar, uygulama alan\u0131n\u0131n geni\u015fli\u011fine, tedavi s\u00fcresine veya tercih edilecek hizmete g\u00f6re de\u011fi\u015febilir. PRP genellikle daha uygun maliyetliyken, eksozom plazma tedavileri daha farkl\u0131 olabilir. Do\u011fru bilgi i\u00e7in uzman bir klinikten detayl\u0131 fiyat bilgisi al\u0131nmas\u0131 \u00f6nerilir. Ayr\u0131ca, paket tedaviler ile uzun vadeli \u00e7\u00f6z\u00fcmler ekonomik hale getirilebilir.<\/p>\n<\/p><\/div>\n<\/p><\/div>\n<div>\n<div>\n<h2 class=\"h2-header\">Neden Dr. Terziler Exclusive Clinic?<\/h2>\n<\/p><\/div>\n<div>\n<p class=\"p-text\">Dr. Terziler, d\u00fcnya \u00e7ap\u0131nda tan\u0131nan uzmanl\u0131\u011f\u0131 ve sanatla bilimi bulu\u015fturan estetik yakla\u015f\u0131m\u0131yla ki\u015fiye \u00f6zel \u00e7\u00f6z\u00fcmler sunarak yaln\u0131zca fiziksel de\u011fil, duygusal bir d\u00f6n\u00fc\u015f\u00fcm de ya\u015fat\u0131r. \u0130leri teknolojilerle donat\u0131lm\u0131\u015f, konfor ve g\u00fcven esas\u0131yla faaliyet g\u00f6steren klini\u011fimiz, kusursuzlu\u011fu bir kurum felsefesi olarak benimser. \u00c7\u00fcnk\u00fc burada her dokunu\u015f, b\u00fct\u00fcnsel sa\u011fl\u0131\u011f\u0131n\u0131z\u0131 ve mutlulu\u011funuzu hedefler.<\/p>\n<\/p><\/div>\n<\/p><\/div>\n<\/p><\/div>\n<\/section>\n","protected":false},"excerpt":{"rendered":"<p>PRP ve Egzozom Plazma Uygulamalar\u0131 PRP ve Eksozom Plazma uygulamalar\u0131, cildinize gen\u00e7lik \u0131\u015f\u0131lt\u0131s\u0131 kazand\u0131r\u0131rken sa\u00e7lar\u0131n\u0131zda dolgun ve sa\u011fl\u0131kl\u0131 bir g\u00f6r\u00fcn\u00fcm sunar. Do\u011fal yenilenme mekanizmalar\u0131n\u0131 tetikleyen bu ileri teknolojiler, k\u0131r\u0131\u015f\u0131kl\u0131klar\u0131n azalmas\u0131ndan sa\u00e7 d\u00f6k\u00fclmesinin \u00f6nlenmesine kadar geni\u015f bir etki yelpazesiyle, g\u00fczellik ve bak\u0131m d\u00fcnyas\u0131nda fark yarat\u0131r. Dr. Terziler Exclusive Clinic \u00bb Medikal Estetik \u00bb Y\u00fcz Uygulamalar\u0131 \u00bb [&hellip;]<\/p>\n","protected":false},"author":6,"featured_media":0,"parent":15913,"menu_order":0,"comment_status":"closed","ping_status":"closed","template":"","meta":{"footnotes":""},"class_list":["post-16669","page","type-page","status-publish","hentry"],"_links":{"self":[{"href":"https:\/\/drterziler.com\/tr\/wp-json\/wp\/v2\/pages\/16669","targetHints":{"allow":["GET"]}}],"collection":[{"href":"https:\/\/drterziler.com\/tr\/wp-json\/wp\/v2\/pages"}],"about":[{"href":"https:\/\/drterziler.com\/tr\/wp-json\/wp\/v2\/types\/page"}],"author":[{"embeddable":true,"href":"https:\/\/drterziler.com\/tr\/wp-json\/wp\/v2\/users\/6"}],"replies":[{"embeddable":true,"href":"https:\/\/drterziler.com\/tr\/wp-json\/wp\/v2\/comments?post=16669"}],"version-history":[{"count":18,"href":"https:\/\/drterziler.com\/tr\/wp-json\/wp\/v2\/pages\/16669\/revisions"}],"predecessor-version":[{"id":59466,"href":"https:\/\/drterziler.com\/tr\/wp-json\/wp\/v2\/pages\/16669\/revisions\/59466"}],"up":[{"embeddable":true,"href":"https:\/\/drterziler.com\/tr\/wp-json\/wp\/v2\/pages\/15913"}],"wp:attachment":[{"href":"https:\/\/drterziler.com\/tr\/wp-json\/wp\/v2\/media?parent=16669"}],"curies":[{"name":"wp","href":"https:\/\/api.w.org\/{rel}","templated":true}]}}