{"id":16717,"date":"2025-01-27T14:51:19","date_gmt":"2025-01-27T14:51:19","guid":{"rendered":"https:\/\/drterziler.com\/?page_id=16717"},"modified":"2026-04-21T10:59:01","modified_gmt":"2026-04-21T10:59:01","slug":"kok-hucre-uygulamalari","status":"publish","type":"page","link":"https:\/\/drterziler.com\/tr\/medikal-estetik\/yuz-uygulamalari\/kok-hucre-uygulamalari\/","title":{"rendered":"K\u00f6k H\u00fccre Uygulamalar\u0131"},"content":{"rendered":"<div class=\"page-content category-page\">\n<div id=\"header-area\">\n<div class=\"container\" id=\"firstContent\">\n<div class=\"header-content d-flex flex-column\">\n<h1 class=\"content-title\">K\u00f6k H\u00fccre Uygulamalar\u0131<\/h1>\n<div class=\"content-paragraph\">\n<p>K\u00f6k h\u00fccre tedavisi, v\u00fccudun kendini onarma ve yenileme potansiyelini ortaya \u00e7\u0131karan ileri bir sa\u011fl\u0131k teknolojisidir. Bu \u00f6zel uygulama, h\u00fccrelerin do\u011fal onar\u0131m mekanizmas\u0131n\u0131 tetikleyerek gen\u00e7lik, dayan\u0131kl\u0131l\u0131k ve enerji kazand\u0131r\u0131r. Ki\u015fiye \u00f6zel bir yakla\u015f\u0131m sunan k\u00f6k h\u00fccre tedavisi, hem genel sa\u011fl\u0131\u011f\u0131 destekler hem de ya\u015fam kalitesini art\u0131r\u0131r.<\/p>\n<\/p><\/div>\n<nav aria-label=\"breadcrumb\" class=\"breadcrumbs\">\n<ul class=\"d-flex align-items-center mb-0\">\n<li><a class=\"link\" href=\"https:\/\/drterziler.com\/tr\/\"><span>Dr. Terziler<\/span><\/a><\/li>\n<li class=\"separator\">\u00bb<\/li>\n<li><a class=\"link\" href=\"https:\/\/drterziler.com\/tr\/medikal-estetik\/\"><span>Medikal Estetik<\/span><\/a><\/li>\n<li class=\"separator\">\u00bb<\/li>\n<li><a class=\"link\" href=\"https:\/\/drterziler.com\/tr\/medikal-estetik\/yuz-uygulamalari\/\"><span>Y\u00fcz Uygulamalar\u0131<\/span><\/a><\/li>\n<li class=\"separator\">\u00bb<\/li>\n<li class=\"current-page\"><span>K\u00f6k H\u00fccre Uygulamalar\u0131<\/span><\/li>\n<\/ul>\n<\/nav><\/div>\n<\/p><\/div>\n<\/p><\/div>\n<\/div>\n<section class=\"svc-section\">\n<div class=\"container\" data-target=\"category-page\">\n<div class=\"svc-item right-card\">\n<div class=\"svc-media\">\n                <img decoding=\"async\" src=\"https:\/\/drterziler.com\/wp-content\/uploads\/2025\/04\/Gcell-Regenere-Activarev.webp\" alt=\"Gcell \/ Regenere Activa\" loading=\"lazy\" class=\"cat-img\">\n            <\/div>\n<div class=\"svc-card\">\n<h3 class=\"svc-title gilda\">Gcell \/ Regenere Activa<\/h3>\n<p class=\"svc-text barlow\">\n                    Sa\u00e7 d\u00f6k\u00fclmesi ve cilt yenilenmesi gibi estetik sorunlara do\u011fal ve etkili bir \u00e7\u00f6z\u00fcm sunan ileri biyoteknolojik bir tedavi y\u00f6ntemidir. Ki\u015finin kendi h\u00fccreleri kullan\u0131larak yap\u0131lan bu i\u015flem, ameliyat gerektirmeden sa\u00e7lar\u0131 g\u00fc\u00e7lendirir ve ciltte gen\u00e7le\u015ftirici etkiler yarat\u0131r. Hem erkekler hem de kad\u0131nlar i\u00e7in uygun olan bu tedavi, do\u011fal sonu\u00e7lar ve kal\u0131c\u0131 iyile\u015fme sa\u011flar.\n                <\/p>\n<p>                <a class=\"btn-details barlow-condensed\" href=\"https:\/\/drterziler.com\/tr\/medikal-estetik\/yuz-uygulamalari\/kok-hucre-uygulamalari\/gcell-regenere-activa\/\">DETAYLAR<\/a>\n            <\/div>\n<\/p><\/div>\n<div class=\"svc-item left-card\">\n<div class=\"svc-media\">\n                <img decoding=\"async\" src=\"https:\/\/drterziler.com\/wp-content\/uploads\/2025\/04\/Mezenkimal-Kok-Hucre.webp\" alt=\"Mezankimal K\u00f6k H\u00fccre\" loading=\"lazy\" class=\"cat-img\">\n            <\/div>\n<div class=\"svc-card\">\n<h3 class=\"svc-title gilda\">Mezankimal K\u00f6k H\u00fccre<\/h3>\n<p class=\"svc-text barlow\">\n                    V\u00fccudun iyile\u015fme ve yenilenme s\u00fcre\u00e7lerini h\u0131zland\u0131ran, benzersiz onar\u0131m yeteneklerine sahip son derece de\u011ferli h\u00fccrelerdir. Bu h\u00fccreler, farkl\u0131 doku t\u00fcrlerine d\u00f6n\u00fc\u015fme kapasitesine sahip olduklar\u0131 i\u00e7in geni\u015f bir tedavi yelpazesinde etkili bir \u015fekilde kullan\u0131l\u0131r. Y\u00fcksek verimlilikleri ve do\u011fal iyile\u015ftirme g\u00fcc\u00fc sayesinde, sa\u00e7 restorasyonu, cilt yenileme ve bir\u00e7ok sa\u011fl\u0131k alan\u0131nda mucizevi sonu\u00e7lar elde edilmesini sa\u011flar.\n                <\/p>\n<p>                <a class=\"btn-details barlow-condensed\" href=\"https:\/\/drterziler.com\/tr\/medikal-estetik\/yuz-uygulamalari\/kok-hucre-uygulamalari\/mezenkimal-kok-hucre\/\">DETAYLAR<\/a>\n            <\/div>\n<\/p><\/div>\n<\/p><\/div>\n<\/section>\n","protected":false},"excerpt":{"rendered":"<p>K\u00f6k H\u00fccre Uygulamalar\u0131 K\u00f6k h\u00fccre tedavisi, v\u00fccudun kendini onarma ve yenileme potansiyelini ortaya \u00e7\u0131karan ileri bir sa\u011fl\u0131k teknolojisidir. Bu \u00f6zel uygulama, h\u00fccrelerin do\u011fal onar\u0131m mekanizmas\u0131n\u0131 tetikleyerek gen\u00e7lik, dayan\u0131kl\u0131l\u0131k ve enerji kazand\u0131r\u0131r. Ki\u015fiye \u00f6zel bir yakla\u015f\u0131m sunan k\u00f6k h\u00fccre tedavisi, hem genel sa\u011fl\u0131\u011f\u0131 destekler hem de ya\u015fam kalitesini art\u0131r\u0131r. Dr. Terziler \u00bb Medikal Estetik \u00bb Y\u00fcz [&hellip;]<\/p>\n","protected":false},"author":6,"featured_media":0,"parent":15913,"menu_order":0,"comment_status":"closed","ping_status":"closed","template":"","meta":{"footnotes":""},"class_list":["post-16717","page","type-page","status-publish","hentry"],"_links":{"self":[{"href":"https:\/\/drterziler.com\/tr\/wp-json\/wp\/v2\/pages\/16717","targetHints":{"allow":["GET"]}}],"collection":[{"href":"https:\/\/drterziler.com\/tr\/wp-json\/wp\/v2\/pages"}],"about":[{"href":"https:\/\/drterziler.com\/tr\/wp-json\/wp\/v2\/types\/page"}],"author":[{"embeddable":true,"href":"https:\/\/drterziler.com\/tr\/wp-json\/wp\/v2\/users\/6"}],"replies":[{"embeddable":true,"href":"https:\/\/drterziler.com\/tr\/wp-json\/wp\/v2\/comments?post=16717"}],"version-history":[{"count":19,"href":"https:\/\/drterziler.com\/tr\/wp-json\/wp\/v2\/pages\/16717\/revisions"}],"predecessor-version":[{"id":59467,"href":"https:\/\/drterziler.com\/tr\/wp-json\/wp\/v2\/pages\/16717\/revisions\/59467"}],"up":[{"embeddable":true,"href":"https:\/\/drterziler.com\/tr\/wp-json\/wp\/v2\/pages\/15913"}],"wp:attachment":[{"href":"https:\/\/drterziler.com\/tr\/wp-json\/wp\/v2\/media?parent=16717"}],"curies":[{"name":"wp","href":"https:\/\/api.w.org\/{rel}","templated":true}]}}