{"id":16826,"date":"2025-01-28T07:36:50","date_gmt":"2025-01-28T07:36:50","guid":{"rendered":"https:\/\/drterziler.com\/?page_id=16826"},"modified":"2026-04-06T12:13:35","modified_gmt":"2026-04-06T12:13:35","slug":"mezenkimal-kok-hucre","status":"publish","type":"page","link":"https:\/\/drterziler.com\/tr\/medikal-estetik\/yuz-uygulamalari\/kok-hucre-uygulamalari\/mezenkimal-kok-hucre\/","title":{"rendered":"Mezenkimal K\u00f6k H\u00fccre"},"content":{"rendered":"<div class=\"page-content\">\n<div id=\"header-area\">\n<div id=\"firstContent\" class=\"container\">\n<div class=\"header-content d-flex flex-column\">\n<h1 class=\"content-title h1-header\">Mezenkimal K\u00f6k H\u00fccre<\/h1>\n<div class=\"content-paragraph\">\n<p class=\"p-text\">\n<\/div>\n<nav class=\"breadcrumbs\" aria-label=\"breadcrumb\">\n<ul class=\"d-flex align-items-center mb-0\">\n<li><a class=\"link\" href=\"https:\/\/drterziler.com\/tr\/\">Dr. Terziler Exclusive Clinic<\/a><\/li>\n<li class=\"separator\">\u00bb<\/li>\n<li><a class=\"link\" href=\"https:\/\/drterziler.com\/tr\/medikal-estetik\/\">Medikal Estetik<\/a><\/li>\n<li class=\"separator\">\u00bb<\/li>\n<li><a class=\"link\" href=\"https:\/\/drterziler.com\/tr\/medikal-estetik\/yuz-uygulamalari\/\">Y\u00fcz Uygulamalar\u0131<\/a><\/li>\n<li class=\"separator\">\u00bb<\/li>\n<li><a class=\"link\" href=\"https:\/\/drterziler.com\/tr\/medikal-estetik\/yuz-uygulamalari\/kok-hucre-uygulamalari\/\">K\u00f6k H\u00fccre Uygulamalar\u0131<\/a><\/li>\n<li class=\"separator\">\u00bb<\/li>\n<li class=\"current-page\">Mezenkimal K\u00f6k H\u00fccre<\/li>\n<\/ul>\n<\/nav>\n<\/div>\n<\/div>\n<\/div>\n<\/div>\n<section id=\"content-area\">\n<div class=\"container my-5\">\n<div class=\"row align-items-start\">\n<div class=\"col-md-6 order-2 order-md-1\">\n<div class=\"custom-toc-box\">\n<div id=\"toc-header\">\n<h4>\u0130\u00e7indekiler<\/h4>\n<div class=\"toc-toggle-icon\"><\/div>\n<\/div>\n<div class=\"toc-full-divider\"><\/div>\n<div id=\"toc-body\">\n<div id=\"toc-container\"><\/div>\n<\/div>\n<\/div>\n<\/div>\n<div id=\"jForm\" class=\"col-md-6 order-1 order-md-2\"><script type=\"text\/javascript\" src=\"https:\/\/form.jotform.com\/jsform\/242882264736970\"><\/script><\/div>\n<\/div>\n<\/div>\n<div class=\"container\">\n<div class=\"img-thumb\"><img loading=\"lazy\" decoding=\"async\" src=\"https:\/\/drterziler.com\/wp-content\/uploads\/2025\/01\/Mezenkimal-Kok-Hucre.webp\" sizes=\"auto, (max-width: 1920px) 100vw, 1920px\" srcset=\"https:\/\/drterziler.com\/wp-content\/uploads\/2025\/01\/Mezenkimal-Kok-Hucre.webp 1920w, https:\/\/drterziler.com\/wp-content\/uploads\/2025\/01\/Mezenkimal-Kok-Hucre-300x169.webp 300w, https:\/\/drterziler.com\/wp-content\/uploads\/2025\/01\/Mezenkimal-Kok-Hucre-1024x576.webp 1024w, https:\/\/drterziler.com\/wp-content\/uploads\/2025\/01\/Mezenkimal-Kok-Hucre-768x432.webp 768w, https:\/\/drterziler.com\/wp-content\/uploads\/2025\/01\/Mezenkimal-Kok-Hucre-1536x864.webp 1536w\" alt=\"\" width=\"1920\" height=\"1080\"><\/div>\n<div>\n<div>\n<h2 class=\"h2-header\">Mezenkimal K\u00f6k H\u00fccre Nedir?<\/h2>\n<\/div>\n<div>\n<p class=\"p-text\">Mezenkimal k\u00f6k h\u00fccre, v\u00fccutta \u00e7e\u015fitli doku ve h\u00fccre t\u00fcrlerine d\u00f6n\u00fc\u015fme potansiyeline sahip \u00f6zel h\u00fccrelerdir. Bu h\u00fccreler genellikle kemik ili\u011fi, ya\u011f dokusu ve g\u00f6bek kordonu gibi kaynaklardan elde edilir. \u00d6zellikle yenileyici ve onar\u0131c\u0131 \u00f6zellikleriyle dikkat \u00e7eken mezenkimal k\u00f6k h\u00fccre, ba\u011f doku h\u00fccrelerine, kemik, k\u0131k\u0131rdak ve kas h\u00fccrelerine d\u00f6n\u00fc\u015febilme yetene\u011fine sahiptir.Bu h\u00fccrelerin en \u00f6nemli \u00f6zelliklerinden biri, hasarl\u0131 dokular\u0131n bulundu\u011fu b\u00f6lgelere y\u00f6nelerek orada iyile\u015fme s\u00fcrecini ba\u015flatabilir. V\u00fccutta do\u011fal olarak bulunan bu h\u00fccreler, laboratuvar ortam\u0131nda \u00e7o\u011falt\u0131larak tedavi ama\u00e7l\u0131 kullan\u0131labilir. H\u00fccrelerin antiinflamatuar etkileri, ba\u011f\u0131\u015f\u0131kl\u0131k sistemini d\u00fczenleyici \u00f6zellikleriyle birle\u015fti\u011finde bir\u00e7ok alanda kullan\u0131lmalar\u0131n\u0131 m\u00fcmk\u00fcn k\u0131lar.<\/p>\n<\/div>\n<\/div>\n<div>\n<div>\n<h2 class=\"h2-header\">Mezenkimal K\u00f6k H\u00fccre Ne \u0130\u015fe Yarar?<\/h2>\n<\/div>\n<div>\n<p class=\"p-text\">Mezenkimal k\u00f6k h\u00fccreler, hasar g\u00f6ren dokular\u0131 onarmak ve v\u00fccutta yenilenmeyi sa\u011flamak i\u00e7in kullan\u0131l\u0131r.Bu h\u00fccreler; kas, kemik, k\u0131k\u0131rdak, ya\u011f dokusu ve ba\u011f dokusu gibi bir\u00e7ok farkl\u0131 dokuya d\u00f6n\u00fc\u015febilme \u00f6zelli\u011fine sahiptir. Bu nedenle, t\u0131pta ve estetik alanlarda geni\u015f kullan\u0131m alan\u0131 bulunur. En \u00e7ok kemik ili\u011fi, ya\u011f dokusu ve g\u00f6bek kordonundan elde edilirler.Mezenkimal k\u00f6k h\u00fccrelerin ba\u015fl\u0131ca faydalar\u0131 \u015funlard\u0131r:Doku yenilenmesi sa\u011flar \u2013 Yaral\u0131 ya da hasar g\u00f6rm\u00fc\u015f dokular\u0131n onar\u0131lmas\u0131na yard\u0131mc\u0131 olur.Anti-inflamatuar etki g\u00f6sterir \u2013 \u0130ltihaplanmay\u0131 azaltarak iyile\u015fme s\u00fcrecini h\u0131zland\u0131r\u0131r.Ba\u011f\u0131\u015f\u0131kl\u0131k sistemini d\u00fczenler \u2013 Otoimm\u00fcn hastal\u0131klarda ba\u011f\u0131\u015f\u0131kl\u0131k cevab\u0131n\u0131 dengelemeye yard\u0131mc\u0131 olur.Sa\u00e7 d\u00f6k\u00fclmesini azaltabilir \u2013 Sa\u00e7 k\u00f6klerini besleyerek sa\u00e7 kalitesini ve yo\u011funlu\u011funu art\u0131rabilir.Eklem rahats\u0131zl\u0131klar\u0131 \u2013 \u00d6zellikle kire\u00e7lenme (osteoartrit) gibi durumlarda a\u011fr\u0131y\u0131 azaltma ve hareket kabiliyetini art\u0131rma potansiyeli vard\u0131r.<\/p>\n<\/div>\n<\/div>\n<div>\n<div>\n<h2 class=\"h2-header\">Mezenkimal K\u00f6k H\u00fccre Nereden Al\u0131n\u0131r?<\/h2>\n<\/div>\n<div>\n<p class=\"p-text\">Mezenkimal k\u00f6k h\u00fccre, v\u00fccudun \u00e7e\u015fitli dokular\u0131ndan elde edilebilir ve en yayg\u0131n kaynaklar aras\u0131nda kemik ili\u011fi, ya\u011f dokusu ve g\u00f6bek kordonu yer al\u0131r. Bu kaynaklar, h\u00fccreleri \u00e7o\u011falt\u0131labilir ve uygulama alanlar\u0131na uygunlu\u011fu a\u00e7\u0131s\u0131ndan farkl\u0131 avantajlar sunar.En s\u0131k kullan\u0131lan y\u00f6ntemlerden biri, ki\u015finin kendi v\u00fccudundan al\u0131nan ya\u011f dokusudur. Genellikle kar\u0131n veya bel b\u00f6lgesinden al\u0131nan az miktarda ya\u011f, laboratuvar ortam\u0131nda i\u015flenerek mezenkimal k\u00f6k h\u00fccreler ayr\u0131\u015ft\u0131r\u0131l\u0131r. Bu y\u00f6ntem, hem i\u015flem kolayl\u0131\u011f\u0131 hem de h\u00fccre say\u0131s\u0131n\u0131n yeterli olmas\u0131 nedeniyle tercih edilir.Bir di\u011fer kaynak kemik ili\u011fidir. Kal\u00e7a kemi\u011fi gibi b\u00f6lgelerden \u00f6zel i\u011fnelerle al\u0131nan kemik ili\u011fi \u00f6rnekleri, y\u00fcksek k\u00f6k h\u00fccre i\u00e7eri\u011fi sayesinde tedavi ama\u00e7l\u0131 kullan\u0131labilir. Ancak bu y\u00f6ntem, ya\u011f dokusuna k\u0131yasla daha invazivdir ve genellikle t\u0131bbi ihtiya\u00e7 durumlar\u0131nda uygulan\u0131r.<\/p>\n<\/div>\n<\/div>\n<div>\n<div>\n<h2 class=\"h2-header\">Mezenkimal K\u00f6k H\u00fccre Nakli Nas\u0131l Yap\u0131l\u0131r?<\/h2>\n<\/div>\n<div>\n<p class=\"p-text\">Mezenkimal k\u00f6k h\u00fccre nakli, \u00f6zel laboratuvar ko\u015fullar\u0131nda haz\u0131rlanan k\u00f6k h\u00fccrelerin v\u00fccuda enjekte edilmesiyle yap\u0131l\u0131r. Bu i\u015flemde temel ama\u00e7, hasar g\u00f6rm\u00fc\u015f ya da i\u015flevini yitirmi\u015f dokular\u0131n yenilenmesini desteklemektir. Nakil i\u015flemi genellikle enjeksiyon y\u00f6ntemiyle uygulan\u0131r ve cerrahi bir m\u00fcdahale gerektirmez.\u0130lk a\u015famada k\u00f6k h\u00fccreler, ki\u015finin kendi ya\u011f dokusundan ya da ba\u015fka bir uygun kaynaktan al\u0131n\u0131r. Bu doku \u00f6rne\u011fi, laboratuvar ortam\u0131nda \u00f6zel i\u015flemlerden ge\u00e7irilerek safla\u015ft\u0131r\u0131l\u0131r ve mezenkimal k\u00f6k h\u00fccreler ayr\u0131\u015ft\u0131r\u0131l\u0131r. H\u00fccreler \u00e7o\u011falt\u0131ld\u0131ktan sonra tedaviye haz\u0131r hale getirilir. Nakil yap\u0131lacak b\u00f6lgeye g\u00f6re farkl\u0131 uygulama y\u00f6ntemleri kullan\u0131labilir.Cilt gen\u00e7le\u015ftirme veya sa\u00e7 d\u00f6k\u00fclmesi gibi estetik alanlarda do\u011frudan ilgili b\u00f6lgeye ince i\u011fnelerle enjekte edilir. Eklem rahats\u0131zl\u0131klar\u0131 durumunda ise ilgili eklem i\u00e7ine uygulanabilir.\u0130\u015flem lokal anestezi alt\u0131nda yap\u0131ld\u0131\u011f\u0131 i\u00e7in genellikle a\u011fr\u0131s\u0131zd\u0131r ve ki\u015fi ayn\u0131 g\u00fcn i\u00e7inde g\u00fcnl\u00fck hayat\u0131na d\u00f6nebilir. Mezenkimal k\u00f6k h\u00fccreler uyguland\u0131klar\u0131 b\u00f6lgede do\u011fal onar\u0131m s\u00fcrecini ba\u015flat\u0131r.<\/p>\n<\/div>\n<\/div>\n<div>\n<div>\n<h2 class=\"h2-header\">Hangi Hastal\u0131klarda Kullan\u0131l\u0131r?<\/h2>\n<\/div>\n<div>\n<p class=\"p-text\">Mezenkimal k\u00f6k h\u00fccreler, bir\u00e7ok kronik ve dejeneratif hastal\u0131\u011f\u0131n tedavisinde destekleyici olarak kullan\u0131l\u0131r.\u0130\u015fte mezenkimal k\u00f6k h\u00fccrelerin kullan\u0131ld\u0131\u011f\u0131 ba\u015fl\u0131ca hastal\u0131klar:Osteoartrit (kire\u00e7lenme) \u2013 Eklem i\u00e7i enjeksiyonlarla k\u0131k\u0131rdak yenilenmesini destekler, a\u011fr\u0131y\u0131 ve iltihab\u0131 azalt\u0131r.Bel ve boyun f\u0131t\u0131\u011f\u0131 \u2013 Disk yap\u0131s\u0131n\u0131 g\u00fc\u00e7lendirmeye ve sinir \u00fczerindeki bask\u0131y\u0131 azaltmaya yard\u0131mc\u0131 olabilir.Kas ve ba\u011f dokusu yaralanmalar\u0131 \u2013 Sporcu sakatlanmalar\u0131 ve tendon zedelenmesinde iyile\u015fmeyi h\u0131zland\u0131r\u0131r.Sa\u00e7 d\u00f6k\u00fclmesi (androgenetik alopesi) \u2013 Sa\u00e7 k\u00f6klerini besleyerek sa\u00e7lar\u0131n yeniden \u00e7\u0131kmas\u0131n\u0131 destekler.Otoimm\u00fcn hastal\u0131klar (\u00f6rne\u011fin lupus, MS, romatoid artrit) \u2013 Ba\u011f\u0131\u015f\u0131kl\u0131k sistemini dengeleyerek hastal\u0131k seyrini yava\u015flatabilir.Diyabetik yara ve \u00fclserler \u2013 Doku iyile\u015fmesini h\u0131zland\u0131rarak kronik yaralar\u0131n kapanmas\u0131na katk\u0131 sa\u011flar.Kalp yetmezli\u011fi \u2013 Kalp kas\u0131 fonksiyonlar\u0131n\u0131 desteklemeye y\u00f6nelik ara\u015ft\u0131rmalarda umut vaat etmektedir.Karaci\u011fer yetmezli\u011fi ve siroz \u2013 Karaci\u011fer h\u00fccrelerini destekleyerek organ fonksiyonlar\u0131n\u0131 art\u0131rabilir.<\/p>\n<\/div>\n<\/div>\n<div>\n<div>\n<h2 class=\"h2-header\">G\u00fcvenli mi?<\/h2>\n<\/div>\n<div>\n<p class=\"p-text\">Mezenkimal k\u00f6k h\u00fccre uygulamalar\u0131 genel olarak g\u00fcvenli kabul edilir. \u00d6zellikle ki\u015finin kendi v\u00fccudundan al\u0131nan h\u00fccrelerle yap\u0131ld\u0131\u011f\u0131nda, alerjik reaksiyon ya da doku reddi gibi riskler son derece d\u00fc\u015f\u00fckt\u00fcr. Bu da i\u015flemin g\u00fcvenli\u011fini art\u0131ran en \u00f6nemli fakt\u00f6rlerden biridir.Uygulama s\u0131ras\u0131nda cerrahi bir kesi yap\u0131lmaz, genellikle enjeksiyon y\u00f6ntemiyle ger\u00e7ekle\u015ftirilir. Bu nedenle enfeksiyon riski de olduk\u00e7a d\u00fc\u015f\u00fckt\u00fcr. Ancak t\u00fcm t\u0131bbi i\u015flemlerde oldu\u011fu gibi steril ortamda yap\u0131lmas\u0131 ve deneyimli uzmanlar taraf\u0131ndan uygulanmas\u0131 gerekir. H\u00fccrelerin laboratuvar ko\u015fullar\u0131nda do\u011fru \u015fekilde ayr\u0131\u015ft\u0131r\u0131lmas\u0131 ve saklanmas\u0131 da s\u00fcrecin g\u00fcvenli\u011fi a\u00e7\u0131s\u0131ndan b\u00fcy\u00fck \u00f6nem ta\u015f\u0131r.<\/p>\n<\/div>\n<\/div>\n<div>\n<div>\n<h2 class=\"h2-header\">Mezenkimal K\u00f6k H\u00fccre Fiyatlar\u0131 2025<\/h2>\n<\/div>\n<div>\n<p class=\"p-text\">Mezenkimal k\u00f6k h\u00fccre tedavisi fiyatlar\u0131, kullan\u0131lan h\u00fccre say\u0131s\u0131na, tedavinin amac\u0131na ve klinik hizmet paketlerine g\u00f6re farkl\u0131l\u0131k g\u00f6sterebilir.Tedavi paketi se\u00e7imi yaparken h\u00fccre kayna\u011f\u0131 (\u00f6rne\u011fin ya\u011f dokusu veya kemik ili\u011fi), seans say\u0131s\u0131 ve uygulama amac\u0131 (\u00f6rne\u011fin cilt gen\u00e7le\u015ftirme veya ortopedik kullan\u0131m) g\u00f6z \u00f6n\u00fcnde bulundurulmal\u0131.<\/p>\n<\/div>\n<\/div>\n<div>\n<div>\n<h2 class=\"h2-header\">S\u0131k Sorulan Sorular<\/h2>\n<\/div>\n<div>\n<p class=\"p-text\">Mezenkimal k\u00f6k h\u00fccre nas\u0131l elde edilir?Mezenkimal k\u00f6k h\u00fccre, genellikle ya\u011f dokusu, kemik ili\u011fi veya g\u00f6bek kordonu gibi v\u00fccut kaynaklar\u0131ndan \u00f6zel i\u015flemlerle elde edilir. En s\u0131k tercih edilen y\u00f6ntemlerden biri, ki\u015finin kendi v\u00fccudundan al\u0131nan ya\u011f dokusudur. Bu i\u015flem genellikle kar\u0131n veya bel b\u00f6lgesinden, k\u00fc\u00e7\u00fck bir liposuction y\u00f6ntemiyle al\u0131nan ya\u011f \u00f6rne\u011fiyle ba\u015flar.Al\u0131nan doku, laboratuvar ortam\u0131nda \u00f6zel santrif\u00fcj ve filtreleme i\u015flemlerinden ge\u00e7irilir. Bu i\u015flemler s\u0131ras\u0131nda mezenkimal k\u00f6k h\u00fccreler ayr\u0131\u015ft\u0131r\u0131l\u0131r ve konsantre hale getirilir. H\u00fccrelerin canl\u0131l\u0131\u011f\u0131n\u0131 korumas\u0131 ve uygulama i\u00e7in uygun yo\u011funlukta olmas\u0131, bu a\u015famada b\u00fcy\u00fck \u00f6nem ta\u015f\u0131r.Mezenkimal k\u00f6k h\u00fccre kimlere uygulanabilir?Mezenkimal k\u00f6k h\u00fccre tedavisi, doku yenilenmesini desteklemek ve onar\u0131c\u0131 etki sa\u011flamak isteyen bir\u00e7ok ki\u015fiye uygulanabilir. \u00d6zellikle cilt gen\u00e7le\u015ftirme, sa\u00e7 d\u00f6k\u00fclmesi, eklem problemleri, kas-iskelet sistemi rahats\u0131zl\u0131klar\u0131 ve baz\u0131 kronik hastal\u0131klar\u0131n destek tedavisinde tercih edilir. Bu h\u00fccrelerin onar\u0131c\u0131 ve yenileyici \u00f6zellikleri sayesinde, ya\u015fa ba\u011fl\u0131 de\u011fi\u015fiklikler ya\u015fayan ki\u015filerde de etkili sonu\u00e7lar elde edilebilir.\u0130leri ya\u015fta olup cilt elastikiyet kaybeden, sa\u00e7 yo\u011funlu\u011funda azalma ya\u015fayan ya da eklem a\u011fr\u0131lar\u0131 nedeniyle hareket k\u0131s\u0131tl\u0131l\u0131\u011f\u0131 bulunan ki\u015filer bu tedaviden fayda g\u00f6rebilir. Ayn\u0131 zamanda uzun s\u00fcreli cilt y\u0131pranmas\u0131, g\u00fcne\u015f hasar\u0131 veya sivilce izleri gibi estetik sorunlara y\u00f6nelik uygulamalarda da kullan\u0131labilir. Cerrahi i\u015flem istemeyen ve do\u011fal yollarla yenilenmeyi tercih eden bireyler i\u00e7in destekleyici bir y\u00f6ntem sunar.Tedavi a\u011fr\u0131l\u0131 m\u0131?Mezenkimal k\u00f6k h\u00fccre tedavisi genellikle a\u011fr\u0131l\u0131 bir i\u015flem de\u011fildir. Uygulama s\u0131ras\u0131nda kullan\u0131lan lokal anestezi sayesinde ki\u015fi herhangi bir ac\u0131 ya da rahats\u0131zl\u0131k hissetmez. H\u00fccrelerin al\u0131nd\u0131\u011f\u0131 b\u00f6lge (\u00f6rne\u011fin kar\u0131n ya da kal\u00e7a gibi ya\u011f dokusunun bulundu\u011fu alanlar) k\u00fc\u00e7\u00fck bir giri\u015fimle i\u015flemden ge\u00e7irilir ve bu s\u0131rada da anestezi uygulan\u0131r.K\u00f6k h\u00fccrelerin v\u00fccuda enjekte edilmesi de genellikle ince i\u011fnelerle yap\u0131l\u0131r. Bu i\u015flem s\u0131ras\u0131nda hafif bir bask\u0131 ya da batma hissi olabilir, ancak bu his k\u0131sa s\u00fcrelidir ve \u00e7o\u011fu ki\u015fi taraf\u0131ndan kolayl\u0131kla tolere edilir. Tedavi sonras\u0131 d\u00f6nemde uygulama yap\u0131lan b\u00f6lgede hafif bir hassasiyet veya ge\u00e7ici morluk g\u00f6r\u00fclebilir. Bu durumlar normaldir ve birka\u00e7 g\u00fcn i\u00e7inde kendili\u011finden d\u00fczelir.Ka\u00e7 seansta etkisini g\u00f6sterir?Mezenkimal k\u00f6k h\u00fccre tedavisi genellikle ilk seanstan sonra etkisini g\u00f6stermeye ba\u015flar, ancak belirgin sonu\u00e7lar genellikle 4 ila 8 hafta i\u00e7inde ortaya \u00e7\u0131kar. H\u00fccrelerin v\u00fccutta etki g\u00f6stermesi, onar\u0131m s\u00fcrecini ba\u015flatmas\u0131 ve dokulara uyum sa\u011flamas\u0131 zaman alabilir. Bu nedenle hemen g\u00f6zle g\u00f6r\u00fcl\u00fcr bir de\u011fi\u015fim beklemek yerine, s\u00fcrecin do\u011fal iyile\u015fme ritmine g\u00f6re ilerlemesi gerekir.<\/p>\n<\/div>\n<\/div>\n<\/div>\n<\/section>\n","protected":false},"excerpt":{"rendered":"<p>Mezenkimal K\u00f6k H\u00fccre Dr. Terziler Exclusive Clinic \u00bb Medikal Estetik \u00bb Y\u00fcz Uygulamalar\u0131 \u00bb K\u00f6k H\u00fccre Uygulamalar\u0131 \u00bb Mezenkimal K\u00f6k H\u00fccre \u0130\u00e7indekiler Mezenkimal K\u00f6k H\u00fccre Nedir? Mezenkimal k\u00f6k h\u00fccre, v\u00fccutta \u00e7e\u015fitli doku ve h\u00fccre t\u00fcrlerine d\u00f6n\u00fc\u015fme potansiyeline sahip \u00f6zel h\u00fccrelerdir. Bu h\u00fccreler genellikle kemik ili\u011fi, ya\u011f dokusu ve g\u00f6bek kordonu gibi kaynaklardan elde edilir. \u00d6zellikle [&hellip;]<\/p>\n","protected":false},"author":6,"featured_media":0,"parent":16717,"menu_order":0,"comment_status":"closed","ping_status":"closed","template":"","meta":{"footnotes":""},"class_list":["post-16826","page","type-page","status-publish","hentry"],"_links":{"self":[{"href":"https:\/\/drterziler.com\/tr\/wp-json\/wp\/v2\/pages\/16826","targetHints":{"allow":["GET"]}}],"collection":[{"href":"https:\/\/drterziler.com\/tr\/wp-json\/wp\/v2\/pages"}],"about":[{"href":"https:\/\/drterziler.com\/tr\/wp-json\/wp\/v2\/types\/page"}],"author":[{"embeddable":true,"href":"https:\/\/drterziler.com\/tr\/wp-json\/wp\/v2\/users\/6"}],"replies":[{"embeddable":true,"href":"https:\/\/drterziler.com\/tr\/wp-json\/wp\/v2\/comments?post=16826"}],"version-history":[{"count":23,"href":"https:\/\/drterziler.com\/tr\/wp-json\/wp\/v2\/pages\/16826\/revisions"}],"predecessor-version":[{"id":61393,"href":"https:\/\/drterziler.com\/tr\/wp-json\/wp\/v2\/pages\/16826\/revisions\/61393"}],"up":[{"embeddable":true,"href":"https:\/\/drterziler.com\/tr\/wp-json\/wp\/v2\/pages\/16717"}],"wp:attachment":[{"href":"https:\/\/drterziler.com\/tr\/wp-json\/wp\/v2\/media?parent=16826"}],"curies":[{"name":"wp","href":"https:\/\/api.w.org\/{rel}","templated":true}]}}