{"id":16881,"date":"2025-01-28T07:48:33","date_gmt":"2025-01-28T07:48:33","guid":{"rendered":"https:\/\/drterziler.com\/?page_id=16881"},"modified":"2026-05-04T12:56:45","modified_gmt":"2026-05-04T12:56:45","slug":"skinbooster","status":"publish","type":"page","link":"https:\/\/drterziler.com\/tr\/medikal-estetik\/yuz-uygulamalari\/skinbooster\/","title":{"rendered":"Skinbooster"},"content":{"rendered":"<div class=\"page-content\">\n<div id=\"header-area\">\n<div class=\"container\" id=\"firstContent\">\n<div class=\"header-content d-flex flex-column\">\n<h1 class=\"content-title h1-header\">Skinbooster<\/h1>\n<div class=\"content-paragraph\">\n<p class=\"p-text\">Skinbooster cilt sa\u011fl\u0131\u011f\u0131n\u0131 ve g\u00f6r\u00fcn\u00fcm\u00fcn\u00fc yeniden canland\u0131ran, son derece etkili ve inovatif bir tedavi y\u00f6ntemidir. Hyaluronik asit i\u00e7eren form\u00fcl\u00fc sayesinde cildi derinlemesine nemlendirir, elastikiyetini art\u0131r\u0131r ve ya\u015flanma belirtilerini minimize eder. Do\u011fal, \u0131\u015f\u0131lt\u0131l\u0131 bir cilt g\u00f6r\u00fcn\u00fcm\u00fc sa\u011flayarak, sa\u011fl\u0131kl\u0131 bir gen\u00e7le\u015fme etkisi yarat\u0131r ve cildi daha canl\u0131 hale getirir.<\/p>\n<\/p><\/div>\n<nav aria-label=\"breadcrumb\" class=\"breadcrumbs\">\n<ul class=\"d-flex align-items-center mb-0\">\n<li><a class=\"link\" href=\"https:\/\/drterziler.com\/tr\/\"><span>Dr. Terziler Exclusive Clinic<\/span><\/a><\/li>\n<li class=\"separator\">\u00bb<\/li>\n<li><a class=\"link\" href=\"https:\/\/drterziler.com\/tr\/medikal-estetik\/\"><span>Medikal Estetik<\/span><\/a><\/li>\n<li class=\"separator\">\u00bb<\/li>\n<li><a class=\"link\" href=\"https:\/\/drterziler.com\/tr\/medikal-estetik\/yuz-uygulamalari\/\"><span>Y\u00fcz Uygulamalar\u0131<\/span><\/a><\/li>\n<li class=\"separator\">\u00bb<\/li>\n<li class=\"current-page\"><span>Skinbooster<\/span><\/li>\n<\/ul>\n<\/nav><\/div>\n<\/p><\/div>\n<\/p><\/div>\n<\/div>\n<section id=\"content-area\">\n<div class=\"container my-5\">\n<div class=\"row align-items-start\">\n<div class=\"col-md-6 order-2 order-md-1\">\n<div class=\"custom-toc-box\">\n<div id=\"toc-header\">\n<h4>\u0130\u00e7indekiler<\/h4>\n<div class=\"toc-toggle-icon\"><\/div>\n<\/p><\/div>\n<div class=\"toc-full-divider\"><\/div>\n<div id=\"toc-body\">\n<div id=\"toc-container\"><\/div>\n<\/p><\/div>\n<\/p><\/div>\n<\/p><\/div>\n<div class=\"col-md-6 order-1 order-md-2\" id=\"jForm\">\n                <script type=\"text\/javascript\" src=\"https:\/\/form.jotform.com\/jsform\/242882264736970\"><\/script>\n            <\/div>\n<\/p><\/div>\n<\/p><\/div>\n<div class=\"container\">\n<div class=\"img-thumb\">\n            <img loading=\"lazy\" decoding=\"async\" src=\"https:\/\/drterziler.com\/wp-content\/uploads\/2025\/01\/Skinbooster.webp\" sizes=\"auto, (max-width: 1920px) 100vw, 1920px\" srcset=\"https:\/\/drterziler.com\/wp-content\/uploads\/2025\/01\/Skinbooster.webp 1920w, https:\/\/drterziler.com\/wp-content\/uploads\/2025\/01\/Skinbooster-300x169.webp 300w, https:\/\/drterziler.com\/wp-content\/uploads\/2025\/01\/Skinbooster-1024x576.webp 1024w, https:\/\/drterziler.com\/wp-content\/uploads\/2025\/01\/Skinbooster-768x432.webp 768w, https:\/\/drterziler.com\/wp-content\/uploads\/2025\/01\/Skinbooster-1536x864.webp 1536w\" alt=\"skinbooster\" width=\"1920\" height=\"1080\" \/>\n        <\/div>\n<div>\n<div>\n<h2 class=\"h2-header\">Skinbooster Nedir?<\/h2>\n<\/p><\/div>\n<div>\n<p class=\"p-text\">Skinbooster, cildin nem seviyesini art\u0131rmak ve dokusunu iyile\u015ftirmek amac\u0131yla hyaluronik asit bazl\u0131 \u00f6zel bir dolgu maddesinin cilde ince enjeksiyonlarla verilmesi i\u015flemidir. Bu y\u00f6ntem, cildin derinlemesine nemlenmesini sa\u011flayarak daha gen\u00e7, sa\u011fl\u0131kl\u0131 ve parlak bir g\u00f6r\u00fcn\u00fcm elde edilmesine yard\u0131mc\u0131 olur. Skinbooster uygulamas\u0131 ciltteki ince \u00e7izgilerin ve p\u00fcr\u00fczlerin azalmas\u0131na destek olurken, elastikiyetin artmas\u0131na da katk\u0131 sa\u011flar. Cildin do\u011fal yap\u0131s\u0131n\u0131 bozmadan, i\u00e7ten nemlendirme prensibiyle \u00e7al\u0131\u015fan bu tedavi, cildin genel kalitesini y\u00fckseltir. Bu nedenle, cilt yenileme ve canland\u0131rma isteyenler i\u00e7in etkili ve minimal invaziv bir \u00e7\u00f6z\u00fcm olarak tercih edilmektedir.<\/p>\n<\/p><\/div>\n<\/p><\/div>\n<div>\n<div>\n<h2 class=\"h2-header\">Skinbooster Nas\u0131l Uygulan\u0131r?<\/h2>\n<\/p><\/div>\n<div>\n<p class=\"p-text\">Skinbooster uygulamas\u0131, hyaluronik asit bazl\u0131 \u00f6zel bir sol\u00fcsyonun cildin ihtiya\u00e7 duydu\u011fu b\u00f6lgelere ince ve y\u00fczeysel enjeksiyonlar yoluyla verilmesi ile ger\u00e7ekle\u015ftirilir. \u0130\u015flem \u00f6ncesinde cilt temizlenir ve genellikle uygulama b\u00f6lgesine lokal anestezik krem s\u00fcr\u00fclerek konfor sa\u011flan\u0131r. Ard\u0131ndan, \u00e7ok ince u\u00e7lu i\u011fneler veya mezoterapi kalemi kullan\u0131larak hyaluronik asit cildin orta tabakas\u0131na dikkatlice enjekte edilir. Bu teknik sayesinde cilt derinlemesine nemlenir, elastikiyet artar ve cilt dokusunda iyile\u015fme sa\u011flan\u0131r. Uygulaman\u0131n minimal invaziv olmas\u0131, hastalar\u0131n g\u00fcnl\u00fck ya\u015fam\u0131na h\u0131zl\u0131ca d\u00f6nmesine olanak verir ve i\u015flemin etkileri zamanla artarak daha do\u011fal bir g\u00f6r\u00fcn\u00fcm olu\u015fturur.<\/p>\n<\/p><\/div>\n<\/p><\/div>\n<div>\n<div>\n<h2 class=\"h2-header\">Avantajlar\u0131 Nelerdir?<\/h2>\n<\/p><\/div>\n<div>\n<p class=\"p-text\">Cilt nem dengesini h\u0131zla art\u0131r\u0131r. Cildin elastikiyetini ve s\u0131k\u0131l\u0131\u011f\u0131n\u0131 iyile\u015ftirir. K\u0131r\u0131\u015f\u0131kl\u0131klar\u0131 azalt\u0131r ve ince \u00e7izgileri yumu\u015fat\u0131r. Cilt tonunu e\u015fitler ve \u0131\u015f\u0131lt\u0131l\u0131 bir g\u00f6r\u00fcn\u00fcm sa\u011flar. Cildin do\u011fal gen\u00e7lik havas\u0131n\u0131 geri kazand\u0131r\u0131r. Derinlemesine besleyici etki sa\u011flar. Minimal m\u00fcdahaleyle etkili sonu\u00e7lar elde edilir.<\/p>\n<\/p><\/div>\n<\/p><\/div>\n<div>\n<div>\n<h2 class=\"h2-header\">Nas\u0131l Bir G\u00f6r\u00fcn\u00fcm Sa\u011flar?<\/h2>\n<\/p><\/div>\n<div>\n<p class=\"p-text\">Skinbooster tedavisi, cilde nem ve \u0131\u015f\u0131lt\u0131 kazand\u0131r\u0131r. Cilt daha canl\u0131, taze ve gen\u00e7 bir g\u00f6r\u00fcn\u00fcm elde eder. K\u0131r\u0131\u015f\u0131kl\u0131klar ve ince \u00e7izgiler azal\u0131rken, cilt daha s\u0131k\u0131 ve p\u00fcr\u00fczs\u00fcz hale gelir. Tedavi, sa\u011fl\u0131kl\u0131 bir \u0131\u015f\u0131lt\u0131 ve ayd\u0131nl\u0131k bir cilt tonu sa\u011flar.<\/p>\n<\/p><\/div>\n<\/p><\/div>\n<div>\n<div>\n<h2 class=\"h2-header\">Kimler \u0130\u00e7in Uygundur?<\/h2>\n<\/p><\/div>\n<div>\n<p class=\"p-text\">Cildinin nem dengesini kaybetmi\u015f ki\u015filer. \u0130nce \u00e7izgiler ve k\u0131r\u0131\u015f\u0131kl\u0131klardan \u015fikayet\u00e7i olanlar. Gen\u00e7, \u0131\u015f\u0131lt\u0131l\u0131 ve sa\u011fl\u0131kl\u0131 bir cilt isteyenler. Y\u00fczdeki sarkma veya elastikiyet kayb\u0131 ya\u015fayanlar. Cerrahi m\u00fcdahaleyi tercih etmeyen bireyler. Cilt tonunda d\u00fczensizlik ya\u015fayanlar. Sa\u011fl\u0131kl\u0131, do\u011fal bir cilt g\u00f6r\u00fcn\u00fcm\u00fc arayanlar.<\/p>\n<\/p><\/div>\n<\/p><\/div>\n<div>\n<div>\n<h2 class=\"h2-header\">Neden Pop\u00fclerdir?<\/h2>\n<\/p><\/div>\n<div>\n<p class=\"p-text\">Skinbooster, minimal m\u00fcdahale ile maksimum sonu\u00e7 sunar. Cilt gen\u00e7le\u015ftirme ve nem art\u0131rma i\u015flemlerinde g\u00fcvenilir, h\u0131zl\u0131 ve etkili sonu\u00e7lar verdi\u011fi i\u00e7in olduk\u00e7a pop\u00fclerdir. Ayr\u0131ca, do\u011fal g\u00f6r\u00fcn\u00fcm\u00fc koruyarak ciltteki ya\u015flanma belirtilerini belirgin \u015fekilde azalt\u0131r. Y\u00fcksek memnuniyet oranlar\u0131 ve d\u00fc\u015f\u00fck risk profili de tedavinin pop\u00fclerli\u011fini art\u0131ran fakt\u00f6rlerdir.<\/p>\n<\/p><\/div>\n<\/p><\/div>\n<div>\n<div>\n<h2 class=\"h2-header\">Hangi B\u00f6lgelerde Skinbooster Uygulamas\u0131 Yap\u0131labilir?<\/h2>\n<\/p><\/div>\n<div>\n<p class=\"p-text\">Skinbooster uygulamas\u0131 en s\u0131k y\u00fcz, boyun, dekolte ve el s\u0131rt\u0131 b\u00f6lgesine yap\u0131labilir. Bu alanlar, ciltte nem kayb\u0131 ve ince \u00e7izgilerin en belirginle\u015fti\u011fi noktalard\u0131r; hyaluronik asit i\u00e7eren \u00fcr\u00fcnler, bu b\u00f6lgelerdeki cilt dokusunu derinlemesine nemlendirmeye ve elastikiyeti art\u0131rmaya yard\u0131mc\u0131 olur. \u00d6zellikle y\u00fcz b\u00f6lgesinde, elmac\u0131k kemiklerinin alt\u0131ndan \u00e7eneye kadar uzanan b\u00f6lge, ince \u00e7izgi ve hacim kayb\u0131n\u0131n g\u00f6zlendi\u011fi alanlard\u0131r. Boyun ve dekolte b\u00f6lgesi ise cilt bariyerinin incelmesi nedeniyle erken ya\u015flanma belirtilerinin belirdi\u011fi k\u0131s\u0131mlard\u0131r; cilt alt\u0131na enjekte edilen skinbooster, kollajen sentezini uyarmak suretiyle bu b\u00f6lgelerde p\u00fcr\u00fczs\u00fczl\u00fck ve s\u0131k\u0131l\u0131k sa\u011flar. El s\u0131rt\u0131, g\u00fcnl\u00fck ya\u015fant\u0131da s\u0131k\u00e7a g\u00f6z \u00f6n\u00fcnde oldu\u011fu ve s\u0131k\u00e7a y\u0131kama, temizlik i\u015flemlerine maruz kald\u0131\u011f\u0131 i\u00e7in kuruma ve nem kayb\u0131na e\u011filimlidir; skinbooster uygulamas\u0131yla bu b\u00f6lgede canl\u0131l\u0131k ve dolgunluk kazanmak m\u00fcmk\u00fcnd\u00fcr. Cildin nem dengesinin sa\u011flanmas\u0131, ince \u00e7izgilerin g\u00f6r\u00fcn\u00fcm\u00fcn\u00fc azaltmak ve daha gen\u00e7 bir g\u00f6r\u00fcn\u00fcm elde etmek i\u00e7in cilt alt\u0131na uygulanan hyaluronik bazl\u0131 form\u00fcller, en \u00e7ok bahsedilen b\u00f6lgelere ideal \u00e7\u00f6z\u00fcmler sunar. Y\u00fcz b\u00f6lgesinde cildin ince yap\u0131s\u0131 ve yo\u011fun mimik kullan\u0131m\u0131, nem kayb\u0131na ve ince \u00e7izgi olu\u015fumuna zemin haz\u0131rlar; skinbooster, cilt i\u00e7erisine n\u00fcfuz ederek uzun s\u00fcreli nemlendirmenin yan\u0131 s\u0131ra cilt bariyerini g\u00fc\u00e7lendirir. Boyun ve dekolte b\u00f6lgesinde ise cilt yap\u0131s\u0131 kal\u0131nla\u015fmak yerine daha ince ve hassas bir yap\u0131ya sahiptir; bu durumu destekleyen hyaluronik asit, elastik lifleri g\u00fc\u00e7lendirerek dokudaki sarkma ve k\u0131r\u0131\u015f\u0131kl\u0131klar\u0131n gecikmesine yard\u0131mc\u0131 olur. El s\u0131rt\u0131 b\u00f6lgesine uygulanan skinbooster, g\u00fcnl\u00fck hayat\u0131n y\u0131prat\u0131c\u0131 etkilerini azaltarak ellerdeki ince damar g\u00f6r\u00fcn\u00fcm\u00fcn\u00fc hafifletmeye ve canl\u0131l\u0131k kazand\u0131rmaya y\u00f6nelik ek faydalar sa\u011flar. Cildin daha sa\u011fl\u0131kl\u0131 ve gen\u00e7 g\u00f6r\u00fcnmesini hedefleyen bu uygulama, i\u015flem sonras\u0131nda k\u0131sa s\u00fcrede toparlanma s\u00fcreci sunar. Hafif bir uyu\u015fma veya k\u0131zar\u0131kl\u0131k olu\u015fsa da, genellikle birka\u00e7 saat i\u00e7inde d\u00fczelir ve g\u00fcnl\u00fck rutine engel te\u015fkil etmez. \u0130\u015flem s\u0131ras\u0131nda kullan\u0131lan ince u\u00e7lu kan\u00fcller, uygulaman\u0131n a\u011fr\u0131 d\u00fczeyini minimuma indirir ve enjeksiyonun cilt alt\u0131na e\u015fit da\u011f\u0131l\u0131m\u0131n\u0131 sa\u011flar. Daha canl\u0131, p\u00fcr\u00fczs\u00fcz ve nemli bir cilt g\u00f6r\u00fcn\u00fcm\u00fc elde etmek isteyen ki\u015filer, skinbooster uygulamas\u0131 ile hedefledikleri sonuca ula\u015fabilirler. Detayl\u0131 bilgi almak ve size en uygun cilt canland\u0131rma plan\u0131n\u0131 \u00f6\u011frenmek i\u00e7in hemen klini\u011fimizle ileti\u015fime ge\u00e7in!<\/p>\n<\/p><\/div>\n<\/p><\/div>\n<div>\n<div>\n<h2 class=\"h2-header\">Skinbooster Uygulamas\u0131 \u00d6ncesinde Nelere Dikkat Edilmeli?<\/h2>\n<\/p><\/div>\n<div>\n<p class=\"p-text\">Genelde skinbooster uygulamas\u0131 \u00f6ncesinde dikkat edilmesi gereken en \u00f6nemli hususlardan biri, cildin temiz ve sa\u011fl\u0131kl\u0131 olmas\u0131d\u0131r. \u0130\u015flemden \u00f6nce ciltte herhangi bir enfeksiyon, tahri\u015f veya a\u00e7\u0131k yara bulunmamas\u0131 gerekir \u00e7\u00fcnk\u00fc bu durumlar enjeksiyon b\u00f6lgesinde komplikasyon riskini art\u0131rabilir. Ayr\u0131ca, kan suland\u0131r\u0131c\u0131 ila\u00e7lar veya aspirin kullan\u0131m\u0131 varsa, i\u015flem \u00f6ncesinde bu durumun doktorla payla\u015f\u0131lmas\u0131 \u00f6nemlidir; \u00e7\u00fcnk\u00fc bu t\u00fcr ila\u00e7lar uygulama sonras\u0131 morarma riskini y\u00fckseltebilir. Uygulamadan birka\u00e7 g\u00fcn \u00f6nce a\u015f\u0131r\u0131 g\u00fcne\u015f maruziyetinden ka\u00e7\u0131nmak ve alkol t\u00fcketimini s\u0131n\u0131rland\u0131rmak da cildin hassasiyetini azaltmaya yard\u0131mc\u0131 olur. Bu haz\u0131rl\u0131klar, skinbooster uygulamas\u0131n\u0131n daha g\u00fcvenli ve etkili olmas\u0131n\u0131 sa\u011flar.<\/p>\n<\/p><\/div>\n<\/p><\/div>\n<div>\n<div>\n<h2 class=\"h2-header\">Skinbooster Sonu\u00e7lar\u0131 Ne Kadar Kal\u0131c\u0131d\u0131r?<\/h2>\n<\/p><\/div>\n<div>\n<p class=\"p-text\">Skinbooster tedavisinin sonu\u00e7lar\u0131, genellikle 6-12 ay kadar kal\u0131c\u0131d\u0131r. Cildin durumu ve ya\u015fam tarz\u0131na ba\u011fl\u0131 olarak, tedavi sonu\u00e7lar\u0131 uzun s\u00fcreli etkiler sa\u011flar. Ancak, etkinin s\u00fcrd\u00fcr\u00fclebilmesi i\u00e7in y\u0131lda bir veya iki seans yenileme \u00f6nerilir.<\/p>\n<\/p><\/div>\n<\/p><\/div>\n<div>\n<div>\n<h2 class=\"h2-header\">Ac\u0131, A\u011fr\u0131 Hissedilir mi?<\/h2>\n<\/p><\/div>\n<div>\n<p class=\"p-text\">Skinbooster tedavisi genellikle minimal a\u011fr\u0131 ve rahats\u0131zl\u0131k ile yap\u0131l\u0131r. Lokal anestezi uygulanaca\u011f\u0131 i\u00e7in i\u015flem s\u0131ras\u0131nda ac\u0131 hissedilmez. \u0130\u015flem sonras\u0131 ise hafif bir hassasiyet veya \u015fi\u015flik olabilir, ancak bu durum ge\u00e7icidir ve birka\u00e7 saat i\u00e7inde yok olur.<\/p>\n<\/p><\/div>\n<\/p><\/div>\n<div>\n<div>\n<h2 class=\"h2-header\">Neden Dr. Terziler Exclusive Clinic?<\/h2>\n<\/p><\/div>\n<div>\n<p class=\"p-text\">Dr. Terziler, d\u00fcnya \u00e7ap\u0131nda tan\u0131nan uzmanl\u0131\u011f\u0131 ve sanatla bilimi bulu\u015fturan estetik yakla\u015f\u0131m\u0131yla ki\u015fiye \u00f6zel \u00e7\u00f6z\u00fcmler sunarak yaln\u0131zca fiziksel de\u011fil, duygusal bir d\u00f6n\u00fc\u015f\u00fcm de ya\u015fat\u0131r. \u0130leri teknolojilerle donat\u0131lm\u0131\u015f, konfor ve g\u00fcven esas\u0131yla faaliyet g\u00f6steren klini\u011fimiz, kusursuzlu\u011fu bir kurum felsefesi olarak benimser. \u00c7\u00fcnk\u00fc burada her dokunu\u015f, b\u00fct\u00fcnsel sa\u011fl\u0131\u011f\u0131n\u0131z\u0131 ve mutlulu\u011funuzu hedefler.<\/p>\n<\/p><\/div>\n<\/p><\/div>\n<div>\n<div>\n<h2 class=\"h2-header\">Skinbooster Fiyatlar\u0131 2026<\/h2>\n<\/p><\/div>\n<div>\n<p class=\"p-text\">Skinbooster tedavisi fiyatlar\u0131, i\u015flemin uygulanaca\u011f\u0131 b\u00f6lge say\u0131s\u0131na, uygulama dozuna veya tercih edilecek kombine tedavilere g\u00f6re de\u011fi\u015fkenlik g\u00f6sterebilir. Bu nedenle, en sa\u011fl\u0131kl\u0131 bilgiler i\u00e7in l\u00fctfen sa\u011fl\u0131k dan\u0131\u015fanlar\u0131m\u0131z ile ileti\u015fime ge\u00e7iniz.<\/p>\n<\/p><\/div>\n<\/p><\/div>\n<\/p><\/div>\n<\/section>\n","protected":false},"excerpt":{"rendered":"<p>Skinbooster Skinbooster cilt sa\u011fl\u0131\u011f\u0131n\u0131 ve g\u00f6r\u00fcn\u00fcm\u00fcn\u00fc yeniden canland\u0131ran, son derece etkili ve inovatif bir tedavi y\u00f6ntemidir. Hyaluronik asit i\u00e7eren form\u00fcl\u00fc sayesinde cildi derinlemesine nemlendirir, elastikiyetini art\u0131r\u0131r ve ya\u015flanma belirtilerini minimize eder. Do\u011fal, \u0131\u015f\u0131lt\u0131l\u0131 bir cilt g\u00f6r\u00fcn\u00fcm\u00fc sa\u011flayarak, sa\u011fl\u0131kl\u0131 bir gen\u00e7le\u015fme etkisi yarat\u0131r ve cildi daha canl\u0131 hale getirir. Dr. Terziler Exclusive Clinic \u00bb Medikal Estetik [&hellip;]<\/p>\n","protected":false},"author":6,"featured_media":0,"parent":15913,"menu_order":0,"comment_status":"closed","ping_status":"closed","template":"","meta":{"footnotes":""},"class_list":["post-16881","page","type-page","status-publish","hentry"],"_links":{"self":[{"href":"https:\/\/drterziler.com\/tr\/wp-json\/wp\/v2\/pages\/16881","targetHints":{"allow":["GET"]}}],"collection":[{"href":"https:\/\/drterziler.com\/tr\/wp-json\/wp\/v2\/pages"}],"about":[{"href":"https:\/\/drterziler.com\/tr\/wp-json\/wp\/v2\/types\/page"}],"author":[{"embeddable":true,"href":"https:\/\/drterziler.com\/tr\/wp-json\/wp\/v2\/users\/6"}],"replies":[{"embeddable":true,"href":"https:\/\/drterziler.com\/tr\/wp-json\/wp\/v2\/comments?post=16881"}],"version-history":[{"count":26,"href":"https:\/\/drterziler.com\/tr\/wp-json\/wp\/v2\/pages\/16881\/revisions"}],"predecessor-version":[{"id":63118,"href":"https:\/\/drterziler.com\/tr\/wp-json\/wp\/v2\/pages\/16881\/revisions\/63118"}],"up":[{"embeddable":true,"href":"https:\/\/drterziler.com\/tr\/wp-json\/wp\/v2\/pages\/15913"}],"wp:attachment":[{"href":"https:\/\/drterziler.com\/tr\/wp-json\/wp\/v2\/media?parent=16881"}],"curies":[{"name":"wp","href":"https:\/\/api.w.org\/{rel}","templated":true}]}}