{"id":17158,"date":"2025-01-28T08:21:45","date_gmt":"2025-01-28T08:21:45","guid":{"rendered":"https:\/\/drterziler.com\/?page_id=17158"},"modified":"2026-04-06T11:58:29","modified_gmt":"2026-04-06T11:58:29","slug":"ben-tedavisi","status":"publish","type":"page","link":"https:\/\/drterziler.com\/tr\/medikal-estetik\/dermatoloji\/ben-tedavisi\/","title":{"rendered":"Ben Tedavisi"},"content":{"rendered":"<div class=\"page-content\">\n<div id=\"header-area\">\n<div class=\"container\" id=\"firstContent\">\n<div class=\"header-content d-flex flex-column\">\n<h1 class=\"content-title h1-header\">Ben Tedavisi<\/h1>\n<div class=\"content-paragraph\">\n<p class=\"p-text\">Ben tedavisi, ciltteki istenmeyen benlerin estetik veya sa\u011fl\u0131k nedenleriyle giderilmesi i\u00e7in uygulanan modern bir tedavi y\u00f6ntemidir. Lazer, cerrahi eksizyon veya kriyoterapi gibi tekniklerle ger\u00e7ekle\u015ftirilen bu i\u015flem, hem g\u00fcvenli hem de minimal iz b\u0131rakacak \u015fekilde planlan\u0131r. Ki\u015fiye \u00f6zel bir yakla\u015f\u0131mla yap\u0131lan tedavi, p\u00fcr\u00fczs\u00fcz ve sa\u011fl\u0131kl\u0131 bir cilt g\u00f6r\u00fcn\u00fcm\u00fc sa\u011flamay\u0131 hedefler.<\/p>\n<\/p><\/div>\n<nav aria-label=\"breadcrumb\" class=\"breadcrumbs\">\n<ul class=\"d-flex align-items-center mb-0\">\n<li><a class=\"link\" href=\"https:\/\/drterziler.com\/tr\/\"><span>Dr. Terziler Exclusive Clinic<\/span><\/a><\/li>\n<li class=\"separator\">\u00bb<\/li>\n<li><a class=\"link\" href=\"https:\/\/drterziler.com\/tr\/medikal-estetik\/\"><span>Medikal Estetik<\/span><\/a><\/li>\n<li class=\"separator\">\u00bb<\/li>\n<li><a class=\"link\" href=\"https:\/\/drterziler.com\/tr\/medikal-estetik\/dermatoloji\/\"><span>Dermatoloji<\/span><\/a><\/li>\n<li class=\"separator\">\u00bb<\/li>\n<li class=\"current-page\"><span>Ben Tedavisi<\/span><\/li>\n<\/ul>\n<\/nav><\/div>\n<\/p><\/div>\n<\/p><\/div>\n<\/div>\n<section id=\"content-area\">\n<div class=\"container my-5\">\n<div class=\"row align-items-start\">\n<div class=\"col-md-6 order-2 order-md-1\">\n<div class=\"custom-toc-box\">\n<div id=\"toc-header\">\n<h4>\u0130\u00e7indekiler<\/h4>\n<div class=\"toc-toggle-icon\"><\/div>\n<\/p><\/div>\n<div class=\"toc-full-divider\"><\/div>\n<div id=\"toc-body\">\n<div id=\"toc-container\"><\/div>\n<\/p><\/div>\n<\/p><\/div>\n<\/p><\/div>\n<div class=\"col-md-6 order-1 order-md-2\" id=\"jForm\">\n                <script type=\"text\/javascript\" src=\"https:\/\/form.jotform.com\/jsform\/242882264736970\"><\/script>\n            <\/div>\n<\/p><\/div>\n<\/p><\/div>\n<div class=\"container\">\n<div class=\"img-thumb\">\n            <img loading=\"lazy\" decoding=\"async\" width=\"1920\" height=\"1080\" src=\"https:\/\/drterziler.com\/wp-content\/uploads\/2025\/01\/Ben-Tedavisi.webp\" alt=\"\" srcset=\"https:\/\/drterziler.com\/wp-content\/uploads\/2025\/01\/Ben-Tedavisi.webp 1920w, https:\/\/drterziler.com\/wp-content\/uploads\/2025\/01\/Ben-Tedavisi-300x169.webp 300w, https:\/\/drterziler.com\/wp-content\/uploads\/2025\/01\/Ben-Tedavisi-1024x576.webp 1024w, https:\/\/drterziler.com\/wp-content\/uploads\/2025\/01\/Ben-Tedavisi-768x432.webp 768w, https:\/\/drterziler.com\/wp-content\/uploads\/2025\/01\/Ben-Tedavisi-1536x864.webp 1536w\" sizes=\"auto, (max-width: 1920px) 100vw, 1920px\">\n        <\/div>\n<div>\n<div>\n<h2 class=\"h2-header\">Ben Tedavisi Nedir?<\/h2>\n<\/p><\/div>\n<div>\n<p class=\"p-text\">Ben tedavisi, cilt \u00fczerinde olu\u015fan farkl\u0131 renk ve b\u00fcy\u00fckl\u00fcklerdeki benlerin estetik veya sa\u011fl\u0131k a\u00e7\u0131s\u0131ndan giderilmesi i\u00e7in uygulanan bir dermatolojik i\u015flemdir. Tedavi, genellikle dermatolojik muayene ile ba\u015flar ve benin t\u00fcr\u00fcne g\u00f6re uygun y\u00f6ntem se\u00e7ilir. Lazer, kriyoterapi, cerrahi eksizyon veya radyo frekans y\u00f6ntemleri gibi \u00e7e\u015fitli uygulamalar mevcuttur. Ben tedavisi, hem estetik kayg\u0131lar\u0131 gidermek hem de potansiyel cilt kanseri riskini \u00f6nlemek amac\u0131yla yap\u0131labilir.<\/p>\n<\/p><\/div>\n<\/p><\/div>\n<div>\n<div>\n<h2 class=\"h2-header\">Ben Tedavisinin Avantajlar\u0131 Nelerdir?<\/h2>\n<\/p><\/div>\n<div>\n<p class=\"p-text\">Estetik G\u00f6r\u00fcn\u00fcm\u00fc \u0130yile\u015ftirir Minimal \u0130nvazivdir Cilt Sa\u011fl\u0131\u011f\u0131n\u0131 Korur H\u0131zl\u0131 Sonu\u00e7 Verir Ki\u015fiye \u00d6zel \u00c7\u00f6z\u00fcmler Sunar Kal\u0131c\u0131 Sonu\u00e7lar Sa\u011flar Tamamen G\u00fcvenlidir Psikolojik Rahatlama Sa\u011flar<\/p>\n<\/p><\/div>\n<\/p><\/div>\n<div>\n<div>\n<h2 class=\"h2-header\">Ben Tedavisi Kimler \u0130\u00e7in Uygundur?<\/h2>\n<\/p><\/div>\n<div>\n<p class=\"p-text\">B\u00fcy\u00fcyen veya De\u011fi\u015fen Benleri Olanlar Estetik Kayg\u0131s\u0131 Olanlar Sa\u011fl\u0131k Riski Ta\u015f\u0131yanlar Cilt Tonunu D\u00fczg\u00fcnle\u015ftirmek \u0130steyenler A\u011fr\u0131s\u0131z ve H\u0131zl\u0131 \u00c7\u00f6z\u00fcm Arayanlar \u0130\u015flevsel Rahats\u0131zl\u0131k Ya\u015fayanlar Genetik Yatk\u0131nl\u0131\u011f\u0131 Olanlar Daha \u0130yi \u00d6z Bak\u0131m Hedefleyenler<\/p>\n<\/p><\/div>\n<\/p><\/div>\n<div>\n<div>\n<h2 class=\"h2-header\">Ben Tedavisi Neden Pop\u00fclerdir?<\/h2>\n<\/p><\/div>\n<div>\n<p class=\"p-text\">Ben tedavisi, teknolojinin ilerlemesiyle a\u011fr\u0131s\u0131z ve h\u0131zl\u0131 y\u00f6ntemlerin geli\u015fmesi sayesinde pop\u00fclerlik kazanm\u0131\u015ft\u0131r. Estetik kayg\u0131lar\u0131n artmas\u0131, sosyal medyada d\u00fczg\u00fcn cilt g\u00f6r\u00fcn\u00fcm\u00fcne olan ilgi ve d\u00fczenli cilt kontrollerinin \u00f6nemi hakk\u0131ndaki fark\u0131ndal\u0131\u011f\u0131n y\u00fckselmesi de bu pop\u00fclerli\u011fi desteklemektedir. Ayn\u0131 zamanda, benlerin estetik ve sa\u011fl\u0131k a\u00e7\u0131s\u0131ndan de\u011ferlendirilerek erken m\u00fcdahale yap\u0131labilmesi, tedaviyi daha cazip hale getirmi\u015ftir.<\/p>\n<\/p><\/div>\n<\/p><\/div>\n<div>\n<div>\n<h2 class=\"h2-header\">Ben Tedavisi Nas\u0131l Uygulan\u0131r?<\/h2>\n<\/p><\/div>\n<div>\n<p class=\"p-text\">Ben tedavisinde kullan\u0131lacak y\u00f6ntem, dermatolojik muayene sonras\u0131 belirlenir. K\u00fc\u00e7\u00fck ve y\u00fczeysel benler genellikle lazer tedavisiyle al\u0131n\u0131rken, daha b\u00fcy\u00fck veya derin benler cerrahi y\u00f6ntemlerle \u00e7\u0131kar\u0131labilir. Kriyoterapi, benin dondurularak yok edilmesi i\u00e7in kullan\u0131l\u0131rken, radyo frekans y\u00f6ntemi d\u00fc\u015f\u00fck \u0131s\u0131yla benin buharla\u015ft\u0131r\u0131lmas\u0131n\u0131 sa\u011flar. Uygulama steril bir ortamda ger\u00e7ekle\u015ftirilir ve i\u015flem s\u00fcresi kullan\u0131lan y\u00f6nteme ba\u011fl\u0131 olarak de\u011fi\u015fir.<\/p>\n<\/p><\/div>\n<\/p><\/div>\n<div>\n<div>\n<h2 class=\"h2-header\">Ac\u0131, A\u011fr\u0131 Hissedilir Mi?<\/h2>\n<\/p><\/div>\n<div>\n<p class=\"p-text\">Modern ben tedavisi y\u00f6ntemleri genellikle a\u011fr\u0131s\u0131zd\u0131r veya minimal rahats\u0131zl\u0131k yarat\u0131r. Lazer veya radyo frekans gibi i\u015flemler s\u0131ras\u0131nda hafif bir \u0131s\u0131nma veya batma hissi ya\u015fanabilir. Cerrahi eksizyon gibi y\u00f6ntemlerde lokal anestezi uygulanarak hasta konforu sa\u011flan\u0131r. \u0130\u015flem sonras\u0131 hassasiyet veya hafif bir k\u0131zar\u0131kl\u0131k olu\u015fabilir, ancak bu genellikle k\u0131sa s\u00fcrede ge\u00e7er.<\/p>\n<\/p><\/div>\n<\/p><\/div>\n<div>\n<div>\n<h2 class=\"h2-header\">Uygulama Ne Kadar S\u00fcrede Tamamlan\u0131r?<\/h2>\n<\/p><\/div>\n<div>\n<p class=\"p-text\">Tedavinin s\u00fcresi, benin t\u00fcr\u00fcne ve say\u0131s\u0131na ba\u011fl\u0131 olarak de\u011fi\u015fir. Lazer veya kriyoterapi gibi y\u00f6ntemler genellikle 15-30 dakika s\u00fcrerken, cerrahi eksizyon i\u015flemleri biraz daha uzun s\u00fcrebilir. \u00c7o\u011fu i\u015flem tek seansta tamamlanabilir, ancak baz\u0131 durumlarda birka\u00e7 seans gerekebilir.<\/p>\n<\/p><\/div>\n<\/p><\/div>\n<div>\n<div>\n<h2 class=\"h2-header\">Ben Tedavisi Ka\u00e7 G\u00fcnde \u0130yile\u015fir?<\/h2>\n<\/p><\/div>\n<div>\n<p class=\"p-text\">Ben tedavisi sonras\u0131 iyile\u015fme s\u00fcresi, uygulanan y\u00f6nteme g\u00f6re farkl\u0131l\u0131k g\u00f6sterir. Lazer tedavisinde cilt genellikle 7-10 g\u00fcn i\u00e7inde tamamen iyile\u015firken, cerrahi i\u015flemlerde bu s\u00fcre 1-2 haftay\u0131 bulabilir. Tedavi sonras\u0131 doktorun \u00f6nerdi\u011fi bak\u0131m talimatlar\u0131na uymak, iyile\u015fme s\u00fcrecini h\u0131zland\u0131r\u0131r ve en iyi sonu\u00e7lar\u0131n al\u0131nmas\u0131n\u0131 sa\u011flar.<\/p>\n<\/p><\/div>\n<\/p><\/div>\n<div>\n<div>\n<h2 class=\"h2-header\">Neden Dr. Terziler Exclusive Clinic?<\/h2>\n<\/p><\/div>\n<div>\n<p class=\"p-text\">Dr. Terziler, d\u00fcnya \u00e7ap\u0131nda tan\u0131nan uzmanl\u0131\u011f\u0131 ve sanatla bilimi bulu\u015fturan estetik yakla\u015f\u0131m\u0131yla ki\u015fiye \u00f6zel \u00e7\u00f6z\u00fcmler sunarak yaln\u0131zca fiziksel de\u011fil, duygusal bir d\u00f6n\u00fc\u015f\u00fcm de ya\u015fat\u0131r. \u0130leri teknolojilerle donat\u0131lm\u0131\u015f, konfor ve g\u00fcven esas\u0131yla faaliyet g\u00f6steren klini\u011fimiz, kusursuzlu\u011fu bir kurum felsefesi olarak benimser. \u00c7\u00fcnk\u00fc burada her dokunu\u015f, b\u00fct\u00fcnsel sa\u011fl\u0131\u011f\u0131n\u0131z\u0131 ve mutlulu\u011funuzu hedefler.<\/p>\n<\/p><\/div>\n<\/p><\/div>\n<\/p><\/div>\n<\/section>\n","protected":false},"excerpt":{"rendered":"<p>Ben Tedavisi Ben tedavisi, ciltteki istenmeyen benlerin estetik veya sa\u011fl\u0131k nedenleriyle giderilmesi i\u00e7in uygulanan modern bir tedavi y\u00f6ntemidir. Lazer, cerrahi eksizyon veya kriyoterapi gibi tekniklerle ger\u00e7ekle\u015ftirilen bu i\u015flem, hem g\u00fcvenli hem de minimal iz b\u0131rakacak \u015fekilde planlan\u0131r. Ki\u015fiye \u00f6zel bir yakla\u015f\u0131mla yap\u0131lan tedavi, p\u00fcr\u00fczs\u00fcz ve sa\u011fl\u0131kl\u0131 bir cilt g\u00f6r\u00fcn\u00fcm\u00fc sa\u011flamay\u0131 hedefler. Dr. Terziler Exclusive Clinic [&hellip;]<\/p>\n","protected":false},"author":6,"featured_media":0,"parent":16979,"menu_order":0,"comment_status":"closed","ping_status":"closed","template":"","meta":{"footnotes":""},"class_list":["post-17158","page","type-page","status-publish","hentry"],"_links":{"self":[{"href":"https:\/\/drterziler.com\/tr\/wp-json\/wp\/v2\/pages\/17158","targetHints":{"allow":["GET"]}}],"collection":[{"href":"https:\/\/drterziler.com\/tr\/wp-json\/wp\/v2\/pages"}],"about":[{"href":"https:\/\/drterziler.com\/tr\/wp-json\/wp\/v2\/types\/page"}],"author":[{"embeddable":true,"href":"https:\/\/drterziler.com\/tr\/wp-json\/wp\/v2\/users\/6"}],"replies":[{"embeddable":true,"href":"https:\/\/drterziler.com\/tr\/wp-json\/wp\/v2\/comments?post=17158"}],"version-history":[{"count":24,"href":"https:\/\/drterziler.com\/tr\/wp-json\/wp\/v2\/pages\/17158\/revisions"}],"predecessor-version":[{"id":59474,"href":"https:\/\/drterziler.com\/tr\/wp-json\/wp\/v2\/pages\/17158\/revisions\/59474"}],"up":[{"embeddable":true,"href":"https:\/\/drterziler.com\/tr\/wp-json\/wp\/v2\/pages\/16979"}],"wp:attachment":[{"href":"https:\/\/drterziler.com\/tr\/wp-json\/wp\/v2\/media?parent=17158"}],"curies":[{"name":"wp","href":"https:\/\/api.w.org\/{rel}","templated":true}]}}