{"id":17479,"date":"2025-01-28T08:53:43","date_gmt":"2025-01-28T08:53:43","guid":{"rendered":"https:\/\/drterziler.com\/?page_id=17479"},"modified":"2026-04-06T11:59:54","modified_gmt":"2026-04-06T11:59:54","slug":"dokuntulu-hastaliklar","status":"publish","type":"page","link":"https:\/\/drterziler.com\/tr\/medikal-estetik\/dermatoloji\/dokuntulu-hastaliklar\/","title":{"rendered":"D\u00f6k\u00fcnt\u00fcl\u00fc Hastal\u0131klar"},"content":{"rendered":"<div class=\"page-content\">\n<div id=\"header-area\">\n<div class=\"container\" id=\"firstContent\">\n<div class=\"header-content d-flex flex-column\">\n<h1 class=\"content-title h1-header\">D\u00f6k\u00fcnt\u00fcl\u00fc Hastal\u0131klar<\/h1>\n<div class=\"content-paragraph\">\n<p class=\"p-text\">Genellikle ciltte k\u0131zar\u0131kl\u0131k, ka\u015f\u0131nt\u0131, kabarc\u0131k veya leke gibi belirtilerle kendini g\u00f6steren rahats\u0131zl\u0131klard\u0131r. D\u00f6k\u00fcnt\u00fcl\u00fc hastal\u0131klar\u0131n tedavisi, hastal\u0131\u011f\u0131n nedenine y\u00f6nelik olarak belirlenir ve genellikle semptomlar\u0131 hafifletmeye y\u00f6nelik ila\u00e7lar, cilt bak\u0131m \u00fcr\u00fcnleri ve destekleyici tedavilerle ger\u00e7ekle\u015ftirilir.<\/p>\n<\/p><\/div>\n<nav aria-label=\"breadcrumb\" class=\"breadcrumbs\">\n<ul class=\"d-flex align-items-center mb-0\">\n<li><a class=\"link\" href=\"https:\/\/drterziler.com\/tr\/\"><span>Dr. Terziler Exclusive Clinic<\/span><\/a><\/li>\n<li class=\"separator\">\u00bb<\/li>\n<li><a class=\"link\" href=\"https:\/\/drterziler.com\/tr\/medikal-estetik\/\"><span>Medikal Estetik<\/span><\/a><\/li>\n<li class=\"separator\">\u00bb<\/li>\n<li><a class=\"link\" href=\"https:\/\/drterziler.com\/tr\/medikal-estetik\/dermatoloji\/\"><span>Dermatoloji<\/span><\/a><\/li>\n<li class=\"separator\">\u00bb<\/li>\n<li class=\"current-page\"><span>D\u00f6k\u00fcnt\u00fcl\u00fc Hastal\u0131klar<\/span><\/li>\n<\/ul>\n<\/nav><\/div>\n<\/p><\/div>\n<\/p><\/div>\n<\/div>\n<section id=\"content-area\">\n<div class=\"container my-5\">\n<div class=\"row align-items-start\">\n<div class=\"col-md-6 order-2 order-md-1\">\n<div class=\"custom-toc-box\">\n<div id=\"toc-header\">\n<h4>\u0130\u00e7indekiler<\/h4>\n<div class=\"toc-toggle-icon\"><\/div>\n<\/p><\/div>\n<div class=\"toc-full-divider\"><\/div>\n<div id=\"toc-body\">\n<div id=\"toc-container\"><\/div>\n<\/p><\/div>\n<\/p><\/div>\n<\/p><\/div>\n<div class=\"col-md-6 order-1 order-md-2\" id=\"jForm\">\n                <script type=\"text\/javascript\" src=\"https:\/\/form.jotform.com\/jsform\/242882264736970\"><\/script>\n            <\/div>\n<\/p><\/div>\n<\/p><\/div>\n<div class=\"container\">\n<div class=\"img-thumb\">\n            <img loading=\"lazy\" decoding=\"async\" width=\"1920\" height=\"1080\" src=\"https:\/\/drterziler.com\/wp-content\/uploads\/2025\/01\/Dokuntulu-Hastaliklar.webp\" alt=\"\" srcset=\"https:\/\/drterziler.com\/wp-content\/uploads\/2025\/01\/Dokuntulu-Hastaliklar.webp 1920w, https:\/\/drterziler.com\/wp-content\/uploads\/2025\/01\/Dokuntulu-Hastaliklar-300x169.webp 300w, https:\/\/drterziler.com\/wp-content\/uploads\/2025\/01\/Dokuntulu-Hastaliklar-1024x576.webp 1024w, https:\/\/drterziler.com\/wp-content\/uploads\/2025\/01\/Dokuntulu-Hastaliklar-768x432.webp 768w, https:\/\/drterziler.com\/wp-content\/uploads\/2025\/01\/Dokuntulu-Hastaliklar-1536x864.webp 1536w\" sizes=\"auto, (max-width: 1920px) 100vw, 1920px\">\n        <\/div>\n<div>\n<div>\n<h2 class=\"h2-header\">D\u00f6k\u00fcnt\u00fcl\u00fc Hastal\u0131k Nedir?<\/h2>\n<\/p><\/div>\n<div>\n<p class=\"p-text\">D\u00f6k\u00fcnt\u00fcl\u00fc hastal\u0131klar, cilt \u00fczerinde leke, kabarc\u0131k, k\u0131zar\u0131kl\u0131k veya ka\u015f\u0131nt\u0131 gibi belirtilerle ortaya \u00e7\u0131kan, cilt sa\u011fl\u0131\u011f\u0131n\u0131 olumsuz etkileyebilen rahats\u0131zl\u0131klard\u0131r. Bu durumlar, alerjik reaksiyonlar, enfeksiyonlar, otoimm\u00fcn hastal\u0131klar, stres, hormonal de\u011fi\u015fiklikler veya dermatolojik sorunlar gibi \u00e7e\u015fitli nedenlerden kaynaklanabilir. D\u00f6k\u00fcnt\u00fcl\u00fc hastal\u0131klar hem fiziksel rahats\u0131zl\u0131\u011fa hem de ki\u015finin ya\u015fam kalitesinde azalmaya yol a\u00e7abilir.<\/p>\n<\/p><\/div>\n<\/p><\/div>\n<div>\n<div>\n<h2 class=\"h2-header\">D\u00f6k\u00fcnt\u00fcl\u00fc Hastal\u0131klar\u0131n Belirtileri Nelerdir?<\/h2>\n<\/p><\/div>\n<div>\n<p class=\"p-text\">Ciltte k\u0131rm\u0131z\u0131 d\u00f6k\u00fcnt\u00fcler olu\u015fur. Ka\u015f\u0131nt\u0131 ve hassasiyet hissedilir. Ate\u015f ve halsizlik e\u015flik eder. Ciltte kabarc\u0131klar veya lekeler. V\u00fccutta yayg\u0131n k\u0131zar\u0131kl\u0131k g\u00f6zlemlenir. \u015ei\u015flik ve deri soyulmas\u0131 olur. Ba\u015f a\u011fr\u0131s\u0131 ve kas a\u011fr\u0131lar\u0131. G\u00f6zlerde k\u0131zar\u0131kl\u0131k ve sulanma.<\/p>\n<\/p><\/div>\n<\/p><\/div>\n<div>\n<div>\n<h2 class=\"h2-header\">D\u00f6k\u00fcnt\u00fcl\u00fc Hastal\u0131klar\u0131n Tedavisinin Avantajlar\u0131 Nelerdir?<\/h2>\n<\/p><\/div>\n<div>\n<p class=\"p-text\">Erken M\u00fcdahale ile Sorunlar\u0131n Azalt\u0131lmas\u0131 \u0130\u015f ve Sosyal Ya\u015famda \u00d6z G\u00fcven Art\u0131\u015f\u0131 Kolay Te\u015fhis, H\u0131zl\u0131 Tedavi Modern Y\u00f6ntemlerle \u00c7\u00f6z\u00fcm Sa\u011fl\u0131kl\u0131 ve Berrak Cilt H\u0131zl\u0131 Yan\u0131t Veren Tedavi Se\u00e7enekleri \u00c7e\u015fitli Tedavi Alternatifleri Psikolojik ve Estetik \u0130yile\u015fme<\/p>\n<\/p><\/div>\n<\/p><\/div>\n<div>\n<div>\n<h2 class=\"h2-header\">Tedavi Kimler \u0130\u00e7in Uygundur?<\/h2>\n<\/p><\/div>\n<div>\n<p class=\"p-text\">Ciltte Belirgin D\u00f6k\u00fcnt\u00fcleri Olan Ki\u015filer Alerji Ge\u00e7mi\u015fi Olanlar Otoimm\u00fcn Hastal\u0131klar\u0131 Bulunanlar Viral veya Bakteriyel Enfeksiyona Sahip Olanlar Stres ve Psikolojik Etkenler Nedeniyle D\u00f6k\u00fcnt\u00fc Ya\u015fayanlar Hormonel Dengesizlikleri Olan Bireyler Kronik Hastal\u0131klar\u0131 Olan Ki\u015filer Cilt D\u00f6k\u00fcnt\u00fcs\u00fc Ya\u015fayan Her Ya\u015ftan Birey<\/p>\n<\/p><\/div>\n<\/p><\/div>\n<div>\n<div>\n<h2 class=\"h2-header\">Neden Pop\u00fclerdir?<\/h2>\n<\/p><\/div>\n<div>\n<p class=\"p-text\">D\u00f6k\u00fcnt\u00fcl\u00fc hastal\u0131klar, ciltte bariz belirtiler g\u00f6stermesi nedeniyle dikkat \u00e7eker ve bu durum erken te\u015fhis imkan\u0131 sa\u011flar. Ayr\u0131ca, modern teknolojilerin sundu\u011fu yenilik\u00e7i tedavi y\u00f6ntemleriyle bu hastal\u0131klar\u0131n \u00e7\u00f6z\u00fcm\u00fc daha h\u0131zl\u0131 ve etkili bir \u015fekilde sa\u011flanabilmektedir. Bunun yan\u0131 s\u0131ra, bireylerin cilt sa\u011fl\u0131\u011f\u0131na y\u00f6nelik artan fark\u0131ndal\u0131klar\u0131 ve estetik kayg\u0131lar da bu hastal\u0131klar\u0131n tedavisini pop\u00fcler hale getirmi\u015ftir.<\/p>\n<\/p><\/div>\n<\/p><\/div>\n<div>\n<div>\n<h2 class=\"h2-header\">D\u00f6k\u00fcnt\u00fcl\u00fc Hastal\u0131klar\u0131n Tedavisi Nas\u0131l Uygulan\u0131r?<\/h2>\n<\/p><\/div>\n<div>\n<p class=\"p-text\">D\u00f6k\u00fcnt\u00fcl\u00fc hastal\u0131klar\u0131n tedavisi, hastal\u0131\u011f\u0131n altta yatan nedenine ba\u011fl\u0131 olarak planlan\u0131r. E\u011fer d\u00f6k\u00fcnt\u00fc enfeksiyona ba\u011fl\u0131ysa, bakteriyel durumlarda antibiyotik, viral enfeksiyonlarda ise destekleyici tedavi uygulan\u0131r. Alerjik reaksiyonlar i\u00e7in antihistaminik ila\u00e7lar, ka\u015f\u0131nt\u0131 ve cilt rahatlat\u0131c\u0131 kremler tercih edilir. Ayr\u0131ca, cildin nemlendirilmesi ve tahri\u015fin \u00f6nlenmesi i\u00e7in uygun bak\u0131m \u00fcr\u00fcnleri kullan\u0131l\u0131r. Tedavi s\u00fcrecinde uzman bir doktorun y\u00f6nlendirmesi ve d\u00fczenli kontrol\u00fc b\u00fcy\u00fck \u00f6nem ta\u015f\u0131r.<\/p>\n<\/p><\/div>\n<\/p><\/div>\n<div>\n<div>\n<h2 class=\"h2-header\">Ac\u0131, A\u011fr\u0131 Hissedilir mi?<\/h2>\n<\/p><\/div>\n<div>\n<p class=\"p-text\">D\u00f6k\u00fcnt\u00fclerin tedavisi s\u0131ras\u0131nda genellikle ac\u0131 veya a\u011fr\u0131 hissedilmez. Baz\u0131 durumlarda, kullan\u0131lan y\u00f6ntemlere ba\u011fl\u0131 olarak hafif bir batma veya rahats\u0131zl\u0131k hissi olabilir, ancak bu genellikle ge\u00e7icidir ve tedavi s\u00fcrecini etkilemez.<\/p>\n<\/p><\/div>\n<\/p><\/div>\n<div>\n<div>\n<h2 class=\"h2-header\">Uygulama Ne Kadar S\u00fcrede Tamamlan\u0131r?<\/h2>\n<\/p><\/div>\n<div>\n<p class=\"p-text\">Tedavi s\u00fcresi d\u00f6k\u00fcnt\u00fcn\u00fcn t\u00fcr\u00fcne ve ciddiyetine ba\u011fl\u0131 olarak de\u011fi\u015fiklik g\u00f6sterebilir. \u00d6rne\u011fin, bir muayene ve krem uygulamas\u0131 gibi basit tedaviler 15-30 dakika s\u00fcrebilirken, daha kapsaml\u0131 tedaviler birka\u00e7 seans gerektirebilir.<\/p>\n<\/p><\/div>\n<\/p><\/div>\n<div>\n<div>\n<h2 class=\"h2-header\">Ka\u00e7 G\u00fcn\u00fcn \u0130\u00e7inde \u0130yile\u015fir?<\/h2>\n<\/p><\/div>\n<div>\n<p class=\"p-text\">\u0130yile\u015fme s\u00fcreci, d\u00f6k\u00fcnt\u00fcn\u00fcn nedenine ve uygulanan tedaviye ba\u011fl\u0131d\u0131r. \u00c7o\u011fu durumda, belirtiler 3-7 g\u00fcn i\u00e7inde b\u00fcy\u00fck \u00f6l\u00e7\u00fcde azal\u0131r. Ancak, kronik veya otoimm\u00fcn rahats\u0131zl\u0131klarla ili\u015fkili d\u00f6k\u00fcnt\u00fclerde tedavi s\u00fcreci daha uzun olabilir. \u0130lk iyile\u015fme belirtileri genellikle birka\u00e7 g\u00fcn i\u00e7inde g\u00f6zlemlenir.<\/p>\n<\/p><\/div>\n<\/p><\/div>\n<div>\n<div>\n<h2 class=\"h2-header\">Neden Dr. Terziler Exclusive Clinic?<\/h2>\n<\/p><\/div>\n<div>\n<p class=\"p-text\">Dr. Terziler, d\u00fcnya \u00e7ap\u0131nda tan\u0131nan uzmanl\u0131\u011f\u0131 ve sanatla bilimi bulu\u015fturan estetik yakla\u015f\u0131m\u0131yla ki\u015fiye \u00f6zel \u00e7\u00f6z\u00fcmler sunarak yaln\u0131z<\/p>\n<\/p><\/div>\n<\/p><\/div>\n<\/p><\/div>\n<\/section>\n","protected":false},"excerpt":{"rendered":"<p>D\u00f6k\u00fcnt\u00fcl\u00fc Hastal\u0131klar Genellikle ciltte k\u0131zar\u0131kl\u0131k, ka\u015f\u0131nt\u0131, kabarc\u0131k veya leke gibi belirtilerle kendini g\u00f6steren rahats\u0131zl\u0131klard\u0131r. D\u00f6k\u00fcnt\u00fcl\u00fc hastal\u0131klar\u0131n tedavisi, hastal\u0131\u011f\u0131n nedenine y\u00f6nelik olarak belirlenir ve genellikle semptomlar\u0131 hafifletmeye y\u00f6nelik ila\u00e7lar, cilt bak\u0131m \u00fcr\u00fcnleri ve destekleyici tedavilerle ger\u00e7ekle\u015ftirilir. Dr. Terziler Exclusive Clinic \u00bb Medikal Estetik \u00bb Dermatoloji \u00bb D\u00f6k\u00fcnt\u00fcl\u00fc Hastal\u0131klar \u0130\u00e7indekiler D\u00f6k\u00fcnt\u00fcl\u00fc Hastal\u0131k Nedir? D\u00f6k\u00fcnt\u00fcl\u00fc hastal\u0131klar, cilt \u00fczerinde [&hellip;]<\/p>\n","protected":false},"author":6,"featured_media":0,"parent":16979,"menu_order":0,"comment_status":"closed","ping_status":"closed","template":"","meta":{"footnotes":""},"class_list":["post-17479","page","type-page","status-publish","hentry"],"_links":{"self":[{"href":"https:\/\/drterziler.com\/tr\/wp-json\/wp\/v2\/pages\/17479","targetHints":{"allow":["GET"]}}],"collection":[{"href":"https:\/\/drterziler.com\/tr\/wp-json\/wp\/v2\/pages"}],"about":[{"href":"https:\/\/drterziler.com\/tr\/wp-json\/wp\/v2\/types\/page"}],"author":[{"embeddable":true,"href":"https:\/\/drterziler.com\/tr\/wp-json\/wp\/v2\/users\/6"}],"replies":[{"embeddable":true,"href":"https:\/\/drterziler.com\/tr\/wp-json\/wp\/v2\/comments?post=17479"}],"version-history":[{"count":20,"href":"https:\/\/drterziler.com\/tr\/wp-json\/wp\/v2\/pages\/17479\/revisions"}],"predecessor-version":[{"id":59479,"href":"https:\/\/drterziler.com\/tr\/wp-json\/wp\/v2\/pages\/17479\/revisions\/59479"}],"up":[{"embeddable":true,"href":"https:\/\/drterziler.com\/tr\/wp-json\/wp\/v2\/pages\/16979"}],"wp:attachment":[{"href":"https:\/\/drterziler.com\/tr\/wp-json\/wp\/v2\/media?parent=17479"}],"curies":[{"name":"wp","href":"https:\/\/api.w.org\/{rel}","templated":true}]}}