{"id":17528,"date":"2025-01-28T09:05:44","date_gmt":"2025-01-28T09:05:44","guid":{"rendered":"https:\/\/drterziler.com\/?page_id=17528"},"modified":"2026-04-21T10:49:30","modified_gmt":"2026-04-21T10:49:30","slug":"ameliyatsiz-goz-cevresi-uygulamalari","status":"publish","type":"page","link":"https:\/\/drterziler.com\/tr\/medikal-estetik\/ameliyatsiz-goz-cevresi-uygulamalari\/","title":{"rendered":"Ameliyats\u0131z G\u00f6z \u00c7evresi Uygulamalar\u0131"},"content":{"rendered":"<div class=\"page-content\">\n<div id=\"header-area\">\n<div class=\"container\" id=\"firstContent\">\n<div class=\"header-content d-flex flex-column\">\n<h1 class=\"content-title h1-header\">Ameliyats\u0131z G\u00f6z \u00c7evresi Uygulamalar\u0131<\/h1>\n<div class=\"content-paragraph\">\n<p class=\"p-text\">Ameliyats\u0131z g\u00f6z \u00e7evresi uygulamalar\u0131, k\u0131r\u0131\u015f\u0131kl\u0131klar, torbalar ve morluklar gibi g\u00f6z \u00e7evresi problemlerini hedef al\u0131r. Bu i\u015flemler, botoks, dolgu, mezoterapi gibi y\u00f6ntemlerle g\u00f6z \u00e7evresinin daha gen\u00e7 ve dinamik g\u00f6r\u00fcnmesini sa\u011flar. Etkisi hemen g\u00f6r\u00fclebilir, iyile\u015fme s\u00fcresi ise k\u0131sad\u0131r, b\u00f6ylece i\u015f ve sosyal aktivitelere d\u00f6n\u00fc\u015f h\u0131zl\u0131d\u0131r.<\/p>\n<\/p><\/div>\n<nav aria-label=\"breadcrumb\" class=\"breadcrumbs\">\n<ul class=\"d-flex align-items-center mb-0\">\n<li><a class=\"link\" href=\"https:\/\/drterziler.com\/tr\/\"><span>Dr. Terziler Exclusive Clinic<\/span><\/a><\/li>\n<li class=\"separator\">\u00bb<\/li>\n<li><a class=\"link\" href=\"https:\/\/drterziler.com\/tr\/medikal-estetik\/\"><span>Medikal Estetik<\/span><\/a><\/li>\n<li class=\"separator\">\u00bb<\/li>\n<li class=\"current-page\"><span>Ameliyats\u0131z G\u00f6z \u00c7evresi Uygulamalar\u0131<\/span><\/li>\n<\/ul>\n<\/nav><\/div>\n<\/p><\/div>\n<\/p><\/div>\n<\/div>\n<section id=\"content-area\">\n<div class=\"container my-5\">\n<div class=\"row align-items-start\">\n<div class=\"col-md-6 order-2 order-md-1\">\n<div class=\"custom-toc-box\">\n<div id=\"toc-header\">\n<h4>\u0130\u00e7indekiler<\/h4>\n<div class=\"toc-toggle-icon\"><\/div>\n<\/p><\/div>\n<div class=\"toc-full-divider\"><\/div>\n<div id=\"toc-body\">\n<div id=\"toc-container\"><\/div>\n<\/p><\/div>\n<\/p><\/div>\n<\/p><\/div>\n<div class=\"col-md-6 order-1 order-md-2\" id=\"jForm\">\n                <script type=\"text\/javascript\" src=\"https:\/\/form.jotform.com\/jsform\/242882264736970\"><\/script>\n            <\/div>\n<\/p><\/div>\n<\/p><\/div>\n<div class=\"container\">\n<div class=\"img-thumb\">\n            <img loading=\"lazy\" decoding=\"async\" width=\"1920\" height=\"1080\" src=\"https:\/\/drterziler.com\/wp-content\/uploads\/2025\/01\/Ameliyatsiz-Goz-Cevresi-Uygulamalari.webp\" alt=\"\" srcset=\"https:\/\/drterziler.com\/wp-content\/uploads\/2025\/01\/Ameliyatsiz-Goz-Cevresi-Uygulamalari.webp 1920w, https:\/\/drterziler.com\/wp-content\/uploads\/2025\/01\/Ameliyatsiz-Goz-Cevresi-Uygulamalari-300x169.webp 300w, https:\/\/drterziler.com\/wp-content\/uploads\/2025\/01\/Ameliyatsiz-Goz-Cevresi-Uygulamalari-1024x576.webp 1024w, https:\/\/drterziler.com\/wp-content\/uploads\/2025\/01\/Ameliyatsiz-Goz-Cevresi-Uygulamalari-768x432.webp 768w, https:\/\/drterziler.com\/wp-content\/uploads\/2025\/01\/Ameliyatsiz-Goz-Cevresi-Uygulamalari-1536x864.webp 1536w\" sizes=\"auto, (max-width: 1920px) 100vw, 1920px\">\n        <\/div>\n<div>\n<div>\n<h2 class=\"h2-header\">Ameliyats\u0131z G\u00f6z \u00c7evresi Uygulamalar\u0131 Nedir?<\/h2>\n<\/p><\/div>\n<div>\n<p class=\"p-text\">Ameliyats\u0131z g\u00f6z \u00e7evresi uygulamalar\u0131, g\u00f6z \u00e7evresindeki estetik problemleri cerrahi m\u00fcdahaleye gerek kalmadan \u00e7\u00f6zmek i\u00e7in kullan\u0131lan modern y\u00f6ntemlerdir. Botoks, dolgu, PRP ve lazer gibi tekniklerle k\u0131r\u0131\u015f\u0131kl\u0131klar, torbalar, ince \u00e7izgiler ve hacim kayb\u0131 gibi sorunlar tedavi edilir. Bu uygulamalar, g\u00fcvenli ve do\u011fal sonu\u00e7lar elde etmeyi hedefler.<\/p>\n<\/p><\/div>\n<\/p><\/div>\n<div>\n<div>\n<h2 class=\"h2-header\">Avantajlar\u0131 Nelerdir?<\/h2>\n<\/p><\/div>\n<div>\n<p class=\"p-text\">Cerrahi m\u00fcdahale gerektirmez. G\u00f6z \u00e7evresinde gen\u00e7le\u015fme sa\u011flar. Y\u00fcz ifadesine canl\u0131l\u0131k katar. K\u0131sa iyile\u015fme s\u00fcresi sa\u011flar. Do\u011fal sonu\u00e7lar sunar. Riskleri minimaldir. An\u0131nda etki g\u00f6zlemlenir. H\u0131zl\u0131 uygulama s\u00fcresi vard\u0131r. Ciltteki yenilenmeyi art\u0131r\u0131r.<\/p>\n<\/p><\/div>\n<\/p><\/div>\n<div>\n<div>\n<h2 class=\"h2-header\">Kimler \u0130\u00e7in Uygundur?<\/h2>\n<\/p><\/div>\n<div>\n<p class=\"p-text\">G\u00f6z \u00e7evresinde k\u0131r\u0131\u015f\u0131kl\u0131k olanlar. G\u00f6z alt\u0131 torbas\u0131 problemi ya\u015fayanlar. Y\u00fczde hacim kayb\u0131 olanlar. Ciltte ince \u00e7izgiler g\u00f6r\u00fclenler. H\u0131zl\u0131 \u00e7\u00f6z\u00fcm isteyenler. Cerrahi m\u00fcdahale istemeyenler. \u0130fadesini gen\u00e7le\u015ftirmek isteyenler. Y\u00fcz ifadelerinde rahatl\u0131k isteyenler.<\/p>\n<\/p><\/div>\n<\/p><\/div>\n<div>\n<div>\n<h2 class=\"h2-header\">Neden Pop\u00fclerdir?<\/h2>\n<\/p><\/div>\n<div>\n<p class=\"p-text\">Ameliyats\u0131z g\u00f6z \u00e7evresi uygulamalar\u0131, cerrahi m\u00fcdahalelere g\u00f6re daha az risklidir ve h\u0131zl\u0131 sonu\u00e7lar sa\u011flar. K\u0131sa iyile\u015fme s\u00fcresi, minimal a\u011fr\u0131 ve do\u011fal g\u00f6r\u00fcn\u00fcmler, bu uygulamalar\u0131n pop\u00fclerli\u011fini art\u0131ran unsurlard\u0131r. Ayr\u0131ca, estetik \u00e7\u00f6z\u00fcmler arayan ki\u015filere daha az zahmetli alternatifler sunar, b\u00f6ylece daha geni\u015f bir kitleye hitap eder.<\/p>\n<\/p><\/div>\n<\/p><\/div>\n<div>\n<div>\n<h2 class=\"h2-header\">Nas\u0131l Uygulan\u0131r?<\/h2>\n<\/p><\/div>\n<div>\n<p class=\"p-text\">Ameliyats\u0131z g\u00f6z \u00e7evresi tedavileri, genellikle botoks, dermal dolgu veya PRP enjeksiyonlar\u0131 gibi uygulamalarla yap\u0131l\u0131r. Botoks, kaslar\u0131 gev\u015feterek k\u0131r\u0131\u015f\u0131kl\u0131klar\u0131 d\u00fczeltirken, dolgu maddeleri hacim kayb\u0131n\u0131 giderir. PRP, cilt yenilenmesini destekler. Lazer uygulamalar\u0131 ise cildin \u00fcst tabakas\u0131n\u0131 yenileyerek g\u00f6z \u00e7evresindeki problemleri hedef al\u0131r.<\/p>\n<\/p><\/div>\n<\/p><\/div>\n<div>\n<div>\n<h2 class=\"h2-header\">Ac\u0131, A\u011fr\u0131 Hissedilir Mi?<\/h2>\n<\/p><\/div>\n<div>\n<p class=\"p-text\">Ameliyats\u0131z g\u00f6z \u00e7evresi uygulamalar\u0131 s\u0131ras\u0131nda genellikle hafif bir rahats\u0131zl\u0131k hissedilebilir. Ancak, uygulama b\u00f6lgesine lokal anestezi kremi uygulanarak a\u011fr\u0131 minimuma indirilir. \u00c7o\u011fu ki\u015fi i\u015flem s\u0131ras\u0131nda sadece bir miktar batma hissi ya\u015far ve a\u011fr\u0131 genellikle i\u015flem sonras\u0131nda da devam etmez.<\/p>\n<\/p><\/div>\n<\/p><\/div>\n<div>\n<div>\n<h2 class=\"h2-header\">Uygulama Ne Kadar S\u00fcrede Tamamlan\u0131r?<\/h2>\n<\/p><\/div>\n<div>\n<p class=\"p-text\">Ameliyats\u0131z g\u00f6z \u00e7evresi uygulamalar\u0131 olduk\u00e7a h\u0131zl\u0131d\u0131r. Uygulama s\u00fcresi, se\u00e7ilen y\u00f6nteme ba\u011fl\u0131 olarak genellikle 15-30 dakika aras\u0131nda tamamlan\u0131r. Bu, yo\u011fun bir program\u0131 olan ki\u015filer i\u00e7in bile i\u015flemi kolayca yapt\u0131rabilmelerine olanak sa\u011flar ve g\u00fcnl\u00fck hayatlar\u0131na h\u0131zl\u0131 bir \u015fekilde d\u00f6nebilirler.<\/p>\n<\/p><\/div>\n<\/p><\/div>\n<div>\n<div>\n<h2 class=\"h2-header\">Ka\u00e7 G\u00fcnde \u0130yile\u015fir?<\/h2>\n<\/p><\/div>\n<div>\n<p class=\"p-text\">\u0130yile\u015fme s\u00fcresi genellikle 2-3 g\u00fcn i\u00e7inde ba\u015flar. \u0130\u015flem sonras\u0131nda hafif k\u0131zar\u0131kl\u0131k, \u015fi\u015flik veya morarma g\u00f6r\u00fclebilir, ancak bu belirtiler h\u0131zla ge\u00e7er. Tam sonu\u00e7lar ise 1-2 hafta i\u00e7inde ortaya \u00e7\u0131kar. Uygulaman\u0131n ard\u0131ndan ciltteki yenilenme etkisi giderek belirginle\u015fir.<\/p>\n<\/p><\/div>\n<\/p><\/div>\n<div>\n<div>\n<h2 class=\"h2-header\">Ameliyats\u0131z G\u00f6z \u00c7evresi Uygulamalar\u0131 Fiyatlar\u0131<\/h2>\n<\/p><\/div>\n<div>\n<p class=\"p-text\">Maliyetler, kullan\u0131lan y\u00f6ntem ve tedavi t\u00fcr\u00fcne g\u00f6re de\u011fi\u015fiklik g\u00f6sterir. Botoks, dolgu, PRP veya lazer gibi teknikler, fiyatland\u0131rma a\u00e7\u0131s\u0131ndan farkl\u0131l\u0131k arz edebilir. Uygulama \u00f6ncesinde yap\u0131lan de\u011ferlendirmeyle ki\u015fiye \u00f6zel bir fiyat belirlenir, bu nedenle her misafir i\u00e7in fiyatlar farkl\u0131 olabilir.<\/p>\n<\/p><\/div>\n<\/p><\/div>\n<div>\n<div>\n<h2 class=\"h2-header\">Neden Dr. Terziler Exclusive Clinic?<\/h2>\n<\/p><\/div>\n<div>\n<p class=\"p-text\">Dr. Terziler, d\u00fcnya \u00e7ap\u0131nda tan\u0131nan uzmanl\u0131\u011f\u0131 ve sanatla bilimi bulu\u015fturan estetik yakla\u015f\u0131m\u0131yla ki\u015fiye \u00f6zel \u00e7\u00f6z\u00fcmler sunarak yaln\u0131zca fiziksel de\u011fil, duygusal bir d\u00f6n\u00fc\u015f\u00fcm de ya\u015fat\u0131r. \u0130leri teknolojilerle donat\u0131lm\u0131\u015f, konfor ve g\u00fcven esas\u0131yla faaliyet g\u00f6steren klini\u011fimiz, kusursuzlu\u011fu bir kurum felsefesi olarak benimser. \u00c7\u00fcnk\u00fc burada her dokunu\u015f, b\u00fct\u00fcnsel sa\u011fl\u0131\u011f\u0131n\u0131z\u0131 ve mutlulu\u011funuzu hedefler.<\/p>\n<\/p><\/div>\n<\/p><\/div>\n<\/p><\/div>\n<\/section>\n","protected":false},"excerpt":{"rendered":"<p>Ameliyats\u0131z G\u00f6z \u00c7evresi Uygulamalar\u0131 Ameliyats\u0131z g\u00f6z \u00e7evresi uygulamalar\u0131, k\u0131r\u0131\u015f\u0131kl\u0131klar, torbalar ve morluklar gibi g\u00f6z \u00e7evresi problemlerini hedef al\u0131r. Bu i\u015flemler, botoks, dolgu, mezoterapi gibi y\u00f6ntemlerle g\u00f6z \u00e7evresinin daha gen\u00e7 ve dinamik g\u00f6r\u00fcnmesini sa\u011flar. Etkisi hemen g\u00f6r\u00fclebilir, iyile\u015fme s\u00fcresi ise k\u0131sad\u0131r, b\u00f6ylece i\u015f ve sosyal aktivitelere d\u00f6n\u00fc\u015f h\u0131zl\u0131d\u0131r. Dr. Terziler Exclusive Clinic \u00bb Medikal Estetik \u00bb [&hellip;]<\/p>\n","protected":false},"author":6,"featured_media":0,"parent":1654,"menu_order":0,"comment_status":"closed","ping_status":"closed","template":"","meta":{"footnotes":""},"class_list":["post-17528","page","type-page","status-publish","hentry"],"_links":{"self":[{"href":"https:\/\/drterziler.com\/tr\/wp-json\/wp\/v2\/pages\/17528","targetHints":{"allow":["GET"]}}],"collection":[{"href":"https:\/\/drterziler.com\/tr\/wp-json\/wp\/v2\/pages"}],"about":[{"href":"https:\/\/drterziler.com\/tr\/wp-json\/wp\/v2\/types\/page"}],"author":[{"embeddable":true,"href":"https:\/\/drterziler.com\/tr\/wp-json\/wp\/v2\/users\/6"}],"replies":[{"embeddable":true,"href":"https:\/\/drterziler.com\/tr\/wp-json\/wp\/v2\/comments?post=17528"}],"version-history":[{"count":27,"href":"https:\/\/drterziler.com\/tr\/wp-json\/wp\/v2\/pages\/17528\/revisions"}],"predecessor-version":[{"id":62340,"href":"https:\/\/drterziler.com\/tr\/wp-json\/wp\/v2\/pages\/17528\/revisions\/62340"}],"up":[{"embeddable":true,"href":"https:\/\/drterziler.com\/tr\/wp-json\/wp\/v2\/pages\/1654"}],"wp:attachment":[{"href":"https:\/\/drterziler.com\/tr\/wp-json\/wp\/v2\/media?parent=17528"}],"curies":[{"name":"wp","href":"https:\/\/api.w.org\/{rel}","templated":true}]}}