{"id":17882,"date":"2025-01-28T10:15:23","date_gmt":"2025-01-28T10:15:23","guid":{"rendered":"https:\/\/drterziler.com\/?page_id=17882"},"modified":"2026-04-06T12:11:21","modified_gmt":"2026-04-06T12:11:21","slug":"masseter-botoksu","status":"publish","type":"page","link":"https:\/\/drterziler.com\/tr\/medikal-estetik\/diger-botoks-uygulamalari\/masseter-botoksu\/","title":{"rendered":"Masseter Botoksu"},"content":{"rendered":"<div class=\"page-content\">\n<div id=\"header-area\">\n<div id=\"firstContent\" class=\"container\">\n<div class=\"header-content d-flex flex-column\">\n<h1 class=\"content-title h1-header\">Masseter Botoksu<\/h1>\n<div class=\"content-paragraph\">\n<p class=\"p-text\">Masseter botoksu, \u00e7ene kaslar\u0131n\u0131n a\u015f\u0131r\u0131 \u00e7al\u0131\u015fmas\u0131n\u0131 engelleyerek y\u00fcz hatlar\u0131n\u0131 \u015fekillendiren bir tedavi y\u00f6ntemidir. \u00d6zellikle \u00e7ene b\u00f6lgesindeki kaslar\u0131n a\u015f\u0131r\u0131 geli\u015fmesi sonucu olu\u015fan geni\u015flik, botoks enjeksiyonlar\u0131yla azalt\u0131labilir. Ayr\u0131ca, di\u015f s\u0131kma ve g\u0131c\u0131rdatma sorunlar\u0131na da \u00e7\u00f6z\u00fcm sa\u011flayarak, \u00e7ene kaslar\u0131ndaki gerilimi hafifletir.<\/p>\n<\/div>\n<nav class=\"breadcrumbs\" aria-label=\"breadcrumb\">\n<ul class=\"d-flex align-items-center mb-0\">\n<li><a class=\"link\" href=\"https:\/\/drterziler.com\/tr\">Dr. Terziler Exclusive Clinic<\/a><\/li>\n<li class=\"separator\">\u00bb<\/li>\n<li><a class=\"link\" href=\"https:\/\/drterziler.com\/tr\/medikal-estetik\/\">Medikal Estetik<\/a><\/li>\n<li class=\"separator\">\u00bb<\/li>\n<li><a class=\"link\" href=\"https:\/\/drterziler.com\/tr\/medikal-estetik\/diger-botoks-uygulamalari\/\">Di\u011fer Botoks Uygulamalar\u0131<\/a><\/li>\n<li class=\"separator\">\u00bb<\/li>\n<li class=\"current-page\">Masseter Botoksu<\/li>\n<\/ul>\n<\/nav>\n<\/div>\n<\/div>\n<\/div>\n<\/div>\n<section id=\"content-area\">\n<div class=\"container my-5\">\n<div class=\"row align-items-start\">\n<div class=\"col-md-6 order-2 order-md-1\">\n<div class=\"custom-toc-box\">\n<div id=\"toc-header\">\n<h4>\u0130\u00e7indekiler<\/h4>\n<div class=\"toc-toggle-icon\"><\/div>\n<\/div>\n<div class=\"toc-full-divider\"><\/div>\n<div id=\"toc-body\">\n<div id=\"toc-container\"><\/div>\n<\/div>\n<\/div>\n<\/div>\n<div id=\"jForm\" class=\"col-md-6 order-1 order-md-2\"><script type=\"text\/javascript\" src=\"https:\/\/form.jotform.com\/jsform\/242882264736970\"><\/script><\/div>\n<\/div>\n<\/div>\n<div class=\"container\">\n<div class=\"img-thumb\"><img loading=\"lazy\" decoding=\"async\" src=\"https:\/\/drterziler.com\/wp-content\/uploads\/2025\/01\/Masseter-Botoksu.webp\" sizes=\"auto, (max-width: 1920px) 100vw, 1920px\" srcset=\"https:\/\/drterziler.com\/wp-content\/uploads\/2025\/01\/Masseter-Botoksu.webp 1920w, https:\/\/drterziler.com\/wp-content\/uploads\/2025\/01\/Masseter-Botoksu-300x169.webp 300w, https:\/\/drterziler.com\/wp-content\/uploads\/2025\/01\/Masseter-Botoksu-1024x576.webp 1024w, https:\/\/drterziler.com\/wp-content\/uploads\/2025\/01\/Masseter-Botoksu-768x432.webp 768w, https:\/\/drterziler.com\/wp-content\/uploads\/2025\/01\/Masseter-Botoksu-1536x864.webp 1536w\" alt=\"Masseter Botoksu\" width=\"1920\" height=\"1080\" \/><\/div>\n<div>\n<div>\n<h2 class=\"h2-header\">Masseter Botoksu Nedir?<\/h2>\n<\/div>\n<div>\n<p class=\"p-text\">Masseter botoksu, \u00e7ene kaslar\u0131na botulinum toksini enjekte edilerek yap\u0131lan bir estetik tedavi y\u00f6ntemidir. Bu uygulama, masseter kaslar\u0131n\u0131n a\u015f\u0131r\u0131 geli\u015fmesi sonucu olu\u015fan sert ve geni\u015f \u00e7ene hatlar\u0131n\u0131 yumu\u015fatarak daha ince ve zarif bir g\u00f6r\u00fcn\u00fcm sa\u011flar. Ayr\u0131ca, bu tedavi di\u015f s\u0131kma veya g\u0131c\u0131rdatma gibi \u00e7ene kaslar\u0131na ba\u011fl\u0131 sorunlar\u0131 da \u00e7\u00f6z\u00fcme kavu\u015fturur.<\/p>\n<\/div>\n<\/div>\n<div>\n<div>\n<h2 class=\"h2-header\">Masseter Botoksunun Avantajlar\u0131 Nelerdir?<\/h2>\n<\/div>\n<div>\n<p class=\"p-text\">\u00c7ene hatlar\u0131n\u0131 inceltir.Y\u00fcz hatlar\u0131na denge katar.Di\u015f g\u0131c\u0131rdatmay\u0131 engeller.A\u011f\u0131z a\u00e7ma problemlerini \u00e7\u00f6zer.\u00c7ene kaslar\u0131n\u0131 rahatlat\u0131r.Estetik g\u00f6r\u00fcn\u00fcm sa\u011flar.\u00c7ene a\u011fr\u0131lar\u0131n\u0131 azalt\u0131r.Uyku kalitesini y\u00fckseltir.<\/p>\n<\/div>\n<\/div>\n<div>\n<div>\n<h2 class=\"h2-header\">Kimler \u0130\u00e7in Uygundur?<\/h2>\n<\/div>\n<div>\n<p class=\"p-text\">Geni\u015f \u00e7ene hatlar\u0131 olanlar.Di\u015f s\u0131kma problemi ya\u015fayanlar.A\u011f\u0131z a\u00e7ma g\u00fc\u00e7l\u00fc\u011f\u00fc \u00e7ekenler.Di\u015f s\u0131kma veya g\u0131c\u0131rtma kaynakl\u0131 uyku problemleri ya\u015fayanlar.Daha \u00e7ekici bir \u00e7ene profili arzulayanlar.\u00c7ene kaslar\u0131nda a\u015f\u0131r\u0131 gerilim hissedenler.Genel y\u00fcz esteti\u011fini geli\u015ftirmek isteyenler.<\/p>\n<\/div>\n<\/div>\n<div>\n<div>\n<h2 class=\"h2-header\">Masseter Botoksu Neden Pop\u00fclerdir?<\/h2>\n<\/div>\n<div>\n<p class=\"p-text\">Masseter botoksu, hem estetik hem de fonksiyonel faydalar\u0131 nedeniyle olduk\u00e7a pop\u00fclerdir. Y\u00fcz hatlar\u0131n\u0131 \u015fekillendirme amac\u0131yla tercih edilen bu tedavi, ayn\u0131 zamanda \u00e7ene kaslar\u0131ndaki a\u015f\u0131r\u0131 gerilimi ve a\u011fr\u0131y\u0131 hafifleterek, g\u00fcnl\u00fck ya\u015fam kalitesini art\u0131r\u0131r. Minimal invaziv bir prosed\u00fcr olmas\u0131, h\u0131zl\u0131 iyile\u015fme s\u00fcreci ve kal\u0131c\u0131 olmayan etkileriyle olduk\u00e7a caziptir, ayr\u0131ca do\u011fal sonu\u00e7lar sunarak hastalar\u0131n memnuniyetini art\u0131r\u0131r.<\/p>\n<\/div>\n<\/div>\n<div>\n<div>\n<h2 class=\"h2-header\">Masseter Botoksunda Ya\u015f K\u0131s\u0131tlamas\u0131 Var m\u0131d\u0131r?<\/h2>\n<\/div>\n<div>\n<p class=\"p-text\">Hay\u0131r, masseter botoksu i\u00e7in belirli bir ya\u015f k\u0131s\u0131tlamas\u0131 bulunmamaktad\u0131r. Genellikle estetik veya fonksiyonel problemleri olan her ya\u015ftan ki\u015filere uygulanabilir. Her ya\u015ftan ki\u015filerin \u00e7ene kaslar\u0131ndaki a\u015f\u0131r\u0131 geli\u015fmeyi ve gerginli\u011fi hedef alarak bu tedaviye ba\u015fvurmas\u0131 yayg\u0131nd\u0131r.<\/p>\n<\/div>\n<\/div>\n<div>\n<div>\n<h2 class=\"h2-header\">Masseter Botoksu Nas\u0131l Uygulan\u0131r?<\/h2>\n<\/div>\n<div>\n<p class=\"p-text\">Masseter botoksu uygulamas\u0131, \u00e7ene b\u00f6lgesindeki masseter kaslar\u0131na botulinum toksini enjekte edilerek yap\u0131l\u0131r. Uygulama \u00f6ncesinde, hastaya genellikle anestezik krem s\u00fcr\u00fcl\u00fcr, b\u00f6ylece i\u015flem s\u0131ras\u0131nda rahats\u0131zl\u0131k hissedilmesi engellenir. Botoks, belirli noktalara enjekte edilerek kaslar\u0131n kas\u0131lma g\u00fcc\u00fcn\u00fc azalt\u0131r, b\u00f6ylece \u00e7ene hatt\u0131 incelir ve kaslar\u0131n a\u015f\u0131r\u0131 b\u00fcy\u00fcmesi engellenir. Uygulama yakla\u015f\u0131k 10-15 dakika s\u00fcrer ve hastalar hemen normal ya\u015famlar\u0131na d\u00f6nebilirler.<\/p>\n<\/div>\n<\/div>\n<div>\n<div>\n<h2 class=\"h2-header\">Masseter Botoksu Uygulamas\u0131nda Ac\u0131, A\u011fr\u0131 Hissedilir Mi?<\/h2>\n<\/div>\n<div>\n<p class=\"p-text\">Masseter botoksu uygulamas\u0131 s\u0131ras\u0131nda genellikle hafif bir rahats\u0131zl\u0131k hissi olabilir, ancak bu seviyede bir a\u011fr\u0131 beklenmez. Anestezik krem uygulamas\u0131 sayesinde, enjeksiyon b\u00f6lgeleri uyu\u015fur ve i\u015flem daha konforlu hale gelir. \u00c7o\u011fu hasta, tedavi s\u0131ras\u0131nda sadece hafif bir batma hissi duydu\u011funu belirtir ve i\u015flem sonras\u0131 herhangi bir a\u011fr\u0131 veya rahats\u0131zl\u0131k ya\u015fanmaz.<\/p>\n<\/div>\n<\/div>\n<div>\n<div>\n<h2 class=\"h2-header\">Masseter Botoksu Ne Kadar S\u00fcrede Tamamlan\u0131r?<\/h2>\n<\/div>\n<div>\n<p class=\"p-text\">Masseter botoksu uygulamas\u0131 olduk\u00e7a h\u0131zl\u0131d\u0131r ve genellikle 10-15 dakika s\u00fcrer. Uygulama s\u0131ras\u0131nda kullan\u0131lan ince i\u011fneler sayesinde i\u015flem s\u0131ras\u0131nda b\u00fcy\u00fck bir rahats\u0131zl\u0131k olu\u015fmaz. Tedavi sonras\u0131nda hastalar hemen g\u00fcnl\u00fck aktivitelerine devam edebilirler. Botoksun etkilerinin ortaya \u00e7\u0131kmas\u0131 birka\u00e7 g\u00fcn s\u00fcrebilir, ancak uygulama s\u00fcreci son derece k\u0131sa ve h\u0131zl\u0131d\u0131r.<\/p>\n<\/div>\n<\/div>\n<div>\n<div>\n<h2 class=\"h2-header\">Ka\u00e7 G\u00fcnde \u0130yile\u015fir?<\/h2>\n<\/div>\n<div>\n<p class=\"p-text\">Masseter botoksu tedavisinin ard\u0131ndan iyile\u015fme s\u00fcreci olduk\u00e7a h\u0131zl\u0131d\u0131r ve genellikle birka\u00e7 g\u00fcn i\u00e7inde tamamlan\u0131r. Uygulama sonras\u0131 hafif k\u0131zar\u0131kl\u0131k, morarma veya \u015fi\u015flik olabilir, ancak bu durumlar h\u0131zla ge\u00e7er. Botoksun etkileri 3-5 g\u00fcn i\u00e7erisinde hissedilmeye ba\u015flar ve tam sonu\u00e7lar 1-2 hafta i\u00e7inde ortaya \u00e7\u0131kar. Yava\u015f bir iyile\u015fme s\u00fcreci olmad\u0131\u011f\u0131 i\u00e7in hastalar hemen normal hayatlar\u0131na d\u00f6nebilirler.<\/p>\n<\/div>\n<\/div>\n<div>\n<div>\n<h2 class=\"h2-header\">Masseter Botoksu, G\u0131c\u0131rdatma veya Di\u015f S\u0131kma Sorununu Nas\u0131l \u00c7\u00f6zer?<\/h2>\n<\/div>\n<div>\n<p class=\"p-text\">Di\u015f s\u0131kma ve g\u0131c\u0131rdatma sorunlar\u0131 \u00e7o\u011funlukla \u00e7ene kaslar\u0131n\u0131n a\u015f\u0131r\u0131 gerilmesinden kaynaklan\u0131r. Botulinum toksini, \u00e7ene kaslar\u0131ndaki kas\u0131lmalar\u0131 engelleyerek, gece boyunca di\u015f s\u0131kmay\u0131 \u00f6nler ve g\u00fcn i\u00e7inde kaslar\u0131n rahatlamas\u0131na yard\u0131mc\u0131 olur. Bu tedavi, \u00e7ene kaslar\u0131n\u0131 gev\u015feterek, a\u011f\u0131zda olu\u015fan gerginlik, ba\u015f a\u011fr\u0131s\u0131 ve \u00e7ene a\u011fr\u0131lar\u0131 gibi semptomlar\u0131 azalt\u0131r.<\/p>\n<\/div>\n<\/div>\n<div>\n<div>\n<h2 class=\"h2-header\">Masseter Botoksu Fiyatlar\u0131<\/h2>\n<\/div>\n<div>\n<p class=\"p-text\">2025 masseter botoksu fiyatlar\u0131, uygulama yap\u0131lacak b\u00f6lge, tedavi s\u00fcresi ve uzmanl\u0131k gibi fakt\u00f6rlere ba\u011fl\u0131 olarak de\u011fi\u015fkenlik g\u00f6sterebilir. Klini\u011fimiz, tedaviye uygulad\u0131\u011f\u0131 y\u00f6ntemler ve kullan\u0131lan malzemelere g\u00f6re farkl\u0131 fiyatland\u0131rma politikalar\u0131 izleyebilir. Fiyatlar, ayr\u0131ca yap\u0131lan uygulaman\u0131n kapsam\u0131na ve seans say\u0131s\u0131na g\u00f6re de belirlenir, bu nedenle ki\u015fisel bir de\u011ferlendirme ile net bir fiyat almak daha do\u011fru olacakt\u0131r.<\/p>\n<\/div>\n<\/div>\n<div>\n<div>\n<h2 class=\"h2-header\">Neden Dr. Terziler Exclusive Clinic?<\/h2>\n<\/div>\n<div>\n<p class=\"p-text\">Dr. Terziler, d\u00fcnya \u00e7ap\u0131nda tan\u0131nan uzmanl\u0131\u011f\u0131 ve sanatla bilimi bulu\u015fturan estetik yakla\u015f\u0131m\u0131yla ki\u015fiye \u00f6zel \u00e7\u00f6z\u00fcmler sunarak yaln\u0131zca fiziksel de\u011fil, duygusal bir d\u00f6n\u00fc\u015f\u00fcm de ya\u015fat\u0131r. \u0130leri teknolojilerle donat\u0131lm\u0131\u015f, konfor ve g\u00fcven esas\u0131yla faaliyet g\u00f6steren klini\u011fimiz, kusursuzlu\u011fu bir kurum felsefesi olarak benimser. \u00c7\u00fcnk\u00fc burada her dokunu\u015f, b\u00fct\u00fcnsel sa\u011fl\u0131\u011f\u0131n\u0131z\u0131 ve mutlulu\u011funuzu hedefler.<\/p>\n<\/div>\n<\/div>\n<\/div>\n<\/section>\n","protected":false},"excerpt":{"rendered":"<p>Masseter Botoksu Masseter botoksu, \u00e7ene kaslar\u0131n\u0131n a\u015f\u0131r\u0131 \u00e7al\u0131\u015fmas\u0131n\u0131 engelleyerek y\u00fcz hatlar\u0131n\u0131 \u015fekillendiren bir tedavi y\u00f6ntemidir. \u00d6zellikle \u00e7ene b\u00f6lgesindeki kaslar\u0131n a\u015f\u0131r\u0131 geli\u015fmesi sonucu olu\u015fan geni\u015flik, botoks enjeksiyonlar\u0131yla azalt\u0131labilir. Ayr\u0131ca, di\u015f s\u0131kma ve g\u0131c\u0131rdatma sorunlar\u0131na da \u00e7\u00f6z\u00fcm sa\u011flayarak, \u00e7ene kaslar\u0131ndaki gerilimi hafifletir. Dr. Terziler Exclusive Clinic \u00bb Medikal Estetik \u00bb Di\u011fer Botoks Uygulamalar\u0131 \u00bb Masseter Botoksu \u0130\u00e7indekiler [&hellip;]<\/p>\n","protected":false},"author":6,"featured_media":0,"parent":17693,"menu_order":0,"comment_status":"closed","ping_status":"closed","template":"","meta":{"footnotes":""},"class_list":["post-17882","page","type-page","status-publish","hentry"],"_links":{"self":[{"href":"https:\/\/drterziler.com\/tr\/wp-json\/wp\/v2\/pages\/17882","targetHints":{"allow":["GET"]}}],"collection":[{"href":"https:\/\/drterziler.com\/tr\/wp-json\/wp\/v2\/pages"}],"about":[{"href":"https:\/\/drterziler.com\/tr\/wp-json\/wp\/v2\/types\/page"}],"author":[{"embeddable":true,"href":"https:\/\/drterziler.com\/tr\/wp-json\/wp\/v2\/users\/6"}],"replies":[{"embeddable":true,"href":"https:\/\/drterziler.com\/tr\/wp-json\/wp\/v2\/comments?post=17882"}],"version-history":[{"count":29,"href":"https:\/\/drterziler.com\/tr\/wp-json\/wp\/v2\/pages\/17882\/revisions"}],"predecessor-version":[{"id":61384,"href":"https:\/\/drterziler.com\/tr\/wp-json\/wp\/v2\/pages\/17882\/revisions\/61384"}],"up":[{"embeddable":true,"href":"https:\/\/drterziler.com\/tr\/wp-json\/wp\/v2\/pages\/17693"}],"wp:attachment":[{"href":"https:\/\/drterziler.com\/tr\/wp-json\/wp\/v2\/media?parent=17882"}],"curies":[{"name":"wp","href":"https:\/\/api.w.org\/{rel}","templated":true}]}}