{"id":17949,"date":"2025-01-28T10:23:19","date_gmt":"2025-01-28T10:23:19","guid":{"rendered":"https:\/\/drterziler.com\/?page_id=17949"},"modified":"2026-04-21T10:53:09","modified_gmt":"2026-04-21T10:53:09","slug":"teknolojik-uygulamalar","status":"publish","type":"page","link":"https:\/\/drterziler.com\/tr\/medikal-estetik\/teknolojik-uygulamalar\/","title":{"rendered":"Teknolojik Uygulamalar"},"content":{"rendered":"<div class=\"page-content\">\n<div id=\"header-area\">\n<div class=\"container\" id=\"firstContent\">\n<div class=\"header-content d-flex flex-column\">\n<h1 class=\"content-title h1-header\">Teknolojik Uygulamalar<\/h1>\n<div class=\"content-paragraph\">\n<p class=\"p-text\">Dr. Terziler olarak, estetik, sa\u011fl\u0131k ve g\u00fczellik alan\u0131ndaki son teknoloji uygulamalar\u0131m\u0131zla zaman\u0131n \u00f6tesinde bir deneyim sunuyoruz. Robotik cihazlar, lazer teknolojileri ve ak\u0131ll\u0131 sistemler ile tedavi s\u00fcre\u00e7leri hem h\u0131zland\u0131r\u0131lmakta hem de daha etkili hale getirilmektedir. Modernize uygulamalar, minimum invaziv y\u00f6ntemlerle iyile\u015fme s\u00fcrecinin h\u0131zlanmas\u0131na olanak tan\u0131rken, ayn\u0131 zamanda benzersiz bir konfor sa\u011flamaktad\u0131r.G\u00fcn\u00fcm\u00fcz teknolojisinin t\u00fcm imk\u00e2nlar\u0131ndan faydalanan \u00e7\u00f6z\u00fcmlerle birlikte ki\u015fiye \u00f6zel tedavi yakla\u015f\u0131m\u0131n\u0131 form\u00fcle ediyor ve beklentilerinizi a\u015fan sonu\u00e7lar sunuyoruz. Hem estetik hem de t\u0131bbi alandaki ileri teknolojilerimiz, her ad\u0131mda g\u00f6z kama\u015ft\u0131ran sonu\u00e7lar\u0131n elde edilmesi i\u00e7in optimize edilmektedir. Dr. Terziler olarak sa\u011fl\u0131k, g\u00fczellik ve memnuniyet eksenindeki \u2018b\u00fct\u00fcnsel mutlulu\u011funuzu\u2019 ilke ediniyor, sizlerin tebess\u00fcm\u00fcne tan\u0131kl\u0131k etmek ad\u0131na s\u0131n\u0131rlar\u0131 zorluyoruz.<\/p>\n<\/p><\/div>\n<nav aria-label=\"breadcrumb\" class=\"breadcrumbs\">\n<ul class=\"d-flex align-items-center mb-0\">\n<li><a class=\"link\" href=\"https:\/\/drterziler.com\/tr\/\"><span>Dr. Terziler Exclusive Clinic<\/span><\/a><\/li>\n<li class=\"separator\">\u00bb<\/li>\n<li><a class=\"link\" href=\"https:\/\/drterziler.com\/tr\/medikal-estetik\/\"><span>Medikal Estetik<\/span><\/a><\/li>\n<li class=\"separator\">\u00bb<\/li>\n<li class=\"current-page\"><span>Teknolojik Uygulamalar<\/span><\/li>\n<\/ul>\n<\/nav><\/div>\n<\/p><\/div>\n<\/p><\/div>\n<\/div>\n<section id=\"content-area\">\n<div class=\"container my-5\">\n<div class=\"row align-items-start\">\n<div class=\"col-md-6 order-2 order-md-1\">\n<div class=\"custom-toc-box\">\n<div id=\"toc-header\">\n<h4>\u0130\u00e7indekiler<\/h4>\n<div class=\"toc-toggle-icon\"><\/div>\n<\/p><\/div>\n<div class=\"toc-full-divider\"><\/div>\n<div id=\"toc-body\">\n<div id=\"toc-container\"><\/div>\n<\/p><\/div>\n<\/p><\/div>\n<\/p><\/div>\n<div class=\"col-md-6 order-1 order-md-2\" id=\"jForm\">\n                <script type=\"text\/javascript\" src=\"https:\/\/form.jotform.com\/jsform\/242882264736970\"><\/script>\n            <\/div>\n<\/p><\/div>\n<\/p><\/div>\n<div class=\"container\">\n<div class=\"img-thumb\">\n            <img loading=\"lazy\" decoding=\"async\" width=\"1920\" height=\"1080\" src=\"https:\/\/drterziler.com\/wp-content\/uploads\/2025\/01\/Teknolojik-Uygulamalar.webp\" alt=\"\" srcset=\"https:\/\/drterziler.com\/wp-content\/uploads\/2025\/01\/Teknolojik-Uygulamalar.webp 1920w, https:\/\/drterziler.com\/wp-content\/uploads\/2025\/01\/Teknolojik-Uygulamalar-300x169.webp 300w, https:\/\/drterziler.com\/wp-content\/uploads\/2025\/01\/Teknolojik-Uygulamalar-1024x576.webp 1024w, https:\/\/drterziler.com\/wp-content\/uploads\/2025\/01\/Teknolojik-Uygulamalar-768x432.webp 768w, https:\/\/drterziler.com\/wp-content\/uploads\/2025\/01\/Teknolojik-Uygulamalar-1536x864.webp 1536w\" sizes=\"auto, (max-width: 1920px) 100vw, 1920px\">\n        <\/div>\n<div>\n<div>\n<h2 class=\"h2-header\">Neden Dr. Terziler Exclusive Clinic?<\/h2>\n<\/p><\/div>\n<div>\n<p class=\"p-text\">Dr. Terziler, d\u00fcnya \u00e7ap\u0131nda tan\u0131nan uzmanl\u0131\u011f\u0131 ve sanatla bilimi bulu\u015fturan estetik yakla\u015f\u0131m\u0131yla ki\u015fiye \u00f6zel \u00e7\u00f6z\u00fcmler sunarak yaln\u0131zca fiziksel de\u011fil, duygusal bir d\u00f6n\u00fc\u015f\u00fcm de ya\u015fat\u0131r. \u0130leri teknolojilerle donat\u0131lm\u0131\u015f, konfor ve g\u00fcven esas\u0131yla faaliyet g\u00f6steren klini\u011fimiz, kusursuzlu\u011fu bir kurum felsefesi olarak benimser. \u00c7\u00fcnk\u00fc burada her dokunu\u015f, b\u00fct\u00fcnsel sa\u011fl\u0131\u011f\u0131n\u0131z\u0131 ve mutlulu\u011funuzu hedefler.<\/p>\n<\/p><\/div>\n<\/p><\/div>\n<\/p><\/div>\n<\/section>\n","protected":false},"excerpt":{"rendered":"<p>Teknolojik Uygulamalar Dr. Terziler olarak, estetik, sa\u011fl\u0131k ve g\u00fczellik alan\u0131ndaki son teknoloji uygulamalar\u0131m\u0131zla zaman\u0131n \u00f6tesinde bir deneyim sunuyoruz. Robotik cihazlar, lazer teknolojileri ve ak\u0131ll\u0131 sistemler ile tedavi s\u00fcre\u00e7leri hem h\u0131zland\u0131r\u0131lmakta hem de daha etkili hale getirilmektedir. Modernize uygulamalar, minimum invaziv y\u00f6ntemlerle iyile\u015fme s\u00fcrecinin h\u0131zlanmas\u0131na olanak tan\u0131rken, ayn\u0131 zamanda benzersiz bir konfor sa\u011flamaktad\u0131r.G\u00fcn\u00fcm\u00fcz teknolojisinin t\u00fcm imk\u00e2nlar\u0131ndan [&hellip;]<\/p>\n","protected":false},"author":6,"featured_media":0,"parent":1654,"menu_order":0,"comment_status":"closed","ping_status":"closed","template":"","meta":{"footnotes":""},"class_list":["post-17949","page","type-page","status-publish","hentry"],"_links":{"self":[{"href":"https:\/\/drterziler.com\/tr\/wp-json\/wp\/v2\/pages\/17949","targetHints":{"allow":["GET"]}}],"collection":[{"href":"https:\/\/drterziler.com\/tr\/wp-json\/wp\/v2\/pages"}],"about":[{"href":"https:\/\/drterziler.com\/tr\/wp-json\/wp\/v2\/types\/page"}],"author":[{"embeddable":true,"href":"https:\/\/drterziler.com\/tr\/wp-json\/wp\/v2\/users\/6"}],"replies":[{"embeddable":true,"href":"https:\/\/drterziler.com\/tr\/wp-json\/wp\/v2\/comments?post=17949"}],"version-history":[{"count":20,"href":"https:\/\/drterziler.com\/tr\/wp-json\/wp\/v2\/pages\/17949\/revisions"}],"predecessor-version":[{"id":59493,"href":"https:\/\/drterziler.com\/tr\/wp-json\/wp\/v2\/pages\/17949\/revisions\/59493"}],"up":[{"embeddable":true,"href":"https:\/\/drterziler.com\/tr\/wp-json\/wp\/v2\/pages\/1654"}],"wp:attachment":[{"href":"https:\/\/drterziler.com\/tr\/wp-json\/wp\/v2\/media?parent=17949"}],"curies":[{"name":"wp","href":"https:\/\/api.w.org\/{rel}","templated":true}]}}