{"id":17982,"date":"2025-01-28T10:27:31","date_gmt":"2025-01-28T10:27:31","guid":{"rendered":"https:\/\/drterziler.com\/?page_id=17982"},"modified":"2026-03-04T14:47:54","modified_gmt":"2026-03-04T14:47:54","slug":"tamamlayici-tip-getat-uygulamalari","status":"publish","type":"page","link":"https:\/\/drterziler.com\/tr\/medikal-estetik\/tamamlayici-tip-getat-uygulamalari\/","title":{"rendered":"Tamamlay\u0131c\u0131 T\u0131p GETAT Uygulamalar\u0131"},"content":{"rendered":"<div class=\"page-content\">\n<div id=\"header-area\">\n<div class=\"container\" id=\"firstContent\">\n<div class=\"header-content d-flex flex-column\">\n<h1 class=\"content-title h1-header\">Tamamlay\u0131c\u0131 T\u0131p GETAT Uygulamalar\u0131<\/h1>\n<div class=\"content-paragraph\">\n<p class=\"p-text\">Tamamlay\u0131c\u0131 t\u0131p (GETAT), geleneksel t\u0131bb\u0131n yan\u0131 s\u0131ra v\u00fccuda do\u011fal ve b\u00fct\u00fcnsel iyile\u015fme y\u00f6ntemleriyle destek olmay\u0131 ama\u00e7layan bir tedavi alan\u0131d\u0131r. Bu uygulamalar, v\u00fccudun iyile\u015fme s\u00fcre\u00e7lerini desteklerken ayn\u0131 zamanda ki\u015finin ruhsal ve fiziksel sa\u011fl\u0131\u011f\u0131n\u0131 da en \u00fcst seviyelere ta\u015f\u0131may\u0131 hedefler.<\/p>\n<\/p><\/div>\n<nav aria-label=\"breadcrumb\" class=\"breadcrumbs\">\n<ul class=\"d-flex align-items-center mb-0\">\n<li><a class=\"link\" href=\"https:\/\/drterziler.com\/tr\/\"><span>Dr. Terziler Exclusive Clinic<\/span><\/a><\/li>\n<li class=\"separator\">\u00bb<\/li>\n<li><a class=\"link\" href=\"https:\/\/drterziler.com\/tr\/medikal-estetik\/\"><span>Medikal Estetik<\/span><\/a><\/li>\n<li class=\"separator\">\u00bb<\/li>\n<li class=\"current-page\"><span>Tamamlay\u0131c\u0131 T\u0131p GETAT Uygulamalar\u0131<\/span><\/li>\n<\/ul>\n<\/nav><\/div>\n<\/p><\/div>\n<\/p><\/div>\n<\/div>\n<section id=\"content-area\">\n<div class=\"container my-5\">\n<div class=\"row align-items-start\">\n<div class=\"col-md-6 order-2 order-md-1\">\n<div class=\"custom-toc-box\">\n<div id=\"toc-header\">\n<h4>\u0130\u00e7indekiler<\/h4>\n<div class=\"toc-toggle-icon\"><\/div>\n<\/p><\/div>\n<div class=\"toc-full-divider\"><\/div>\n<div id=\"toc-body\">\n<div id=\"toc-container\"><\/div>\n<\/p><\/div>\n<\/p><\/div>\n<\/p><\/div>\n<div class=\"col-md-6 order-1 order-md-2\" id=\"jForm\">\n                <script type=\"text\/javascript\" src=\"https:\/\/form.jotform.com\/jsform\/242882264736970\"><\/script>\n            <\/div>\n<\/p><\/div>\n<\/p><\/div>\n<div class=\"container\">\n<div class=\"img-thumb\">\n            <img loading=\"lazy\" decoding=\"async\" width=\"1920\" height=\"1080\" src=\"https:\/\/drterziler.com\/wp-content\/uploads\/2025\/01\/Tamamlayici-Tip-GETAT-Uygulamalari.webp\" alt=\"\" srcset=\"https:\/\/drterziler.com\/wp-content\/uploads\/2025\/01\/Tamamlayici-Tip-GETAT-Uygulamalari.webp 1920w, https:\/\/drterziler.com\/wp-content\/uploads\/2025\/01\/Tamamlayici-Tip-GETAT-Uygulamalari-300x169.webp 300w, https:\/\/drterziler.com\/wp-content\/uploads\/2025\/01\/Tamamlayici-Tip-GETAT-Uygulamalari-1024x576.webp 1024w, https:\/\/drterziler.com\/wp-content\/uploads\/2025\/01\/Tamamlayici-Tip-GETAT-Uygulamalari-768x432.webp 768w, https:\/\/drterziler.com\/wp-content\/uploads\/2025\/01\/Tamamlayici-Tip-GETAT-Uygulamalari-1536x864.webp 1536w\" sizes=\"auto, (max-width: 1920px) 100vw, 1920px\">\n        <\/div>\n<div>\n<div>\n<h2 class=\"h2-header\">Tamamlay\u0131c\u0131 T\u0131p (GETAT) Uygulamalar\u0131<\/h2>\n<\/p><\/div>\n<div>\n<p class=\"p-text\">Tamamlay\u0131c\u0131 t\u0131p (GETAT), geleneksel t\u0131bb\u0131n yan\u0131 s\u0131ra v\u00fccuda do\u011fal ve b\u00fct\u00fcnsel iyile\u015fme y\u00f6ntemleriyle destek olmay\u0131 ama\u00e7layan bir tedavi alan\u0131d\u0131r. Bu uygulamalar, v\u00fccudun iyile\u015fme s\u00fcre\u00e7lerini desteklerken ayn\u0131 zamanda ki\u015finin ruhsal ve fizikal sa\u011fl\u0131\u011f\u0131n\u0131 da en \u00fcst seviyelere ta\u015f\u0131may\u0131 hedefler. 10X Ozon terapisi, Mezoterapi Uygulamalar\u0131 ya da Gen\u00e7lik \u0130ksiri, pop\u00fcler olarak tercih edilen tamamlay\u0131c\u0131 uygulamalar\u0131m\u0131zdan yaln\u0131zca birka\u00e7\u0131d\u0131r.<\/p>\n<\/p><\/div>\n<\/p><\/div>\n<div>\n<div>\n<h2 class=\"h2-header\">Tamamlay\u0131c\u0131 T\u0131p (GETAT) Uygulamalar\u0131 Nedir?<\/h2>\n<\/p><\/div>\n<div>\n<p class=\"p-text\">Tamamlay\u0131c\u0131 t\u0131p, geleneksel t\u0131bb\u0131n yan\u0131 s\u0131ra alternatif tedavi y\u00f6ntemleri sunarak ki\u015fiye b\u00fct\u00fcnsel bir sa\u011fl\u0131k yakla\u015f\u0131m\u0131 sa\u011flar. V\u00fccudun kendini iyile\u015ftirme kapasitesini art\u0131rmak amac\u0131yla do\u011fal y\u00f6ntemler ve tedavi teknikleri kullan\u0131l\u0131r. Bu tedavi t\u00fcr\u00fc, fiziksel, zihinsel ve duygusal dengeyi sa\u011flamak i\u00e7in alternatif uygulamalar\u0131 bir araya getirir.<\/p>\n<\/p><\/div>\n<\/p><\/div>\n<div>\n<div>\n<h2 class=\"h2-header\">Tamamlay\u0131c\u0131 T\u0131p (GETAT) Uygulamalar\u0131n\u0131n Avantajlar\u0131 Nelerdir?<\/h2>\n<\/p><\/div>\n<div>\n<p class=\"p-text\">Do\u011fall\u0131k \u00f6n plandad\u0131r Enerji ve zindelik hali verir Ba\u011f\u0131\u015f\u0131kl\u0131k sistemini g\u00fc\u00e7lendirir Ruhsal rahatlama sa\u011flar Stres ve anksiyeteyi azalt\u0131r A\u011fr\u0131 kontrol\u00fc sa\u011flar Daha h\u0131zl\u0131 iyile\u015fme s\u00fcreci Ki\u015fiye \u00f6zel tedavi plan\u0131<\/p>\n<\/p><\/div>\n<\/p><\/div>\n<div>\n<div>\n<h2 class=\"h2-header\">Kimler \u0130\u00e7in Uygundur?<\/h2>\n<\/p><\/div>\n<div>\n<p class=\"p-text\">Stresle ba\u015fa \u00e7\u0131kmak isteyenler Do\u011fal tedavi arayanlar Ge\u00e7meyen yorgunluk ve uykusuzluk ya\u015fayanlar Kronik hastal\u0131klar ya\u015fayanlar A\u011fr\u0131 tedavisi isteyenler Zihinsel rahatl\u0131k arayanlar Ba\u011f\u0131\u015f\u0131kl\u0131\u011f\u0131 g\u00fc\u00e7lendirmek isteyenler Fiziksel iyile\u015fme s\u00fcrecinde olanlar Ameliyats\u0131z tedavi arayanlar<\/p>\n<\/p><\/div>\n<\/p><\/div>\n<div>\n<div>\n<h2 class=\"h2-header\">Tamamlay\u0131c\u0131 T\u0131p Uygulamalar\u0131 Neden Pop\u00fclerdir?<\/h2>\n<\/p><\/div>\n<div>\n<p class=\"p-text\">G\u00fcn\u00fcm\u00fczde, insanlar\u0131n sa\u011fl\u0131k ve iyile\u015fme s\u00fcre\u00e7lerinde daha do\u011fal ve b\u00fct\u00fcnsel yakla\u015f\u0131mlara y\u00f6nelmesi ile giderek daha fazla tercih edilmektedir. Modern ya\u015fam\u0131n getirdi\u011fi stres ve sa\u011fl\u0131k problemleri, bu t\u00fcr uygulamalar\u0131n pop\u00fclerli\u011fini art\u0131rmaktad\u0131r. Ayr\u0131ca, yan etkilerinin minimal olmas\u0131 ve ki\u015fiye \u00f6zel tedavi yakla\u015f\u0131mlar\u0131, bu alan\u0131 \u00e7ekici k\u0131lmaktad\u0131r. \u0130nsanlar, v\u00fccutlar\u0131n\u0131n do\u011fal iyile\u015fme s\u00fcre\u00e7lerine destek olman\u0131n yan\u0131 s\u0131ra ruhsal dengeyi de sa\u011flayabilmektedirler.<\/p>\n<\/p><\/div>\n<\/p><\/div>\n<div>\n<div>\n<h2 class=\"h2-header\">Nas\u0131l Uygulan\u0131r?<\/h2>\n<\/p><\/div>\n<div>\n<p class=\"p-text\">Tamamlay\u0131c\u0131 t\u0131p uygulamalar\u0131, genellikle uzman bir doktor veya terapist taraf\u0131ndan yap\u0131lmaktad\u0131r. \u0130lk olarak ki\u015finin genel sa\u011fl\u0131k durumu de\u011ferlendirilir ve ki\u015fiye \u00f6zel bir tedavi plan\u0131 olu\u015fturulur. 10X Ozon Terapisi, Gen\u00e7lik \u0130ksiri veya Mezoterapi gibi farkl\u0131 y\u00f6ntemler, ki\u015finin ihtiya\u00e7lar\u0131na g\u00f6re se\u00e7ilir ve uygulan\u0131r. Tedavi s\u00fcreci, genellikle birka\u00e7 seansl\u0131k bir program dahilinde ger\u00e7ekle\u015ftirilir ve her seans sonunda bireyin durumu de\u011ferlendirilir. Uygulama y\u00f6ntemleri, \u00e7o\u011funlukla invaziv olmayan, do\u011fal ve rahatlat\u0131c\u0131 tekniklerden olu\u015fur. Tedavi s\u00fcrecinde kullan\u0131lan her y\u00f6ntem, ki\u015finin ya\u015fam kalitesini art\u0131rmaya y\u00f6nelik tasarlanm\u0131\u015ft\u0131r.<\/p>\n<\/p><\/div>\n<\/p><\/div>\n<div>\n<div>\n<h2 class=\"h2-header\">Ac\u0131, A\u011fr\u0131 Hissedilir Mi?<\/h2>\n<\/p><\/div>\n<div>\n<p class=\"p-text\">Hemen hemen a\u011fr\u0131s\u0131z veya \u00e7ok hafif ac\u0131 ile ger\u00e7ekle\u015fir. Genellikle ince i\u011fneler kullan\u0131l\u0131r ancak bu i\u011fneler \u00e7ok ince oldu\u011fu i\u00e7in \u00e7o\u011fu zaman a\u011fr\u0131 hissedilmez. Uygulama s\u0131ras\u0131nda baz\u0131 hafif rahats\u0131zl\u0131klar olsa da, bunlar genellikle tedavinin etkili oldu\u011funun bir i\u015fareti olarak kabul edilir. Terapist veya uzman, ki\u015finin konforunu \u00f6n planda tutarak uygulamalar\u0131 yapar.<\/p>\n<\/p><\/div>\n<\/p><\/div>\n<div>\n<div>\n<h2 class=\"h2-header\">Ka\u00e7 G\u00fcnde \u0130yile\u015fir?<\/h2>\n<\/p><\/div>\n<div>\n<p class=\"p-text\">\u0130yile\u015fme s\u00fcresi, tedavi y\u00f6ntemine ve ki\u015finin sa\u011fl\u0131k durumuna ba\u011fl\u0131 olarak de\u011fi\u015fkenlik g\u00f6sterebilir. \u00c7o\u011fu tamamlay\u0131c\u0131 t\u0131p uygulamas\u0131nda, tedavi sonras\u0131 hemen bir rahatlama hissi duyulabilir ve iyile\u015fme s\u00fcreci h\u0131zlanabilir. Uygulama s\u00fcresi boyunca, uzmanlar\u0131m\u0131z taraf\u0131ndan d\u00fczenli takip yap\u0131l\u0131r ve s\u00fcre\u00e7 daha verimli hale getirilir.<\/p>\n<\/p><\/div>\n<\/p><\/div>\n<div>\n<div>\n<h2 class=\"h2-header\">Neden Dr. Terziler Exclusive Clinic?<\/h2>\n<\/p><\/div>\n<div>\n<p class=\"p-text\">Dr. Terziler, d\u00fcnya \u00e7ap\u0131nda tan\u0131nan uzmanl\u0131\u011f\u0131 ve sanatla bilimi bulu\u015fturan estetik yakla\u015f\u0131m\u0131yla ki\u015fiye \u00f6zel \u00e7\u00f6z\u00fcmler sunarak yaln\u0131zca fiziksel de\u011fil, duygusal bir d\u00f6n\u00fc\u015f\u00fcm de ya\u015fat\u0131r. \u0130leri teknolojilerle donat\u0131lm\u0131\u015f, konfor ve g\u00fcven esas\u0131yla faaliyet g\u00f6steren klini\u011fimiz, kusursuzlu\u011fu bir kurum felsefesi olarak benimser. \u00c7\u00fcnk\u00fc burada her dokunu\u015f, b\u00fct\u00fcnsel sa\u011fl\u0131\u011f\u0131n\u0131z\u0131 ve mutlulu\u011funuzu hedefler.<\/p>\n<\/p><\/div>\n<\/p><\/div>\n<\/p><\/div>\n<\/section>\n","protected":false},"excerpt":{"rendered":"<p>Tamamlay\u0131c\u0131 T\u0131p GETAT Uygulamalar\u0131 Tamamlay\u0131c\u0131 t\u0131p (GETAT), geleneksel t\u0131bb\u0131n yan\u0131 s\u0131ra v\u00fccuda do\u011fal ve b\u00fct\u00fcnsel iyile\u015fme y\u00f6ntemleriyle destek olmay\u0131 ama\u00e7layan bir tedavi alan\u0131d\u0131r. Bu uygulamalar, v\u00fccudun iyile\u015fme s\u00fcre\u00e7lerini desteklerken ayn\u0131 zamanda ki\u015finin ruhsal ve fiziksel sa\u011fl\u0131\u011f\u0131n\u0131 da en \u00fcst seviyelere ta\u015f\u0131may\u0131 hedefler. Dr. Terziler Exclusive Clinic \u00bb Medikal Estetik \u00bb Tamamlay\u0131c\u0131 T\u0131p GETAT Uygulamalar\u0131 \u0130\u00e7indekiler [&hellip;]<\/p>\n","protected":false},"author":6,"featured_media":0,"parent":1654,"menu_order":0,"comment_status":"closed","ping_status":"closed","template":"","meta":{"footnotes":""},"class_list":["post-17982","page","type-page","status-publish","hentry"],"_links":{"self":[{"href":"https:\/\/drterziler.com\/tr\/wp-json\/wp\/v2\/pages\/17982","targetHints":{"allow":["GET"]}}],"collection":[{"href":"https:\/\/drterziler.com\/tr\/wp-json\/wp\/v2\/pages"}],"about":[{"href":"https:\/\/drterziler.com\/tr\/wp-json\/wp\/v2\/types\/page"}],"author":[{"embeddable":true,"href":"https:\/\/drterziler.com\/tr\/wp-json\/wp\/v2\/users\/6"}],"replies":[{"embeddable":true,"href":"https:\/\/drterziler.com\/tr\/wp-json\/wp\/v2\/comments?post=17982"}],"version-history":[{"count":20,"href":"https:\/\/drterziler.com\/tr\/wp-json\/wp\/v2\/pages\/17982\/revisions"}],"predecessor-version":[{"id":59494,"href":"https:\/\/drterziler.com\/tr\/wp-json\/wp\/v2\/pages\/17982\/revisions\/59494"}],"up":[{"embeddable":true,"href":"https:\/\/drterziler.com\/tr\/wp-json\/wp\/v2\/pages\/1654"}],"wp:attachment":[{"href":"https:\/\/drterziler.com\/tr\/wp-json\/wp\/v2\/media?parent=17982"}],"curies":[{"name":"wp","href":"https:\/\/api.w.org\/{rel}","templated":true}]}}