{"id":31689,"date":"2025-03-27T07:33:26","date_gmt":"2025-03-27T07:33:26","guid":{"rendered":"https:\/\/drterziler.com\/?page_id=31689"},"modified":"2026-02-28T20:43:56","modified_gmt":"2026-02-28T20:43:56","slug":"dhi-sac-ekimi","status":"publish","type":"page","link":"https:\/\/drterziler.com\/tr\/sac-ekimi\/dhi-sac-ekimi\/","title":{"rendered":"DHI"},"content":{"rendered":"<div class=\"page-content\">\n<div id=\"header-area\">\n<div class=\"container\" id=\"firstContent\">\n<div class=\"header-content d-flex flex-column\">\n<h1 class=\"content-title h1-header\">DHI<\/h1>\n<div class=\"content-paragraph\">\n<p class=\"p-text\">DHI sa\u00e7 ekimi, sa\u00e7 d\u00f6k\u00fclmesi sorunuyla kar\u015f\u0131la\u015fan ki\u015filerin tercih etti\u011fi modern bir sa\u00e7 ekimi y\u00f6ntemidir. &quot;Direct Hair Implantation&quot; olarak bilinen bu y\u00f6ntem, sa\u00e7 k\u00f6klerinin do\u011frudan kafa derisine ekilmesini sa\u011flar.<\/p>\n<\/p><\/div>\n<nav aria-label=\"breadcrumb\" class=\"breadcrumbs\">\n<ul class=\"d-flex align-items-center mb-0\">\n<li><a class=\"link\" href=\"https:\/\/drterziler.com\/\"><span>Dr. Terziler Exclusive Clinic<\/span><\/a><\/li>\n<li class=\"separator\">\u00bb<\/li>\n<li><a class=\"link\" href=\"https:\/\/drterziler.com\/hair-transplant-turkey\/\"><span>Sa\u00e7 Ekimi<\/span><\/a><\/li>\n<li class=\"separator\">\u00bb<\/li>\n<li class=\"current-page\"><span>DHI<\/span><\/li>\n<\/ul>\n<\/nav><\/div>\n<\/p><\/div>\n<\/p><\/div>\n<\/div>\n<section id=\"content-area\">\n<div class=\"container my-5\">\n<div class=\"row align-items-start\">\n<div class=\"col-md-6 order-2 order-md-1\">\n<div class=\"custom-toc-box\">\n<div id=\"toc-header\">\n<h4>\u0130\u00e7indekiler<\/h4>\n<div class=\"toc-toggle-icon\"><\/div>\n<\/p><\/div>\n<div class=\"toc-full-divider\"><\/div>\n<div id=\"toc-body\">\n<div id=\"toc-container\"><\/div>\n<\/p><\/div>\n<\/p><\/div>\n<\/p><\/div>\n<div class=\"col-md-6 order-1 order-md-2\" id=\"jForm\">\n                <script type=\"text\/javascript\" src=\"https:\/\/form.jotform.com\/jsform\/242882264736970\"><\/script>\n            <\/div>\n<\/p><\/div>\n<\/p><\/div>\n<div class=\"container\">\n<div class=\"img-thumb\">\n            <img loading=\"lazy\" decoding=\"async\" width=\"1536\" height=\"864\" src=\"https:\/\/drterziler.com\/wp-content\/uploads\/2025\/03\/dhi-sac-ekimi.webp\" alt=\"DHI sa\u00e7 ekimi\" srcset=\"https:\/\/drterziler.com\/wp-content\/uploads\/2025\/03\/dhi-sac-ekimi.webp 1536w, https:\/\/drterziler.com\/wp-content\/uploads\/2025\/03\/dhi-sac-ekimi-300x169.webp 300w, https:\/\/drterziler.com\/wp-content\/uploads\/2025\/03\/dhi-sac-ekimi-1024x576.webp 1024w, https:\/\/drterziler.com\/wp-content\/uploads\/2025\/03\/dhi-sac-ekimi-768x432.webp 768w\" sizes=\"auto, (max-width: 1536px) 100vw, 1536px\" \/>\n        <\/div>\n<div>\n<div>\n<h2 class=\"h2-header\">DHI Sa\u00e7 Ekimi Nedir?<\/h2>\n<\/p><\/div>\n<div>\n<p class=\"p-text\">DHI sa\u00e7 ekimi, sa\u00e7 k\u00f6klerinin \u00f6zel kalemlerle do\u011frudan kafa derisine ekildi\u011fi modern bir sa\u00e7 ekimi tekni\u011fidir. Bu y\u00f6ntemde, sa\u00e7 folik\u00fclleri tek tek al\u0131narak bekletilmeden h\u0131zl\u0131 bir \u015fekilde nakil i\u015flemi ger\u00e7ekle\u015ftirilir. B\u00f6ylece k\u00f6klerin zarar g\u00f6rme riski azal\u0131r ve daha do\u011fal sonu\u00e7lar elde edilir. DHI y\u00f6nteminde kanal a\u00e7ma i\u015flemi yap\u0131lmad\u0131\u011f\u0131 i\u00e7in kafa derisindeki travma en aza iner ve iyile\u015fme s\u00fcresi k\u0131sal\u0131r.Genelde DHI sa\u00e7 ekimi y\u00f6ntemi, geleneksel y\u00f6ntemlere g\u00f6re daha y\u00fcksek tutma oran\u0131 sa\u011flar. \u00c7\u00fcnk\u00fc sa\u00e7 k\u00f6kleri d\u0131\u015f ortamla daha az temas eder ve canl\u0131l\u0131klar\u0131n\u0131 daha iyi korur. Ayr\u0131ca kalem benzeri \u00f6zel implant cihaz\u0131 sayesinde sa\u00e7lar\u0131n yerle\u015fimi ve a\u00e7\u0131s\u0131 kolayca kontrol edilebilir. Bu da do\u011fal g\u00f6r\u00fcn\u00fcm\u00fc art\u0131r\u0131r ve ki\u015finin memnuniyetini y\u00fckseltir.DHI tekni\u011fi minimal invaziv bir y\u00f6ntem oldu\u011fu i\u00e7in i\u015flem sonras\u0131 iyile\u015fme d\u00f6nemi rahat ge\u00e7er. Bu y\u00f6ntem sayesinde hastalar daha k\u0131sa s\u00fcrede g\u00fcnl\u00fck ya\u015famlar\u0131na geri d\u00f6nebilirler. Ayr\u0131ca sa\u00e7 ekiminden sonra g\u00f6r\u00fclen kabuklanma ve \u015fi\u015flik gibi komplikasyonlar da daha hafif seyreder.<\/p>\n<\/p><\/div>\n<\/p><\/div>\n<div>\n<div>\n<h2 class=\"h2-header\">DHI Sa\u00e7 Ekiminde Kullan\u0131lan Choi Kalemi Nedir?<\/h2>\n<\/p><\/div>\n<div>\n<p class=\"p-text\">DHI sa\u00e7 ekiminde kullan\u0131lan Choi kalemi, sa\u00e7 k\u00f6klerini tek tek al\u0131p do\u011frudan ekim b\u00f6lgesine yerle\u015ftiren \u00f6zel bir medikal ara\u00e7t\u0131r. Bu kalem, sa\u00e7 ekimi i\u015flemi s\u0131ras\u0131nda folik\u00fcllerin d\u0131\u015f ortamla temas\u0131n\u0131 minimuma indirerek sa\u00e7lar\u0131n sa\u011fl\u0131kl\u0131 kalmas\u0131n\u0131 sa\u011flar. Choi kaleminin u\u00e7 k\u0131sm\u0131 olduk\u00e7a ince yap\u0131ya sahiptir, bu sayede sa\u00e7 k\u00f6kleri hassas ve kontroll\u00fc bi\u00e7imde ekilebilir. Ayr\u0131ca, kalemin ince yap\u0131s\u0131 sayesinde ekim s\u0131ras\u0131nda sa\u00e7lar\u0131n y\u00f6n\u00fc ve a\u00e7\u0131s\u0131 kolayca ayarlanabilir.Choi kalemi ile yap\u0131lan sa\u00e7 nakli i\u015flemleri, di\u011fer y\u00f6ntemlere g\u00f6re \u00e7ok daha h\u0131zl\u0131 ve g\u00fcvenli ger\u00e7ekle\u015ftirilir. Bu y\u00f6ntem, kanal a\u00e7ma a\u015famas\u0131n\u0131 ortadan kald\u0131rarak kafa derisinde olu\u015fabilecek travmalar\u0131 minimum seviyeye indirir. Bu sayede, i\u015flem sonras\u0131 iyile\u015fme s\u00fcreci k\u0131sal\u0131r ve ki\u015fi g\u00fcnl\u00fck hayat\u0131na daha erken d\u00f6nebilir. Ayr\u0131ca Choi kalemi kullan\u0131larak yap\u0131lan ekimlerde, sa\u00e7lar\u0131n \u00e7\u0131k\u0131\u015f y\u00f6n\u00fc do\u011fal oldu\u011fu i\u00e7in estetik sonu\u00e7lar olduk\u00e7a ba\u015far\u0131l\u0131d\u0131r.<\/p>\n<\/p><\/div>\n<\/p><\/div>\n<div>\n<div>\n<h2 class=\"h2-header\">DHI Sa\u00e7 Ekimi Nas\u0131l Yap\u0131l\u0131r?<\/h2>\n<\/p><\/div>\n<div>\n<p class=\"p-text\">DHI sa\u00e7 ekimi, sa\u00e7 k\u00f6klerinin \u00f6zel olarak geli\u015ftirilen medikal kalemlerle al\u0131narak do\u011frudan sa\u00e7s\u0131z b\u00f6lgeye ekilmesiyle ger\u00e7ekle\u015ftirilir. Bu i\u015flemde sa\u00e7 k\u00f6kleri \u00f6ncelikle don\u00f6r b\u00f6lgeden titizlikle tek tek toplanarak, bekletilmeden hedef b\u00f6lgeye transfer edilir. Sa\u00e7 ekimi yap\u0131l\u0131rken kanal a\u00e7maya gerek olmad\u0131\u011f\u0131 i\u00e7in k\u00f6klerin yerle\u015ftirilece\u011fi b\u00f6lge minimal d\u00fczeyde zarar g\u00f6r\u00fcr ve b\u00f6ylece daha h\u0131zl\u0131 iyile\u015fme ger\u00e7ekle\u015fir.DHI y\u00f6nteminde kullan\u0131lan \u00f6zel implant kalemleri, sa\u00e7 k\u00f6klerinin ekilece\u011fi alan\u0131n a\u00e7\u0131s\u0131n\u0131 ve derinli\u011fini hassas bi\u00e7imde belirlemeye yard\u0131mc\u0131 olur. Bu sayede ekilen sa\u00e7lar do\u011fal bir a\u00e7\u0131yla \u00e7\u0131kar ve ekim sonras\u0131 g\u00f6r\u00fcn\u00fcm \u00e7ok daha estetik olur. Ayn\u0131 zamanda sa\u00e7 k\u00f6kleri do\u011frudan hedef b\u00f6lgeye yerle\u015ftirildi\u011fi i\u00e7in, folik\u00fcllerin d\u0131\u015f ortamla temas\u0131 olduk\u00e7a k\u0131sal\u0131r ve sa\u00e7 k\u00f6klerinin canl\u0131 kalma oran\u0131 artar.\u0130\u015flem s\u0131ras\u0131nda lokal anestezi uygulanarak ki\u015finin konforu sa\u011flan\u0131r, bu da a\u011fr\u0131 ve rahats\u0131zl\u0131k hissini minimum seviyeye indirir. DHI tekni\u011fi minimal invaziv bir y\u00f6ntem oldu\u011fundan operasyon sonras\u0131 olu\u015fabilecek k\u0131zar\u0131kl\u0131k, kabuklanma gibi yan etkiler de olduk\u00e7a az g\u00f6r\u00fcl\u00fcr. Hastalar genellikle k\u0131sa bir s\u00fcrede iyile\u015fir ve sosyal ya\u015famlar\u0131na h\u0131zl\u0131ca d\u00f6nebilirler. Bu \u00f6zellikleri sayesinde DHI sa\u00e7 ekimi, g\u00fcn\u00fcm\u00fczde giderek daha fazla tercih edilen modern sa\u00e7 ekim y\u00f6ntemlerinden biridir.<\/p>\n<\/p><\/div>\n<\/p><\/div>\n<div>\n<div>\n<h2 class=\"h2-header\">Bu Y\u00f6ntem Kimlere Uygulan\u0131r?<\/h2>\n<\/p><\/div>\n<div>\n<p class=\"p-text\">Sa\u00e7 d\u00f6k\u00fclmesi sorunu ya\u015fayan ve do\u011fal g\u00f6r\u00fcn\u00fcml\u00fc sa\u00e7lara sahip olmak isteyen herkese uygulanabilir. Bu y\u00f6ntem genellikle erkek tipi sa\u00e7 d\u00f6k\u00fclmesi ya\u015fayan ki\u015filer taraf\u0131ndan tercih edilir, ancak kad\u0131nlarda da uygulanabilen bir y\u00f6ntemdir. \u00d6zellikle sa\u00e7 \u00e7izgisinde incelme, tepe b\u00f6lgesinde a\u00e7\u0131lma gibi sorunlar\u0131 olan ki\u015filer, DHI tekni\u011fiyle etkili sonu\u00e7lar elde edebilir. Bu i\u015flem i\u00e7in ki\u015finin don\u00f6r b\u00f6lgesinde yeterli sa\u00e7 k\u00f6k\u00fc bulunmas\u0131 gerekir, b\u00f6ylece ekim i\u015flemi ba\u015far\u0131l\u0131 olur.DHI sa\u00e7 ekimi, minimal invaziv bir y\u00f6ntem oldu\u011fundan iyile\u015fme s\u00fcreci h\u0131zl\u0131d\u0131r ve g\u00fcnl\u00fck hayat\u0131 fazla aksatmaz. Bu nedenle i\u015f hayat\u0131 yo\u011fun olan ya da k\u0131sa s\u00fcrede normal ya\u015fant\u0131s\u0131na d\u00f6nmek isteyen ki\u015filer i\u00e7in idealdir. Ayr\u0131ca hassas cilt yap\u0131s\u0131na sahip ki\u015filer i\u00e7in de uygundur \u00e7\u00fcnk\u00fc kafa derisinde daha az travma yarat\u0131r. Ancak kronik hastal\u0131\u011f\u0131 olanlar ya da hamilelik s\u00fcrecinde bulunanlar i\u00e7in doktor de\u011ferlendirmesi gereklidir.<\/p>\n<\/p><\/div>\n<\/p><\/div>\n<div>\n<div>\n<h2 class=\"h2-header\">Di\u011fer Y\u00f6ntemlerden Fark\u0131 Nedir?<\/h2>\n<\/p><\/div>\n<div>\n<p class=\"p-text\">Di\u011fer y\u00f6ntemlerden fark\u0131, sa\u00e7 k\u00f6klerinin Choi kalemiyle do\u011frudan ekim alan\u0131na yerle\u015ftirilmesidir. Geleneksel sa\u00e7 ekiminde \u00f6nce kanal a\u00e7\u0131l\u0131r, ard\u0131ndan sa\u00e7 k\u00f6kleri bu kanallara yerle\u015ftirilir, ancak DHI y\u00f6nteminde bu a\u015fama yoktur. Bu sayede sa\u00e7 k\u00f6kleri d\u0131\u015f ortamla daha az temas eder ve k\u00f6klerin canl\u0131 kalma oran\u0131 artar. Sa\u00e7lar\u0131n ekimi s\u0131ras\u0131nda a\u00e7\u0131 ve derinlik hassas bi\u00e7imde ayarland\u0131\u011f\u0131 i\u00e7in sonu\u00e7lar daha do\u011fald\u0131r.DHI sa\u00e7 ekimi i\u015fleminde, kafa derisinde olu\u015fturulan travma minimum seviyeye iner ve iyile\u015fme s\u00fcreci h\u0131zlan\u0131r. Di\u011fer y\u00f6ntemlerde ya\u015fanan kabuklanma, \u015fi\u015flik ve k\u0131zar\u0131kl\u0131k gibi problemler DHI tekni\u011finde daha az g\u00f6r\u00fcl\u00fcr ve ki\u015fi k\u0131sa s\u00fcrede iyile\u015fir. Bu nedenle sosyal hayata veya i\u015f hayat\u0131na h\u0131zl\u0131ca d\u00f6nmek isteyen ki\u015filer DHI y\u00f6ntemini tercih eder. Ayr\u0131ca sa\u00e7lar\u0131n tutunma oran\u0131n\u0131n y\u00fcksek olmas\u0131, daha yo\u011fun ve dolgun sa\u00e7 g\u00f6r\u00fcn\u00fcm\u00fcne olanak sa\u011flar.<\/p>\n<\/p><\/div>\n<\/p><\/div>\n<div>\n<div>\n<h2 class=\"h2-header\">DHI Sa\u00e7 Ekimi Fiyatlar\u0131 2025<\/h2>\n<\/p><\/div>\n<div>\n<p class=\"p-text\">\u200b2025 y\u0131l\u0131nda DHI sa\u00e7 ekimi fiyatlar\u0131, \u00e7e\u015fitli fakt\u00f6rlere ba\u011fl\u0131 olarak de\u011fi\u015fiklik g\u00f6stermektedir. Fiyatlar, ekilecek greft say\u0131s\u0131na g\u00f6re farkl\u0131l\u0131k g\u00f6sterir. Fiyatlar hakk\u0131nda bilgi i\u00e7in bizimle ileti\u015fime ge\u00e7ebilirsiniz.<\/p>\n<\/p><\/div>\n<\/p><\/div>\n<div>\n<div>\n<h2 class=\"h2-header\">S\u0131k Sorulan Sorular<\/h2>\n<\/p><\/div>\n<div>\n<p class=\"p-text\">DHI Sa\u00e7 Ekimi Ne Kadar S\u00fcrer?DHI sa\u00e7 ekimi i\u015flemi, ortalama 6 ila 8 saat aras\u0131nda s\u00fcrmektedir. S\u00fcrenin bu kadar uzun olmas\u0131n\u0131n sebebi, sa\u00e7 k\u00f6klerinin tek tek dikkatlice toplanmas\u0131 ve yerle\u015ftirilmesidir. Ayr\u0131ca sa\u00e7lar\u0131n do\u011fal g\u00f6r\u00fcnmesi i\u00e7in her bir k\u00f6k\u00fcn do\u011fru a\u00e7\u0131 ve derinlikte ekilmesi gerekir. Bu s\u00fcre\u00e7te kullan\u0131lan \u00f6zel Choi kalemiyle yap\u0131lan i\u015flem titizlik ve zaman gerektirir.\u0130\u015flemin s\u00fcresi, ekilecek greft say\u0131s\u0131na ve ki\u015finin sa\u00e7 d\u00f6k\u00fclme alan\u0131n\u0131n b\u00fcy\u00fckl\u00fc\u011f\u00fcne ba\u011fl\u0131 olarak de\u011fi\u015febilir. Daha k\u00fc\u00e7\u00fck alanlarda sa\u00e7 ekimi yap\u0131l\u0131rken s\u00fcre 4-5 saate kadar d\u00fc\u015febilir. Ancak geni\u015f alanlarda ve daha yo\u011fun greft say\u0131lar\u0131nda i\u015flem s\u00fcresi 8 saatin \u00fczerine \u00e7\u0131kabilir. Bu nedenle sa\u00e7 ekimi i\u015flemi \u00f6ncesinde ki\u015finin ihtiyac\u0131na g\u00f6re \u00f6zel planlama yap\u0131l\u0131r.DHI Sa\u00e7 Ekimi Sonras\u0131 \u0130yile\u015fme S\u00fcreci Nas\u0131ld\u0131r?DHI sa\u00e7 ekimi sonras\u0131 iyile\u015fme s\u00fcreci olduk\u00e7a h\u0131zl\u0131 ve konforlu ge\u00e7er. \u0130\u015flem minimal invaziv y\u00f6ntemle yap\u0131ld\u0131\u011f\u0131 i\u00e7in kafa derisinde olu\u015fan yaralar k\u00fc\u00e7\u00fckt\u00fcr ve h\u0131zl\u0131 kapan\u0131r. \u0130lk birka\u00e7 g\u00fcn hafif k\u0131zar\u0131kl\u0131k ve \u015fi\u015flik olabilir, ancak bunlar genellikle bir hafta i\u00e7inde tamamen kaybolur. Ayr\u0131ca ekim yap\u0131lan b\u00f6lgede olu\u015fan k\u00fc\u00e7\u00fck kabuklanmalar da yakla\u015f\u0131k 7-10 g\u00fcn i\u00e7inde d\u00f6k\u00fclerek temizlenir.DHI y\u00f6nteminde \u00f6zel kalemler kullan\u0131ld\u0131\u011f\u0131 i\u00e7in ciltte olu\u015fan travma \u00e7ok azd\u0131r. Bu nedenle iyile\u015fme s\u00fcresi di\u011fer sa\u00e7 ekimi y\u00f6ntemlerine g\u00f6re daha k\u0131sa s\u00fcrer ve ki\u015fi g\u00fcnl\u00fck ya\u015fant\u0131s\u0131na erken d\u00f6nebilir. Yakla\u015f\u0131k iki hafta sonra ekilen sa\u00e7lar\u0131n d\u00f6k\u00fclmesi normaldir, ancak d\u00f6k\u00fclen sa\u00e7lar\u0131n yerine k\u0131sa s\u00fcre sonra yenileri \u00e7\u0131kar. Yeni sa\u00e7lar\u0131n tamamen \u00e7\u0131kmas\u0131 ve istenilen g\u00f6r\u00fcn\u00fcme kavu\u015fmas\u0131 6 ila 12 ay aras\u0131nda s\u00fcrer.DHI Sa\u00e7 Ekimi Sonras\u0131 Do\u011fal G\u00f6r\u00fcn\u00fcm Sa\u011flan\u0131r M\u0131?DHI sa\u00e7 ekimi sonras\u0131 olduk\u00e7a do\u011fal ve estetik bir g\u00f6r\u00fcn\u00fcm sa\u011flan\u0131r. Bu y\u00f6ntemde sa\u00e7 k\u00f6kleri \u00f6zel kalemlerle tek tek yerle\u015ftirildi\u011fi i\u00e7in sa\u00e7lar\u0131n \u00e7\u0131k\u0131\u015f a\u00e7\u0131s\u0131 hassas \u015fekilde ayarlan\u0131r. Sa\u00e7lar\u0131n a\u00e7\u0131s\u0131n\u0131n do\u011fru belirlenmesi, ekilen sa\u00e7lar\u0131n do\u011fal sa\u00e7lara m\u00fckemmel uyum sa\u011flamas\u0131na yard\u0131mc\u0131 olur. B\u00f6ylece d\u0131\u015far\u0131dan bak\u0131ld\u0131\u011f\u0131nda sa\u00e7 ekimi yap\u0131ld\u0131\u011f\u0131 neredeyse hi\u00e7 belli olmaz.Ayr\u0131ca DHI sa\u00e7 ekimi y\u00f6ntemi, kanal a\u00e7ma i\u015flemi olmad\u0131\u011f\u0131 i\u00e7in kafa derisinde minimal hasar olu\u015fturur. Bu nedenle sa\u00e7lar do\u011fal yo\u011funlukta ve do\u011fru da\u011f\u0131l\u0131mda \u00e7\u0131kar, b\u00f6ylelikle estetik g\u00f6r\u00fcn\u00fcm kal\u0131c\u0131 hale gelir.Bu \u0130\u015flem Sonras\u0131 Sa\u00e7lar Ne Zaman \u00c7\u0131kmaya Ba\u015flar?DHI sa\u00e7 ekimi sonras\u0131 sa\u00e7lar ortalama 3 ay sonra \u00e7\u0131kmaya ba\u015flar. \u0130lk birka\u00e7 hafta i\u00e7inde ekilen sa\u00e7lar\u0131n d\u00f6k\u00fclmesi olduk\u00e7a normaldir ve ge\u00e7ici bir durumdur. Bu d\u00f6k\u00fclme sonras\u0131nda sa\u00e7 k\u00f6kleri yeniden canlanarak yakla\u015f\u0131k 3. ayda yeni sa\u00e7 tellerini \u00fcretmeye ba\u015flar. \u0130lk a\u015famada \u00e7\u0131kan sa\u00e7lar ince ve zay\u0131f olabilir, zamanla g\u00fc\u00e7lenerek kal\u0131nla\u015f\u0131r ve daha belirgin hale gelir.6. aya do\u011fru sa\u00e7lar\u0131n yakla\u015f\u0131k yar\u0131s\u0131 \u00e7\u0131km\u0131\u015f ve belirginle\u015fmi\u015f olur, bu d\u00f6nemde sonu\u00e7lar g\u00f6r\u00fcn\u00fcrd\u00fcr. Ekilen sa\u00e7lar\u0131n tamam\u0131n\u0131n \u00e7\u0131kmas\u0131 ve kal\u0131c\u0131 halini almas\u0131 ise genellikle 9 ila 12 ay aras\u0131nda ger\u00e7ekle\u015fir. Bu s\u00fcre\u00e7te sab\u0131rl\u0131 olmak \u00f6nemlidir \u00e7\u00fcnk\u00fc sa\u00e7lar a\u015famal\u0131 olarak \u00e7\u0131kar ve zaman i\u00e7inde do\u011fal yo\u011funlu\u011funa ula\u015f\u0131r.A\u011fr\u0131l\u0131 Bir \u0130\u015flem Midir?DHI sa\u00e7 ekimi a\u011fr\u0131l\u0131 bir i\u015flem de\u011fildir ve hasta a\u00e7\u0131s\u0131ndan olduk\u00e7a konforlu bir y\u00f6ntemdir. \u0130\u015flem s\u0131ras\u0131nda uygulanan lokal anestezi sayesinde ki\u015fi ac\u0131 ya da a\u011fr\u0131 hissetmez, s\u00fcre\u00e7 rahat ge\u00e7er. \u00d6zellikle kullan\u0131lan ince u\u00e7lu Choi kalemi, ciltte \u00e7ok k\u00fc\u00e7\u00fck delikler olu\u015fturdu\u011fundan a\u011fr\u0131 ve rahats\u0131zl\u0131\u011f\u0131 minimum seviyeye indirir. \u0130\u015flem sonras\u0131 hafif bir s\u0131z\u0131 veya hassasiyet olabilir, ancak bunlar genellikle birka\u00e7 g\u00fcn i\u00e7erisinde ge\u00e7er.DHI tekni\u011finde sa\u00e7 k\u00f6klerinin do\u011frudan cilde yerle\u015ftirilmesi, dokulara verilen zarar\u0131 en aza indirir. Bu da iyile\u015fme s\u00fcrecinin h\u0131zl\u0131 ve sorunsuz ge\u00e7mesini sa\u011flar, a\u011fr\u0131 hissini azalt\u0131r. Ayr\u0131ca i\u015flem sonras\u0131nda doktorun verdi\u011fi basit a\u011fr\u0131 kesiciler ve \u00f6nerilere uyulmas\u0131, olu\u015fabilecek rahats\u0131zl\u0131klar\u0131 hafifletir. B\u00f6ylelikle hasta g\u00fcnl\u00fck ya\u015fam\u0131na h\u0131zl\u0131ca d\u00f6nebilir ve konforu bozulmaz.DHI Sa\u00e7 Ekimi Kal\u0131c\u0131 Sonu\u00e7lar Verir Mi?DHI sa\u00e7 ekimi kal\u0131c\u0131 sonu\u00e7lar veren, olduk\u00e7a ba\u015far\u0131l\u0131 bir sa\u00e7 ekimi y\u00f6ntemidir. Bu y\u00f6ntemde ki\u015finin kendi sa\u00e7 k\u00f6kleri kullan\u0131ld\u0131\u011f\u0131 i\u00e7in ekilen sa\u00e7lar kal\u0131c\u0131d\u0131r ve d\u00f6k\u00fclmeye kar\u015f\u0131 diren\u00e7lidir. \u00d6zellikle ense b\u00f6lgesinden al\u0131nan sa\u00e7 k\u00f6kleri, genetik olarak d\u00f6k\u00fclmeye diren\u00e7li oldu\u011fundan uzun s\u00fcre dayan\u0131r. B\u00f6ylelikle DHI sa\u00e7 ekimi ile elde edilen sonu\u00e7lar, ki\u015finin ya\u015fam\u0131 boyunca kal\u0131c\u0131l\u0131\u011f\u0131n\u0131 korur.Ayr\u0131ca DHI y\u00f6nteminde kullan\u0131lan \u00f6zel Choi kalemi, sa\u00e7 k\u00f6klerinin daha sa\u011fl\u0131kl\u0131 kalmas\u0131n\u0131 sa\u011flar. K\u00f6klerin d\u0131\u015f ortamla temas\u0131n\u0131n minimum seviyede olmas\u0131, sa\u00e7lar\u0131n daha sa\u011flam tutunmas\u0131n\u0131 ve kal\u0131c\u0131 olmas\u0131n\u0131 destekler.DHI Sa\u00e7 Ekimi Sonras\u0131 \u015eok D\u00f6k\u00fclme Olur Mu?DHI sa\u00e7 ekimi sonras\u0131 \u015fok d\u00f6k\u00fclme g\u00f6r\u00fclebilir ve bu durum olduk\u00e7a do\u011fald\u0131r. \u0130\u015flemden sonra ekilen sa\u00e7 k\u00f6kleri yeni yerlerine uyum sa\u011flarken yakla\u015f\u0131k 2-4 hafta i\u00e7inde ge\u00e7ici d\u00f6k\u00fclmeler ya\u015fan\u0131r. Bu a\u015famada sa\u00e7 k\u00f6kleri de\u011fil, sadece sa\u00e7 telleri d\u00f6k\u00fcl\u00fcr, bu y\u00fczden endi\u015fe edilmemelidir. \u015eok d\u00f6k\u00fclmenin sebebi, sa\u00e7 k\u00f6klerinin yeni b\u00f6lgede b\u00fcy\u00fcme d\u00f6ng\u00fcs\u00fcne yeniden ba\u015flamas\u0131d\u0131r.Genellikle 2-3 ay sonra d\u00f6k\u00fclen sa\u00e7lar\u0131n yerine sa\u011fl\u0131kl\u0131 ve kal\u0131c\u0131 yeni sa\u00e7 telleri \u00e7\u0131kmaya ba\u015flar. 6. aydan itibaren belirgin bir \u015fekilde yo\u011funla\u015fan sa\u00e7lar, 12. aya kadar tamamen \u00e7\u0131km\u0131\u015f olur. Bu nedenle \u015fok d\u00f6k\u00fclme asl\u0131nda kal\u0131c\u0131 sonu\u00e7lar \u00f6ncesindeki ge\u00e7ici bir a\u015famad\u0131r ve sab\u0131r gerektirir.DHI Sa\u00e7 Ekimi \u0130\u00e7in Ka\u00e7 Greft Gereklidir?DHI sa\u00e7 ekimi i\u00e7in gerekli greft say\u0131s\u0131, ki\u015finin sa\u00e7 d\u00f6k\u00fclme durumuna ve ekim yap\u0131lacak alan\u0131n b\u00fcy\u00fckl\u00fc\u011f\u00fcne g\u00f6re de\u011fi\u015fir. Hafif d\u00f6k\u00fclmelerde genellikle 1000-2000 greft yeterliyken, daha geni\u015f alanlarda 3000-5000 greft gerekebilir. Sa\u00e7 \u00e7izgisi d\u00fczeltme gibi k\u00fc\u00e7\u00fck i\u015flemler ise genellikle 500-1000 greft aras\u0131nda tamamlanabilir. Greft say\u0131s\u0131 artt\u0131k\u00e7a i\u015flem s\u00fcresi ve maliyet de buna ba\u011fl\u0131 olarak y\u00fckselir.\u00d6zellikle sa\u00e7 d\u00f6k\u00fclmesinin ilerledi\u011fi durumlarda daha fazla greft gerekebilir \u00e7\u00fcnk\u00fc daha geni\u015f alanlar kapat\u0131l\u0131r. Ancak herkesin sa\u00e7 yap\u0131s\u0131 farkl\u0131 oldu\u011fu i\u00e7in greft say\u0131s\u0131n\u0131n ki\u015fiye \u00f6zel de\u011ferlendirilmesi \u00f6nemlidir.<\/p>\n<\/p><\/div>\n<\/p><\/div>\n<\/p><\/div>\n<\/section>\n","protected":false},"excerpt":{"rendered":"<p>DHI DHI sa\u00e7 ekimi, sa\u00e7 d\u00f6k\u00fclmesi sorunuyla kar\u015f\u0131la\u015fan ki\u015filerin tercih etti\u011fi modern bir sa\u00e7 ekimi y\u00f6ntemidir. &quot;Direct Hair Implantation&quot; olarak bilinen bu y\u00f6ntem, sa\u00e7 k\u00f6klerinin do\u011frudan kafa derisine ekilmesini sa\u011flar. Dr. Terziler Exclusive Clinic \u00bb Sa\u00e7 Ekimi \u00bb DHI \u0130\u00e7indekiler DHI Sa\u00e7 Ekimi Nedir? DHI sa\u00e7 ekimi, sa\u00e7 k\u00f6klerinin \u00f6zel kalemlerle do\u011frudan kafa derisine ekildi\u011fi [&hellip;]<\/p>\n","protected":false},"author":6,"featured_media":4883,"parent":1297,"menu_order":0,"comment_status":"closed","ping_status":"closed","template":"","meta":{"footnotes":""},"class_list":["post-31689","page","type-page","status-publish","has-post-thumbnail","hentry"],"_links":{"self":[{"href":"https:\/\/drterziler.com\/tr\/wp-json\/wp\/v2\/pages\/31689","targetHints":{"allow":["GET"]}}],"collection":[{"href":"https:\/\/drterziler.com\/tr\/wp-json\/wp\/v2\/pages"}],"about":[{"href":"https:\/\/drterziler.com\/tr\/wp-json\/wp\/v2\/types\/page"}],"author":[{"embeddable":true,"href":"https:\/\/drterziler.com\/tr\/wp-json\/wp\/v2\/users\/6"}],"replies":[{"embeddable":true,"href":"https:\/\/drterziler.com\/tr\/wp-json\/wp\/v2\/comments?post=31689"}],"version-history":[{"count":24,"href":"https:\/\/drterziler.com\/tr\/wp-json\/wp\/v2\/pages\/31689\/revisions"}],"predecessor-version":[{"id":58582,"href":"https:\/\/drterziler.com\/tr\/wp-json\/wp\/v2\/pages\/31689\/revisions\/58582"}],"up":[{"embeddable":true,"href":"https:\/\/drterziler.com\/tr\/wp-json\/wp\/v2\/pages\/1297"}],"wp:featuredmedia":[{"embeddable":true,"href":"https:\/\/drterziler.com\/tr\/wp-json\/wp\/v2\/media\/4883"}],"wp:attachment":[{"href":"https:\/\/drterziler.com\/tr\/wp-json\/wp\/v2\/media?parent=31689"}],"curies":[{"name":"wp","href":"https:\/\/api.w.org\/{rel}","templated":true}]}}