{"id":32590,"date":"2025-04-11T08:19:06","date_gmt":"2025-04-11T08:19:06","guid":{"rendered":"https:\/\/drterziler.com\/?page_id=32590"},"modified":"2026-04-06T12:04:42","modified_gmt":"2026-04-06T12:04:42","slug":"goz-alti-isik-dolgusu","status":"publish","type":"page","link":"https:\/\/drterziler.com\/tr\/medikal-estetik\/yuz-uygulamalari\/dolgu\/goz-alti-isik-dolgusu\/","title":{"rendered":"G\u00f6z Alt\u0131 I\u015f\u0131k Dolgusu"},"content":{"rendered":"<div class=\"page-content\">\n<div id=\"header-area\">\n<div id=\"firstContent\" class=\"container\">\n<div class=\"header-content d-flex flex-column\">\n<h1 class=\"content-title h1-header\">G\u00f6z Alt\u0131 I\u015f\u0131k Dolgusu<\/h1>\n<div class=\"content-paragraph\">\n<p class=\"p-text\">G\u00f6z alt\u0131 \u0131\u015f\u0131k dolgusu, g\u00f6z \u00e7evresindeki koyu halkalar\u0131, \u00e7ukurlar\u0131 ve ince k\u0131r\u0131\u015f\u0131kl\u0131klar\u0131 gidermek i\u00e7in uygulanan pop\u00fcler bir medikal estetik y\u00f6ntemdir. Bu i\u015flem, \u00f6zellikle yorgun ve ya\u015fl\u0131 g\u00f6r\u00fcn\u00fcm\u00fcn temel nedenlerinden biri olan g\u00f6z alt\u0131 \u00e7\u00f6k\u00fcnt\u00fclerini azaltmak i\u00e7in tasarlanm\u0131\u015ft\u0131r.<\/p>\n<\/div>\n<nav class=\"breadcrumbs\" aria-label=\"breadcrumb\">\n<ul class=\"d-flex align-items-center mb-0\">\n<li><a class=\"link\" href=\"https:\/\/drterziler.com\/\">Dr. Terziler Exclusive Clinic<\/a><\/li>\n<li class=\"separator\">\u00bb<\/li>\n<li><a class=\"link\" href=\"https:\/\/drterziler.com\/medical-aesthetics\/\">Medikal Estetik<\/a><\/li>\n<li class=\"separator\">\u00bb<\/li>\n<li><a class=\"link\" href=\"https:\/\/drterziler.com\/medical-aesthetics\/facial-treatments\/\">Y\u00fcz Uygulamalar\u0131<\/a><\/li>\n<li class=\"separator\">\u00bb<\/li>\n<li><a class=\"link\" href=\"https:\/\/drterziler.com\/medical-aesthetics\/facial-treatments\/filler\/\">Dolgu<\/a><\/li>\n<li class=\"separator\">\u00bb<\/li>\n<li class=\"current-page\">G\u00f6z Alt\u0131 I\u015f\u0131k Dolgusu<\/li>\n<\/ul>\n<\/nav>\n<\/div>\n<\/div>\n<\/div>\n<\/div>\n<section id=\"content-area\">\n<div class=\"container my-5\">\n<div class=\"row align-items-start\">\n<div class=\"col-md-6 order-2 order-md-1\">\n<div class=\"custom-toc-box\">\n<div id=\"toc-header\">\n<h4>\u0130\u00e7indekiler<\/h4>\n<div class=\"toc-toggle-icon\"><\/div>\n<\/div>\n<div class=\"toc-full-divider\"><\/div>\n<div id=\"toc-body\">\n<div id=\"toc-container\"><\/div>\n<\/div>\n<\/div>\n<\/div>\n<div id=\"jForm\" class=\"col-md-6 order-1 order-md-2\"><script type=\"text\/javascript\" src=\"https:\/\/form.jotform.com\/jsform\/242882264736970\"><\/script><\/div>\n<\/div>\n<\/div>\n<div class=\"container\">\n<div class=\"img-thumb\"><img loading=\"lazy\" decoding=\"async\" class=\"alignnone\" src=\"https:\/\/drterziler.com\/wp-content\/uploads\/2024\/09\/DOLGU.webp\" sizes=\"auto, (max-width: 1920px) 100vw, 1920px\" srcset=\"https:\/\/drterziler.com\/wp-content\/uploads\/2024\/09\/DOLGU.webp 1920w, https:\/\/drterziler.com\/wp-content\/uploads\/2024\/09\/DOLGU-300x169.webp 300w, https:\/\/drterziler.com\/wp-content\/uploads\/2024\/09\/DOLGU-1024x576.webp 1024w, https:\/\/drterziler.com\/wp-content\/uploads\/2024\/09\/DOLGU-768x432.webp 768w, https:\/\/drterziler.com\/wp-content\/uploads\/2024\/09\/DOLGU-1536x864.webp 1536w\" alt=\"g\u00f6z alt\u0131 \u0131\u015f\u0131k dolgusu yapt\u0131ran bir kad\u0131n dan\u0131\u015fan\" width=\"1920\" height=\"1080\" \/><\/div>\n<div>\n<div>\n<h2 class=\"h2-header\">G\u00f6z Alt\u0131 I\u015f\u0131k Dolgusu Nedir?<\/h2>\n<\/div>\n<div>\n<p class=\"p-text\">G\u00f6z alt\u0131 \u0131\u015f\u0131k dolgusu, g\u00f6z \u00e7evresindeki koyu halkalar\u0131, \u00e7ukurlar\u0131 ve ince k\u0131r\u0131\u015f\u0131kl\u0131klar\u0131 gidermek i\u00e7in uygulanan pop\u00fcler bir medikal estetik y\u00f6ntemdir. Bu i\u015flem, \u00f6zellikle yorgun ve ya\u015fl\u0131 g\u00f6r\u00fcn\u00fcm\u00fcn temel nedenlerinden biri olan g\u00f6z alt\u0131 \u00e7\u00f6k\u00fcnt\u00fclerini azaltmak i\u00e7in tasarlanm\u0131\u015ft\u0131r. Uygulamada s\u0131kl\u0131kla hyaluronik asit i\u00e7erikli \u00f6zel dolgu maddeleri tercih edilir ve enjeksiyon y\u00f6ntemi ile yap\u0131l\u0131r. Hyaluronik asit, v\u00fccutta do\u011fal olarak bulunan, cilde nem ve dolgunluk kazand\u0131ran bir maddedir. \u0130\u015flem s\u0131ras\u0131nda ince u\u00e7lu i\u011fnelerle cilt alt\u0131na dolgu maddesi yerle\u015ftirilir ve cildin do\u011fal yap\u0131s\u0131yla b\u00fct\u00fcnle\u015fmesi sa\u011flan\u0131r.<\/p>\n<p class=\"p-text\">Genelde g\u00f6z alt\u0131 \u0131\u015f\u0131k dolgusu i\u015fleminin pop\u00fcler olmas\u0131n\u0131n temel nedeni, sonu\u00e7lar\u0131n\u0131n h\u0131zl\u0131 ve do\u011fal g\u00f6r\u00fcnmesidir. \u0130\u015flem sonras\u0131 koyu halkalar belirgin \u015fekilde azal\u0131r, g\u00f6z alt\u0131 b\u00f6lgesi daha p\u00fcr\u00fczs\u00fcz ve canl\u0131 g\u00f6r\u00fcn\u00fcr. Bu sayede ki\u015finin genel y\u00fcz ifadesinde belirgin bir iyile\u015fme olur ve daha dinlenmi\u015f, enerjik bir g\u00f6r\u00fcn\u00fcm elde edilir. Uygulaman\u0131n avantajlar\u0131 aras\u0131nda ac\u0131s\u0131z olmas\u0131, k\u0131sa s\u00fcrede tamamlanmas\u0131 ve hemen sonu\u00e7 vermesi bulunur. Ayr\u0131ca iyile\u015fme s\u00fcreci k\u0131sad\u0131r ve ki\u015filer i\u015flemden k\u0131sa s\u00fcre sonra g\u00fcnl\u00fck hayat\u0131na rahatl\u0131kla d\u00f6nebilirler. Yan etkileri minimal olan bu y\u00f6ntem, profesyonel kliniklerde g\u00fcvenle uygulanabilir.<\/p>\n<\/div>\n<\/div>\n<div>\n<div>\n<h2 class=\"h2-header\">G\u00f6z Alt\u0131 I\u015f\u0131k Dolgusu Nas\u0131l Yap\u0131l\u0131r?<\/h2>\n<\/div>\n<div>\n<p class=\"p-text\">Uygulama \u00f6ncesinde b\u00f6lgeye lokal anestezik krem s\u00fcr\u00fclerek a\u011fr\u0131 hissi azalt\u0131l\u0131r. Ard\u0131ndan ince u\u00e7lu i\u011fne veya kan\u00fcl yard\u0131m\u0131yla dolgu maddesi g\u00f6z alt\u0131ndaki \u00e7\u00f6k\u00fck alanlara dikkatli \u015fekilde enjekte edilir. \u0130\u015flem genellikle 15-20 dakika s\u00fcrer ve ki\u015fi hemen g\u00fcnl\u00fck hayat\u0131na d\u00f6nebilir. Dolgu cilt alt\u0131na homojen da\u011f\u0131l\u0131r ve g\u00f6z \u00e7evresi daha canl\u0131 bir g\u00f6r\u00fcn\u00fcme kavu\u015fur.<\/p>\n<\/div>\n<\/div>\n<div>\n<div>\n<h2 class=\"h2-header\">I\u015f\u0131k Dolgusu Nas\u0131l Etki Eder?<\/h2>\n<\/div>\n<div>\n<p class=\"p-text\">I\u015f\u0131k dolgusu, i\u00e7eri\u011findeki hyaluronik asit sayesinde cilde nem kazand\u0131r\u0131r ve hacim kayb\u0131n\u0131 dengeler. Ayn\u0131 zamanda cilt alt\u0131ndaki koyu halkalar\u0131 ayd\u0131nlat\u0131r, ince k\u0131r\u0131\u015f\u0131kl\u0131klar\u0131 yumu\u015fat\u0131r ve g\u00f6z \u00e7evresini daha taze g\u00f6sterir. Dolgunun en \u00f6nemli etkisi, yorgun ifadeyi ortadan kald\u0131rarak dinlenmi\u015f bir g\u00f6r\u00fcn\u00fcm kazand\u0131rmas\u0131d\u0131r.<\/p>\n<\/div>\n<\/div>\n<div>\n<div>\n<h2 class=\"h2-header\">G\u00f6z Alt\u0131 I\u015f\u0131k Dolgusu Neden Tercih Edilmeli?<\/h2>\n<\/div>\n<div>\n<p class=\"p-text\">G\u00f6z \u00e7evresi y\u00fcz ifadesini do\u011frudan etkileyen bir b\u00f6lgedir ve ya\u015flanma belirtileri burada erken ba\u015flar. I\u015f\u0131k dolgusu, cerrahiye ihtiya\u00e7 duymadan k\u0131sa s\u00fcrede g\u00f6zle g\u00f6r\u00fcl\u00fcr bir gen\u00e7le\u015fme sa\u011flad\u0131\u011f\u0131 i\u00e7in s\u0131kl\u0131kla tercih edilir. Ayr\u0131ca do\u011fal sonu\u00e7lar verir ve i\u015flem sonras\u0131 iyile\u015fme s\u00fcresi \u00e7ok k\u0131sad\u0131r. Ki\u015finin hem daha sa\u011fl\u0131kl\u0131 g\u00f6r\u00fcnmesini sa\u011flar hem de \u00f6zg\u00fcvenini art\u0131r\u0131r.<\/p>\n<p class=\"p-text\"><strong>Kimlere Yap\u0131lmaz?<\/strong><br \/>\nHamileler, emziren anneler, kan p\u0131ht\u0131la\u015fma problemi olanlar ve uygulama yap\u0131lacak b\u00f6lgede aktif enfeksiyonu bulunan ki\u015filere \u0131\u015f\u0131k dolgusu yap\u0131lmaz. Ayr\u0131ca dolgu maddesine kar\u015f\u0131 alerjisi olan ki\u015filer i\u00e7in de uygun bir y\u00f6ntem de\u011fildir. Uygulama \u00f6ncesi detayl\u0131 bir doktor de\u011ferlendirmesiyle uygunluk mutlaka kontrol edilmelidir.<\/p>\n<\/div>\n<\/div>\n<div>\n<div>\n<h2 class=\"h2-header\">G\u00f6z Alt\u0131 I\u015f\u0131k Dolgusu Ka\u00e7 Seans Yap\u0131l\u0131r?<\/h2>\n<\/div>\n<div>\n<p class=\"p-text\">G\u00f6z alt\u0131 \u0131\u015f\u0131k dolgusu genellikle tek seansl\u0131k bir i\u015flem olarak uygulan\u0131r, ancak baz\u0131 durumlarda optimal sonu\u00e7lar i\u00e7in birden fazla seans gerekebilir. Bu, \u00f6zellikle g\u00f6z alt\u0131 b\u00f6lgesindeki \u00e7ukurluk veya morluklar\u0131n derinli\u011fine ba\u011fl\u0131 olarak de\u011fi\u015fir. \u0130lk seans sonras\u0131nda, hastan\u0131n cilt yap\u0131s\u0131na ve dolgunun v\u00fccut taraf\u0131ndan nas\u0131l emildi\u011fine ba\u011fl\u0131 olarak ek seanslar planlanabilir. Tek seans, bir\u00e7ok hasta i\u00e7in yeterli olmakla birlikte, daha belirgin sonu\u00e7lar elde etmek isteyen veya daha derin \u00e7ukurluklara sahip ki\u015filer i\u00e7in iki veya \u00fc\u00e7 seans \u00f6nerilebilir.<\/p>\n<\/div>\n<\/div>\n<div>\n<div>\n<h2 class=\"h2-header\">G\u00f6z Alt\u0131 I\u015f\u0131k Dolgusu A\u011fr\u0131l\u0131 m\u0131d\u0131r?<\/h2>\n<\/div>\n<div>\n<p class=\"p-text\">G\u00f6z alt\u0131 \u0131\u015f\u0131k dolgusu genellikle a\u011fr\u0131s\u0131z bir i\u015flemdir, \u00e7\u00fcnk\u00fc uygulama s\u0131ras\u0131nda lokal anestezi i\u00e7eren kremler veya anestezik sol\u00fcsyonlar kullan\u0131l\u0131r. Bu sayede, hastalar i\u015flem s\u0131ras\u0131nda konforlu bir deneyim ya\u015farlar ve herhangi bir ac\u0131 hissetmezler. \u0130\u015flem, ince u\u00e7lu i\u011fneler arac\u0131l\u0131\u011f\u0131yla ger\u00e7ekle\u015ftirildi\u011fi i\u00e7in, dolgu maddesinin enjekte edilmesi s\u0131ras\u0131nda hafif bir bask\u0131 hissi ya\u015fanabilir. Ancak, bu his genellikle \u00e7ok hafif ve ge\u00e7icidir.<\/p>\n<\/div>\n<\/div>\n<div>\n<div>\n<h2 class=\"h2-header\">I\u015f\u0131k Dolgusu Avantajlar\u0131 Nelerdir?<\/h2>\n<\/div>\n<div>\n<p class=\"p-text\">I\u015f\u0131k dolgusu; g\u00f6z alt\u0131 morluklar\u0131n\u0131 azalt\u0131r, \u00e7\u00f6k\u00fck g\u00f6r\u00fcn\u00fcm\u00fc d\u00fczeltir, cilde nem ve parlakl\u0131k kazand\u0131r\u0131r. Ameliyats\u0131z olmas\u0131, k\u0131sa s\u00fcrede uygulanmas\u0131 ve do\u011fal sonu\u00e7lar vermesi en b\u00fcy\u00fck avantajlar\u0131d\u0131r. G\u00f6z \u00e7evresindeki ya\u015flanma belirtilerini sadece hacimle de\u011fil, ayn\u0131 zamanda h\u00fccresel korumayla da desteklemek isteyen hastalar i\u00e7in <a href=\"https:\/\/drterziler.com\/tr\/medikal-estetik\/yuz-uygulamalari\/dolgu\/antioksidan-dolgusu\/\">antioksidan dolgusu<\/a> gibi zenginle\u015ftirilmi\u015f form\u00fcller m\u00fckemmel bir tamamlay\u0131c\u0131 tedavi sunar. Ayr\u0131ca hyaluronik asit i\u00e7erdi\u011fi i\u00e7in gerekti\u011finde <strong><a href=\"https:\/\/drterziler.com\/tr\/medikal-estetik\/yuz-uygulamalari\/dolgu\/dolgu-eritme\/\">dolgu eritme<\/a><\/strong> i\u015flemiyle kolayca geri d\u00f6nd\u00fcr\u00fclebilir, bu da hastalar i\u00e7in b\u00fcy\u00fck bir g\u00fcven sa\u011flar. Ki\u015fi daha dinlenmi\u015f ve canl\u0131 g\u00f6r\u00fcn\u00fcr, y\u00fcz ifadesi de\u011fi\u015fmeden gen\u00e7le\u015fir.<\/p>\n<\/div>\n<\/div>\n<div>\n<div>\n<h2 class=\"h2-header\">G\u00f6z Alt\u0131 I\u015f\u0131k Dolgusu Kal\u0131c\u0131 m\u0131?<\/h2>\n<\/div>\n<div>\n<p class=\"p-text\">G\u00f6z alt\u0131 \u0131\u015f\u0131k dolgusu kal\u0131c\u0131 bir \u00e7\u00f6z\u00fcm de\u011fildir; bu y\u00f6ntem, ge\u00e7ici ama uzun s\u00fcreli etkilere sahiptir. Dolgu i\u015fleminde kullan\u0131lan malzemeler genellikle hyaluronik asit gibi biyo-uyumlu maddelerdir ve bu maddeler zamanla do\u011fal olarak v\u00fccut taraf\u0131ndan emilir. Bu nedenle, dolgunun etkisi genellikle 12 ila 18 ay s\u00fcrebilir, ancak bu s\u00fcre ki\u015fiden ki\u015fiye de\u011fi\u015fiklik g\u00f6sterebilir. Etki s\u00fcresi, dolgunun kalitesi, uygulanan miktar ve ki\u015finin cilt yap\u0131s\u0131 gibi fakt\u00f6rlere ba\u011fl\u0131d\u0131r.<\/p>\n<\/div>\n<\/div>\n<div>\n<div>\n<h2 class=\"h2-header\">Hangi Problemler \u0130\u00e7in Uygulanabilir?<\/h2>\n<\/div>\n<div>\n<p class=\"p-text\">I\u015f\u0131k dolgusu, \u00f6zellikle g\u00f6z alt\u0131 morluklar\u0131, \u00e7ukurluklar ve ince \u00e7izgiler gibi sorunlar i\u00e7in tercih edilen bir estetik tedavidir. Bu y\u00f6ntem, y\u00fczdeki yorgun ifadeyi gidermek ve daha canl\u0131 bir g\u00f6r\u00fcn\u00fcm kazand\u0131rmak i\u00e7in kullan\u0131l\u0131r. Hyaluronik asit gibi dolgu maddeleri, cildin alt\u0131na enjekte edilerek bu b\u00f6lgelerdeki hacim kayb\u0131n\u0131 telafi eder ve cildin daha p\u00fcr\u00fczs\u00fcz g\u00f6r\u00fcnmesini sa\u011flar. I\u015f\u0131k dolgusu ayr\u0131ca, cilt elastikiyetini art\u0131rarak ve nem seviyesini y\u00fckselterek genel bir cilt iyile\u015fmesi sa\u011flar.<\/p>\n<\/div>\n<\/div>\n<div>\n<div>\n<h2 class=\"h2-header\">I\u015f\u0131k Dolgusu Ne Zaman Yenilenmelidir?<\/h2>\n<\/div>\n<div>\n<p class=\"p-text\">I\u015f\u0131k dolgusu genellikle 12 ila 18 ay aras\u0131nda yenilenmelidir, \u00e7\u00fcnk\u00fc bu s\u00fcre zarf\u0131nda dolgunun etkileri azalmaya ba\u015flar. Hyaluronik asit gibi dolgu maddeleri zamanla v\u00fccut taraf\u0131ndan emilir ve bu nedenle dolgunun verdi\u011fi hacim ve parlakl\u0131k azal\u0131r. Bu s\u00fcre\u00e7 ki\u015fiden ki\u015fiye de\u011fi\u015fiklik g\u00f6sterir, \u00e7\u00fcnk\u00fc her bireyin cilt yap\u0131s\u0131, metabolizma h\u0131z\u0131 ve ya\u015fam tarz\u0131 farkl\u0131d\u0131r. G\u00fcne\u015ften korunma, sa\u011fl\u0131kl\u0131 beslenme ve d\u00fczenli cilt bak\u0131m\u0131 gibi fakt\u00f6rler, dolgunun daha uzun s\u00fcre etkili olmas\u0131na yard\u0131mc\u0131 olur.<\/p>\n<\/div>\n<\/div>\n<div>\n<div>\n<h2 class=\"h2-header\">G\u00f6z Alt\u0131 I\u015f\u0131k Dolgusu Fiyatlar\u0131 2025<\/h2>\n<\/div>\n<div>\n<p class=\"p-text\">2025 y\u0131l\u0131 itibar\u0131yla g\u00f6z alt\u0131 \u0131\u015f\u0131k dolgusu fiyatlar\u0131, kullan\u0131lan \u00fcr\u00fcn kalitesine ve uygulama yap\u0131lacak klini\u011fin teknolojik altyap\u0131s\u0131na g\u00f6re de\u011fi\u015fiklik g\u00f6sterebilir. Genellikle 1 ml dolgu yeterli olur ama ihtiya\u00e7 halinde ek dolgu gerekebilir. Fiyat ara\u015ft\u0131rmas\u0131 yaparken kullan\u0131lan dolgunun biyo-uyumlulu\u011funa ve kalitesine mutlaka dikkat edilmelidir.<\/p>\n<\/div>\n<\/div>\n<\/div>\n<\/section>\n","protected":false},"excerpt":{"rendered":"<p>G\u00f6z Alt\u0131 I\u015f\u0131k Dolgusu G\u00f6z alt\u0131 \u0131\u015f\u0131k dolgusu, g\u00f6z \u00e7evresindeki koyu halkalar\u0131, \u00e7ukurlar\u0131 ve ince k\u0131r\u0131\u015f\u0131kl\u0131klar\u0131 gidermek i\u00e7in uygulanan pop\u00fcler bir medikal estetik y\u00f6ntemdir. Bu i\u015flem, \u00f6zellikle yorgun ve ya\u015fl\u0131 g\u00f6r\u00fcn\u00fcm\u00fcn temel nedenlerinden biri olan g\u00f6z alt\u0131 \u00e7\u00f6k\u00fcnt\u00fclerini azaltmak i\u00e7in tasarlanm\u0131\u015ft\u0131r. Dr. Terziler Exclusive Clinic \u00bb Medikal Estetik \u00bb Y\u00fcz Uygulamalar\u0131 \u00bb Dolgu \u00bb G\u00f6z [&hellip;]<\/p>\n","protected":false},"author":6,"featured_media":0,"parent":3248,"menu_order":0,"comment_status":"closed","ping_status":"closed","template":"","meta":{"footnotes":""},"class_list":["post-32590","page","type-page","status-publish","hentry"],"_links":{"self":[{"href":"https:\/\/drterziler.com\/tr\/wp-json\/wp\/v2\/pages\/32590","targetHints":{"allow":["GET"]}}],"collection":[{"href":"https:\/\/drterziler.com\/tr\/wp-json\/wp\/v2\/pages"}],"about":[{"href":"https:\/\/drterziler.com\/tr\/wp-json\/wp\/v2\/types\/page"}],"author":[{"embeddable":true,"href":"https:\/\/drterziler.com\/tr\/wp-json\/wp\/v2\/users\/6"}],"replies":[{"embeddable":true,"href":"https:\/\/drterziler.com\/tr\/wp-json\/wp\/v2\/comments?post=32590"}],"version-history":[{"count":11,"href":"https:\/\/drterziler.com\/tr\/wp-json\/wp\/v2\/pages\/32590\/revisions"}],"predecessor-version":[{"id":60900,"href":"https:\/\/drterziler.com\/tr\/wp-json\/wp\/v2\/pages\/32590\/revisions\/60900"}],"up":[{"embeddable":true,"href":"https:\/\/drterziler.com\/tr\/wp-json\/wp\/v2\/pages\/3248"}],"wp:attachment":[{"href":"https:\/\/drterziler.com\/tr\/wp-json\/wp\/v2\/media?parent=32590"}],"curies":[{"name":"wp","href":"https:\/\/api.w.org\/{rel}","templated":true}]}}