{"id":34026,"date":"2025-04-18T07:40:17","date_gmt":"2025-04-18T07:40:17","guid":{"rendered":"https:\/\/drterziler.com\/?page_id=34026"},"modified":"2026-03-24T09:10:35","modified_gmt":"2026-03-24T09:10:35","slug":"lazerle-leke-tedavisi","status":"publish","type":"page","link":"https:\/\/drterziler.com\/tr\/medikal-estetik\/yuz-uygulamalari\/mezoterapi\/lazerle-leke-tedavisi\/","title":{"rendered":"Lazerle Leke Tedavisi"},"content":{"rendered":"<div class=\"page-content\">\n<div id=\"header-area\">\n<div id=\"firstContent\" class=\"container\">\n<div class=\"header-content d-flex flex-column\">\n<h1 class=\"content-title h1-header\">Lazerle Leke Tedavisi<\/h1>\n<div class=\"content-paragraph\">\n<p class=\"p-text\">Leke tedavisi; ciltteki g\u00fcne\u015f lekeleri, ya\u015fl\u0131l\u0131k lekeleri, akne izleri ve melazma gibi hiperpigmentasyon sorunlar\u0131n\u0131 hedef alan dermatolojik uygulamalar\u0131n genel ad\u0131d\u0131r. Do\u011fru y\u00f6ntem se\u00e7ildi\u011finde; daha e\u015fit tonlu, \u0131\u015f\u0131lt\u0131l\u0131 ve sa\u011fl\u0131kl\u0131 bir cilde kavu\u015fmak m\u00fcmk\u00fcnd\u00fcr.<\/p>\n<\/div>\n<nav class=\"breadcrumbs\" aria-label=\"breadcrumb\">\n<ul class=\"d-flex align-items-center mb-0\">\n<li><a class=\"link\" href=\"https:\/\/drterziler.com\/\">Dr. Terziler Exclusive Clinic<\/a><\/li>\n<li class=\"separator\">\u00bb<\/li>\n<li><a class=\"link\" href=\"https:\/\/drterziler.com\/medical-aesthetics\/\">Medikal Estetik<\/a><\/li>\n<li class=\"separator\">\u00bb<\/li>\n<li><a class=\"link\" href=\"https:\/\/drterziler.com\/medical-aesthetics\/facial-treatments\/\">Y\u00fcz Uygulamalar\u0131<\/a><\/li>\n<li class=\"separator\">\u00bb<\/li>\n<li><a class=\"link\" href=\"https:\/\/drterziler.com\/medical-aesthetics\/facial-treatments\/mesotherapy\/\">Mezoterapi<\/a><\/li>\n<li class=\"separator\">\u00bb<\/li>\n<li class=\"current-page\">Lazerle Leke Tedavisi<\/li>\n<\/ul>\n<\/nav>\n<\/div>\n<\/div>\n<\/div>\n<\/div>\n<section id=\"content-area\">\n<div class=\"container my-5\">\n<div class=\"row align-items-start\">\n<div class=\"col-md-6 order-2 order-md-1\">\n<div class=\"custom-toc-box\">\n<div id=\"toc-header\">\n<h4>\u0130\u00e7indekiler<\/h4>\n<div class=\"toc-toggle-icon\"><\/div>\n<\/div>\n<div class=\"toc-full-divider\"><\/div>\n<div id=\"toc-body\">\n<div id=\"toc-container\"><\/div>\n<\/div>\n<\/div>\n<\/div>\n<div id=\"jForm\" class=\"col-md-6 order-1 order-md-2\"><script type=\"text\/javascript\" src=\"https:\/\/form.jotform.com\/jsform\/242882264736970\"><\/script><\/div>\n<\/div>\n<\/div>\n<div class=\"container\">\n<div class=\"img-thumb\"><img loading=\"lazy\" decoding=\"async\" src=\"https:\/\/drterziler.com\/wp-content\/uploads\/2025\/01\/leke-tedavisi.webp\" sizes=\"auto, (max-width: 1920px) 100vw, 1920px\" srcset=\"https:\/\/drterziler.com\/wp-content\/uploads\/2025\/01\/leke-tedavisi.webp 1920w, https:\/\/drterziler.com\/wp-content\/uploads\/2025\/01\/leke-tedavisi-300x169.webp 300w, https:\/\/drterziler.com\/wp-content\/uploads\/2025\/01\/leke-tedavisi-1024x576.webp 1024w, https:\/\/drterziler.com\/wp-content\/uploads\/2025\/01\/leke-tedavisi-768x432.webp 768w, https:\/\/drterziler.com\/wp-content\/uploads\/2025\/01\/leke-tedavisi-1536x864.webp 1536w\" alt=\"lazerle leke tedavisi\" width=\"1920\" height=\"1080\" \/><\/div>\n<div>\n<div>\n<h2 class=\"h2-header\">Lazerle Leke Tedavisi Nedir?<\/h2>\n<\/div>\n<div>\n<p class=\"p-text\">Lazerle leke tedavisi, ciltte olu\u015fan g\u00fcne\u015f lekeleri, sivilce izleri ve ya\u015fl\u0131l\u0131k lekeleri gibi renk de\u011fi\u015fimlerini azaltmak i\u00e7in uygulanan modern bir y\u00f6ntemdir. Bu i\u015flemde, lekenin bulundu\u011fu b\u00f6lgeye \u00f6zel dalga boyuna sahip lazer \u0131\u015f\u0131\u011f\u0131 g\u00f6nderilir ve bu \u0131\u015f\u0131k sadece lekeli b\u00f6lgeyi hedef al\u0131r. Lazer enerjisi, cildin alt katmanlar\u0131n\u0131 uyararak hem lekelerin rengini a\u00e7ar hem de yeni, sa\u011fl\u0131kl\u0131 h\u00fccrelerin olu\u015fmas\u0131na yard\u0131mc\u0131 olur. Genelde lazerle leke tedavisi kontroll\u00fc ve g\u00fcvenli bir \u015fekilde yap\u0131ld\u0131\u011f\u0131nda, cilt tonu zamanla e\u015fitlenir ve daha canl\u0131 bir g\u00f6r\u00fcn\u00fcm kazan\u0131r. \u0130\u015flem sonras\u0131nda ciltte k\u0131sa s\u00fcreli bir k\u0131zar\u0131kl\u0131k olu\u015fabilir, ama bu ge\u00e7ici bir durumdur.<\/p>\n<\/div>\n<\/div>\n<div>\n<div>\n<h2 class=\"h2-header\">Hangi Cilt Lekeleri Lazerle Tedavi Edilebilir?<\/h2>\n<\/div>\n<div>\n<p class=\"p-text\">Lazerle tedavi en \u00e7ok g\u00fcne\u015fe ba\u011fl\u0131 olu\u015fan lekelerde ve ya\u015f ilerledik\u00e7e ortaya \u00e7\u0131kan pigment sorunlar\u0131nda etkili sonu\u00e7lar verir. Ayr\u0131ca do\u011fum sonras\u0131 olu\u015fan hormonal lekeler yani melazmalar da baz\u0131 lazer t\u00fcrleriyle hafifletilebilir. Sivilce sonras\u0131 kalan koyu izler ya da yara izleri gibi sorunlar da bu y\u00f6ntemle g\u00f6zle g\u00f6r\u00fcl\u00fcr \u015fekilde azalt\u0131labilir. \u00c7illenme gibi yayg\u0131n ama estetik olarak rahats\u0131z edici durumlar da lazerle giderilebilir. Ancak her lekenin yap\u0131s\u0131 farkl\u0131 oldu\u011fu i\u00e7in do\u011fru cihaz ve dozla uygulanmas\u0131 \u00e7ok \u00f6nemlidir, bu y\u00fczden ki\u015fiye \u00f6zel bir de\u011ferlendirme yap\u0131lmadan i\u015flem planlanmamal\u0131d\u0131r.<\/p>\n<\/div>\n<\/div>\n<div>\n<div>\n<h2 class=\"h2-header\">Lazerle Leke Tedavisi Ne Kadar S\u00fcrede Sonu\u00e7 Verir?<\/h2>\n<\/div>\n<div>\n<p class=\"p-text\">Genellikle ilk birka\u00e7 seanstan sonra lazerle leke tedavisinin etkisi kendini g\u00f6stermeye ba\u015flar ama tam sonu\u00e7 almak i\u00e7in birka\u00e7 hafta ya da ay gerekebilir. Lekenin derinli\u011fi, cilt tipi ve lekenin ne kadar s\u00fcredir var oldu\u011fu bu s\u00fcreci do\u011frudan etkiler. Y\u00fczeysel lekelerde daha h\u0131zl\u0131 bir d\u00fczelme sa\u011flan\u0131rken, derin yerle\u015fimli lekelerde sab\u0131rl\u0131 olmak gerekir. Genelde 3 ila 6 seans aras\u0131nda de\u011fi\u015fen uygulamalarla lekelerde belirgin bir a\u00e7\u0131lma ve ciltte genel bir ayd\u0131nlanma sa\u011flan\u0131r. Cilt kendini zamanla yeniledi\u011fi i\u00e7in sonu\u00e7lar seanslar bittikten sonra bile iyile\u015fmeye devam eder.<\/p>\n<\/div>\n<\/div>\n<div>\n<div>\n<h2 class=\"h2-header\">Lazerle Leke Tedavisi Ac\u0131 Verir Mi?<\/h2>\n<\/div>\n<div>\n<p class=\"p-text\">Genellikle lazerle leke tedavisi s\u0131ras\u0131nda hafif bir batma ya da \u0131s\u0131 hissi ya\u015fan\u0131r ama bu \u00e7o\u011fu ki\u015fi i\u00e7in dayan\u0131labilir seviyededir. Baz\u0131 lazer t\u00fcrlerinde bu hissi azaltmak i\u00e7in cilde so\u011fuk hava verilir ya da i\u015flem \u00f6ncesi anestezik krem s\u00fcr\u00fclerek konfor art\u0131r\u0131l\u0131r. Uygulama sonras\u0131 birka\u00e7 saat s\u00fcren k\u0131zar\u0131kl\u0131k ya da hafif bir yanma hissi olabilir, ancak bu durum k\u0131sa s\u00fcrede ge\u00e7er. Hassas cilt yap\u0131s\u0131na sahip ki\u015filer biraz daha fazla etkilenebilir ama genel olarak i\u015flem ac\u0131l\u0131 olarak kabul edilmez. \u0130\u015flem sonras\u0131nda cildi nemlendirmek ve g\u00fcne\u015ften korumak iyile\u015fmeyi h\u0131zland\u0131r\u0131r.<\/p>\n<\/div>\n<\/div>\n<div>\n<div>\n<h2 class=\"h2-header\">Lazer ile Leke Tedavisi Kimler \u0130\u00e7in Uygundur?<\/h2>\n<\/div>\n<div>\n<p class=\"p-text\">Lekelerden dolay\u0131 cilt tonu e\u015fitsizli\u011fi ya\u015fayan ve cildini daha sa\u011fl\u0131kl\u0131 bir g\u00f6r\u00fcn\u00fcme kavu\u015fturmak isteyen \u00e7o\u011fu ki\u015fi i\u00e7in lazerle leke tedavisi uygundur. \u00d6zellikle a\u00e7\u0131k tenli ve lekeleri y\u00fczeysel olan bireyler bu uygulamadan \u00e7ok daha h\u0131zl\u0131 fayda g\u00f6r\u00fcr. Ancak hamilelik d\u00f6neminde olanlar, aktif enfeksiyonu ya da cilt hastal\u0131\u011f\u0131 bulunanlar i\u00e7in \u00f6nerilmez. Ayr\u0131ca bronz tenli ki\u015filerde lekelerde a\u00e7\u0131lma yerine koyula\u015fma riski olabilece\u011fi i\u00e7in dikkatli olunmal\u0131d\u0131r. Bu y\u00fczden i\u015flem \u00f6ncesi mutlaka bir cilt analizi yap\u0131lmal\u0131 ve uygunluk de\u011ferlendirilmelidir.<\/p>\n<\/div>\n<\/div>\n<div>\n<div>\n<h2 class=\"h2-header\">Lazerle Leke Tedavisinde Hangi Cihazlar Kullan\u0131l\u0131r?<\/h2>\n<\/div>\n<div>\n<p class=\"p-text\">Lazerle leke tedavisinde en \u00e7ok kullan\u0131lan cihazlar aras\u0131nda Q-Switched Nd:YAG lazer, fraksiyonel lazerler ve IPL teknolojisi yer al\u0131r. Q-Switched lazer, \u00f6zellikle melanin pigmentini hedef ald\u0131\u011f\u0131 i\u00e7in koyu lekelerde olduk\u00e7a ba\u015far\u0131l\u0131d\u0131r. Fraksiyonel lazerler ise cildin alt katmanlar\u0131n\u0131 da uyararak hem leke giderir hem de cildi yeniler. Lazer sistemlerine ek olarak, cildin alt katmanlar\u0131n\u0131 radyofrekans enerjisi ile uyararak leke, iz ve cilt yenileme tedavilerinde devrim yaratan <strong><a href=\"https:\/\/drterziler.com\/tr\/medikal-estetik\/yuz-uygulamalari\/mezoterapi\/altin-igne\/\">alt\u0131n i\u011fne<\/a><\/strong> (fraksiyonel radyofrekans) uygulamas\u0131 da bu s\u00fcre\u00e7lerde \u00e7ok s\u0131k tercih edilen ve ba\u015far\u0131 oran\u0131n\u0131 art\u0131ran kombine bir y\u00f6ntemdir. IPL yani yo\u011fun at\u0131ml\u0131 \u0131\u015f\u0131k teknolojisi ise daha hafif lekeler ve genel cilt tonu e\u015fitsizlikleri i\u00e7in tercih edilir. Hangi cihaz\u0131n kullan\u0131laca\u011f\u0131 cilt tipine, lekenin t\u00fcr\u00fcne ve ki\u015finin beklentilerine g\u00f6re uzman taraf\u0131ndan belirlenir.<\/p>\n<\/div>\n<\/div>\n<div>\n<div>\n<h2 class=\"h2-header\">Lazer Tedavisi Sonras\u0131 Ciltte Neler Olur?<\/h2>\n<\/div>\n<div>\n<p class=\"p-text\">Genelde lazerle leke tedavisinden sonra ciltte genellikle hafif bir k\u0131zar\u0131kl\u0131k, s\u0131cakl\u0131k hissi ve bazen de hafif bir \u00f6dem g\u00f6r\u00fclebilir. Bu tepkiler, cildin lazer \u0131\u015f\u0131\u011f\u0131na verdi\u011fi do\u011fal yan\u0131tt\u0131r ve birka\u00e7 saat ya da en fazla birka\u00e7 g\u00fcn i\u00e7inde kendili\u011finden ge\u00e7er. Baz\u0131 ki\u015filerde tedaviden sonra lekelerin daha koyu hale geldi\u011fi fark edilebilir ama bu durum ge\u00e7icidir ve zamanla d\u00f6k\u00fclerek ciltte a\u00e7\u0131lma sa\u011flar. Cilt, lazerin etkisiyle kendini yenilemeye ba\u015flar, bu da daha taze ve ayd\u0131nl\u0131k bir g\u00f6r\u00fcn\u00fcmle sonu\u00e7lan\u0131r. Tedavi sonras\u0131 cilt biraz daha hassas olaca\u011f\u0131 i\u00e7in bak\u0131m\u0131na dikkat etmek \u00e7ok \u00f6nemlidir.<\/p>\n<\/div>\n<\/div>\n<div>\n<div>\n<h2 class=\"h2-header\">Lazerle Leke Tedavisi Ka\u00e7 Seans S\u00fcrer?<\/h2>\n<\/div>\n<div>\n<p class=\"p-text\">Lazerle leke tedavisinde ka\u00e7 seans gerekti\u011fi, lekenin t\u00fcr\u00fcne, derinli\u011fine ve ki\u015finin cilt yap\u0131s\u0131na ba\u011fl\u0131 olarak de\u011fi\u015fkenlik g\u00f6sterir. Baz\u0131 hafif lekelerde 2-3 seans yeterli olurken, daha inat\u00e7\u0131 ve derin lekelerde 6-8 seansa kadar \u00e7\u0131k\u0131labilir. Seanslar aras\u0131nda genellikle 3-4 hafta beklenir \u00e7\u00fcnk\u00fc cildin kendini toparlamas\u0131 ve iyile\u015fme s\u00fcrecinin sa\u011fl\u0131kl\u0131 ilerlemesi \u00f6nemlidir. \u0130lk seanstan sonra ciltteki fark g\u00f6zle g\u00f6r\u00fcl\u00fcr hale gelir ama tam sonu\u00e7 i\u00e7in sab\u0131rl\u0131 olunmal\u0131 ve tedavi plan\u0131na sad\u0131k kal\u0131nmal\u0131d\u0131r. Seans say\u0131s\u0131n\u0131 uzman, ki\u015fisel ihtiya\u00e7lara g\u00f6re belirler.<\/p>\n<\/div>\n<\/div>\n<div>\n<div>\n<h2 class=\"h2-header\">Lazerle Leke Tedavisi Kal\u0131c\u0131 \u00c7\u00f6z\u00fcm Sa\u011flar M\u0131?<\/h2>\n<\/div>\n<div>\n<p class=\"p-text\">Do\u011fru cilt tipine ve uygun lekeye uyguland\u0131\u011f\u0131nda lazerle leke tedavisi olduk\u00e7a kal\u0131c\u0131 sonu\u00e7lar verebilir. \u0130\u015flem sonras\u0131nda leke b\u00fcy\u00fck oranda a\u00e7\u0131l\u0131r ya da tamamen yok olur ve bu durum uzun s\u00fcre korunabilir. Ancak cilt, \u00e7evresel etkenlere kar\u015f\u0131 hassas oldu\u011fu i\u00e7in g\u00fcne\u015fe maruz kalma, hormon de\u011fi\u015fiklikleri veya yanl\u0131\u015f \u00fcr\u00fcn kullan\u0131m\u0131 gibi fakt\u00f6rler yeni lekelerin olu\u015fmas\u0131na sebep olabilir. Yani tedaviyle mevcut lekeler giderilir ama cildi korumaya devam etmek kal\u0131c\u0131l\u0131\u011f\u0131 s\u00fcrd\u00fcrebilmenin anahtar\u0131d\u0131r. G\u00fcne\u015f kremi kullanmak ve d\u00fczenli bak\u0131m yapmak bu noktada b\u00fcy\u00fck \u00f6nem ta\u015f\u0131r.<\/p>\n<\/div>\n<\/div>\n<div>\n<div>\n<h2 class=\"h2-header\">Lazerle Leke Tedavisi Sonras\u0131 Nelere Dikkat Edilmelidir?<\/h2>\n<\/div>\n<div>\n<p class=\"p-text\">Tedavi sonras\u0131 cilt hassasla\u015faca\u011f\u0131 i\u00e7in en az bir hafta boyunca g\u00fcne\u015fe do\u011frudan maruz kalmamak gerekir, bu \u00e7ok \u00f6nemli bir kurald\u0131r. Her g\u00fcn mutlaka y\u00fcksek koruma fakt\u00f6rl\u00fc g\u00fcne\u015f kremi kullan\u0131lmal\u0131, hatta bulutlu havalarda bile bu al\u0131\u015fkanl\u0131k s\u00fcrd\u00fcr\u00fclmelidir. Cilt soyulabilir ya da kuruyabilir, bu y\u00fczden nemlendirici kullan\u0131m\u0131 aksat\u0131lmamal\u0131, alkoll\u00fc ya da tahri\u015f edici \u00fcr\u00fcnlerden uzak durulmal\u0131d\u0131r. \u0130lk birka\u00e7 g\u00fcn makyaj yapmamak, cildin kendini toparlamas\u0131na f\u0131rsat tan\u0131r. Ayr\u0131ca peeling gibi agresif i\u015flemlerden uzak durmak iyile\u015fmeyi h\u0131zland\u0131r\u0131r ve olas\u0131 tahri\u015fleri \u00f6nler.<\/p>\n<\/div>\n<\/div>\n<div>\n<div>\n<h2 class=\"h2-header\">Lazerle Leke Tedavisi Fiyatlar\u0131 2025<\/h2>\n<\/div>\n<div>\n<p class=\"p-text\">2025 y\u0131l\u0131 itibar\u0131yla lazerle leke tedavisi fiyatlar\u0131, kullan\u0131lan cihaz\u0131n kalitesi ve seans say\u0131s\u0131na g\u00f6re farkl\u0131l\u0131k g\u00f6sterebilir. Tedavi genellikle tek seansla s\u0131n\u0131rl\u0131 kalmad\u0131\u011f\u0131 i\u00e7in klinikler paket fiyatlar\u0131yla daha ekonomik \u00e7\u00f6z\u00fcmler sunabilir. Ucuz g\u00f6r\u00fcnen i\u015flemler her zaman g\u00fcvenli olmayabilir, bu nedenle klinik se\u00e7erken yaln\u0131zca fiyata de\u011fil, kaliteye de dikkat etmek gerekir. Fiyat teklifi i\u00e7in hemen bize ula\u015f\u0131n.<\/p>\n<\/div>\n<\/div>\n<div>\n<div>\n<h2 class=\"h2-header\">S\u0131k Sorulan Sorular<\/h2>\n<\/div>\n<div>\n<p class=\"p-text\"><strong>Lazerle Leke Tedavisinden Sonra Cilt Soyulmas\u0131 Normal mi?<\/strong><br \/>\nEvet, lazerle leke tedavisinden sonra cildin \u00fcst tabakas\u0131nda hafif bir soyulma olmas\u0131 olduk\u00e7a normaldir ve asl\u0131nda beklenen bir etkidir. Bu soyulma, cildin kendini yenileme s\u00fcrecinin bir par\u00e7as\u0131d\u0131r ve alttan daha sa\u011fl\u0131kl\u0131, taze bir deri \u00e7\u0131kmas\u0131na olanak tan\u0131r. Soyulma genellikle hafiftir, kabuklanma \u015feklinde olabilir ve birka\u00e7 g\u00fcn i\u00e7inde kendili\u011finden ge\u00e7er. Bu d\u00f6nemde cildi kesinlikle soymaya \u00e7al\u0131\u015fmamak gerekir, \u00e7\u00fcnk\u00fc m\u00fcdahale edilirse tahri\u015f ya da leke kalma riski do\u011fabilir. Cildi nemli tutmak ve nazik \u00fcr\u00fcnler kullanmak bu s\u00fcreci daha konforlu hale getirir.<\/p>\n<p><strong>Lazer Tedavisi Sonras\u0131 G\u00fcne\u015ften Nas\u0131l Korunmal\u0131?<\/strong><br \/>\nLazerle leke tedavisinden sonra cilt, ge\u00e7ici olarak g\u00fcne\u015fe kar\u015f\u0131 daha hassas hale gelir, bu y\u00fczden g\u00fcne\u015ften korunma \u00e7ok daha \u00f6nemli hale gelir. \u0130\u015flem sonras\u0131 en az iki hafta boyunca do\u011frudan g\u00fcne\u015fe \u00e7\u0131kmamak, g\u00f6lgede kalmak ya da \u015fapka gibi fiziksel koruyucular kullanmak gerekir. Her sabah, hatta evde bile olsan, en az SPF 50 i\u00e7eren bir g\u00fcne\u015f kremi kullanmal\u0131s\u0131n\u0131z ve bu kremi 2-3 saatte bir yenilemen \u00e7ok \u00f6nemlidir. G\u00fcne\u015f korumas\u0131 sadece i\u015flem sonras\u0131 de\u011fil, leke tedavisinin kal\u0131c\u0131l\u0131\u011f\u0131 i\u00e7in uzun vadede de al\u0131\u015fkanl\u0131k haline getirilmelidir. Aksi takdirde ciltte yeni lekeler olu\u015fabilir ya da tedavi edilen lekeler geri d\u00f6nebilir.<\/p>\n<p><strong>Lazerle Leke Tedavisi Yaz Aylar\u0131nda Yap\u0131labilir Mi?<\/strong><br \/>\nLazerle leke tedavisi yaz aylar\u0131nda da yap\u0131labilir, ancak bu d\u00f6nemde cildi g\u00fcne\u015ften korumak \u00e7ok daha zor oldu\u011fu i\u00e7in ekstra \u00f6zen gerektirir. Yaz aylar\u0131nda UV \u0131\u015f\u0131nlar\u0131 daha yo\u011fun oldu\u011fu i\u00e7in i\u015flem sonras\u0131 cildi g\u00fcne\u015ften koruyamamak, yeni leke olu\u015fumuna ya da mevcut lekelerin koyula\u015fmas\u0131na sebep olabilir. Bu y\u00fczden yaz\u0131n tedavi yapt\u0131rmay\u0131 d\u00fc\u015f\u00fcnen ki\u015filer, \u00e7ok s\u0131k\u0131 bir g\u00fcne\u015f koruma rutini uygulamal\u0131, a\u00e7\u0131k havada uzun s\u00fcre kalmamaya dikkat etmelidir. E\u011fer bu disiplin sa\u011flanamayacaksa, lazerle leke tedavisini sonbahar ya da k\u0131\u015f aylar\u0131na b\u0131rakmak daha sa\u011fl\u0131kl\u0131 bir tercih olur.<\/p>\n<p><strong>Lazerle Tedavisi Hamileler \u0130\u00e7in Uygun Mudur?<\/strong><br \/>\nHamilelik d\u00f6neminde lazerle leke tedavisi genellikle \u00f6nerilmez \u00e7\u00fcnk\u00fc bu s\u00fcre\u00e7te cilt daha hassast\u0131r ve hormonal de\u011fi\u015fimler nedeniyle lekeler daha farkl\u0131 tepkiler verebilir. Ayr\u0131ca lazer uygulamalar\u0131nda kullan\u0131lan \u0131\u015f\u0131k enerjisinin, do\u011frudan bebe\u011fe zarar\u0131 oldu\u011fu kan\u0131tlanmam\u0131\u015f olsa da, v\u00fccudun bu d\u00f6nemdeki \u00f6zel durumu g\u00f6z \u00f6n\u00fcnde bulundurularak risk al\u0131nmaz. Bu nedenle \u00e7o\u011fu uzman, gebelik d\u00f6nemi boyunca leke tedavilerini ertelemeyi ve sadece koruyucu \u00f6nlemlerle cilt bak\u0131m\u0131na devam etmeyi \u00f6nerir. Do\u011fum sonras\u0131 d\u00f6nemde, emzirme s\u00fcreci bittikten sonra tedaviye ba\u015flamak daha g\u00fcvenlidir.<\/p>\n<p><strong>Leke Tedavisi Sonras\u0131 Makyaj Ne Zaman Yap\u0131labilir?<\/strong><br \/>\nLazerle leke tedavisinden sonra cildin kendini toparlamas\u0131 i\u00e7in k\u0131sa bir dinlenme s\u00fcresine ihtiyac\u0131 vard\u0131r, bu y\u00fczden hemen makyaj yapmak do\u011fru de\u011fildir. Genellikle uygulamadan sonraki ilk 24-48 saat boyunca cilde makyaj yap\u0131lmamas\u0131 \u00f6nerilir, \u00e7\u00fcnk\u00fc bu d\u00f6nemde cilt a\u00e7\u0131k ve hassas olabilir. Fond\u00f6ten, pudra ya da kapat\u0131c\u0131 gibi \u00fcr\u00fcnler g\u00f6zenekleri t\u0131kayabilir ve iyile\u015fmeyi olumsuz etkileyebilir. Ciltte k\u0131zar\u0131kl\u0131k ya da hafif soyulma varsa bu s\u00fcrenin biraz daha uzat\u0131lmas\u0131 daha do\u011fru olur. Cilt tamamen yat\u0131\u015ft\u0131ktan sonra, m\u00fcmk\u00fcnse mineral i\u00e7erikli hafif \u00fcr\u00fcnlerle makyaja geri d\u00f6n\u00fclebilir.<\/p>\n<p><strong>Lazerle Leke Tedavisi \u0130le PRP Birlikte Uygulanabilir mi?<\/strong><br \/>\nEvet, lazerle leke tedavisi ile PRP yani &#8220;k\u00f6k h\u00fccre tedavisi&#8221; olarak da bilinen trombositten zengin plazma uygulamas\u0131 birlikte yap\u0131labilir ve hatta olduk\u00e7a etkili bir kombinasyon olu\u015ftururlar. Lazer tedavisi cildin \u00fcst katmanlar\u0131n\u0131 yenileyerek lekeleri hafifletirken, PRP cildin derin katmanlar\u0131n\u0131 besler ve iyile\u015fme s\u00fcrecini h\u0131zland\u0131r\u0131r. Bu iki i\u015flem bir araya geldi\u011finde, hem leke a\u00e7\u0131c\u0131 etkisi artar hem de ciltte genel bir s\u0131k\u0131la\u015fma ve canlanma sa\u011flan\u0131r. Uzmanlar bu kombinasyonu \u00f6zellikle inat\u00e7\u0131 lekelerde ve cilt yenileme ihtiyac\u0131 y\u00fcksek olan ki\u015filerde \u00f6nerebilir. Tabii ki i\u015flemlerin s\u0131ralamas\u0131 ve aral\u0131klar\u0131 ki\u015fiye \u00f6zel olarak planlanmal\u0131d\u0131r.<\/p>\n<p><strong>Lazerle Leke Tedavisi Sonras\u0131 Leke Tekrarlar m\u0131?<\/strong><br \/>\nGenelde lazerle leke tedavisinden sonra lekeler b\u00fcy\u00fck oranda a\u00e7\u0131l\u0131r ya da tamamen kaybolabilir, ancak uygun bak\u0131m yap\u0131lmazsa zamanla tekrar ortaya \u00e7\u0131kma ihtimali vard\u0131r. \u00d6zellikle g\u00fcne\u015fe maruz kalmak, koruyucu \u00fcr\u00fcn kullanmamak ya da cilde zarar verebilecek kimyasallarla temas, lekelerin geri d\u00f6nmesine neden olabilir. Ayr\u0131ca hormonal dengesizlikler ya da genetik yatk\u0131nl\u0131k gibi fakt\u00f6rler de lekelerin tekrar etmesine yol a\u00e7abilir. Bu y\u00fczden i\u015flem sonras\u0131nda sadece cilt bak\u0131m\u0131na de\u011fil, ya\u015fam al\u0131\u015fkanl\u0131klar\u0131na da \u00f6zen g\u00f6stermek gerekir. D\u00fczenli koruma ve cilt bak\u0131m sayesinde elde edilen sonu\u00e7lar uzun vadede korunabilir.<\/p>\n<p><strong>Leke Tedavisi Cilt Tonunu E\u015fitler mi?<\/strong><br \/>\nEvet, lazerle leke tedavisi sadece koyu lekeleri a\u00e7makla kalmaz, ayn\u0131 zamanda cilt tonunu genel anlamda e\u015fitleyerek daha homojen bir g\u00f6r\u00fcn\u00fcm sa\u011flar. Bu i\u015flem sayesinde g\u00fcne\u015f lekeleri, sivilce izleri ve ya\u015fl\u0131l\u0131kla olu\u015fan renk farkl\u0131l\u0131klar\u0131 azal\u0131r ve cildin genel rengi dengelenir. Cilt daha parlak, sa\u011fl\u0131kl\u0131 ve canl\u0131 g\u00f6r\u00fcn\u00fcr \u00e7\u00fcnk\u00fc lazer \u0131\u015f\u0131\u011f\u0131, cilt alt\u0131ndaki pigmentleri hedef alarak cilt y\u00fczeyini yeniler. \u00d6zellikle d\u00fczenli uygulamalarla cilt tonu daha dengeli hale gelir ve makyajs\u0131zken bile daha p\u00fcr\u00fczs\u00fcz bir g\u00f6r\u00fcn\u00fcm elde edilir. Sonu\u00e7lar\u0131n kal\u0131c\u0131 olabilmesi i\u00e7in g\u00fcne\u015ften korunmak \u00e7ok \u00f6nemlidir.<\/p>\n<\/div>\n<\/div>\n<\/div>\n<\/section>\n","protected":false},"excerpt":{"rendered":"<p>Lazerle Leke Tedavisi Leke tedavisi; ciltteki g\u00fcne\u015f lekeleri, ya\u015fl\u0131l\u0131k lekeleri, akne izleri ve melazma gibi hiperpigmentasyon sorunlar\u0131n\u0131 hedef alan dermatolojik uygulamalar\u0131n genel ad\u0131d\u0131r. Do\u011fru y\u00f6ntem se\u00e7ildi\u011finde; daha e\u015fit tonlu, \u0131\u015f\u0131lt\u0131l\u0131 ve sa\u011fl\u0131kl\u0131 bir cilde kavu\u015fmak m\u00fcmk\u00fcnd\u00fcr. Dr. Terziler Exclusive Clinic \u00bb Medikal Estetik \u00bb Y\u00fcz Uygulamalar\u0131 \u00bb Mezoterapi \u00bb Lazerle Leke Tedavisi \u0130\u00e7indekiler Lazerle Leke [&hellip;]<\/p>\n","protected":false},"author":6,"featured_media":0,"parent":1660,"menu_order":0,"comment_status":"closed","ping_status":"closed","template":"","meta":{"footnotes":""},"class_list":["post-34026","page","type-page","status-publish","hentry"],"_links":{"self":[{"href":"https:\/\/drterziler.com\/tr\/wp-json\/wp\/v2\/pages\/34026","targetHints":{"allow":["GET"]}}],"collection":[{"href":"https:\/\/drterziler.com\/tr\/wp-json\/wp\/v2\/pages"}],"about":[{"href":"https:\/\/drterziler.com\/tr\/wp-json\/wp\/v2\/types\/page"}],"author":[{"embeddable":true,"href":"https:\/\/drterziler.com\/tr\/wp-json\/wp\/v2\/users\/6"}],"replies":[{"embeddable":true,"href":"https:\/\/drterziler.com\/tr\/wp-json\/wp\/v2\/comments?post=34026"}],"version-history":[{"count":12,"href":"https:\/\/drterziler.com\/tr\/wp-json\/wp\/v2\/pages\/34026\/revisions"}],"predecessor-version":[{"id":60689,"href":"https:\/\/drterziler.com\/tr\/wp-json\/wp\/v2\/pages\/34026\/revisions\/60689"}],"up":[{"embeddable":true,"href":"https:\/\/drterziler.com\/tr\/wp-json\/wp\/v2\/pages\/1660"}],"wp:attachment":[{"href":"https:\/\/drterziler.com\/tr\/wp-json\/wp\/v2\/media?parent=34026"}],"curies":[{"name":"wp","href":"https:\/\/api.w.org\/{rel}","templated":true}]}}