{"id":3415,"date":"2024-08-26T13:18:29","date_gmt":"2024-08-26T13:18:29","guid":{"rendered":"https:\/\/drterziler.com\/sac-ve-cilt-bakim-urunleri\/cilt-bakim-urunleri\/"},"modified":"2026-04-26T13:18:52","modified_gmt":"2026-04-26T13:18:52","slug":"cilt-bakim-urunleri","status":"publish","type":"page","link":"https:\/\/drterziler.com\/tr\/sac-ve-cilt-bakim-urunleri\/cilt-bakim-urunleri\/","title":{"rendered":"Cilt Bak\u0131m \u00dcr\u00fcnleri"},"content":{"rendered":"<h1 class=\"content-title h1-header\">Cilt Bak\u0131m \u00dcr\u00fcnleri<\/h1>\n","protected":false},"excerpt":{"rendered":"<p>Cilt Bak\u0131m \u00dcr\u00fcnleri<\/p>\n","protected":false},"author":6,"featured_media":0,"parent":3413,"menu_order":0,"comment_status":"closed","ping_status":"closed","template":"","meta":{"footnotes":""},"class_list":["post-3415","page","type-page","status-publish","hentry"],"_links":{"self":[{"href":"https:\/\/drterziler.com\/tr\/wp-json\/wp\/v2\/pages\/3415","targetHints":{"allow":["GET"]}}],"collection":[{"href":"https:\/\/drterziler.com\/tr\/wp-json\/wp\/v2\/pages"}],"about":[{"href":"https:\/\/drterziler.com\/tr\/wp-json\/wp\/v2\/types\/page"}],"author":[{"embeddable":true,"href":"https:\/\/drterziler.com\/tr\/wp-json\/wp\/v2\/users\/6"}],"replies":[{"embeddable":true,"href":"https:\/\/drterziler.com\/tr\/wp-json\/wp\/v2\/comments?post=3415"}],"version-history":[{"count":2,"href":"https:\/\/drterziler.com\/tr\/wp-json\/wp\/v2\/pages\/3415\/revisions"}],"predecessor-version":[{"id":62456,"href":"https:\/\/drterziler.com\/tr\/wp-json\/wp\/v2\/pages\/3415\/revisions\/62456"}],"up":[{"embeddable":true,"href":"https:\/\/drterziler.com\/tr\/wp-json\/wp\/v2\/pages\/3413"}],"wp:attachment":[{"href":"https:\/\/drterziler.com\/tr\/wp-json\/wp\/v2\/media?parent=3415"}],"curies":[{"name":"wp","href":"https:\/\/api.w.org\/{rel}","templated":true}]}}