{"id":35139,"date":"2025-04-25T06:43:16","date_gmt":"2025-04-25T06:43:16","guid":{"rendered":"https:\/\/drterziler.com\/?page_id=35139"},"modified":"2026-04-06T12:21:15","modified_gmt":"2026-04-06T12:21:15","slug":"nem-asisi","status":"publish","type":"page","link":"https:\/\/drterziler.com\/tr\/medikal-estetik\/dermatoloji\/nem-asisi\/","title":{"rendered":"Nem A\u015f\u0131s\u0131"},"content":{"rendered":"<div class=\"page-content\">\n<div id=\"header-area\">\n<div class=\"container\" id=\"firstContent\">\n<div class=\"header-content d-flex flex-column\">\n<h1 class=\"content-title h1-header\">Nem A\u015f\u0131s\u0131<\/h1>\n<div class=\"content-paragraph\">\n<p class=\"p-text\">Nem a\u015f\u0131s\u0131, cildin nem dengesini sa\u011flamak, elastikiyetini art\u0131rmak ve daha canl\u0131 bir g\u00f6r\u00fcn\u00fcm kazand\u0131rmak amac\u0131yla uygulanan hyaluronik asit bazl\u0131 bir medikal estetik i\u015flemdir. \u00d6zellikle kuruyan, matla\u015fan ve ya\u015flanma belirtileri g\u00f6steren ciltlerde tercih edilir.<\/p>\n<\/p><\/div>\n<nav aria-label=\"breadcrumb\" class=\"breadcrumbs\">\n<ul class=\"d-flex align-items-center mb-0\">\n<li><a class=\"link\" href=\"https:\/\/drterziler.com\/\"><span>Dr. Terziler Exclusive Clinic<\/span><\/a><\/li>\n<li class=\"separator\">\u00bb<\/li>\n<li><a class=\"link\" href=\"https:\/\/drterziler.com\/medical-aesthetics\/\"><span>Medikal Estetik<\/span><\/a><\/li>\n<li class=\"separator\">\u00bb<\/li>\n<li><a class=\"link\" href=\"https:\/\/drterziler.com\/medical-aesthetics\/dermatology\/\"><span>Dermatoloji<\/span><\/a><\/li>\n<li class=\"separator\">\u00bb<\/li>\n<li class=\"current-page\"><span>Nem A\u015f\u0131s\u0131<\/span><\/li>\n<\/ul>\n<\/nav><\/div>\n<\/p><\/div>\n<\/p><\/div>\n<\/div>\n<section id=\"content-area\">\n<div class=\"container my-5\">\n<div class=\"row align-items-start\">\n<div class=\"col-md-6 order-2 order-md-1\">\n<div class=\"custom-toc-box\">\n<div id=\"toc-header\">\n<h4>\u0130\u00e7indekiler<\/h4>\n<div class=\"toc-toggle-icon\"><\/div>\n<\/p><\/div>\n<div class=\"toc-full-divider\"><\/div>\n<div id=\"toc-body\">\n<div id=\"toc-container\"><\/div>\n<\/p><\/div>\n<\/p><\/div>\n<\/p><\/div>\n<div class=\"col-md-6 order-1 order-md-2\" id=\"jForm\">\n                <script type=\"text\/javascript\" src=\"https:\/\/form.jotform.com\/jsform\/242882264736970\"><\/script>\n            <\/div>\n<\/p><\/div>\n<\/p><\/div>\n<div class=\"container\">\n<div class=\"img-thumb\">\n            <img loading=\"lazy\" decoding=\"async\" width=\"1920\" height=\"1080\" src=\"https:\/\/drterziler.com\/wp-content\/uploads\/2025\/04\/nem-asisi.webp\" alt=\"nem a\u015f\u0131s\u0131\" srcset=\"https:\/\/drterziler.com\/wp-content\/uploads\/2025\/04\/nem-asisi.webp 1920w, https:\/\/drterziler.com\/wp-content\/uploads\/2025\/04\/nem-asisi-300x169.webp 300w, https:\/\/drterziler.com\/wp-content\/uploads\/2025\/04\/nem-asisi-1024x576.webp 1024w, https:\/\/drterziler.com\/wp-content\/uploads\/2025\/04\/nem-asisi-768x432.webp 768w, https:\/\/drterziler.com\/wp-content\/uploads\/2025\/04\/nem-asisi-1536x864.webp 1536w\" sizes=\"auto, (max-width: 1920px) 100vw, 1920px\" \/>\n        <\/div>\n<div>\n<div>\n<h2 class=\"h2-header\">Nem A\u015f\u0131s\u0131 Nedir?<\/h2>\n<\/p><\/div>\n<div>\n<p class=\"p-text\">Nem a\u015f\u0131s\u0131, cildin kaybetti\u011fi nemi geri kazanmas\u0131n\u0131 sa\u011flayan ve ayn\u0131 zamanda cildi canland\u0131ran etkili bir medikal estetik uygulamad\u0131r. \u00d6zellikle kuru, mat ve yorgun g\u00f6r\u00fcnen ciltlerde hem i\u00e7ten nem takviyesi sa\u011flar hem de cildin elastikiyetini art\u0131rarak gen\u00e7le\u015fmi\u015f bir g\u00f6r\u00fcn\u00fcm sunar. Cilt zamanla \u00e7evresel fakt\u00f6rler, ya\u015f alma ve yanl\u0131\u015f \u00fcr\u00fcn kullan\u0131m\u0131 nedeniyle nemini kaybeder; i\u015fte bu noktada devreye nem a\u015f\u0131s\u0131 girer. Bu i\u015flem, cildin nem dengesini derinlemesine d\u00fczenleyerek uzun s\u00fcreli bir parlakl\u0131k ve yumu\u015fakl\u0131k kazand\u0131r\u0131r. Yani d\u0131\u015far\u0131dan s\u00fcrd\u00fc\u011f\u00fcm\u00fcz kremler gibi ge\u00e7ici de\u011fil, i\u00e7eriden gelen bir destek sunar.Her cilt tipine uygun olan nem a\u015f\u0131s\u0131, seans say\u0131s\u0131 ve uygulama aral\u0131klar\u0131 ki\u015fiye \u00f6zel belirlenir; uzmanlar, ilk muayenede cilt analizine dayanarak ideal protokol\u00fc olu\u015fturur. D\u00fczenli tekrarlarla uzun s\u00fcreli canl\u0131l\u0131k ve parlakl\u0131k korundu\u011fu gibi, ya\u015flanma belirtilerine kar\u015f\u0131 proaktif bir koruma da sa\u011flan\u0131r. Hafif k\u0131zar\u0131kl\u0131k d\u0131\u015f\u0131nda belirgin bir iyile\u015fme s\u00fcresi gerektirmeyen bu minimal invaziv y\u00f6ntem, yo\u011fun tempo i\u00e7inde bile rahatl\u0131kla tercih edilebilir.Cildinizde kal\u0131c\u0131 nem dengesini ve \u0131\u015f\u0131lt\u0131y\u0131 yeniden ke\u015ffetmek i\u00e7in uzman ekibimizle \u00fccretsiz cilt analizi randevusu alabilir, size \u00f6zel nem a\u015f\u0131s\u0131 protokol\u00fcn\u00fcz\u00fc hemen planlayabilirsiniz. Sa\u011fl\u0131kl\u0131 ve dolgun bir cilt g\u00f6r\u00fcn\u00fcm\u00fc i\u00e7in ilk ad\u0131m\u0131 at\u0131n!<\/p>\n<\/p><\/div>\n<\/p><\/div>\n<div>\n<div>\n<h2 class=\"h2-header\">Nem A\u015f\u0131s\u0131 Nas\u0131l Uygulan\u0131r?<\/h2>\n<\/p><\/div>\n<div>\n<p class=\"p-text\">\u00c7ok ince u\u00e7lu i\u011fnelerle cildin alt katman\u0131na, yani dermis tabakas\u0131na k\u00fc\u00e7\u00fck dozlar h\u00e2linde enjekte edilerek nem a\u015f\u0131s\u0131 uygulan\u0131r. Uygulama \u00f6ncesi b\u00f6lgeye lokal anestezik krem s\u00fcr\u00fclerek ki\u015finin konforu sa\u011flan\u0131r, b\u00f6ylece i\u015flem s\u0131ras\u0131nda a\u011fr\u0131 hissedilmez. Enjeksiyonlar y\u00fcz, boyun ve dekolte gibi nem kayb\u0131n\u0131n yo\u011fun oldu\u011fu b\u00f6lgelere yap\u0131l\u0131r ve i\u015flem ortalama 20-30 dakika s\u00fcrer. Cilt alt\u0131na do\u011frudan verilen bu nem takviyesi, etkisini k\u0131sa s\u00fcrede g\u00f6sterir. \u0130\u015flem sonras\u0131 hafif k\u0131zar\u0131kl\u0131k ya da minik kabar\u0131kl\u0131klar olabilir, ancak bunlar genellikle birka\u00e7 saat i\u00e7inde kendili\u011finden ge\u00e7er.<\/p>\n<\/p><\/div>\n<\/p><\/div>\n<div>\n<div>\n<h2 class=\"h2-header\">Nem A\u015f\u0131s\u0131n\u0131n \u0130\u00e7eri\u011fi Nedir?<\/h2>\n<\/p><\/div>\n<div>\n<p class=\"p-text\">Di\u011fer dolgu maddelerinde de oldu\u011fu gibi nem a\u015f\u0131s\u0131n\u0131n en temel i\u00e7eri\u011fi saf hyaluronik asittir \u00e7\u00fcnk\u00fc bu madde ciltte do\u011fal olarak bulunan ve su tutma kapasitesi y\u00fcksek bir bile\u015fendir. Hyaluronik asidin yan\u0131 s\u0131ra baz\u0131 form\u00fcllerde vitamin, aminoasit, mineral ve antioksidan i\u00e7eri\u011fi de bulunabilir. Bu maddeler birlikte \u00e7al\u0131\u015farak hem cildi nemlendirir hem de onar\u0131r, b\u00f6ylece cildin daha sa\u011fl\u0131kl\u0131 ve gen\u00e7 g\u00f6r\u00fcnmesi sa\u011flan\u0131r. Hyaluronik asit suyu m\u0131knat\u0131s gibi \u00e7eker, bu da ciltte dolgun, parlak ve yumu\u015fak bir g\u00f6r\u00fcn\u00fcm yarat\u0131r. \u00dcstelik cildin alt katmanlar\u0131nda h\u00fccre yenilenmesini destekleyerek uzun vadeli bir etki sunar.<\/p>\n<\/p><\/div>\n<\/p><\/div>\n<div>\n<div>\n<h2 class=\"h2-header\">Nem A\u015f\u0131s\u0131n\u0131n Faydalar\u0131 Nelerdir?<\/h2>\n<\/p><\/div>\n<div>\n<p class=\"p-text\">Nem a\u015f\u0131s\u0131n\u0131n faydalar\u0131 nelerdir ve ciltte uzun s\u00fcreli nem tutuculu\u011fu sa\u011flayarak donuk g\u00f6r\u00fcn\u00fcm\u00fc giderir. Bu etki, hyaluronik asidin su ba\u011flama kapasitesi sayesinde cilt dokusunda nem deposu olu\u015fturarak ya\u015flanma belirtilerini geciktirir. Derinlemesine sa\u011flanan hidrasyon, y\u00fczeysel kremlerle eri\u015filemeyen katmanlarda bile cildin esnekli\u011fini art\u0131r\u0131r.Uygulama sonras\u0131nda ince \u00e7izgilerde belirgin azalma g\u00f6r\u00fcl\u00fcr \u00e7\u00fcnk\u00fc doku i\u00e7i su miktar\u0131n\u0131n artmas\u0131, mikrovibrasyonlarla kolajen \u00fcretimini tetikler. G\u00fc\u00e7lenen ba\u011f dokusu sayesinde cilt daha s\u0131k\u0131 ve p\u00fcr\u00fczs\u00fcz bir yap\u0131ya kavu\u015fur. Ayn\u0131 zamanda elastik liflerdeki toparlanma, gen\u00e7lik \u0131\u015f\u0131lt\u0131s\u0131n\u0131n \u00e7ok daha kal\u0131c\u0131 olmas\u0131n\u0131 destekler.Minimal invaziv bir i\u015flem olmas\u0131, g\u00fcndelik ya\u015fant\u0131n\u0131z\u0131 etkilemeden h\u0131zl\u0131ca toparlanman\u0131za imk\u00e2n tan\u0131r. Hafif k\u0131zar\u0131kl\u0131k veya \u00f6dem birka\u00e7 saat i\u00e7inde d\u00fczelirken, cilt bariyerinin g\u00fc\u00e7lenmesi sayesinde sonraki g\u00fcn makyaj yapmaya bile ba\u015flayabilirsiniz. T\u00fcm cilt tiplerine uygun form\u00fclasyonu, hassas veya karma ciltlerde bile g\u00fcvenle tercih edilmesini sa\u011flar.Profesyonel nem a\u015f\u0131s\u0131 seanslar\u0131, cildinizin ihtiyac\u0131na g\u00f6re ki\u015fiselle\u015ftirilen seans say\u0131s\u0131 ve aral\u0131klarla planlan\u0131r. Daha ayd\u0131nl\u0131k, dolgun bir cilt g\u00f6r\u00fcn\u00fcm\u00fc i\u00e7in uzmanlar\u0131m\u0131zla \u00fccretsiz \u00f6n muayene randevusu olu\u015fturarak size \u00f6zel protokol\u00fcn\u00fcz\u00fc \u00f6\u011frenin ve yenilenmenin tad\u0131n\u0131 \u00e7\u0131kar\u0131n.<\/p>\n<\/p><\/div>\n<\/p><\/div>\n<div>\n<div>\n<h2 class=\"h2-header\">Nem A\u015f\u0131s\u0131n\u0131n Cilde Etkileri Nelerdir?<\/h2>\n<\/p><\/div>\n<div>\n<p class=\"p-text\">Nem a\u015f\u0131s\u0131n\u0131n etkileri uygulamadan birka\u00e7 g\u00fcn sonra kendini g\u00f6stermeye ba\u015flar ve ciltteki parlakl\u0131k, dolgunluk ve p\u00fcr\u00fczs\u00fczl\u00fck fark edilir \u015fekilde artar. Cilt daha yumu\u015fak hissedilir, g\u00f6zenek g\u00f6r\u00fcn\u00fcm\u00fcnde azalma olabilir ve genel cilt tonu daha homojen bir h\u00e2le gelir.\u0130lk seans sonras\u0131 etkiler g\u00f6r\u00fclse de, kal\u0131c\u0131l\u0131\u011f\u0131n artmas\u0131 ve maksimum fayda i\u00e7in genellikle birka\u00e7 seans \u00f6nerilir. Etkiler ki\u015fiden ki\u015fiye de\u011fi\u015fmekle birlikte ortalama 4 ila 6 ay aras\u0131nda devam eder. Bu s\u00fcrenin sonunda cilt tekrar eski nem ihtiyac\u0131na d\u00f6nece\u011fi i\u00e7in takviye yap\u0131lmas\u0131 gerekebilir.<\/p>\n<\/p><\/div>\n<\/p><\/div>\n<div>\n<div>\n<h2 class=\"h2-header\">Nem A\u015f\u0131s\u0131 Ne Kadar Gerekli?<\/h2>\n<\/p><\/div>\n<div>\n<p class=\"p-text\">Nem a\u015f\u0131s\u0131, cildin su dengesini korumak ve ya\u015flanma belirtilerini geciktirmek i\u00e7in d\u00fczenli olarak uygulanmas\u0131 gereken kritik bir bak\u0131m y\u00f6ntemidir. Bu uygulama, derinin en derin katmanlar\u0131na n\u00fcfuz eden d\u00fc\u015f\u00fck molek\u00fcll\u00fc hyaluronik asit form\u00fcl\u00fc sayesinde; cilt bariyerini g\u00fc\u00e7lendirir, su kayb\u0131n\u0131 \u00f6nler ve uzun s\u00fcreli dolgunluk yarat\u0131r. B\u00f6yle g\u00fc\u00e7l\u00fc bir nem deposu olu\u015fumu, y\u00fczeysel kremlerle eri\u015filemeyen i\u00e7 katmanlarda bile elastikiyet art\u0131\u015f\u0131 ve ince \u00e7izgilerin azalmas\u0131n\u0131 destekler.Ya\u015fam tarz\u0131 fakt\u00f6rleri ve \u00e7evresel etkenler nem a\u015f\u0131s\u0131n\u0131n gereklili\u011fini belirler. \u00d6zellikle s\u0131k seyahat edenler, klimal\u0131 ortamlarda \u00e7al\u0131\u015fanlar veya kuru iklim ko\u015fullar\u0131na maruz kalanlar; cilt bariyerini korumak i\u00e7in bu i\u015flemi tercih etmelidir. \u0130\u00e7ten takviye edilen nem seviyesi, kolajen sentezini tetikleyerek cilt dokusunun genel kalitesini y\u00fckseltir ve sonraki d\u00f6nemlerde ortaya \u00e7\u0131kabilecek kuruluk belirtilerine kar\u015f\u0131 proaktif bir savunma mekanizmas\u0131 olu\u015fturur.Uygulama s\u0131kl\u0131\u011f\u0131, cilt analizi sonucunda uzman taraf\u0131ndan belirlenir ancak genellikle ilk d\u00f6rt seans 3\u20134 hafta arayla planlan\u0131r, ard\u0131ndan bak\u0131m dozlar\u0131nda 6\u20138 haftaya kadar uzayan periyotlar \u00f6nerilir. Bu dinamik protokol, hem elde edilen nem dengesini korur hem de cilt dokusunun ihtiya\u00e7lar\u0131na g\u00f6re esneklik sunar.<\/p>\n<\/p><\/div>\n<\/p><\/div>\n<div>\n<div>\n<h2 class=\"h2-header\">Nem A\u015f\u0131s\u0131 Kal\u0131c\u0131 Bir \u0130\u015flem Mi?<\/h2>\n<\/p><\/div>\n<div>\n<p class=\"p-text\">Bu i\u015flem etkili ve g\u00fc\u00e7l\u00fc bir cilt bak\u0131m uygulamas\u0131 olsa da tamamen kal\u0131c\u0131 bir i\u015flem de\u011fildir. \u0130\u00e7eri\u011finde bulunan hyaluronik asit zamanla v\u00fccut taraf\u0131ndan emilir ve etkisi yava\u015f yava\u015f azalmaya ba\u015flar. Ortalama olarak etkisi 4 ila 6 ay aras\u0131nda s\u00fcrer, bu s\u00fcre ki\u015finin cilt yap\u0131s\u0131na, ya\u015fam tarz\u0131na ve \u00e7evresel etkenlere ba\u011fl\u0131 olarak de\u011fi\u015febilir. Yani bir kez yapt\u0131rmak cilt i\u00e7in g\u00fczel bir ba\u015flang\u0131\u00e7t\u0131r ama kal\u0131c\u0131 bir sonu\u00e7 i\u00e7in belli aral\u0131klarla tekrar edilmesi gerekir. Cildin nem dengesi s\u00fcrekli olarak d\u0131\u015f fakt\u00f6rlerden etkilendi\u011fi i\u00e7in bu t\u00fcr destekler zamanla ihtiya\u00e7 h\u00e2line gelir.<\/p>\n<\/p><\/div>\n<\/p><\/div>\n<div>\n<div>\n<h2 class=\"h2-header\">Nem A\u015f\u0131s\u0131 Ka\u00e7 Seansta Yap\u0131l\u0131r?<\/h2>\n<\/p><\/div>\n<div>\n<p class=\"p-text\">Tam etkisinin g\u00f6r\u00fclmesi i\u00e7in genellikle 2 ila 3 seansl\u0131k bir nem a\u015f\u0131s\u0131 uygulamas\u0131 plan\u0131 yap\u0131l\u0131r. \u0130lk seans sonras\u0131 ciltte belirgin bir nem art\u0131\u015f\u0131 ve canl\u0131l\u0131k fark edilirken, devam eden seanslarla bu etki daha da peki\u015ftirilir. Seanslar aras\u0131nda genellikle 2-3 hafta kadar bir s\u00fcre b\u0131rak\u0131l\u0131r, b\u00f6ylece cilt kendini toparlayarak gelen nem takviyesini daha iyi i\u015fler. Tek seansta da fayda g\u00f6rmek m\u00fcmk\u00fcnd\u00fcr ama uzun vadeli ve dengeli bir sonu\u00e7 i\u00e7in birka\u00e7 seans \u00f6nerilir. Uzman cilt yap\u0131s\u0131na g\u00f6re ki\u015fiye \u00f6zel bir plan olu\u015fturur ve seans say\u0131s\u0131n\u0131 buna g\u00f6re belirler.<\/p>\n<\/p><\/div>\n<\/p><\/div>\n<div>\n<div>\n<h2 class=\"h2-header\">Nem A\u015f\u0131s\u0131 Sonras\u0131 Ne Zaman \u0130yile\u015firim?<\/h2>\n<\/p><\/div>\n<div>\n<p class=\"p-text\">Nem a\u015f\u0131s\u0131 sonras\u0131 iyile\u015fme s\u00fcreci olduk\u00e7a h\u0131zl\u0131d\u0131r, \u00e7o\u011fu ki\u015fi ayn\u0131 g\u00fcn sosyal hayat\u0131na rahatl\u0131kla d\u00f6nebilir. Uygulama sonras\u0131 ciltte hafif k\u0131zar\u0131kl\u0131k, minik \u015fi\u015flikler ya da enjeksiyon noktalar\u0131nda belli belirsiz morluklar olu\u015fabilir. Ancak bu etkiler genellikle 24-48 saat i\u00e7inde kendili\u011finden kaybolur. Cilt tipine g\u00f6re bazen bir hafta kadar s\u00fcren hafif hassasiyet olabilir ama bu durum g\u00fcnl\u00fck ya\u015fam\u0131 olumsuz etkileyecek boyutta de\u011fildir. Nem a\u015f\u0131s\u0131 sonras\u0131 iyile\u015fme s\u00fcreci konforludur ve dikkatli bir bak\u0131m ile bu s\u00fcre\u00e7 daha da kolay ge\u00e7er.<\/p>\n<\/p><\/div>\n<\/p><\/div>\n<div>\n<div>\n<h2 class=\"h2-header\">Nem A\u015f\u0131s\u0131 Dekolteye Uygulan\u0131r M\u0131?<\/h2>\n<\/p><\/div>\n<div>\n<p class=\"p-text\">Evet, nem a\u015f\u0131s\u0131 sadece y\u00fcz b\u00f6lgesine de\u011fil, dekolte gibi nem kayb\u0131n\u0131n yo\u011fun hissedildi\u011fi b\u00f6lgelere de uygulanabilir. \u00d6zellikle g\u00fcne\u015ften zarar g\u00f6rm\u00fc\u015f ya da ya\u015f alma belirtileri g\u00f6steren dekolte b\u00f6lgesinde nem a\u015f\u0131s\u0131 olduk\u00e7a ba\u015far\u0131l\u0131 sonu\u00e7lar verir. Cilt bu b\u00f6lgede ince oldu\u011fu i\u00e7in kurulu\u011fa daha yatk\u0131nd\u0131r ve zamanla k\u0131r\u0131\u015f\u0131kl\u0131klar belirginle\u015febilir. Nem a\u015f\u0131s\u0131 bu g\u00f6r\u00fcn\u00fcm\u00fc yumu\u015fat\u0131r, cildi dolgunla\u015ft\u0131r\u0131r ve gen\u00e7le\u015ftirir. Dekolteye uygulanan nem a\u015f\u0131s\u0131, genellikle y\u00fczle birlikte planlan\u0131r ve cilt b\u00fct\u00fcnl\u00fc\u011f\u00fc a\u00e7\u0131s\u0131ndan olduk\u00e7a g\u00fczel bir sonu\u00e7 verir.<\/p>\n<\/p><\/div>\n<\/p><\/div>\n<div>\n<div>\n<h2 class=\"h2-header\">Nem A\u015f\u0131s\u0131 Hangi B\u00f6lgelere Yap\u0131l\u0131r?<\/h2>\n<\/p><\/div>\n<div>\n<p class=\"p-text\">Nem a\u015f\u0131s\u0131 en s\u0131k y\u00fcz b\u00f6lgesine uygulan\u0131r ama bununla s\u0131n\u0131rl\u0131 de\u011fildir; boyun, dekolte, eller gibi cildin ince yap\u0131l\u0131 ve nem kayb\u0131na a\u00e7\u0131k olan b\u00f6lgelerine de rahatl\u0131kla uygulanabilir. \u00d6zellikle g\u00f6z \u00e7evresi, a\u011f\u0131z kenarlar\u0131 ve yanak b\u00f6lgesi gibi kurulu\u011fun yo\u011fun hissedildi\u011fi alanlarda \u00e7ok etkili sonu\u00e7lar al\u0131n\u0131r. V\u00fccudun di\u011fer b\u00f6lgelerinde de cilt matl\u0131\u011f\u0131, esneklik kayb\u0131 ya da kuruluk varsa uzman kontrol\u00fcnde bu b\u00f6lgelere de yap\u0131labilir. Hangi b\u00f6lgelere uygulanaca\u011f\u0131 tamamen ki\u015finin ihtiyac\u0131na g\u00f6re belirlenir ve bu sayede daha do\u011fal ve dengeli bir g\u00f6r\u00fcn\u00fcm sa\u011flan\u0131r.<\/p>\n<\/p><\/div>\n<\/p><\/div>\n<div>\n<div>\n<h2 class=\"h2-header\">Nem A\u015f\u0131s\u0131 Fiyatlar\u0131 2025<\/h2>\n<\/p><\/div>\n<div>\n<p class=\"p-text\">2025 y\u0131l\u0131 itibar\u0131yla nem a\u015f\u0131s\u0131 fiyatlar\u0131, kullan\u0131lan \u00fcr\u00fcn\u00fcn kalitesine g\u00f6re de\u011fi\u015fiklik g\u00f6sterebilir. Fiyatlar\u0131 belirleyen bir di\u011fer \u00f6nemli unsur da hyaluronik asidin yo\u011funlu\u011fu ve markas\u0131d\u0131r. Kaliteli \u00fcr\u00fcnler ciltte daha uzun s\u00fcre kal\u0131c\u0131l\u0131k sa\u011flad\u0131\u011f\u0131 i\u00e7in biraz daha y\u00fcksek fiyatl\u0131 olabilir ama uzun vadede daha etkili sonu\u00e7lar verir. Fiyat teklifi almak i\u00e7in hemen bize ula\u015f\u0131n.<\/p>\n<\/p><\/div>\n<\/p><\/div>\n<\/p><\/div>\n<\/section>\n","protected":false},"excerpt":{"rendered":"<p>Nem A\u015f\u0131s\u0131 Nem a\u015f\u0131s\u0131, cildin nem dengesini sa\u011flamak, elastikiyetini art\u0131rmak ve daha canl\u0131 bir g\u00f6r\u00fcn\u00fcm kazand\u0131rmak amac\u0131yla uygulanan hyaluronik asit bazl\u0131 bir medikal estetik i\u015flemdir. \u00d6zellikle kuruyan, matla\u015fan ve ya\u015flanma belirtileri g\u00f6steren ciltlerde tercih edilir. Dr. Terziler Exclusive Clinic \u00bb Medikal Estetik \u00bb Dermatoloji \u00bb Nem A\u015f\u0131s\u0131 \u0130\u00e7indekiler Nem A\u015f\u0131s\u0131 Nedir? Nem a\u015f\u0131s\u0131, cildin kaybetti\u011fi [&hellip;]<\/p>\n","protected":false},"author":6,"featured_media":0,"parent":16979,"menu_order":0,"comment_status":"closed","ping_status":"closed","template":"","meta":{"footnotes":""},"class_list":["post-35139","page","type-page","status-publish","hentry"],"_links":{"self":[{"href":"https:\/\/drterziler.com\/tr\/wp-json\/wp\/v2\/pages\/35139","targetHints":{"allow":["GET"]}}],"collection":[{"href":"https:\/\/drterziler.com\/tr\/wp-json\/wp\/v2\/pages"}],"about":[{"href":"https:\/\/drterziler.com\/tr\/wp-json\/wp\/v2\/types\/page"}],"author":[{"embeddable":true,"href":"https:\/\/drterziler.com\/tr\/wp-json\/wp\/v2\/users\/6"}],"replies":[{"embeddable":true,"href":"https:\/\/drterziler.com\/tr\/wp-json\/wp\/v2\/comments?post=35139"}],"version-history":[{"count":8,"href":"https:\/\/drterziler.com\/tr\/wp-json\/wp\/v2\/pages\/35139\/revisions"}],"predecessor-version":[{"id":58600,"href":"https:\/\/drterziler.com\/tr\/wp-json\/wp\/v2\/pages\/35139\/revisions\/58600"}],"up":[{"embeddable":true,"href":"https:\/\/drterziler.com\/tr\/wp-json\/wp\/v2\/pages\/16979"}],"wp:attachment":[{"href":"https:\/\/drterziler.com\/tr\/wp-json\/wp\/v2\/media?parent=35139"}],"curies":[{"name":"wp","href":"https:\/\/api.w.org\/{rel}","templated":true}]}}