{"id":38850,"date":"2025-05-27T09:10:35","date_gmt":"2025-05-27T09:10:35","guid":{"rendered":"https:\/\/drterziler.com\/sac-tedavileri\/hair-care-products\/"},"modified":"2026-04-26T20:16:50","modified_gmt":"2026-04-26T20:16:50","slug":"sac-bakim-urunleri","status":"publish","type":"page","link":"https:\/\/drterziler.com\/tr\/sac-tedavileri\/sac-bakim-urunleri\/","title":{"rendered":"Sa\u00e7 Bak\u0131m \u00dcr\u00fcnleri"},"content":{"rendered":"<div class=\"page-content category-page\">\n<div id=\"header-area\">\n<div class=\"container\" id=\"firstContent\">\n<div class=\"header-content d-flex flex-column\">\n<h1 class=\"content-title\">Sa\u00e7 Bak\u0131m \u00dcr\u00fcnleri<\/h1>\n<div class=\"content-paragraph\">\n<p>Sa\u00e7 sa\u011fl\u0131\u011f\u0131, estetik g\u00f6r\u00fcn\u00fcm\u00fcn temel ta\u015flar\u0131ndan biri olup, genel ya\u015fam kalitesiyle do\u011frudan ili\u015fkilidir. Klinik olarak geli\u015ftirdi\u011fimiz sa\u00e7 bak\u0131m \u00fcr\u00fcnleri, sa\u00e7 k\u00f6klerini besleyerek g\u00fc\u00e7lendirmeyi ve sa\u00e7\u0131n do\u011fal yap\u0131s\u0131n\u0131 korumay\u0131 hedefler. \u0130\u00e7eri\u011findeki siyah biber tohumu, beyaz s\u00f6\u011f\u00fct kabu\u011fu veya pomegranate ekstresi gibi g\u00fc\u00e7l\u00fc bitkisel bile\u015fenler, sa\u00e7\u0131n do\u011fal b\u00fcy\u00fcme s\u00fcrecini desteklerken, sa\u00e7 derisinin sa\u011fl\u0131\u011f\u0131n\u0131 optimize eder.  sa\u00e7 bak\u0131m \u00fcr\u00fcnleri, uzun vadeli ve kal\u0131c\u0131 \u00e7\u00f6z\u00fcmler sunmak, sa\u00e7 d\u00f6k\u00fclmesini minimize etmek ve sa\u00e7a parlakl\u0131\u011f\u0131n\u0131 geri kazand\u0131rmas\u0131 i\u00e7in klinik ortamda geli\u015ftirilmi\u015ftir.<\/p>\n<\/p><\/div>\n<nav aria-label=\"breadcrumb\" class=\"breadcrumbs\">\n<ul class=\"d-flex align-items-center mb-0\">\n<li><a class=\"link\" href=\"https:\/\/drterziler.com\/tr\/\"><span>Dr. Terziler<\/span><\/a><\/li>\n<li class=\"separator\">\u00bb<\/li>\n<li><a class=\"link\" href=\"https:\/\/drterziler.com\/tr\/sac-tedavileri\/\"><span>Sa\u00e7 Tedavileri<\/span><\/a><\/li>\n<li class=\"separator\">\u00bb<\/li>\n<li class=\"current-page\"><span>Sa\u00e7 Bak\u0131m \u00dcr\u00fcnleri<\/span><\/li>\n<\/ul>\n<\/nav><\/div>\n<\/p><\/div>\n<\/p><\/div>\n<\/div>\n<section class=\"svc-section\">\n<div class=\"container\">\n<div class=\"svc-item right-card\">\n<div class=\"svc-media\">\n                <img decoding=\"async\" src=\"https:\/\/drterziler.com\/wp-content\/uploads\/2026\/02\/SAMPUANrev_6_11zon.webp\" alt=\" Anti Hair Loss &#038; Dandruff Shampoo\" loading=\"lazy\" class=\"cat-img\">\n            <\/div>\n<div class=\"svc-card\">\n<h3 class=\"svc-title gilda\">Sa\u00e7 D\u00f6k\u00fclmesine Kar\u015f\u0131 &#038; Kepek \u015eampuan\u0131<\/h3>\n<p class=\"svc-text barlow\">\n                    \u0130\u00e7eri\u011findeki Tar\u00e7\u0131n \u00d6z\u00fc ile sa\u00e7 k\u00f6klerini g\u00fc\u00e7lendirir, sa\u00e7a dayan\u0131kl\u0131l\u0131k verir. Niacinamide gibi vitamin ve mineraller sayesinde sa\u00e7 derisinin dengesini sa\u011flar. Kimyon \u00c7i\u00e7e\u011fi \u00d6z\u00fc ile sa\u00e7 d\u00f6k\u00fclmesini engeller.\n                <\/p>\n<p>                <a class=\"btn-details barlow-condensed\" href=\"https:\/\/drterziler.com\/tr\/sac-tedavileri\/sac-bakim-urunleri\/sac-dokulmesi-kepek-sampuani\/\">DETAYLAR<\/a>\n            <\/div>\n<\/p><\/div>\n<div class=\"svc-item left-card\">\n<div class=\"svc-media\">\n                <img decoding=\"async\" src=\"https:\/\/drterziler.com\/wp-content\/uploads\/2025\/04\/serumrev.webp\" alt=\" Hair Activating Serum\" loading=\"lazy\" class=\"cat-img\">\n            <\/div>\n<div class=\"svc-card\">\n<h3 class=\"svc-title gilda\">Sa\u00e7 Aktive Edici Serum<\/h3>\n<p class=\"svc-text barlow\">\n                    \u0130\u00e7eri\u011findeki nar \u00f6z\u00fc, sa\u00e7 d\u00f6k\u00fclmesini engellemeye yard\u0131mc\u0131 olurken, karabiber tohumu ile yeni sa\u00e7 olu\u015fumunu desteklemek ad\u0131na sa\u00e7 k\u00f6kleri ve folik\u00fclleri uyar\u0131l\u0131r. Beyaz s\u00f6\u011f\u00fct kabu\u011fu ise cilt hassasiyetine kar\u015f\u0131 koruma sa\u011flar.\n                <\/p>\n<p>                <a class=\"btn-details barlow-condensed\" href=\"https:\/\/drterziler.com\/tr\/sac-tedavileri\/sac-bakim-urunleri\/sac-aktive-edici-serum\/\">DETAYLAR<\/a>\n            <\/div>\n<\/p><\/div>\n<div class=\"svc-item right-card\">\n<div class=\"svc-media\">\n                <img decoding=\"async\" src=\"https:\/\/drterziler.com\/wp-content\/uploads\/2025\/04\/tabletrev.webp\" alt=\" Trichomix Plus Food Supplement\" loading=\"lazy\" class=\"cat-img\">\n            <\/div>\n<div class=\"svc-card\">\n<h3 class=\"svc-title gilda\">Trichomix Plus Takviye Edici G\u0131da<\/h3>\n<p class=\"svc-text barlow\">\n                    C\u00fcce palmiyesi ektresi ile sa\u00e7 d\u00f6k\u00fclmesini i\u00e7ten \u00f6nleyerek yeni sa\u00e7 olu\u015fmas\u0131n\u0131 destekler. Selenyum, \u00e7inko, folik asit, biotin gibi vitaminlerle gerekli olan deste\u011fi sa\u011flar.\n                <\/p>\n<p>                <a class=\"btn-details barlow-condensed\" href=\"https:\/\/drterziler.com\/tr\/sac-tedavileri\/sac-bakim-urunleri\/trichomix-plus-takviye-edici-gida\/\">DETAYLAR<\/a>\n            <\/div>\n<\/p><\/div>\n<div class=\"svc-item left-card\">\n<div class=\"svc-media\">\n                <img decoding=\"async\" src=\"https:\/\/drterziler.com\/wp-content\/uploads\/2025\/04\/growth-faktor-serumrev.webp\" alt=\" Hair Regrowth Treatment Serum\" loading=\"lazy\" class=\"cat-img\">\n            <\/div>\n<div class=\"svc-card\">\n<h3 class=\"svc-title gilda\">Sa\u00e7 Yenileyici Tedavi Serumu<\/h3>\n<p class=\"svc-text barlow\">\n                    \u0130\u00e7erdi\u011fi nitelikli \u00f6z\u00fctler sayesinde kan dola\u015f\u0131m\u0131 etkili bi\u00e7imde h\u0131zland\u0131rarak sa\u00e7 k\u00f6klerini beslemektedir. Uyku faz\u0131nda olan sa\u00e7 k\u00f6klerini uyand\u0131r\u0131r ve pasif h\u00fccreleri aktifle\u015ftirerek bebeksi t\u00fcylerin geli\u015fimini te\u015fvik eder. Ayr\u0131ca, sa\u00e7 tellerinin kal\u0131nla\u015fmas\u0131n\u0131 sa\u011flar ve d\u00f6k\u00fclmelerin \u00f6n\u00fcne ge\u00e7er.\n                <\/p>\n<p>                <a class=\"btn-details barlow-condensed\" href=\"https:\/\/drterziler.com\/tr\/sac-tedavileri\/sac-bakim-urunleri\/sac-buyume-faktorlu-serum\/\">DETAYLAR<\/a>\n            <\/div>\n<\/p><\/div>\n<div class=\"svc-item right-card\">\n<div class=\"svc-media\">\n                <img decoding=\"async\" src=\"https:\/\/drterziler.com\/wp-content\/uploads\/2025\/04\/stemcell-serumrev.webp\" alt=\" Stem Cell Factor Growth Serum\" loading=\"lazy\" class=\"cat-img\">\n            <\/div>\n<div class=\"svc-card\">\n<h3 class=\"svc-title gilda\">K\u00f6k H\u00fccre Fakt\u00f6r\u00fc B\u00fcy\u00fcme Serumu<\/h3>\n<p class=\"svc-text barlow\">\n                    G\u00fc\u00e7l\u00fc i\u00e7eri\u011fi sayesinde sa\u00e7 folik\u00fcllerini uyar\u0131p, sa\u00e7 tellerinin kal\u0131nla\u015fmas\u0131n\u0131 sa\u011flamaktad\u0131r. Ayn\u0131 zamanda, kan dola\u015f\u0131m\u0131n\u0131 h\u0131zland\u0131rd\u0131\u011f\u0131ndan, sa\u00e7 d\u00f6k\u00fclmesinin \u00f6nlenmesinde aktif rol oynar. Sa\u00e7 k\u00f6klerinin geli\u015fiminde hareketlilik olu\u015fturarak sa\u00e7lar\u0131n yeniden canlanmas\u0131na zemin haz\u0131rlar.\n                <\/p>\n<p>                <a class=\"btn-details barlow-condensed\" href=\"https:\/\/drterziler.com\/tr\/sac-tedavileri\/sac-bakim-urunleri\/kok-hucre-faktoru-buyume-serumu\/\">DETAYLAR<\/a>\n            <\/div>\n<\/p><\/div>\n<div class=\"svc-item left-card\">\n<div class=\"svc-media\">\n                <img decoding=\"async\" src=\"https:\/\/drterziler.com\/wp-content\/uploads\/2025\/04\/lazer-kep-2rev.webp\" alt=\" Hair Laser Cap \/ 272 LED Bulbs\" loading=\"lazy\" class=\"cat-img\">\n            <\/div>\n<div class=\"svc-card\">\n<h3 class=\"svc-title gilda\">Sa\u00e7 Lazerli Ba\u015fl\u0131k \/ 272 LED Ampul<\/h3>\n<p class=\"svc-text barlow\">\n                    Lazer \u0131\u015f\u0131k enerjisi, sa\u00e7 folik\u00fcllerinin alt\u0131ndaki k\u0131lcal damarlar\u0131 harekete ge\u00e7irerek kan dola\u015f\u0131m\u0131n\u0131 art\u0131r\u0131r. Bu sayede, uyuyan sa\u00e7 folik\u00fclleri canlan\u0131r, daha iyi beslenir ve sa\u00e7 kalitesinde g\u00f6zle g\u00f6r\u00fcl\u00fcr bir iyile\u015fme sa\u011flan\u0131r. Kan dola\u015f\u0131m\u0131n\u0131 h\u0131zland\u0131rarak sa\u00e7 k\u00f6klerini besler, sa\u00e7 d\u00f6k\u00fclmesini azalt\u0131r ve yeni sa\u00e7lar\u0131n \u00e7\u0131kmas\u0131n\u0131 destekler.\n                <\/p>\n<p>                <a class=\"btn-details barlow-condensed\" href=\"https:\/\/drterziler.com\/tr\/sac-tedavileri\/sac-bakim-urunleri\/sac-lazerli-baslik-272-led-ampul\/\">DETAYLAR<\/a>\n            <\/div>\n<\/p><\/div>\n<div class=\"svc-item right-card\">\n<div class=\"svc-media\">\n                <img decoding=\"async\" src=\"https:\/\/drterziler.com\/wp-content\/uploads\/2025\/04\/lazer-kep-1rev.webp\" alt=\" Hair Laser Cap \/ 81 LED Bulbs\" loading=\"lazy\" class=\"cat-img\">\n            <\/div>\n<div class=\"svc-card\">\n<h3 class=\"svc-title gilda\">Sa\u00e7 Lazerli Ba\u015fl\u0131k \/ 81 LED Ampul<\/h3>\n<p class=\"svc-text barlow\">\n                   Lazer \u0131\u015f\u0131k enerjisi, sa\u00e7 folik\u00fcllerinin alt\u0131ndaki k\u0131lcal damarlar\u0131 harekete ge\u00e7irerek kan dola\u015f\u0131m\u0131n\u0131 art\u0131r\u0131r. Bu sayede, uyuyan sa\u00e7 folik\u00fclleri canlan\u0131r, daha iyi beslenir ve sa\u00e7 kalitesinde g\u00f6zle g\u00f6r\u00fcl\u00fcr bir iyile\u015fme sa\u011flan\u0131r. Kan dola\u015f\u0131m\u0131n\u0131 h\u0131zland\u0131rarak sa\u00e7 k\u00f6klerini besler, sa\u00e7 d\u00f6k\u00fclmesini azalt\u0131r ve yeni sa\u00e7lar\u0131n \u00e7\u0131kmas\u0131n\u0131 destekler.\n                <\/p>\n<p>                <a class=\"btn-details barlow-condensed\" href=\"https:\/\/drterziler.com\/tr\/sac-tedavileri\/sac-bakim-urunleri\/sac-lazerli-baslik-81-led-ampul\/\">DETAYLAR<\/a>\n            <\/div>\n<\/p><\/div>\n<div class=\"svc-item left-card\">\n<div class=\"svc-media\">\n                <img decoding=\"async\" src=\"https:\/\/drterziler.com\/wp-content\/uploads\/2025\/04\/lazer-tarakrev.webp\" alt=\" Hair Laser Comb\" loading=\"lazy\" class=\"cat-img\">\n            <\/div>\n<div class=\"svc-card\">\n<h3 class=\"svc-title gilda\">Sa\u00e7 Lazer Tara\u011f\u0131<\/h3>\n<p class=\"svc-text barlow\">\n                    \u00d6zel dalga boylar\u0131yla tasarlanm\u0131\u015f ve evde kolayl\u0131kla uygulayabilece\u011finiz bir lazer tedavisidir. Dermatologlar\u0131n \u00f6nerdi\u011fi, klinik testlerden ge\u00e7mi\u015f ve FDA onayl\u0131 bu \u00fcr\u00fcn, sa\u00e7 d\u00f6k\u00fclmesine kar\u015f\u0131 etkili bir \u00e7\u00f6z\u00fcm sunar.\n                <\/p>\n<p>                <a class=\"btn-details barlow-condensed\" href=\"https:\/\/drterziler.com\/tr\/sac-tedavileri\/sac-bakim-urunleri\/sac-lazer-taragi\/\">DETAYLAR<\/a>\n            <\/div>\n<\/p><\/div>\n<\/p><\/div>\n<\/section>\n","protected":false},"excerpt":{"rendered":"<p>Sa\u00e7 Bak\u0131m \u00dcr\u00fcnleri Sa\u00e7 sa\u011fl\u0131\u011f\u0131, estetik g\u00f6r\u00fcn\u00fcm\u00fcn temel ta\u015flar\u0131ndan biri olup, genel ya\u015fam kalitesiyle do\u011frudan ili\u015fkilidir. Klinik olarak geli\u015ftirdi\u011fimiz sa\u00e7 bak\u0131m \u00fcr\u00fcnleri, sa\u00e7 k\u00f6klerini besleyerek g\u00fc\u00e7lendirmeyi ve sa\u00e7\u0131n do\u011fal yap\u0131s\u0131n\u0131 korumay\u0131 hedefler. \u0130\u00e7eri\u011findeki siyah biber tohumu, beyaz s\u00f6\u011f\u00fct kabu\u011fu veya pomegranate ekstresi gibi g\u00fc\u00e7l\u00fc bitkisel bile\u015fenler, sa\u00e7\u0131n do\u011fal b\u00fcy\u00fcme s\u00fcrecini desteklerken, sa\u00e7 derisinin sa\u011fl\u0131\u011f\u0131n\u0131 optimize [&hellip;]<\/p>\n","protected":false},"author":6,"featured_media":0,"parent":1389,"menu_order":0,"comment_status":"closed","ping_status":"closed","template":"","meta":{"footnotes":""},"class_list":["post-38850","page","type-page","status-publish","hentry"],"_links":{"self":[{"href":"https:\/\/drterziler.com\/tr\/wp-json\/wp\/v2\/pages\/38850","targetHints":{"allow":["GET"]}}],"collection":[{"href":"https:\/\/drterziler.com\/tr\/wp-json\/wp\/v2\/pages"}],"about":[{"href":"https:\/\/drterziler.com\/tr\/wp-json\/wp\/v2\/types\/page"}],"author":[{"embeddable":true,"href":"https:\/\/drterziler.com\/tr\/wp-json\/wp\/v2\/users\/6"}],"replies":[{"embeddable":true,"href":"https:\/\/drterziler.com\/tr\/wp-json\/wp\/v2\/comments?post=38850"}],"version-history":[{"count":19,"href":"https:\/\/drterziler.com\/tr\/wp-json\/wp\/v2\/pages\/38850\/revisions"}],"predecessor-version":[{"id":62462,"href":"https:\/\/drterziler.com\/tr\/wp-json\/wp\/v2\/pages\/38850\/revisions\/62462"}],"up":[{"embeddable":true,"href":"https:\/\/drterziler.com\/tr\/wp-json\/wp\/v2\/pages\/1389"}],"wp:attachment":[{"href":"https:\/\/drterziler.com\/tr\/wp-json\/wp\/v2\/media?parent=38850"}],"curies":[{"name":"wp","href":"https:\/\/api.w.org\/{rel}","templated":true}]}}