{"id":41002,"date":"2025-06-03T06:29:19","date_gmt":"2025-06-03T06:29:19","guid":{"rendered":"https:\/\/drterziler.com\/sexual-life\/"},"modified":"2026-05-13T07:27:31","modified_gmt":"2026-05-13T07:27:31","slug":"cinsel-saglik","status":"publish","type":"page","link":"https:\/\/drterziler.com\/tr\/cinsel-saglik\/","title":{"rendered":"Cinsel Sa\u011fl\u0131k"},"content":{"rendered":"<div class=\"page-content category-page\">\n<div id=\"header-area\">\n<div class=\"container\" id=\"firstContent\">\n<div class=\"header-content d-flex flex-column\">\n<h1 class=\"content-title\">Cinsel Sa\u011fl\u0131k<\/h1>\n<div class=\"content-paragraph\">\n<p>Erkek cinsel sa\u011fl\u0131\u011f\u0131; hormonal denge, damar yap\u0131s\u0131, psikolojik durum ve ya\u015fam tarz\u0131 gibi bir\u00e7ok fakt\u00f6rden etkilenir. Klini\u011fimizde; sertle\u015fme sorunu, erken bo\u015falma, penis b\u00fcy\u00fctme, d\u00fc\u015f\u00fck testosteron gibi cinselli\u011fin bir\u00e7ok alanlar\u0131nda b\u00fct\u00fcnc\u00fcl \u00e7\u00f6z\u00fcmler sunuyoruz. Amac\u0131m\u0131z, ki\u015fiye \u00f6zel yakla\u015f\u0131mlarla hem cinsel i\u015flevleri iyile\u015ftirmek hem de ya\u015fam kalitesini art\u0131rmakt\u0131r.<\/p>\n<\/p><\/div>\n<nav aria-label=\"breadcrumb\" class=\"breadcrumbs\">\n<ul class=\"d-flex align-items-center mb-0\">\n<li><a class=\"link\" href=\"https:\/\/drterziler.com\/tr\/\"><span>Dr. Terziler<\/span><\/a><\/li>\n<li class=\"separator\">\u00bb<\/li>\n<li class=\"current-page\"><span>Cinsel Sa\u011fl\u0131k<\/span><\/li>\n<\/ul>\n<\/nav><\/div>\n<\/p><\/div>\n<\/p><\/div>\n<\/div>\n<section class=\"svc-section\">\n<div class=\"container\" data-target=\"category-page\">\n<div class=\"svc-item right-card\">\n<div class=\"svc-media\">\n                <img decoding=\"async\" src=\"https:\/\/drterziler.com\/wp-content\/uploads\/2026\/03\/penil-protez.webp\" alt=\"Penil Protez \u0130mplantasyonu\" loading=\"lazy\" class=\"cat-img\">\n            <\/div>\n<div class=\"svc-card\">\n<h3 class=\"svc-title gilda\">Penil Protez<\/h3>\n<p class=\"svc-text barlow\">\n                    Penil protez uygulamalar\u0131, ileri d\u00fczey erektil disfonksiyon (ED) tedavisinde kal\u0131c\u0131 ve y\u00fcksek hasta memnuniyeti sunan cerrahi \u00e7\u00f6z\u00fcmler aras\u0131nda yer almaktad\u0131r. Modern implant teknolojileri ve geli\u015fmi\u015f cerrahi teknikler sayesinde do\u011fal sonu\u00e7lar elde edilmesi m\u00fcmk\u00fcn hale gelirken, ki\u015fiye \u00f6zel planlamalarla cinsel ya\u015fam kalitesinin yeniden yap\u0131land\u0131r\u0131lmas\u0131 hedeflenmektedir.                <\/p>\n<p>                <a class=\"btn-details barlow-condensed\" href=\"https:\/\/drterziler.com\/tr\/penil-protez\/\">DETAYLAR<\/a>\n            <\/div>\n<\/p><\/div>\n<div class=\"svc-item left-card\">\n<div class=\"svc-media\">\n                <img decoding=\"async\" src=\"https:\/\/drterziler.com\/wp-content\/uploads\/2026\/03\/ereksiyon-bozukluklari.webp\" alt=\"Ereksiyon Bozukluklar\u0131\" loading=\"lazy\" class=\"cat-img\">\n            <\/div>\n<div class=\"svc-card\">\n<h3 class=\"svc-title gilda\">Ereksiyon Bozukluklar\u0131<\/h3>\n<p class=\"svc-text barlow\">\n                    Sertle\u015fme sorunlar\u0131 (ED), cerrahi d\u0131\u015f\u0131 ileri rejeneratif tedavilerle etkin bi\u00e7imde \u00e7\u00f6z\u00fcme kavu\u015fturulmaktad\u0131r. ESWT, Eksozom, K\u00f6k H\u00fccre (SVF) ve PRP (P-Shot) uygulamalar\u0131yla penil dokuda do\u011fal onar\u0131m s\u00fcre\u00e7leri uyar\u0131lmakta, damar olu\u015fumu desteklenmekte ve fonksiyonel iyile\u015fme sa\u011flanmaktad\u0131r.                <\/p>\n<p>                <a class=\"btn-details barlow-condensed\" href=\"https:\/\/drterziler.com\/tr\/ereksiyon-bozukluklari\/\">DETAYLAR<\/a>\n            <\/div>\n<\/p><\/div>\n<div class=\"svc-item right-card\">\n<div class=\"svc-media\">\n                <img decoding=\"async\" src=\"https:\/\/drterziler.com\/wp-content\/uploads\/2026\/03\/penis-buyutme.webp\" alt=\"Ameliyats\u0131z Penis B\u00fcy\u00fctme\" loading=\"lazy\" class=\"cat-img\">\n            <\/div>\n<div class=\"svc-card\">\n<h3 class=\"svc-title gilda\">Ameliyats\u0131z Penis B\u00fcy\u00fctme<\/h3>\n<p class=\"svc-text barlow\">\n                    Cerrahi bir s\u00fcrece ihtiya\u00e7 duymadan penis kal\u0131nla\u015ft\u0131rma ve bi\u00e7imlendirme imk\u00e2n\u0131 sunan bu yenilik\u00e7i yakla\u015f\u0131m; g\u00fcnl\u00fck rutininizden kopmadan, tamamen do\u011fal ve size \u00f6zel bir yenilenme ayr\u0131cal\u0131\u011f\u0131 sunar.                 <\/p>\n<p>                <a class=\"btn-details barlow-condensed\" href=\"https:\/\/drterziler.com\/tr\/cinsel-saglik\/ameliyatsiz-penis-buyutme\/\">DETAYLAR<\/a>\n            <\/div>\n<\/p><\/div>\n<\/p><\/div>\n<\/section>\n","protected":false},"excerpt":{"rendered":"<p>Cinsel Sa\u011fl\u0131k Erkek cinsel sa\u011fl\u0131\u011f\u0131; hormonal denge, damar yap\u0131s\u0131, psikolojik durum ve ya\u015fam tarz\u0131 gibi bir\u00e7ok fakt\u00f6rden etkilenir. Klini\u011fimizde; sertle\u015fme sorunu, erken bo\u015falma, penis b\u00fcy\u00fctme, d\u00fc\u015f\u00fck testosteron gibi cinselli\u011fin bir\u00e7ok alanlar\u0131nda b\u00fct\u00fcnc\u00fcl \u00e7\u00f6z\u00fcmler sunuyoruz. Amac\u0131m\u0131z, ki\u015fiye \u00f6zel yakla\u015f\u0131mlarla hem cinsel i\u015flevleri iyile\u015ftirmek hem de ya\u015fam kalitesini art\u0131rmakt\u0131r. Dr. Terziler \u00bb Cinsel Sa\u011fl\u0131k Penil Protez Penil [&hellip;]<\/p>\n","protected":false},"author":6,"featured_media":0,"parent":0,"menu_order":0,"comment_status":"closed","ping_status":"closed","template":"","meta":{"footnotes":""},"class_list":["post-41002","page","type-page","status-publish","hentry"],"_links":{"self":[{"href":"https:\/\/drterziler.com\/tr\/wp-json\/wp\/v2\/pages\/41002","targetHints":{"allow":["GET"]}}],"collection":[{"href":"https:\/\/drterziler.com\/tr\/wp-json\/wp\/v2\/pages"}],"about":[{"href":"https:\/\/drterziler.com\/tr\/wp-json\/wp\/v2\/types\/page"}],"author":[{"embeddable":true,"href":"https:\/\/drterziler.com\/tr\/wp-json\/wp\/v2\/users\/6"}],"replies":[{"embeddable":true,"href":"https:\/\/drterziler.com\/tr\/wp-json\/wp\/v2\/comments?post=41002"}],"version-history":[{"count":50,"href":"https:\/\/drterziler.com\/tr\/wp-json\/wp\/v2\/pages\/41002\/revisions"}],"predecessor-version":[{"id":62344,"href":"https:\/\/drterziler.com\/tr\/wp-json\/wp\/v2\/pages\/41002\/revisions\/62344"}],"wp:attachment":[{"href":"https:\/\/drterziler.com\/tr\/wp-json\/wp\/v2\/media?parent=41002"}],"curies":[{"name":"wp","href":"https:\/\/api.w.org\/{rel}","templated":true}]}}