{"id":48133,"date":"2025-07-17T09:24:07","date_gmt":"2025-07-17T09:24:07","guid":{"rendered":"https:\/\/drterziler.com\/sac-tedavileri\/exosome-treatments\/"},"modified":"2026-04-27T14:29:22","modified_gmt":"2026-04-27T14:29:22","slug":"eksozom","status":"publish","type":"page","link":"https:\/\/drterziler.com\/tr\/sac-tedavileri\/eksozom\/","title":{"rendered":"Eksozom Uygulamalar\u0131"},"content":{"rendered":"<div class=\"page-content\">\n<div id=\"header-area\">\n<div id=\"firstContent\" class=\"container\">\n<div class=\"header-content d-flex flex-column\">\n<h1 class=\"content-title h1-header\">Sa\u00e7 Tedavisi \u0130\u00e7in Eksozom<\/h1>\n<div class=\"content-paragraph\">\n<p class=\"p-text\">Eksozomlar, h\u00fccreler aras\u0131 ileti\u015fimi sa\u011flayan, h\u00fccreler taraf\u0131ndan do\u011fal olarak salg\u0131lanan ve zarla \u00e7evrili mikroskobik yap\u0131lard\u0131r. Genellikle 30 ila 150 nanometre boyutlar\u0131nda olan bu yap\u0131lar, h\u00fccre i\u00e7inden olu\u015fan \u00f6zel vezik\u00fcllerle \u015fekillenir ve i\u00e7erdikleri biyolojik bilgiyle di\u011fer h\u00fccrelere etki ederler. \u0130\u00e7eriklerinde proteinler, RNA\u2019lar, lipitler ve \u00e7e\u015fitli b\u00fcy\u00fcme fakt\u00f6rleri gibi h\u00fccresel mesajlar ta\u015f\u0131rlar. Son y\u0131llarda \u00f6zellikle rejeneratif t\u0131p, imm\u00fcnoloji ve onkoloji gibi alanlarda eksozomlar\u0131n potansiyeli b\u00fcy\u00fck ilgi g\u00f6rmektedir. \u015eu ana kadar 35.000\u2019den fazla bilimsel \u00e7al\u0131\u015fmada yer alan bu yap\u0131lar, klasik h\u00fccre tedavilerinin \u00f6tesinde, daha g\u00fcvenli ve hedefe y\u00f6nelik uygulamalara kap\u0131 aralamaktad\u0131r. Sa\u00e7 d\u00f6k\u00fclmesi tedavisinde ise eksozomlar, sa\u00e7 k\u00f6kleriyle do\u011frudan ileti\u015fim kurarak onlar\u0131n ya\u015famsal d\u00f6ng\u00fcs\u00fcn\u00fc yeniden d\u00fczenleyebilme \u00f6zelli\u011fiyle \u00f6n plana \u00e7\u0131kmaktad\u0131r.<\/p>\n<\/div>\n<nav class=\"breadcrumbs\" aria-label=\"breadcrumb\">\n<ul class=\"d-flex align-items-center mb-0\">\n<li><a class=\"link\" href=\"https:\/\/drterziler.com\/tr\/\">Dr. Terziler Exclusive Clinic<\/a><\/li>\n<li class=\"separator\">\u00bb<\/li>\n<li><a class=\"link\" href=\"https:\/\/drterziler.com\/tr\/sac-tedavileri\/\">Sa\u00e7 Tedavileri<\/a><\/li>\n<li class=\"separator\">\u00bb<\/li>\n<li><a class=\"link\" href=\"https:\/\/drterziler.com\/tr\/sac-tedavileri\/eksozom\/\">Eksozom Uygulamalar\u0131<\/a><\/li>\n<li class=\"separator\">\u00bb<\/li>\n<li class=\"current-page\"><span>Sa\u00e7 Tedavisi \u0130\u00e7in Eksozom<\/span><\/li>\n<\/ul>\n<\/nav>\n<\/div>\n<\/div>\n<\/div>\n<\/div>\n<section id=\"content-area\">\n<div class=\"container my-5\">\n<div class=\"row align-items-start\">\n<div class=\"col-md-6 order-2 order-md-1\">\n<div class=\"custom-toc-box\">\n<div id=\"toc-header\">\n<h4>\u0130\u00e7indekiler<\/h4>\n<div class=\"toc-toggle-icon\"><\/div>\n<\/div>\n<div class=\"toc-full-divider\"><\/div>\n<div id=\"toc-body\">\n<div id=\"toc-container\"><\/div>\n<\/div>\n<\/div>\n<\/div>\n<div id=\"jForm\" class=\"col-md-6 order-1 order-md-2\"><script type=\"text\/javascript\" src=\"https:\/\/form.jotform.com\/jsform\/242882264736970\"><\/script><\/div>\n<\/div>\n<\/div>\n<div class=\"container\">\n<div class=\"img-thumb\"><img loading=\"lazy\" decoding=\"async\" src=\"https:\/\/drterziler.com\/wp-content\/uploads\/2025\/07\/Sac-Eksozom.webp\" sizes=\"auto, (max-width: 1140px) 100vw, 1140px\" srcset=\"https:\/\/drterziler.com\/wp-content\/uploads\/2025\/07\/Sac-Eksozom.webp 1140w, https:\/\/drterziler.com\/wp-content\/uploads\/2025\/07\/Sac-Eksozom-300x168.webp 300w, https:\/\/drterziler.com\/wp-content\/uploads\/2025\/07\/Sac-Eksozom-1024x575.webp 1024w, https:\/\/drterziler.com\/wp-content\/uploads\/2025\/07\/Sac-Eksozom-768x431.webp 768w\" alt=\"\" width=\"1140\" height=\"640\"><\/div>\n<div>\n<div>\n<h2 class=\"h2-header\">Eksozom Tedavisi Sa\u00e7 D\u00f6k\u00fclmesinde Nas\u0131l \u00c7al\u0131\u015f\u0131r?<\/h2>\n<\/div>\n<div>\n<p class=\"p-text\">Sa\u00e7 d\u00f6k\u00fclmesi, genetik fakt\u00f6rler, hormonal dengesizlik, \u00e7evresel etkenler ya da inflamasyon kaynakl\u0131 olabilir. Eksozomlar bu s\u00fcrece m\u00fcdahale etme potansiyeli ta\u015f\u0131yan biyolojik haberci yap\u0131lar olarak g\u00f6rev yapar. Sa\u00e7l\u0131 deriye uyguland\u0131\u011f\u0131nda, i\u00e7erdi\u011fi mikroRNA\u2019lar, b\u00fcy\u00fcme fakt\u00f6rleri ve proteinler sayesinde sa\u00e7 k\u00f6klerinin uyar\u0131lmas\u0131n\u0131 sa\u011flar. Hasar g\u00f6rm\u00fc\u015f ya da uyku evresine ge\u00e7mi\u015f sa\u00e7 k\u00f6kleri yeniden aktive olurken, mevcut sa\u00e7lar\u0131n kalitesi de artar. Ayn\u0131 zamanda sa\u00e7l\u0131 derideki inflamasyonu azaltarak, sa\u011fl\u0131kl\u0131 bir b\u00fcy\u00fcme ortam\u0131 olu\u015fturur. Eksozomlar h\u00fccresel d\u00fczeyde sa\u00e7 folik\u00fclleriyle etkile\u015fime ge\u00e7erek hem yeni sa\u00e7 olu\u015fumunu te\u015fvik eder hem de var olan sa\u00e7lar\u0131n d\u00f6k\u00fclmesini yava\u015flat\u0131r. Bu sayede hem d\u00f6k\u00fclmeyi durdurmaya y\u00f6nelik hem de hacim kazand\u0131ran bir etki sa\u011flanabilir.<\/p>\n<\/div>\n<\/div>\n<div>\n<div>\n<h2 class=\"h2-header\">Eksozom Sa\u00e7 Uygulamas\u0131 Nas\u0131l Yap\u0131l\u0131r?<\/h2>\n<\/div>\n<div>\n<p class=\"p-text\">Eksozom tedavisi, sa\u00e7 d\u00f6k\u00fclmesine kar\u015f\u0131 klinik ortamda uygulanan konforlu ve cerrahi olmayan bir i\u015flemdir. Tedavi \u00f6ncesinde yap\u0131lan dermatolojik de\u011ferlendirme ile sa\u00e7 d\u00f6k\u00fclmesinin tipi, yo\u011funlu\u011fu ve hastan\u0131n beklentileri analiz edilir. Uygulama s\u0131ras\u0131nda, eksozom i\u00e7eri\u011fi sa\u00e7l\u0131 derinin belirli b\u00f6lgelerine \u00e7ok ince i\u011fneler yard\u0131m\u0131yla enjekte edilir. Bu i\u015flem genellikle lokal anesteziye gerek kalmadan, k\u0131sa s\u00fcrede ve a\u011fr\u0131s\u0131z \u015fekilde tamamlan\u0131r. Tedavi sonras\u0131nda ki\u015fi g\u00fcnl\u00fck hayat\u0131na hemen d\u00f6nebilir. Seans say\u0131s\u0131 ki\u015finin ihtiyac\u0131na g\u00f6re de\u011fi\u015fse de genellikle 1 ila 3 uygulama aras\u0131nda planlama yap\u0131l\u0131r. Sa\u00e7 ekimi sonras\u0131 destekleyici olarak da kullan\u0131labilen bu tedavi, sa\u00e7 k\u00f6klerinin adaptasyon s\u00fcrecini g\u00fc\u00e7lendirir ve daha yo\u011fun, g\u00fc\u00e7l\u00fc bir sa\u00e7 g\u00f6r\u00fcn\u00fcm\u00fcn\u00fc m\u00fcmk\u00fcn k\u0131lar.<\/p>\n<\/div>\n<\/div>\n<div>\n<div>\n<h2 class=\"h2-header\">Eksozom Tedavisi Kimler \u0130\u00e7in Uygundur?<\/h2>\n<\/div>\n<div>\n<p class=\"p-text\">Eksozom tedavisi, sa\u00e7 d\u00f6k\u00fclmesi ya\u015fayan pek \u00e7ok ki\u015fi i\u00e7in g\u00fcvenli ve etkili bir se\u00e7enek sunar. Erkeklerde yayg\u0131n olarak g\u00f6r\u00fclen androgenetik alopesi gibi genetik kaynakl\u0131 sa\u00e7 d\u00f6k\u00fclmelerinde oldu\u011fu kadar, kad\u0131nlarda hormonal veya stres kaynakl\u0131 d\u00f6k\u00fclme ya\u015fayan bireylerde de ba\u015far\u0131yla kullan\u0131labilir. \u00d6zellikle sa\u00e7 yo\u011funlu\u011funda azalma fark eden, sa\u00e7 teli incelen bireyler i\u00e7in ideal bir destek tedavisidir. Ayr\u0131ca do\u011fum sonras\u0131, mevsim ge\u00e7i\u015fleri veya hastal\u0131k sonras\u0131 ani sa\u00e7 d\u00f6k\u00fclmesi ya\u015fayan ki\u015filerde de etkili sonu\u00e7lar al\u0131nabilir. Sa\u00e7 ekimi yapt\u0131rm\u0131\u015f ki\u015filerde ise, iyile\u015fme s\u00fcrecini h\u0131zland\u0131rmak ve ekilen greftlerin tutunmas\u0131n\u0131 desteklemek amac\u0131yla eksozom tedavisi \u00f6nerilebilir.<\/p>\n<\/div>\n<\/div>\n<div>\n<div>\n<h2 class=\"h2-header\">Eksozom Tedavisinin Avantajlar\u0131 Nelerdir?<\/h2>\n<\/div>\n<div>\n<p class=\"p-text\">Eksozom tedavisi, tamamen biyolojik ve do\u011fal yap\u0131da olmas\u0131 nedeniyle cerrahi m\u00fcdahale gerektirmeyen, minimal invaziv bir yakla\u015f\u0131md\u0131r. Uygulama sonras\u0131nda sosyal ya\u015fam\u0131 k\u0131s\u0131tlamadan g\u00fcnl\u00fck hayata d\u00f6n\u00fclebilmesi b\u00fcy\u00fck bir konfor sa\u011flar. Tedavi s\u0131ras\u0131nda kullan\u0131lan eksozomlar, h\u00fccre d\u0131\u015f\u0131 do\u011fal haberci sistemler olarak g\u00f6rev yapt\u0131klar\u0131 i\u00e7in, v\u00fccudun kendi onar\u0131c\u0131 sistemlerini aktive ederler. Herhangi bir katk\u0131 maddesi ya da kimyasal i\u00e7ermemesi sayesinde, hassas cilt tiplerinde bile g\u00fcvenle uygulanabilir. Ayr\u0131ca iyile\u015fme s\u00fcresi k\u0131sa, etki s\u00fcresi uzun vadeli oldu\u011fu i\u00e7in, kal\u0131c\u0131 sa\u00e7 kalitesi art\u0131\u015f\u0131 hedefleyen bireyler a\u00e7\u0131s\u0131ndan da avantajl\u0131d\u0131r. En \u00f6nemlisi, klasik sa\u00e7 mezoterapilerine k\u0131yasla daha yo\u011fun biyolojik i\u00e7erik ta\u015f\u0131d\u0131\u011f\u0131 i\u00e7in, h\u00fccresel seviyede daha etkin ve kal\u0131c\u0131 bir sonu\u00e7 sa\u011flar.<\/p>\n<\/div>\n<\/div>\n<div>\n<div>\n<h2 class=\"h2-header\">Eksozom Sa\u00e7 Tedavisi Sonu\u00e7lar\u0131 Ne Zaman G\u00f6r\u00fcl\u00fcr?<\/h2>\n<\/div>\n<div>\n<p class=\"p-text\">Eksozom tedavisinin sonu\u00e7lar\u0131 genellikle uygulamadan sonraki birka\u00e7 hafta i\u00e7inde hissedilmeye ba\u015flar. \u0130lk a\u015famada sa\u00e7 d\u00f6k\u00fclmesinde g\u00f6zle g\u00f6r\u00fcl\u00fcr bir azalma olurken, 1-2 ay i\u00e7erisinde sa\u00e7lar\u0131n daha canl\u0131 ve g\u00fc\u00e7l\u00fc g\u00f6r\u00fcnmeye ba\u015flad\u0131\u011f\u0131 fark edilir. Yeni sa\u00e7 olu\u015fumu ise genellikle 3. aydan itibaren belirginle\u015fir. Bu s\u00fcre\u00e7 ki\u015finin genetik yap\u0131s\u0131na, ya\u015fam tarz\u0131na ve tedaviye verdi\u011fi bireysel yan\u0131ta ba\u011fl\u0131 olarak de\u011fi\u015fiklik g\u00f6sterebilir. Kal\u0131c\u0131 ve tatmin edici sonu\u00e7lar i\u00e7in tedavi s\u00fcrecinin ki\u015fiye \u00f6zel planlanmas\u0131 \u00f6nemlidir. D\u00fczenli aral\u0131klarla yap\u0131lan destek seanslar\u0131, elde edilen kazan\u0131m\u0131n uzun s\u00fcre korunmas\u0131na yard\u0131mc\u0131 olur.<\/p>\n<\/div>\n<\/div>\n<\/div>\n<\/section>\n","protected":false},"excerpt":{"rendered":"<p>Sa\u00e7 Tedavisi \u0130\u00e7in Eksozom Eksozomlar, h\u00fccreler aras\u0131 ileti\u015fimi sa\u011flayan, h\u00fccreler taraf\u0131ndan do\u011fal olarak salg\u0131lanan ve zarla \u00e7evrili mikroskobik yap\u0131lard\u0131r. Genellikle 30 ila 150 nanometre boyutlar\u0131nda olan bu yap\u0131lar, h\u00fccre i\u00e7inden olu\u015fan \u00f6zel vezik\u00fcllerle \u015fekillenir ve i\u00e7erdikleri biyolojik bilgiyle di\u011fer h\u00fccrelere etki ederler. \u0130\u00e7eriklerinde proteinler, RNA\u2019lar, lipitler ve \u00e7e\u015fitli b\u00fcy\u00fcme fakt\u00f6rleri gibi h\u00fccresel mesajlar ta\u015f\u0131rlar. Son [&hellip;]<\/p>\n","protected":false},"author":6,"featured_media":0,"parent":1389,"menu_order":0,"comment_status":"closed","ping_status":"closed","template":"","meta":{"footnotes":""},"class_list":["post-48133","page","type-page","status-publish","hentry"],"_links":{"self":[{"href":"https:\/\/drterziler.com\/tr\/wp-json\/wp\/v2\/pages\/48133","targetHints":{"allow":["GET"]}}],"collection":[{"href":"https:\/\/drterziler.com\/tr\/wp-json\/wp\/v2\/pages"}],"about":[{"href":"https:\/\/drterziler.com\/tr\/wp-json\/wp\/v2\/types\/page"}],"author":[{"embeddable":true,"href":"https:\/\/drterziler.com\/tr\/wp-json\/wp\/v2\/users\/6"}],"replies":[{"embeddable":true,"href":"https:\/\/drterziler.com\/tr\/wp-json\/wp\/v2\/comments?post=48133"}],"version-history":[{"count":19,"href":"https:\/\/drterziler.com\/tr\/wp-json\/wp\/v2\/pages\/48133\/revisions"}],"predecessor-version":[{"id":62641,"href":"https:\/\/drterziler.com\/tr\/wp-json\/wp\/v2\/pages\/48133\/revisions\/62641"}],"up":[{"embeddable":true,"href":"https:\/\/drterziler.com\/tr\/wp-json\/wp\/v2\/pages\/1389"}],"wp:attachment":[{"href":"https:\/\/drterziler.com\/tr\/wp-json\/wp\/v2\/media?parent=48133"}],"curies":[{"name":"wp","href":"https:\/\/api.w.org\/{rel}","templated":true}]}}