{"id":53532,"date":"2025-09-18T14:15:49","date_gmt":"2025-09-18T14:15:49","guid":{"rendered":"https:\/\/drterziler.com\/?page_id=53532"},"modified":"2026-03-27T13:01:22","modified_gmt":"2026-03-27T13:01:22","slug":"estetiksiz-burun-guzellestirme-hayal-mi","status":"publish","type":"page","link":"https:\/\/drterziler.com\/tr\/medikal-estetik\/yuz-uygulamalari\/estetiksiz-burun-guzellestirme-hayal-mi\/","title":{"rendered":"Estetiksiz Burun G\u00fczelle\u015ftirme Hayal Mi?"},"content":{"rendered":"<div class=\"page-content\">\n<div id=\"header-area\">\n<div class=\"container\" id=\"firstContent\">\n<div class=\"header-content d-flex flex-column\">\n<h1 class=\"content-title h1-header\">Estetiksiz Burun G\u00fczelle\u015ftirme Hayal Mi?<\/h1>\n<div class=\"content-paragraph\">\n<p class=\"p-text\">Y\u00fcz ifadesinin merkezinde yer alan burun, profil g\u00f6r\u00fcn\u00fcm\u00fcn\u00fc do\u011frudan etkileyen en kritik unsurdur. G\u00fcn\u00fcm\u00fczde bir\u00e7ok ki\u015fi &#8220;B\u0131\u00e7ak alt\u0131na yatmadan daha dengeli bir burun yap\u0131s\u0131 m\u00fcmk\u00fcn m\u00fc?&#8221; sorusunun yan\u0131t\u0131n\u0131 ar\u0131yor. Do\u011fru planland\u0131\u011f\u0131nda <strong>estetiksiz burun g\u00fczelle\u015ftirme<\/strong>; cerrahi i\u00e7ermeyen ak\u0131lc\u0131 dokunu\u015flar, optik ill\u00fczyonlar ve profesyonel medikal alternatiflerle do\u011fal bir de\u011fi\u015fim sunabilir. Bu rehberde, makyaj tekniklerinden aksesuar se\u00e7imine, duru\u015f fark\u0131ndal\u0131\u011f\u0131ndan ameliyats\u0131z medikal y\u00f6ntemlere kadar t\u00fcm s\u00fcreci detayland\u0131r\u0131yoruz.<\/p>\n<\/p><\/div>\n<nav aria-label=\"breadcrumb\" class=\"breadcrumbs\">\n<ul class=\"d-flex align-items-center mb-0\">\n<li><a class=\"link\" href=\"https:\/\/drterziler.com\/\"><span>Dr. Terziler Exclusive Clinic<\/span><\/a><\/li>\n<li class=\"separator\">\u00bb<\/li>\n<li><a class=\"link\" href=\"https:\/\/drterziler.com\/medical-aesthetics\/\"><span>Medikal Estetik<\/span><\/a><\/li>\n<li class=\"separator\">\u00bb<\/li>\n<li><a class=\"link\" href=\"https:\/\/drterziler.com\/medical-aesthetics\/facial-treatments\/\"><span>Y\u00fcz Uygulamalar\u0131<\/span><\/a><\/li>\n<li class=\"separator\">\u00bb<\/li>\n<li class=\"current-page\"><span>Estetiksiz Burun G\u00fczelle\u015ftirme Hayal Mi?<\/span><\/li>\n<\/ul>\n<\/nav><\/div>\n<\/p><\/div>\n<\/p><\/div>\n<\/div>\n<section id=\"content-area\">\n<div class=\"container my-5\">\n<div class=\"row align-items-start\">\n<div class=\"col-md-6 order-2 order-md-1\">\n<div class=\"custom-toc-box\">\n<div id=\"toc-header\">\n<h4>\u0130\u00e7indekiler<\/h4>\n<div class=\"toc-toggle-icon\"><\/div>\n<\/p><\/div>\n<div class=\"toc-full-divider\"><\/div>\n<div id=\"toc-body\">\n<div id=\"toc-container\"><\/div>\n<\/p><\/div>\n<\/p><\/div>\n<\/p><\/div>\n<div class=\"col-md-6 order-1 order-md-2\" id=\"jForm\">\n                <script type=\"text\/javascript\" src=\"https:\/\/form.jotform.com\/jsform\/242882264736970\"><\/script>\n            <\/div>\n<\/p><\/div>\n<\/p><\/div>\n<div class=\"container\">\n<div class=\"img-thumb\">\n            <img loading=\"lazy\" decoding=\"async\" width=\"1920\" height=\"1080\" src=\"https:\/\/drterziler.com\/wp-content\/uploads\/2025\/01\/Burun-Dolgusu.webp\" alt=\"Ameliyats\u0131z Burun G\u00fczelle\u015ftirme ve Burun Dolgusu Uygulamas\u0131\" \/>\n        <\/div>\n<div>\n<h2 class=\"h2-header\">Estetiksiz Burun G\u00fczelle\u015ftirme Nedir?<\/h2>\n<p class=\"p-text\">Estetiksiz burun g\u00fczelle\u015ftirme, cerrahi bir operasyon s\u00fcreci (rinoplasti) ge\u00e7irmeden burun alg\u0131s\u0131n\u0131 daha dengeli, yumu\u015fak ve y\u00fcz hatlar\u0131yla uyumlu g\u00f6stermek i\u00e7in uygulanan y\u00f6ntemlerin b\u00fct\u00fcn\u00fcd\u00fcr. Bu yakla\u015f\u0131m; makyajla yap\u0131lan \u0131\u015f\u0131k-g\u00f6lge oyunlar\u0131, do\u011fru sa\u00e7 kesimi, uygun g\u00f6zl\u00fck \u00e7er\u00e7evesi se\u00e7imi ve profesyonel medikal dokunu\u015flar\u0131 kapsar. Temel ama\u00e7, y\u00fcz\u00fcn genel harmoniisini bozmadan burnu geri plana \u00e7ekmek veya orant\u0131s\u0131zl\u0131klar\u0131 kamufle etmektir.<\/p>\n<h3 class=\"h3-header\">Ger\u00e7ek\u00e7i Beklentiler: Neler De\u011fi\u015febilir?<\/h3>\n<p class=\"p-text\">Estetiksiz y\u00f6ntemlerle burnun anatomik yap\u0131s\u0131n\u0131 (kemik ve k\u0131k\u0131rdak) kal\u0131c\u0131 olarak k\u00fc\u00e7\u00fcltmek m\u00fcmk\u00fcn de\u011fildir. Ancak; hafif kemerli g\u00f6r\u00fcn\u00fcm\u00fcn yumu\u015fat\u0131lmas\u0131, burun ucunun optik veya medikal destekle daha kalk\u0131k g\u00f6sterilmesi ve asimetrilerin dengelenmesi m\u00fcmk\u00fcnd\u00fcr. E\u011fer hedefiniz radikal bir k\u00fc\u00e7\u00fcltme de\u011fil de &#8220;y\u00fczle daha uyumlu bir burun&#8221; ise bu y\u00f6ntemler sizin i\u00e7in idealdir.<\/p>\n<\/p><\/div>\n<div class=\"mt-4\">\n<h2 class=\"h2-header\">Ameliyats\u0131z Medikal Alternatifler<\/h2>\n<p class=\"p-text\">Cerrahi d\u0131\u015f\u0131 prosed\u00fcrler, do\u011fru adaylarda mucizevi sonu\u00e7lar yaratabilir. Burun s\u0131rt\u0131ndaki \u00e7\u00f6k\u00fcnt\u00fcleri veya kemerli g\u00f6r\u00fcnt\u00fcy\u00fc dengelemek i\u00e7in hyaluronik asit bazl\u0131 dolgular s\u0131kl\u0131kla tercih edilir. Ayr\u0131ca burun ucunu a\u015fa\u011f\u0131 \u00e7eken kas aktivitesini kontrol alt\u0131na almak i\u00e7in botulinum toksini (botoks) uygulamalar\u0131yla burun ucu projeksiyonu iyile\u015ftirilebilir. Y\u00fcz\u00fcn genelinde b\u00fct\u00fcnsel bir toparlanma arzu eden hastalar\u0131m\u0131z i\u00e7in ise bu s\u00fcre\u00e7ler genellikle <a href=\"https:\/\/drterziler.com\/tr\/medikal-estetik\/yuz-uygulamalari\/ameliyatsiz-yuz-germe\/\">ameliyats\u0131z y\u00fcz germe<\/a> protokolleri ile kombine edilerek \u00e7ok daha gen\u00e7 ve dinamik bir profil elde edilmesini sa\u011flar.<\/p>\n<\/p><\/div>\n<div class=\"mt-4\">\n<h2 class=\"h2-header\">Stil ve Bak\u0131m T\u00fcyolar\u0131<\/h2>\n<ul class=\"p-text\">\n<li><strong>Makyaj ve Kont\u00fcr:<\/strong> Burun kenarlar\u0131na uygulanan mat kahve tonlar\u0131 burnu daha ince g\u00f6sterirken, burun s\u0131rt\u0131na uygulanan ince ayd\u0131nlat\u0131c\u0131 hatt\u0131 burnu daha kalk\u0131k alg\u0131lat\u0131r.<\/li>\n<li><strong>Sa\u00e7 Tasar\u0131m\u0131:<\/strong> Ortadan ayr\u0131lan sa\u00e7lar burun oda\u011f\u0131n\u0131 art\u0131r\u0131rken, yana do\u011fru yumu\u015fak ayr\u0131mlar ve hacimli modeller bak\u0131\u015f\u0131 \u00e7evreye da\u011f\u0131t\u0131r.<\/li>\n<li><strong>Aksesuar Se\u00e7imi:<\/strong> D\u00fc\u015f\u00fck k\u00f6pr\u00fc \u00e7izgili g\u00f6zl\u00fckler burun s\u0131rt\u0131n\u0131 daha k\u0131sa g\u00f6sterir. B\u00fcy\u00fck \u00e7er\u00e7eveli g\u00f6zl\u00fckler ise y\u00fczdeki odak noktalar\u0131n\u0131 burnun d\u0131\u015f\u0131na ta\u015f\u0131r.<\/li>\n<li><strong>Cilt Sa\u011fl\u0131\u011f\u0131:<\/strong> Burun \u00fczerindeki siyah noktalar ve geni\u015flemi\u015f g\u00f6zenekler burnu daha kaba g\u00f6sterebilir. D\u00fczenli ar\u0131nd\u0131rma ve g\u00f6zenek s\u0131k\u0131la\u015ft\u0131r\u0131c\u0131 bak\u0131mlar estetiksiz g\u00fczelle\u015ftirmenin temelidir.<\/li>\n<\/ul><\/div>\n<div class=\"mt-5\">\n<h2 class=\"h2-header\">S\u0131k Sorulan Sorular<\/h2>\n<div class=\"faq-section\">\n<p class=\"p-text\"><strong>Estetiksiz burun g\u00fczelle\u015ftirme ile burun k\u00fc\u00e7\u00fcl\u00fcr m\u00fc?<\/strong><br \/>\n                Burun anatomik olarak k\u00fc\u00e7\u00fclmez; de\u011fi\u015fen yaln\u0131zca alg\u0131d\u0131r. Do\u011fru \u0131\u015f\u0131k oyunlar\u0131 ve hacim d\u00fczenlemeleriyle burun y\u00fcz i\u00e7inde daha k\u00fc\u00e7\u00fck ve &#8220;derli toplu&#8221; alg\u0131lan\u0131r.<\/p>\n<p class=\"p-text\"><strong>Sonu\u00e7lar ne zaman g\u00f6r\u00fcl\u00fcr?<\/strong><br \/>\n                Makyaj ve aksesuar dokunu\u015flar\u0131n\u0131n etkisi anl\u0131kt\u0131r. Medikal dokunu\u015flarda ise i\u015flem sonras\u0131 \u00f6dem azald\u0131k\u00e7a (yakla\u015f\u0131k 1 hafta) nihai estetik g\u00f6r\u00fcn\u00fcm netle\u015fir.<\/p>\n<p class=\"p-text\"><strong>Medikal dokunu\u015flar g\u00fcvenli midir?<\/strong><br \/>\n                Klinik ortam\u0131nda, deneyimli uzmanlar taraf\u0131ndan FDA onayl\u0131 \u00fcr\u00fcnlerle yap\u0131lan uygulamalar son derece g\u00fcvenlidir. \u00d6l\u00e7\u00fcl\u00fc yakla\u015f\u0131m ve y\u00fcz dengesine sayg\u0131, sonucun do\u011fall\u0131\u011f\u0131n\u0131 belirleyen en \u00f6nemli fakt\u00f6rd\u00fcr.<\/p>\n<\/p><\/div>\n<\/p><\/div>\n<\/p><\/div>\n<\/section>\n","protected":false},"excerpt":{"rendered":"<p>Estetiksiz Burun G\u00fczelle\u015ftirme Hayal Mi? Y\u00fcz ifadesinin merkezinde yer alan burun, profil g\u00f6r\u00fcn\u00fcm\u00fcn\u00fc do\u011frudan etkileyen en kritik unsurdur. G\u00fcn\u00fcm\u00fczde bir\u00e7ok ki\u015fi &#8220;B\u0131\u00e7ak alt\u0131na yatmadan daha dengeli bir burun yap\u0131s\u0131 m\u00fcmk\u00fcn m\u00fc?&#8221; sorusunun yan\u0131t\u0131n\u0131 ar\u0131yor. Do\u011fru planland\u0131\u011f\u0131nda estetiksiz burun g\u00fczelle\u015ftirme; cerrahi i\u00e7ermeyen ak\u0131lc\u0131 dokunu\u015flar, optik ill\u00fczyonlar ve profesyonel medikal alternatiflerle do\u011fal bir de\u011fi\u015fim sunabilir. Bu rehberde, [&hellip;]<\/p>\n","protected":false},"author":6,"featured_media":0,"parent":15913,"menu_order":0,"comment_status":"closed","ping_status":"closed","template":"","meta":{"footnotes":""},"class_list":["post-53532","page","type-page","status-publish","hentry"],"_links":{"self":[{"href":"https:\/\/drterziler.com\/tr\/wp-json\/wp\/v2\/pages\/53532","targetHints":{"allow":["GET"]}}],"collection":[{"href":"https:\/\/drterziler.com\/tr\/wp-json\/wp\/v2\/pages"}],"about":[{"href":"https:\/\/drterziler.com\/tr\/wp-json\/wp\/v2\/types\/page"}],"author":[{"embeddable":true,"href":"https:\/\/drterziler.com\/tr\/wp-json\/wp\/v2\/users\/6"}],"replies":[{"embeddable":true,"href":"https:\/\/drterziler.com\/tr\/wp-json\/wp\/v2\/comments?post=53532"}],"version-history":[{"count":13,"href":"https:\/\/drterziler.com\/tr\/wp-json\/wp\/v2\/pages\/53532\/revisions"}],"predecessor-version":[{"id":60903,"href":"https:\/\/drterziler.com\/tr\/wp-json\/wp\/v2\/pages\/53532\/revisions\/60903"}],"up":[{"embeddable":true,"href":"https:\/\/drterziler.com\/tr\/wp-json\/wp\/v2\/pages\/15913"}],"wp:attachment":[{"href":"https:\/\/drterziler.com\/tr\/wp-json\/wp\/v2\/media?parent=53532"}],"curies":[{"name":"wp","href":"https:\/\/api.w.org\/{rel}","templated":true}]}}