{"id":55236,"date":"2025-11-20T07:54:04","date_gmt":"2025-11-20T07:54:04","guid":{"rendered":"https:\/\/drterziler.com\/?page_id=55236"},"modified":"2026-03-01T02:32:12","modified_gmt":"2026-03-01T02:32:12","slug":"kis-mevsiminde-sac-ektirme","status":"publish","type":"page","link":"https:\/\/drterziler.com\/tr\/sac-ekimi\/kis-mevsiminde-sac-ektirme\/","title":{"rendered":"K\u0131\u015f Mevsiminde Sa\u00e7 Ektirme"},"content":{"rendered":"<div class=\"page-content\">\n<div id=\"header-area\">\n<div class=\"container\" id=\"firstContent\">\n<div class=\"header-content d-flex flex-column\">\n<h1 class=\"content-title h1-header\">K\u0131\u015f Mevsiminde Sa\u00e7 Ektirme<\/h1>\n<div class=\"content-paragraph\">\n<p class=\"p-text\">Sa\u00e7 ekimi, bireyin kendi g\u00f6r\u00fcn\u00fcm\u00fcyle olan ili\u015fkisini yeniden tan\u0131mlayan, \u00f6z g\u00fcvenini tazeleyen ve ya\u015fam kalitesini art\u0131ran son derece \u00f6nemli bir karard\u0131r. Klini\u011fimizde, bu karar\u0131 veren misafirlerimizin yolculu\u011funa e\u015flik ederken, operasyonun ba\u015far\u0131s\u0131n\u0131 en \u00fcst d\u00fczeye \u00e7\u0131karmak i\u00e7in her detay\u0131 titizlikle planl\u0131yoruz. Misafirlerimizin bize en s\u0131k y\u00f6neltti\u011fi sorulardan biri, bu operasyon i\u00e7in en do\u011fru zamanlaman\u0131n ne oldu\u011fudur. Y\u0131l\u0131n her d\u00f6nemi sa\u00e7 ekimi yapabilme tecr\u00fcbesine ve donan\u0131m\u0131na sahip olsak da, iyile\u015fme s\u00fcrecinin biyolojik dinamikleri g\u00f6z \u00f6n\u00fcne al\u0131nd\u0131\u011f\u0131nda, k\u0131\u015f mevsiminin sundu\u011fu avantajlar yads\u0131namaz.Bizim klinik tecr\u00fcbemiz, k\u0131\u015f aylar\u0131n\u0131n, misafirlerimizin operasyon sonras\u0131 s\u00fcreci \u00e7ok daha konforlu, g\u00fcvenli ve gizli bir \u015fekilde atlatmalar\u0131na olanak tan\u0131d\u0131\u011f\u0131n\u0131 net bir \u015fekilde g\u00f6stermektedir. Bu d\u00f6nem, hem \u00e7evresel fakt\u00f6rlerin risklerini en aza indirir hem de sosyal ya\u015fam\u0131n do\u011fal ritmiyle m\u00fckemmel bir uyum sa\u011flar. Bu kapsaml\u0131 yaz\u0131da, sa\u00e7 ekimi gibi hassas bir prosed\u00fcr i\u00e7in k\u0131\u015f aylar\u0131n\u0131 neden ideal bir zamanlama olarak g\u00f6rd\u00fc\u011f\u00fcm\u00fcz\u00fc ve bu s\u00fcre\u00e7te klini\u011fimizde sundu\u011fumuz \u00f6zel yakla\u015f\u0131mlar\u0131 detayl\u0131 bir \u015fekilde ele alaca\u011f\u0131z.<\/p>\n<\/p><\/div>\n<nav aria-label=\"breadcrumb\" class=\"breadcrumbs\">\n<ul class=\"d-flex align-items-center mb-0\">\n<li><a class=\"link\" href=\"https:\/\/drterziler.com\/\"><span>Dr. Terziler Exclusive Clinic<\/span><\/a><\/li>\n<li class=\"separator\">\u00bb<\/li>\n<li><a class=\"link\" href=\"https:\/\/drterziler.com\/hair-transplant-turkey\/\"><span>Sa\u00e7 Ekimi<\/span><\/a><\/li>\n<li class=\"separator\">\u00bb<\/li>\n<li class=\"current-page\"><span>K\u0131\u015f Mevsiminde Sa\u00e7 Ektirme<\/span><\/li>\n<\/ul>\n<\/nav><\/div>\n<\/p><\/div>\n<\/p><\/div>\n<\/div>\n<section id=\"content-area\">\n<div class=\"container my-5\">\n<div class=\"row align-items-start\">\n<div class=\"col-md-6 order-2 order-md-1\">\n<div class=\"custom-toc-box\">\n<div id=\"toc-header\">\n<h4>\u0130\u00e7indekiler<\/h4>\n<div class=\"toc-toggle-icon\"><\/div>\n<\/p><\/div>\n<div class=\"toc-full-divider\"><\/div>\n<div id=\"toc-body\">\n<div id=\"toc-container\"><\/div>\n<\/p><\/div>\n<\/p><\/div>\n<\/p><\/div>\n<div class=\"col-md-6 order-1 order-md-2\" id=\"jForm\">\n                <script type=\"text\/javascript\" src=\"https:\/\/form.jotform.com\/jsform\/242882264736970\"><\/script>\n            <\/div>\n<\/p><\/div>\n<\/p><\/div>\n<div class=\"container\">\n<div class=\"img-thumb\">\n            <img loading=\"lazy\" decoding=\"async\" width=\"1500\" height=\"1000\" src=\"https:\/\/drterziler.com\/wp-content\/uploads\/2025\/10\/sac-ekimi-sonrasi-tarak-kullanimi.webp\" alt=\"sa\u00e7 ekimi sonras\u0131 tarak kullan\u0131m\u0131\" srcset=\"https:\/\/drterziler.com\/wp-content\/uploads\/2025\/10\/sac-ekimi-sonrasi-tarak-kullanimi.webp 1500w, https:\/\/drterziler.com\/wp-content\/uploads\/2025\/10\/sac-ekimi-sonrasi-tarak-kullanimi-300x200.webp 300w, https:\/\/drterziler.com\/wp-content\/uploads\/2025\/10\/sac-ekimi-sonrasi-tarak-kullanimi-1024x683.webp 1024w, https:\/\/drterziler.com\/wp-content\/uploads\/2025\/10\/sac-ekimi-sonrasi-tarak-kullanimi-768x512.webp 768w\" sizes=\"auto, (max-width: 1500px) 100vw, 1500px\" \/>\n        <\/div>\n<div>\n<div>\n<h2 class=\"h2-header\">Sa\u00e7 Ekimi ve Mevsimsel Etkilerin \u00d6nemi<\/h2>\n<\/p><\/div>\n<div>\n<p class=\"p-text\">Sa\u00e7 ekimi, temelde, d\u00f6k\u00fclmeye kar\u015f\u0131 genetik olarak diren\u00e7li olan ense b\u00f6lgesindeki sa\u011fl\u0131kl\u0131 sa\u00e7 k\u00f6klerinin (greftlerin) al\u0131narak, d\u00f6k\u00fclmenin ya\u015fand\u0131\u011f\u0131 b\u00f6lgelere nakledilmesi i\u015flemidir. Bu i\u015flem, mikro cerrahi d\u00fczeyde bir hassasiyet gerektirir. Nakledilen k\u00f6kler, yeni yerlerine uyum sa\u011flamalar\u0131 i\u00e7in kritik bir iyile\u015fme s\u00fcrecine ihtiya\u00e7 duyan canl\u0131 dokulard\u0131r. Operasyonun ba\u015far\u0131s\u0131, b\u00fcy\u00fck \u00f6l\u00e7\u00fcde bu k\u00f6klerin sa\u011fl\u0131kl\u0131 bir \u015fekilde tutunmas\u0131na ba\u011fl\u0131d\u0131r.\u0130yile\u015fme s\u00fcrecinin ilk 10 ila 14 g\u00fcn\u00fc, k\u00f6klerin beslenmesi ve stabilizasyonu i\u00e7in hayati \u00f6neme sahiptir. Bu hassas d\u00f6nemde, k\u0131\u015f mevsiminde sa\u00e7 ektirme yap\u0131lan b\u00f6lgenin d\u0131\u015f etkenlerden korunmas\u0131 gerekir. \u00c7evresel fakt\u00f6rler, iyile\u015fme kalitesini do\u011frudan etkileyebilir. G\u00fcne\u015f \u0131\u015f\u0131\u011f\u0131na maruz kalma, a\u015f\u0131r\u0131 s\u0131cakl\u0131k, terleme, enfeksiyon riski ve fiziksel aktiviteler, k\u00f6klerin sa\u011fkal\u0131m oran\u0131n\u0131 belirleyen ana de\u011fi\u015fkenlerdir. Klini\u011fimizde her misafirimize detayl\u0131 bir operasyon sonras\u0131 bak\u0131m protokol\u00fc sunmam\u0131z\u0131n nedeni budur. Mevsim se\u00e7imi, bu protokol\u00fcn uygulanmas\u0131n\u0131 kolayla\u015ft\u0131ran veya zorla\u015ft\u0131ran en \u00f6nemli fakt\u00f6r olarak kar\u015f\u0131m\u0131za \u00e7\u0131kar.<\/p>\n<\/p><\/div>\n<\/p><\/div>\n<div>\n<div>\n<h2 class=\"h2-header\">K\u0131\u015f Aylar\u0131n\u0131n \u0130yile\u015fme S\u00fcrecine Sundu\u011fu Avantajlar<\/h2>\n<\/p><\/div>\n<div>\n<p class=\"p-text\">K\u0131\u015f mevsiminin so\u011fuk havas\u0131 ve de\u011fi\u015fen sosyal rutini, sa\u00e7 ekimi sonras\u0131 iyile\u015fme s\u00fcreci i\u00e7in adeta biyolojik bir kalkan g\u00f6revi g\u00f6r\u00fcr. Yaz aylar\u0131n\u0131n getirdi\u011fi potansiyel risklerin bir\u00e7o\u011fu k\u0131\u015f\u0131n do\u011fal olarak ortadan kalkar. Bu durum, misafirlerimiz i\u00e7in daha az stresli ve daha y\u00fcksek ba\u015far\u0131 oranl\u0131 bir iyile\u015fme anlam\u0131na gelir. Klini\u011fimizde, misafirlerimizi k\u0131\u015f ekimine y\u00f6nlendirirken vurgulad\u0131\u011f\u0131m\u0131z ba\u015fl\u0131ca avantajlar \u015funlard\u0131r.G\u00fcne\u015f I\u015f\u0131nlar\u0131ndan Do\u011fal Korunma Yeni ekilmi\u015f bir sa\u00e7 k\u00f6k\u00fcn\u00fcn ve operasyon g\u00f6rm\u00fc\u015f hassas kafa derisinin en b\u00fcy\u00fck d\u00fc\u015fmanlar\u0131ndan biri do\u011frudan g\u00fcne\u015f \u0131\u015f\u0131\u011f\u0131d\u0131r. Ultraviyole (UV) \u0131\u015f\u0131nlar\u0131, hen\u00fcz pigmentasyonunu tamamlamam\u0131\u015f olan hassas cilde n\u00fcfuz ederek, ekilen k\u00f6klere zarar verebilir. Daha da \u00f6nemlisi, cildin kendini koruma mekanizmas\u0131n\u0131 bozarak lekelenmelere (hiperpigmentasyon) yol a\u00e7abilir. Yaz aylar\u0131nda misafirlerimizden s\u00fcrekli olarak \u015fapka takmalar\u0131n\u0131 ve g\u00f6lgede kalmalar\u0131n\u0131 istemek zorunday\u0131z. Oysa k\u0131\u015f aylar\u0131nda g\u00fcne\u015f \u0131\u015f\u0131nlar\u0131n\u0131n a\u00e7\u0131s\u0131 ve g\u00fcc\u00fc \u00e7ok daha zay\u0131ft\u0131r. G\u00f6ky\u00fcz\u00fcn\u00fcn kapal\u0131 oldu\u011fu g\u00fcn say\u0131s\u0131 fazlad\u0131r ve insanlar do\u011fal olarak d\u0131\u015far\u0131da daha az vakit ge\u00e7irir. Bu durum, ekim alan\u0131n\u0131 UV hasar\u0131ndan korumak i\u00e7in ekstra bir \u00e7aba gerektirmeyen, do\u011fal bir avantaj sa\u011flar.<\/p>\n<\/p><\/div>\n<\/p><\/div>\n<div>\n<div>\n<h2 class=\"h2-header\">K\u0131\u015f Mevsiminde Sa\u00e7 Ekiminde Dikkat Edilmesi Gerekenler<\/h2>\n<\/p><\/div>\n<div>\n<p class=\"p-text\">K\u0131\u015f mevsimi say\u0131s\u0131z avantaj sunsa da, bu d\u00f6neme \u00f6zg\u00fc baz\u0131 konulara dikkat etmek de operasyonun ba\u015far\u0131s\u0131 i\u00e7in \u00f6nemlidir. Klini\u011fimizde bu s\u00fcreci en ince ayr\u0131nt\u0131s\u0131na kadar y\u00f6neterek, riskleri ortadan kald\u0131r\u0131yoruz.\u00d6ncelikle en \u00e7ok sorulan konulardan biri \u015fapka ve bere kullan\u0131m\u0131d\u0131r. K\u0131\u015f\u0131n bere takmak, ekim sonras\u0131 g\u00f6r\u00fcn\u00fcm\u00fc kamufle etmek i\u00e7in cazip bir se\u00e7enek gibi durur. Ancak biz, ekilen k\u00f6klerin hassasiyeti nedeniyle ilk 10 g\u00fcn boyunca b\u00f6lgeye hi\u00e7bir \u015feyin temas etmesini kesinlikle istemeyiz. Greftlere s\u00fcrt\u00fcnecek bir bere, k\u00f6klerin yerinden oynamas\u0131na veya zarar g\u00f6rmesine neden olabilir. Kabuklanma s\u00fcreci tamamland\u0131ktan ve klini\u011fimizde kontrol\u00fcn\u00fcz\u00fc yapt\u0131ktan sonra, sadece k\u00f6klere bask\u0131 yapmayacak, s\u00fcrt\u00fcnmeyecek, \u00e7ok bol ve yumu\u015fak berelerin kullan\u0131m\u0131na belirli \u015fartlarda izin verebiliriz. Bu konudaki rehberli\u011fi birebir sa\u011fl\u0131yoruz.Bir di\u011fer konu ise so\u011fuk ve kuru havan\u0131n etkileridir. K\u0131\u015f\u0131n hem d\u0131\u015far\u0131daki hava hem de i\u00e7 mekanlardaki \u0131s\u0131tma sistemleri nedeniyle hava kuru olabilir. Bu durum, sa\u00e7 derisinde kurulu\u011fa ve buna ba\u011fl\u0131 ka\u015f\u0131nt\u0131ya yol a\u00e7ma potansiyeline sahiptir. Klini\u011fimizde, operasyon sonras\u0131 verdi\u011fimiz bak\u0131m kitinin i\u00e7inde, bu kurulu\u011fu \u00f6nlemek ve sa\u00e7 derisini ideal nem dengesinde tutmak i\u00e7in form\u00fcle edilmi\u015f \u00f6zel nemlendirici sol\u00fcsyonlar ve medikal \u015fampuanlar bulunmaktad\u0131r. Y\u0131kama protokol\u00fcm\u00fczle bu s\u00fcreci sorunsuz bir \u015fekilde y\u00f6netmenizi sa\u011fl\u0131yoruz.Son olarak, k\u0131\u015f aylar\u0131 grip ve nezle gibi hastal\u0131klar\u0131n artt\u0131\u011f\u0131 bir d\u00f6nemdir. V\u00fccudun iyile\u015fme enerjisini sa\u00e7 k\u00f6klerine y\u00f6nlendirebilmesi i\u00e7in genel sa\u011fl\u0131k durumunuzun iyi olmas\u0131 \u00f6nemlidir. Operasyon \u00f6ncesi ve sonras\u0131 d\u00f6nemde ba\u011f\u0131\u015f\u0131kl\u0131\u011f\u0131n\u0131z\u0131 g\u00fc\u00e7l\u00fc tutman\u0131z\u0131, beslenmenize dikkat etmenizi \u00f6neririz. Hafif bir so\u011fuk alg\u0131nl\u0131\u011f\u0131 s\u00fcreci etkilemez ancak a\u011f\u0131r enfeksiyonlar iyile\u015fmeyi yava\u015flatabilir.<\/p>\n<\/p><\/div>\n<\/p><\/div>\n<div>\n<div>\n<h2 class=\"h2-header\">S\u0131k Sorulan Sorular<\/h2>\n<\/p><\/div>\n<div>\n<p class=\"p-text\">K\u0131\u015f\u0131n sa\u00e7 ektirmek yaz aylar\u0131na g\u00f6re daha m\u0131 iyidir?Evet, k\u0131\u015f aylar\u0131nda sa\u00e7 ektirmek bir\u00e7ok a\u00e7\u0131dan daha avantajl\u0131d\u0131r. Bunun temel nedeni g\u00fcne\u015f \u0131\u015f\u0131nlar\u0131n\u0131n ve s\u0131cak havan\u0131n olumsuz etkilerinden korunmakt\u0131r. K\u0131\u015f\u0131n g\u00fcne\u015f \u0131\u015f\u0131nlar\u0131 daha zay\u0131ft\u0131r. Bu durum, hassas ekim b\u00f6lgenizi UV hasar\u0131ndan korur. Ayr\u0131ca serin hava sayesinde terleme riskiniz azal\u0131r. Terleme, enfeksiyon riskini art\u0131rabilen bir fakt\u00f6rd\u00fcr. Azalan sosyal aktiviteler sayesinde iyile\u015fme s\u00fcrecinizi evde daha rahat ge\u00e7irebilirsiniz. Bu fakt\u00f6rler birle\u015fti\u011finde, k\u0131\u015f mevsimi konforlu bir iyile\u015fme sunar.K\u0131\u015f\u0131n sa\u00e7 ektirdikten sonra ne zaman bere takabilirim?Operasyondan sonra bere takmak i\u00e7in belirli bir s\u00fcre beklemeniz gerekmektedir. Klini\u011fimizde, ekilen k\u00f6klerin zarar g\u00f6rmemesi i\u00e7in ilk 10 g\u00fcn hi\u00e7bir \u015fapka veya bere tak\u0131lmas\u0131n\u0131 \u00f6nermiyoruz. Greftler bu s\u00fcrede cilde tutunur. 10. g\u00fcn\u00fcn ard\u0131ndan kabuklar\u0131n\u0131z d\u00f6k\u00fcld\u00fckten sonra, size \u00f6zel talimatlar veririz. Genellikle k\u00f6klere s\u00fcrt\u00fcnme yapmayacak bol bir bereyi dikkatlice takabilirsiniz. Bere, k\u0131\u015f\u0131n hem kamufaj hem de so\u011fuktan korunma i\u00e7in bir avantaj sa\u011flar.So\u011fuk hava ekilen sa\u00e7 k\u00f6klerine zarar verir mi?Hay\u0131r, so\u011fuk hava ekilen sa\u00e7 k\u00f6klerine do\u011frudan zarar vermez. Sa\u00e7 k\u00f6kleri deri alt\u0131nda g\u00fcvendedir ve kan dola\u015f\u0131m\u0131 ile beslenir. So\u011fuk hava, iyile\u015fme s\u00fcrecinizi olumsuz etkilemez. Aksine, terlemeyi \u00f6nledi\u011fi i\u00e7in faydal\u0131d\u0131r. So\u011fu\u011fun tek etkisi cildi kurutabilmesidir. Klini\u011fimizde bu durumu \u00f6nlemek i\u00e7in size \u00f6zel nemlendirici sol\u00fcsyonlar ve y\u0131kama kitleri sunar\u0131z. Bu sayede sa\u00e7 derinizin nem dengesi korunmu\u015f olur.K\u0131\u015f\u0131n sa\u00e7 ektirirsem sa\u00e7lar\u0131m yaza kadar \u00e7\u0131kar m\u0131?Evet, k\u0131\u015f\u0131n yap\u0131lan ekimlerde sa\u00e7lar\u0131n\u0131z yaz aylar\u0131na kadar belirgin bir \u015fekilde \u00e7\u0131km\u0131\u015f olur. Bu, k\u0131\u015f ekiminin en b\u00fcy\u00fck stratejik avantaj\u0131d\u0131r. \u0130lk \u00fc\u00e7 ay \u015fok d\u00f6k\u00fclme ve dinlenme d\u00f6nemi ya\u015fan\u0131r. Ard\u0131ndan 3. ve 4. aylarda sa\u00e7lar\u0131n\u0131z \u00e7\u0131kmaya ba\u015flar. K\u0131\u015f\u0131n ortas\u0131nda ekim yapt\u0131rd\u0131\u011f\u0131n\u0131zda, yaz ba\u015flang\u0131c\u0131nda 6 ayl\u0131k bir sonuca ula\u015f\u0131rs\u0131n\u0131z. Bu, tatil ve sosyal aktiviteler i\u00e7in yeterli ve do\u011fal bir sa\u00e7 yo\u011funlu\u011fu anlam\u0131na gelir.K\u0131\u015f aylar\u0131nda iyile\u015fme s\u00fcreci daha m\u0131 yava\u015f ilerler?Hay\u0131r, k\u0131\u015f aylar\u0131nda iyile\u015fme s\u00fcreci daha yava\u015f ilerlemez. Biyolojik iyile\u015fme h\u0131z\u0131 mevsimlerden ba\u011f\u0131ms\u0131z olarak v\u00fccudunuzun sa\u011fl\u0131\u011f\u0131na ba\u011fl\u0131d\u0131r. Hatta k\u0131\u015f mevsimi iyile\u015fmeyi dolayl\u0131 yoldan destekler. Terleme ve g\u00fcne\u015f hasar\u0131 gibi riskler ortadan kalkt\u0131\u011f\u0131 i\u00e7in yara yerleri daha temiz kal\u0131r. Bu durum enfeksiyon riskini azalt\u0131r. Klini\u011fimizde g\u00f6zlemledi\u011fimiz kadar\u0131yla, misafirlerimiz k\u0131\u015f\u0131n daha konforlu bir iyile\u015fme s\u00fcreci ya\u015famaktad\u0131r.K\u0131\u015f\u0131n grip veya nezle olursam sa\u00e7 ekimi etkilenir mi?Hafif bir nezle veya grip olman\u0131z sa\u00e7 ekimi sonucunuzu do\u011frudan etkilemez. Ancak operasyon sonras\u0131 v\u00fccudunuzun iyile\u015fmeye odaklanmas\u0131 gerekir. Bu nedenle biz, i\u015flem \u00f6ncesi ve sonras\u0131 ba\u011f\u0131\u015f\u0131kl\u0131\u011f\u0131n\u0131z\u0131 g\u00fc\u00e7l\u00fc tutman\u0131z\u0131 tavsiye ederiz. E\u011fer operasyon g\u00fcn\u00fc a\u011f\u0131r bir enfeksiyon ge\u00e7iriyorsan\u0131z, i\u015flem ertelenebilir. \u0130yile\u015fme d\u00f6neminde hap\u015f\u0131rma veya \u00f6ks\u00fcrme gibi durumlarda ekim b\u00f6lgesine bask\u0131 yapmamaya \u00f6zen g\u00f6stermelisiniz.K\u0131\u015f\u0131n sa\u00e7 derim \u00e7ok kuruyor, bu bir sorun yarat\u0131r m\u0131?Kuru k\u0131\u015f havas\u0131 ve i\u00e7 mekan \u0131s\u0131tmas\u0131 sa\u00e7 derisinde kurulu\u011fa neden olabilir. Bu durumu operasyon planlamam\u0131zda dikkate al\u0131yoruz. Sa\u00e7 derisi kurulu\u011fu, kabuklanmay\u0131 art\u0131rabilir. Ancak klini\u011fimizde sundu\u011fumuz \u00f6zel medikal \u015fampuanlar ve nemlendirici spreyler bu sorunu tamamen engeller. Size verece\u011fimiz y\u0131kama protokol\u00fc, derinin ideal nem dengesini korumak i\u00e7in tasarlanm\u0131\u015ft\u0131r. Bu sayede kuruluk, iyile\u015fmeniz i\u00e7in bir sorun olmaktan \u00e7\u0131kar.K\u0131\u015f\u0131n neden daha az terlemek sa\u00e7 ekimi i\u00e7in \u00f6nemlidir?Terleme, sa\u00e7 ekimi sonras\u0131 ilk hafta i\u00e7in en b\u00fcy\u00fck risklerden biridir. Ter, asidik yap\u0131s\u0131 ve i\u00e7erdi\u011fi tuz nedeniyle ekim alan\u0131n\u0131 tahri\u015f edebilir. Ayr\u0131ca nemli bir ortam yaratarak bakteri olu\u015fumunu ve enfeksiyon riskini art\u0131r\u0131r. K\u0131\u015f\u0131n serin havada terleme minimuma iner. Bu durum, operasyon b\u00f6lgesinin temiz ve kuru kalmas\u0131n\u0131 sa\u011flar. Daha hijyenik bir iyile\u015fme ortam\u0131, k\u00f6klerin sa\u011fl\u0131kl\u0131 bir \u015fekilde tutunmas\u0131n\u0131 do\u011frudan destekler.K\u0131\u015f\u0131n du\u015f almak zor oldu\u011fu i\u00e7in iyile\u015fme zorla\u015f\u0131r m\u0131?Hay\u0131r, bu durum iyile\u015fmeyi zorla\u015ft\u0131rmaz. Sa\u00e7 ekimi sonras\u0131 ilk y\u0131kaman\u0131z\u0131 klini\u011fimizde biz yap\u0131yoruz. Sonraki 10 g\u00fcn boyunca size \u00f6\u011fretti\u011fimiz \u00f6zel bir y\u0131kama protokol\u00fc uygulayacaks\u0131n\u0131z. Bu y\u0131kama, normal bir du\u015f almaktan farkl\u0131d\u0131r. Sadece ba\u015f b\u00f6lgenize odaklan\u0131r. K\u0131\u015f\u0131n so\u011fuk hava nedeniyle du\u015f alma s\u0131kl\u0131\u011f\u0131n\u0131z azalsa bile, ba\u015f y\u0131kama rutininizi aksatmaman\u0131z gerekir. V\u00fccudunuzu ayr\u0131, ba\u015f\u0131n\u0131z\u0131 g\u00f6sterdi\u011fimiz \u015fekilde y\u0131kayabilirsiniz.Ekim sonras\u0131 \u00f6dem k\u0131\u015f\u0131n daha m\u0131 az olur?\u00d6dem, mevsimden \u00e7ok operasyonun tekni\u011fi ve v\u00fccudunuzun tepkisiyle ilgilidir. Ancak so\u011fuk havan\u0131n damarlar \u00fczerinde b\u00fcz\u00fcc\u00fc (vazokonstrikt\u00f6r) bir etkisi vard\u0131r. Bu durum, teorik olarak \u015fi\u015fli\u011fin ve morarman\u0131n yaz aylar\u0131na g\u00f6re daha az olmas\u0131na yard\u0131mc\u0131 olabilir. Yine de \u00f6dem olu\u015fumu normal bir s\u00fcre\u00e7tir. Bizim \u00f6nerilerimizle (s\u0131rt \u00fcst\u00fc yatmak, bol su i\u00e7mek) bu \u00f6dem birka\u00e7 g\u00fcn i\u00e7inde h\u0131zla at\u0131lacakt\u0131r. K\u0131\u015f\u0131n serinli\u011fi bu s\u00fcreci konforlu hale getirebilir.<\/p>\n<\/p><\/div>\n<\/p><\/div>\n<\/p><\/div>\n<\/section>\n","protected":false},"excerpt":{"rendered":"<p>K\u0131\u015f Mevsiminde Sa\u00e7 Ektirme Sa\u00e7 ekimi, bireyin kendi g\u00f6r\u00fcn\u00fcm\u00fcyle olan ili\u015fkisini yeniden tan\u0131mlayan, \u00f6z g\u00fcvenini tazeleyen ve ya\u015fam kalitesini art\u0131ran son derece \u00f6nemli bir karard\u0131r. Klini\u011fimizde, bu karar\u0131 veren misafirlerimizin yolculu\u011funa e\u015flik ederken, operasyonun ba\u015far\u0131s\u0131n\u0131 en \u00fcst d\u00fczeye \u00e7\u0131karmak i\u00e7in her detay\u0131 titizlikle planl\u0131yoruz. Misafirlerimizin bize en s\u0131k y\u00f6neltti\u011fi sorulardan biri, bu operasyon i\u00e7in en [&hellip;]<\/p>\n","protected":false},"author":6,"featured_media":0,"parent":1297,"menu_order":0,"comment_status":"closed","ping_status":"closed","template":"","meta":{"footnotes":""},"class_list":["post-55236","page","type-page","status-publish","hentry"],"_links":{"self":[{"href":"https:\/\/drterziler.com\/tr\/wp-json\/wp\/v2\/pages\/55236","targetHints":{"allow":["GET"]}}],"collection":[{"href":"https:\/\/drterziler.com\/tr\/wp-json\/wp\/v2\/pages"}],"about":[{"href":"https:\/\/drterziler.com\/tr\/wp-json\/wp\/v2\/types\/page"}],"author":[{"embeddable":true,"href":"https:\/\/drterziler.com\/tr\/wp-json\/wp\/v2\/users\/6"}],"replies":[{"embeddable":true,"href":"https:\/\/drterziler.com\/tr\/wp-json\/wp\/v2\/comments?post=55236"}],"version-history":[{"count":6,"href":"https:\/\/drterziler.com\/tr\/wp-json\/wp\/v2\/pages\/55236\/revisions"}],"predecessor-version":[{"id":58715,"href":"https:\/\/drterziler.com\/tr\/wp-json\/wp\/v2\/pages\/55236\/revisions\/58715"}],"up":[{"embeddable":true,"href":"https:\/\/drterziler.com\/tr\/wp-json\/wp\/v2\/pages\/1297"}],"wp:attachment":[{"href":"https:\/\/drterziler.com\/tr\/wp-json\/wp\/v2\/media?parent=55236"}],"curies":[{"name":"wp","href":"https:\/\/api.w.org\/{rel}","templated":true}]}}