{"id":55253,"date":"2025-11-20T08:04:26","date_gmt":"2025-11-20T08:04:26","guid":{"rendered":"https:\/\/drterziler.com\/?page_id=55253"},"modified":"2026-03-27T07:02:23","modified_gmt":"2026-03-27T07:02:23","slug":"sac-ekimi-iyilesme-sureci","status":"publish","type":"page","link":"https:\/\/drterziler.com\/tr\/sac-ekimi\/sac-ekimi-iyilesme-sureci\/","title":{"rendered":"Sa\u00e7 Ekimi \u0130yile\u015fme S\u00fcreci: 12 Ayl\u0131k Detayl\u0131 Rehber"},"content":{"rendered":"<div class=\"page-content\">\n<div id=\"header-area\">\n<div id=\"firstContent\" class=\"container\">\n<div class=\"header-content d-flex flex-column\">\n<h1 class=\"content-title h1-header\">Sa\u00e7 Ekimi \u0130yile\u015fme S\u00fcreci: 12 Ayl\u0131k Detayl\u0131 Rehber<\/h1>\n<div class=\"content-paragraph\">\n<p class=\"p-text\">Sa\u00e7 ekimi operasyonu, modern t\u0131bb\u0131n sundu\u011fu en etkileyici estetik m\u00fcdahalelerden biridir. Ancak bu m\u00fcdahalenin ba\u015far\u0131s\u0131, sadece operasyon g\u00fcn\u00fc g\u00f6sterdi\u011fimiz cerrahi hassasiyetle s\u0131n\u0131rl\u0131 de\u011fildir. As\u0131l yolculuk, operasyondan sonra ba\u015flar ve bu yolculuk tam 12 ay s\u00fcrer. Genelde sa\u00e7 ekimi iyile\u015fme s\u00fcreci, sab\u0131r, do\u011fru bak\u0131m ve profesyonel takip gerektiren biyolojik bir d\u00f6n\u00fc\u015f\u00fcm hik\u00e2yesidir. Klini\u011fimizde, bu s\u00fcrecin her bir ad\u0131m\u0131n\u0131 sizinle birlikte planl\u0131yor ve y\u00f6netiyoruz.<\/p>\n<p class=\"p-text\">Amac\u0131m\u0131z, ekti\u011fimiz her bir sa\u00e7 k\u00f6k\u00fcn\u00fcn (greft) sa\u011fl\u0131kl\u0131 bir \u015fekilde b\u00fcy\u00fcmesini sa\u011flamak ve sizi hayalinizdeki do\u011fal g\u00f6r\u00fcn\u00fcme kavu\u015fturmakt\u0131r. Bu rehberde, operasyon sonras\u0131 sizi nelerin bekledi\u011fini, hangi ayda hangi geli\u015fmeleri g\u00f6rece\u011finizi ve bu s\u00fcreci en konforlu \u015fekilde nas\u0131l atlataca\u011f\u0131n\u0131z\u0131 detayl\u0131 bir \u015fekilde payla\u015f\u0131yoruz. Bizimle \u00e7\u0131kt\u0131\u011f\u0131n\u0131z bu yolda, her a\u015famada yan\u0131n\u0131zda oldu\u011fumuzu bilmenizi isteriz.<\/p>\n<\/p><\/div>\n<nav class=\"breadcrumbs\" aria-label=\"breadcrumb\">\n<ul class=\"d-flex align-items-center mb-0\">\n<li><a class=\"link\" href=\"https:\/\/drterziler.com\/\">Dr. Terziler Exclusive Clinic<\/a><\/li>\n<li class=\"separator\">\u00bb<\/li>\n<li><a class=\"link\" href=\"https:\/\/drterziler.com\/hair-transplant-turkey\/\">Sa\u00e7 Ekimi<\/a><\/li>\n<li class=\"separator\">\u00bb<\/li>\n<li class=\"current-page\">Sa\u00e7 Ekimi \u0130yile\u015fme S\u00fcreci: 12 Ayl\u0131k Detayl\u0131 Rehber<\/li>\n<\/ul>\n<\/nav><\/div>\n<\/p><\/div>\n<\/p><\/div>\n<\/div>\n<section id=\"content-area\">\n<div class=\"container my-5\">\n<div class=\"row align-items-start\">\n<div class=\"col-md-6 order-2 order-md-1\">\n<div class=\"custom-toc-box\">\n<div id=\"toc-header\">\n<h4>\u0130\u00e7indekiler<\/h4>\n<div class=\"toc-toggle-icon\"><\/div>\n<\/p><\/div>\n<div class=\"toc-full-divider\"><\/div>\n<div id=\"toc-body\">\n<div id=\"toc-container\"><\/div>\n<\/p><\/div>\n<\/p><\/div>\n<\/p><\/div>\n<div id=\"jForm\" class=\"col-md-6 order-1 order-md-2\">\n                <script type=\"text\/javascript\" src=\"https:\/\/form.jotform.com\/jsform\/242882264736970\"><\/script>\n            <\/div>\n<\/p><\/div>\n<\/p><\/div>\n<div class=\"container\">\n<div class=\"img-thumb\"><img loading=\"lazy\" decoding=\"async\" class=\"alignnone\" src=\"https:\/\/drterziler.com\/wp-content\/uploads\/2025\/10\/sac-ekimi-sonrasi-tarak-kullanimi.webp\" sizes=\"auto, (max-width: 1500px) 100vw, 1500px\" srcset=\"https:\/\/drterziler.com\/wp-content\/uploads\/2025\/10\/sac-ekimi-sonrasi-tarak-kullanimi.webp 1500w, https:\/\/drterziler.com\/wp-content\/uploads\/2025\/10\/sac-ekimi-sonrasi-tarak-kullanimi-300x200.webp 300w, https:\/\/drterziler.com\/wp-content\/uploads\/2025\/10\/sac-ekimi-sonrasi-tarak-kullanimi-1024x683.webp 1024w, https:\/\/drterziler.com\/wp-content\/uploads\/2025\/10\/sac-ekimi-sonrasi-tarak-kullanimi-768x512.webp 768w\" alt=\"sa\u00e7 ekimi iyile\u015fme s\u00fcreci \u00f6ncesi ve sonras\u0131 foto\u011fraf\u0131 \" width=\"1500\" height=\"1000\" \/><\/div>\n<div>\n<div>\n<h2 class=\"h2-header\">Operasyon Sonras\u0131 \u0130lk 24 Saat<\/h2>\n<\/p><\/div>\n<div>\n<p class=\"p-text\">\u0130yile\u015fme s\u00fcrecinizin ilk ve en kritik g\u00fcn\u00fc operasyonun bitti\u011fi an\u0131d\u0131r. Operasyon tamamland\u0131\u011f\u0131nda, don\u00f6r alan\u0131n\u0131z (k\u00f6klerin al\u0131nd\u0131\u011f\u0131 ense b\u00f6lgesi) \u00f6zel bir bandaj ile kapat\u0131l\u0131r. Ekim alan\u0131 ise a\u00e7\u0131k b\u0131rak\u0131l\u0131r. Bu ilk 24 saatte, klini\u011fimizde size verdi\u011fimiz ila\u00e7lar\u0131 (antibiyotik, a\u011fr\u0131 kesici) zaman\u0131nda kullanman\u0131z \u00e7ok \u00f6nemlidir. Ba\u015f\u0131n\u0131zda hafif bir gerginlik veya s\u0131z\u0131 hissetmeniz normaldir. Bu s\u00fcre\u00e7te en \u00f6nemli beklentimiz sizden dinlenmenizdir. Uykunuzu, size verdi\u011fimiz \u00f6zel boyun yast\u0131\u011f\u0131 ile s\u0131rt \u00fcst\u00fc pozisyonda ve ba\u015f\u0131n\u0131z y\u00fcksekte olacak \u015fekilde uyuman\u0131z\u0131 isteriz. Bu, hem ekim alan\u0131n\u0131 korur hem de \u00f6dem olu\u015fma riskini azalt\u0131r. Ayr\u0131ca bedenin kendini h\u0131zla onarabilmesi ve greftlerin sa\u011fl\u0131kl\u0131 tutunabilmesi i\u00e7in <strong><a href=\"https:\/\/drterziler.com\/tr\/sac-ekimi\/sac-ekimi-sonrasi-beslenme\/\">sa\u00e7 ekimi sonras\u0131 beslenme<\/a><\/strong> kurallar\u0131na ilk g\u00fcnden itibaren dikkat etmeniz s\u00fcrecin ba\u015far\u0131s\u0131n\u0131 do\u011frudan etkileyecektir.<\/p>\n<\/p><\/div>\n<\/p><\/div>\n<div>\n<div>\n<h2 class=\"h2-header\">\u0130lk Hafta Kritik D\u00f6nem<\/h2>\n<\/p><\/div>\n<div>\n<p class=\"p-text\">\u0130lk hafta, ekilen sa\u00e7 k\u00f6klerinin yeni yerlerine tutunmaya ba\u015flad\u0131\u011f\u0131 en hassas evredir. Bu d\u00f6nemde sosyal hayattan bir miktar uzak kalman\u0131z gerekebilir. Operasyondan 1 veya 2 g\u00fcn sonra sizi klini\u011fimize davet ederek ilk kontrol\u00fcn\u00fcz\u00fc ve pansuman\u0131n\u0131z\u0131 yapar\u0131z. Don\u00f6r alandaki bandaj\u0131n\u0131z \u00e7\u0131kar\u0131l\u0131r ve b\u00f6lge temizlenir. Bu a\u015famada, \u00f6zellikle ilk 3 g\u00fcn al\u0131n ve g\u00f6z \u00e7evresinde \u00f6dem (\u015fi\u015flik) g\u00f6r\u00fclmesi normal bir reaksiyondur. Bu \u00f6dem, yer\u00e7ekimi etkisiyle a\u015fa\u011f\u0131 do\u011fru inecek ve birka\u00e7 g\u00fcn i\u00e7inde tamamen kaybolacakt\u0131r. Buz uygulamas\u0131 ve bol su t\u00fcketimi bu s\u00fcreci h\u0131zland\u0131r\u0131r. \u0130lk y\u0131kama i\u015flemi, genellikle operasyonun 2. veya 3. g\u00fcn\u00fcnde, yine klini\u011fimizde bizim kontrol\u00fcm\u00fczde yap\u0131l\u0131r.<\/p>\n<\/p><\/div>\n<\/p><\/div>\n<div>\n<div>\n<h2 class=\"h2-header\">10 G\u00fcn ve Kabuklar\u0131n D\u00f6k\u00fclmesi<\/h2>\n<\/p><\/div>\n<div>\n<p class=\"p-text\">Operasyon sonras\u0131 10 g\u00fcnl\u00fck d\u00f6nem, iyile\u015fme s\u00fcrecinizin ilk \u00f6nemli d\u00f6n\u00fcm noktas\u0131d\u0131r. Bu s\u00fcre zarf\u0131nda ekim alan\u0131nda ve don\u00f6r b\u00f6lgede &#8220;kabuklanma&#8221; ad\u0131 verilen k\u00fc\u00e7\u00fck p\u0131ht\u0131 ve deri d\u00f6k\u00fcnt\u00fcleri olu\u015fur. Bu kabuklar, k\u00f6klerin tutunmas\u0131n\u0131 sa\u011flayan biyolojik bir bandaj g\u00f6revi g\u00f6r\u00fcr. Size \u00f6\u011fretti\u011fimiz \u00f6zel y\u0131kama rutinine 10 g\u00fcn boyunca her g\u00fcn devam etmenizi isteriz. Kulland\u0131\u011f\u0131m\u0131z \u00f6zel losyonlar ve \u015fampuanlar, bu kabuklar\u0131n yumu\u015famas\u0131n\u0131 sa\u011flar. Genellikle 10. g\u00fcnde sizi tekrar klini\u011fimize davet ederiz. Bu kontrolde, yumu\u015fayan kabuklar\u0131n tamam\u0131n\u0131n d\u00f6k\u00fclmesini sa\u011flayan \u00f6zel bir y\u0131kama yapar\u0131z. Kabuklar d\u00f6k\u00fcld\u00fc\u011f\u00fcnde, ekim alan\u0131 temizlenir ve altta hafif pembe bir cilt dokusu ile birlikte ekilen k\u0131sa sa\u00e7 k\u00f6kleri g\u00f6r\u00fcn\u00fcr hale gelir.<\/p>\n<\/p><\/div>\n<\/p><\/div>\n<div>\n<div>\n<h2 class=\"h2-header\">Aylar Baz\u0131nda Geli\u015fim S\u00fcreci<\/h2>\n<\/p><\/div>\n<div>\n<p class=\"p-text\"><strong>1. Ay ve \u015eok D\u00f6k\u00fclme Evresi:<\/strong> Kabuklar d\u00f6k\u00fcld\u00fckten sonra, ekilen sa\u00e7lar bir s\u00fcre daha sizinle kal\u0131r. Ancak operasyondan yakla\u015f\u0131k 3 hafta sonra &#8220;\u015eok D\u00f6k\u00fclme&#8221; ad\u0131 verilen bir s\u00fcre\u00e7 ba\u015flar. Bu evrede, operasyon travmas\u0131n\u0131 ya\u015fayan sa\u00e7 k\u00f6kleri, kendilerini koruma alt\u0131na alarak dinlenme (telogen) faz\u0131na ge\u00e7erler. Bu faz\u0131n bir gere\u011fi olarak, ekilen sa\u00e7 telleri d\u00f6k\u00fcl\u00fcr. Sa\u00e7 teli d\u00f6k\u00fclse bile, onu \u00fcretecek olan as\u0131l fabrika, yani sa\u00e7 k\u00f6k\u00fc (folik\u00fcl) deri alt\u0131nda g\u00fcvendedir ve ya\u015famaya devam etmektedir.<\/p>\n<p class=\"p-text\"><strong>3. Ay \u0130lk B\u00fcy\u00fcme Belirtileri:<\/strong> 3. ay\u0131n sonlar\u0131na do\u011fru sabr\u0131n\u0131z\u0131n ilk meyvelerini g\u00f6rmeye ba\u015flars\u0131n\u0131z. Deri alt\u0131nda dinlenen ve g\u00fc\u00e7lenen sa\u00e7 k\u00f6kleri, yeni sa\u00e7 tellerini \u00fcretmeye ba\u015flar. Bu ilk \u00e7\u0131kan sa\u00e7lar, genellikle zay\u0131f, t\u00fcy \u015feklinde olabilir. Bu d\u00f6nemde ekim alan\u0131nda sivilce benzeri k\u00fc\u00e7\u00fck kabart\u0131lar (folik\u00fclit) g\u00f6r\u00fclebilir. Bu durum, sa\u00e7\u0131n deriyi delerek \u00e7\u0131kmaya \u00e7al\u0131\u015ft\u0131\u011f\u0131n\u0131n bir i\u015faretidir.<\/p>\n<p class=\"p-text\"><strong>4. ve 6. Ay G\u00f6zle G\u00f6r\u00fcl\u00fcr De\u011fi\u015fim:<\/strong> \u0130yile\u015fme s\u00fcrecinizin en motive edici aylar\u0131 ba\u015flam\u0131\u015ft\u0131r. 4. aydan itibaren sa\u00e7lar hem say\u0131ca artar hem de kal\u0131nla\u015fmaya ba\u015flar. Ekim alan\u0131 yava\u015f yava\u015f kapanmaya, yo\u011funluk kazanmaya ba\u015flar. Art\u0131k aynaya bakt\u0131\u011f\u0131n\u0131zda sa\u00e7 ekimi yapt\u0131rd\u0131\u011f\u0131n\u0131z\u0131 net bir \u015fekilde fark edersiniz. Don\u00f6r alan\u0131n\u0131z ise bu s\u00fcre zarf\u0131nda tamamen iyile\u015fmi\u015f olur.<\/p>\n<p class=\"p-text\"><strong>6. Ay Yar\u0131 Yolu Tamamlamak:<\/strong> Operasyonun \u00fczerinden tam 6 ay ge\u00e7ti\u011finde, iyile\u015fme s\u00fcrecinizin yar\u0131s\u0131n\u0131 ba\u015far\u0131yla tamamlam\u0131\u015f olursunuz. \u00c7\u0131kan sa\u00e7lar art\u0131k belirgin bir uzunlu\u011fa ve kal\u0131nl\u0131\u011fa ula\u015fm\u0131\u015ft\u0131r. E\u011fer operasyonunuzu k\u0131\u015f aylar\u0131nda yapt\u0131rd\u0131ysan\u0131z, <a href=\"https:\/\/drterziler.com\/tr\/sac-ekimi\/kis-mevsiminde-sac-ektirme\/\">k\u0131\u015f mevsiminde sa\u00e7 ektirme<\/a> avantajlar\u0131n\u0131 bu d\u00f6nemde sa\u00e7lar\u0131n\u0131z\u0131n daha h\u0131zl\u0131 toparlanmas\u0131yla hissedebilirsiniz. Sa\u00e7 \u00e7izginiz belirginle\u015fmi\u015f, tepe b\u00f6lgenizdeki yo\u011funluk artm\u0131\u015ft\u0131r.<\/p>\n<p class=\"p-text\"><strong>8. ve 10. Ay Yo\u011funla\u015fma ve Kal\u0131nla\u015fma:<\/strong> Sonuca yakla\u015ft\u0131\u011f\u0131n\u0131z\u0131 en \u00e7ok hissetti\u011finiz d\u00f6nemdir. Bu d\u00f6nemde mevcut sa\u00e7lar\u0131n kalitesinde bir art\u0131\u015f g\u00f6zlemlersiniz. Sa\u00e7 telleri \u00e7ap olarak kal\u0131nla\u015f\u0131r, renkleri koyula\u015f\u0131r ve do\u011fal sa\u00e7 yap\u0131n\u0131za daha da uyum sa\u011flar. 8. aydan itibaren tepe b\u00f6lgesindeki yo\u011funla\u015fma da h\u0131z kazan\u0131r.<\/p>\n<p class=\"p-text\"><strong>12. Ay Nihai Sonu\u00e7 ve De\u011ferlendirme:<\/strong> Maratonun sonuna geldiniz. Operasyonunuzun birinci y\u0131l d\u00f6n\u00fcm\u00fcnde, art\u0131k nihai sonucu de\u011ferlendirme vaktidir. Bu a\u015famada, ekilen sa\u00e7 k\u00f6klerinin yakla\u015f\u0131k y\u00fczde 90 ila 100&#8217;\u00fc \u00e7\u0131km\u0131\u015f ve tam olgunlu\u011funa ula\u015fm\u0131\u015ft\u0131r. Sa\u00e7lar\u0131n\u0131z, don\u00f6r alandan al\u0131nd\u0131\u011f\u0131 i\u00e7in genetik olarak d\u00f6k\u00fclmemeye kodlanm\u0131\u015ft\u0131r ve \u00f6m\u00fcr boyu sizinle kalacakt\u0131r.<\/p>\n<\/p><\/div>\n<\/p><\/div>\n<div>\n<div>\n<h2 class=\"h2-header\">Sa\u00e7lar\u0131m\u0131 12 Aydan Sonra Boyayabilir Veya Kesebilir Miyim?<\/h2>\n<\/p><\/div>\n<div>\n<p class=\"p-text\">Evet, 12 ay\u0131n sonunda iyile\u015fme s\u00fcreciniz tamamen bitmi\u015f olur. Ekilen sa\u00e7lar art\u0131k sizin do\u011fal sa\u00e7lar\u0131n\u0131zd\u0131r. \u0130stedi\u011finiz gibi uzatabilir, diledi\u011finiz modelde kestirebilirsiniz. Sa\u00e7lar\u0131n\u0131z\u0131 boyatmak, f\u00f6n \u00e7ektirmek veya kozmetik \u00fcr\u00fcnler kullanmak i\u00e7in de bir engel kalmaz. Bu sa\u00e7lar, di\u011fer sa\u00e7lar\u0131n\u0131zdan farks\u0131zd\u0131r. T\u00fcm kuaf\u00f6rl\u00fck i\u015flemlerini g\u00fcvenle yapt\u0131rabilirsiniz.<\/p>\n<\/p><\/div>\n<\/p><\/div>\n<\/p><\/div>\n<\/section>\n","protected":false},"excerpt":{"rendered":"<p>Sa\u00e7 Ekimi \u0130yile\u015fme S\u00fcreci: 12 Ayl\u0131k Detayl\u0131 Rehber Sa\u00e7 ekimi operasyonu, modern t\u0131bb\u0131n sundu\u011fu en etkileyici estetik m\u00fcdahalelerden biridir. Ancak bu m\u00fcdahalenin ba\u015far\u0131s\u0131, sadece operasyon g\u00fcn\u00fc g\u00f6sterdi\u011fimiz cerrahi hassasiyetle s\u0131n\u0131rl\u0131 de\u011fildir. As\u0131l yolculuk, operasyondan sonra ba\u015flar ve bu yolculuk tam 12 ay s\u00fcrer. Genelde sa\u00e7 ekimi iyile\u015fme s\u00fcreci, sab\u0131r, do\u011fru bak\u0131m ve profesyonel takip gerektiren [&hellip;]<\/p>\n","protected":false},"author":6,"featured_media":0,"parent":1297,"menu_order":0,"comment_status":"closed","ping_status":"closed","template":"","meta":{"footnotes":""},"class_list":["post-55253","page","type-page","status-publish","hentry"],"_links":{"self":[{"href":"https:\/\/drterziler.com\/tr\/wp-json\/wp\/v2\/pages\/55253","targetHints":{"allow":["GET"]}}],"collection":[{"href":"https:\/\/drterziler.com\/tr\/wp-json\/wp\/v2\/pages"}],"about":[{"href":"https:\/\/drterziler.com\/tr\/wp-json\/wp\/v2\/types\/page"}],"author":[{"embeddable":true,"href":"https:\/\/drterziler.com\/tr\/wp-json\/wp\/v2\/users\/6"}],"replies":[{"embeddable":true,"href":"https:\/\/drterziler.com\/tr\/wp-json\/wp\/v2\/comments?post=55253"}],"version-history":[{"count":9,"href":"https:\/\/drterziler.com\/tr\/wp-json\/wp\/v2\/pages\/55253\/revisions"}],"predecessor-version":[{"id":60869,"href":"https:\/\/drterziler.com\/tr\/wp-json\/wp\/v2\/pages\/55253\/revisions\/60869"}],"up":[{"embeddable":true,"href":"https:\/\/drterziler.com\/tr\/wp-json\/wp\/v2\/pages\/1297"}],"wp:attachment":[{"href":"https:\/\/drterziler.com\/tr\/wp-json\/wp\/v2\/media?parent=55253"}],"curies":[{"name":"wp","href":"https:\/\/api.w.org\/{rel}","templated":true}]}}