{"id":55885,"date":"2025-12-26T09:05:17","date_gmt":"2025-12-26T09:05:17","guid":{"rendered":"https:\/\/drterziler.com\/hair-loss-clinical-facts\/"},"modified":"2026-02-28T20:29:10","modified_gmt":"2026-02-28T20:29:10","slug":"clascoterone-ve-sac-dokulmesi-klinik-gercekler","status":"publish","type":"page","link":"https:\/\/drterziler.com\/tr\/clascoterone-ve-sac-dokulmesi-klinik-gercekler\/","title":{"rendered":"Clascoterone ve Sa\u00e7 D\u00f6k\u00fclmesi \u2013 Klinik Ger\u00e7ekler"},"content":{"rendered":"\t\t<div data-elementor-type=\"wp-page\" data-elementor-id=\"55885\" class=\"elementor elementor-55885 elementor-55877\">\n\t\t\t\t<div class=\"elementor-element elementor-element-eb7f93f e-flex e-con-boxed e-con e-parent\" data-id=\"eb7f93f\" data-element_type=\"container\" data-settings=\"{&quot;background_background&quot;:&quot;classic&quot;}\">\n\t\t\t\t\t<div class=\"e-con-inner\">\n\t\t\t\t<div class=\"elementor-element elementor-element-55cc4ba elementor-widget elementor-widget-heading\" data-id=\"55cc4ba\" data-element_type=\"widget\" data-widget_type=\"heading.default\">\n\t\t\t\t\t<h2 class=\"elementor-heading-title elementor-size-default\">Add Your Heading Text Here<\/h2>\t\t\t\t<\/div>\n\t\t\t\t<div class=\"elementor-element elementor-element-5bae21c8 elementor-widget elementor-widget-text-editor\" data-id=\"5bae21c8\" data-element_type=\"widget\" data-widget_type=\"text-editor.default\">\n\t\t\t\t\t\t\t\t\t<p>Clascoterone, sa\u00e7 d\u00f6k\u00fclmesi konusunda son d\u00f6nemde s\u0131k\u00e7a konu\u015fulan bir i\u00e7eriktir. Ancak bu konuda dola\u015fan baz\u0131 iddialar, bilimsel verilerle tam olarak \u00f6rt\u00fc\u015fmemektedir. Bu \u00e7al\u0131\u015fma, Clascoterone\u2019un sa\u00e7 d\u00f6k\u00fclmesindeki ger\u00e7ek etkilerini a\u00e7\u0131k ve net bir \u015fekilde anlatmak, \u201c%537 sa\u00e7 art\u0131\u015f\u0131\u201d gibi yanl\u0131\u015f bilgileri d\u00fczeltmek amac\u0131yla haz\u0131rlanm\u0131\u015ft\u0131r. <br \/>Ayr\u0131ca Finasteride ve Minoxidil gibi bilinen tedavilerle kar\u015f\u0131la\u015ft\u0131r\u0131larak, Clascoterone\u2019un tek ba\u015f\u0131na bir mucize olmad\u0131\u011f\u0131; do\u011fru kombinasyonlarda destekleyici bir \u00fcr\u00fcn olarak de\u011ferlendirilebilece\u011fi ortaya konmu\u015ftur.<\/p>\t\t\t\t\t\t\t\t<\/div>\n\t\t\t\t<div class=\"elementor-element elementor-element-600dfc22 elementor-widget elementor-widget-shortcode\" data-id=\"600dfc22\" data-element_type=\"widget\" data-widget_type=\"shortcode.default\">\n\t\t\t\t\t\t\t<div class=\"elementor-shortcode\"><nav aria-label=\"breadcrumbs\" class=\"rank-math-breadcrumb\"><p><span class=\"last\">Dr. Terziler<\/span><\/p><\/nav><\/div>\n\t\t\t\t\t\t<\/div>\n\t\t\t\t\t<\/div>\n\t\t\t\t<\/div>\n\t\t<div class=\"elementor-element elementor-element-e9cce29 e-flex e-con-boxed e-con e-parent\" data-id=\"e9cce29\" data-element_type=\"container\">\n\t\t\t\t\t<div class=\"e-con-inner\">\n\t\t<div class=\"elementor-element elementor-element-61d9841c e-con-full e-flex e-con e-child\" data-id=\"61d9841c\" data-element_type=\"container\">\n\t\t\t\t<div class=\"elementor-element elementor-element-4bfbc325 elementor-widget elementor-widget-table-of-contents\" data-id=\"4bfbc325\" data-element_type=\"widget\" data-widget_type=\"table-of-contents.default\">\n\t\t\t\t<div class=\"elementor-widget-container\">\n\t\t\t\t\t \t\t\t\t<\/div>\n\t\t\t\t<\/div>\n\t\t\t\t<\/div>\n\t\t<div class=\"elementor-element elementor-element-4bea7ba e-con-full e-flex e-con e-child\" data-id=\"4bea7ba\" data-element_type=\"container\" data-settings=\"{&quot;background_background&quot;:&quot;classic&quot;}\">\n\t\t\t\t<div class=\"elementor-element elementor-element-767bbaf6 elementor-widget elementor-widget-html\" data-id=\"767bbaf6\" data-element_type=\"widget\" data-widget_type=\"html.default\">\n\t\t\t\t\t<script type=\"text\/javascript\" src=\"https:\/\/form.jotform.com\/jsform\/242882264736970\"><\/script>\t\t\t\t<\/div>\n\t\t\t\t<\/div>\n\t\t\t\t\t<\/div>\n\t\t\t\t<\/div>\n\t\t<div class=\"elementor-element elementor-element-4d7403fa e-flex e-con-boxed e-con e-parent\" data-id=\"4d7403fa\" data-element_type=\"container\">\n\t\t\t\t\t<div class=\"e-con-inner\">\n\t\t\t\t<div class=\"elementor-element elementor-element-6d7afd2a elementor-widget elementor-widget-image\" data-id=\"6d7afd2a\" data-element_type=\"widget\" data-widget_type=\"image.default\">\n\t\t\t\t\t\t\t\t\t\t\t\t\t\t\t<img fetchpriority=\"high\" decoding=\"async\" width=\"1920\" height=\"1080\" src=\"https:\/\/drterziler.com\/wp-content\/uploads\/2025\/12\/hair-loss-fact-serum.webp\" class=\"attachment-full size-full wp-image-55902\" alt=\"\" srcset=\"https:\/\/drterziler.com\/wp-content\/uploads\/2025\/12\/hair-loss-fact-serum.webp 1920w, https:\/\/drterziler.com\/wp-content\/uploads\/2025\/12\/hair-loss-fact-serum-300x169.webp 300w, https:\/\/drterziler.com\/wp-content\/uploads\/2025\/12\/hair-loss-fact-serum-1024x576.webp 1024w, https:\/\/drterziler.com\/wp-content\/uploads\/2025\/12\/hair-loss-fact-serum-768x432.webp 768w, https:\/\/drterziler.com\/wp-content\/uploads\/2025\/12\/hair-loss-fact-serum-1536x864.webp 1536w\" sizes=\"(max-width: 1920px) 100vw, 1920px\">\t\t\t\t\t\t\t\t\t\t\t\t\t\t\t<\/div>\n\t\t\t\t\t<\/div>\n\t\t\t\t<\/div>\n\t\t<div class=\"elementor-element elementor-element-2ed00694 e-flex e-con-boxed e-con e-parent\" data-id=\"2ed00694\" data-element_type=\"container\">\n\t\t\t\t\t<div class=\"e-con-inner\">\n\t\t<div class=\"elementor-element elementor-element-65ca4ab e-con-full e-flex e-con e-child\" data-id=\"65ca4ab\" data-element_type=\"container\">\n\t\t\t\t<div class=\"elementor-element elementor-element-4bdb7860 elementor-widget elementor-widget-text-editor\" data-id=\"4bdb7860\" data-element_type=\"widget\" data-widget_type=\"text-editor.default\">\n\t\t\t\t\t\t\t\t\t<h2 class=\"heading-text\">\u0130nsanlarda sa\u00e7 b\u00fcy\u00fcmesiyle ilgili ger\u00e7ekler<\/h2><p class=\"paragraph-text\"><strong>\u015eu anda:<\/strong><\/p><p class=\"paragraph-text\">\u274cRandomize, kontroll\u00fc, faz-3 insan \u00e7al\u0131\u015fmas\u0131 yok<\/p><p class=\"paragraph-text\">\u274c \u201c%537 sa\u00e7 art\u0131\u015f\u0131\u201d g\u00f6steren tek bir klinik veri yok<\/p><p class=\"paragraph-text\">\u274c FDA \/ EMA \/ k\u0131lavuzlarda b\u00f6yle bir oran yok<\/p><p><br \/><strong>Yani:<\/strong><br \/>\u0130nsanda sa\u00e7 say\u0131s\u0131, yo\u011funlu\u011fu veya \u00e7ap\u0131nda %537 art\u0131\u015f g\u00f6sterilmi\u015f de\u011fildir.<\/p><h2 class=\"heading-text\">Peki Clascoterone hi\u00e7 mi i\u015fe yaramaz?<\/h2><p class=\"paragraph-text\">Hay\u0131r. Potansiyeli var, ama s\u0131n\u0131r\u0131 bilinmeli.<\/p><p class=\"paragraph-text\"><strong>Muhtemel Etkileri:<\/strong><\/p><ul><li>DHT etkisi lokal olarak azalt\u0131r<\/li><li>Sebum ve inflamasyonu d\u00fc\u015f\u00fcr\u00fcr<\/li><li>Minyat\u00fcrizasyonu yava\u015flatabilir<\/li><\/ul><p><strong>Ancak:<\/strong><\/p><ul><li>Tek ba\u015f\u0131na g\u00fc\u00e7l\u00fc bir sa\u00e7 \u00e7\u0131kar\u0131c\u0131 de\u011fildir.<\/li><li>Finasteride gibi %60-70 DHT d\u00fc\u015f\u00fcrmez.<\/li><li>Minoxidil gibi anagen uyar\u0131m\u0131 yapmaz.<\/li><\/ul><h2 class=\"heading-text\">Finasteride &amp; Minoxidil ile kar\u015f\u0131la\u015ft\u0131rma (ger\u00e7ek\u00e7i)<\/h2><p>Finasteride \u2013 Klinik kan\u0131t: G\u00fc\u00e7l\u00fc \u2013 Sa\u00e7 \u00e7\u0131k\u0131\u015f\u0131: <strong class=\"stars\">\u2605\u2605\u2605\u2605<\/strong><\/p><p>Minoxidil \u2013 Klinik kan\u0131t: G\u00fc\u00e7l\u00fc \u2013 Sa\u00e7 \u00e7\u0131k\u0131\u015f\u0131: <strong class=\"stars\">\u2605\u2605\u2605\u2605<\/strong><\/p><p>Clascoterone \u2013 Klinik kan\u0131t: Zay\u0131f \/ erken \u2013 Sa\u00e7 \u00e7\u0131k\u0131\u015f\u0131: <strong class=\"stars\">\u2605\u2605<\/strong><\/p><p>Clascoterone + Minoxidil \u2013 Klinik kan\u0131t: Mant\u0131kl\u0131 \u2013 Sa\u00e7 \u00e7\u0131k\u0131\u015f\u0131: <strong class=\"stars\">\u2605\u2605\u2605<\/strong><\/p><p>Clascoterone + Fin + Min \u2013 Klinik kan\u0131t: Teorik g\u00fc\u00e7l\u00fc \u2013 Sa\u00e7 \u00e7\u0131k\u0131\u015f\u0131: <strong class=\"stars\">\u2605\u2605\u2605\u2605<\/strong><\/p><p class=\"paragraph-text\"><strong>As\u0131l rol\u00fc:<\/strong> destekleyici ajan<\/p><h2 class=\"paragraph-text\">Do\u011fru ifade nas\u0131l olmal\u0131yd\u0131?<\/h2><p class=\"paragraph-text\"><strong>\u274c Yanl\u0131\u015f:<\/strong><br \/>\u201cClascoterone sa\u00e7 b\u00fcy\u00fcmesini %537 art\u0131r\u0131r\u201d<\/p><p class=\"paragraph-text\"><span class=\"check\">\u2713 <\/span><strong>Do\u011fru:<\/strong><br \/>\u201cClascoterone, androjen resept\u00f6rlerini lokal olarak bloke ederek sa\u00e7 d\u00f6k\u00fclmesini destekleyici d\u00fczeyde yava\u015flatabilir; %537 sa\u00e7 art\u0131\u015f\u0131 g\u00f6sterilmi\u015f de\u011fildir.\u201d<\/p><h2 class=\"heading-text\">Son Net Karar<\/h2><p class=\"paragraph-text\">\u274c %537 iddias\u0131: yanl\u0131\u015f<\/p><p class=\"paragraph-text\">\u26a0 Bilimsel manip\u00fclasyon \/ pazarlama dili<\/p><p class=\"paragraph-text\"><span class=\"check\">\u2713 <\/span>Kombinasyonlarda mant\u0131kl\u0131 ama mucize de\u011fil<\/p>\t\t\t\t\t\t\t\t<\/div>\n\t\t\t\t<\/div>\n\t\t\t\t\t<\/div>\n\t\t\t\t<\/div>\n\t\t\t\t<\/div>\n\t\t","protected":false},"excerpt":{"rendered":"<p>Clascoterone ve Sa\u00e7 D\u00f6k\u00fclmesi \u2013 Klinik Ger\u00e7ekler Clascoterone, sa\u00e7 d\u00f6k\u00fclmesi konusunda son d\u00f6nemde s\u0131k\u00e7a konu\u015fulan bir i\u00e7eriktir. Ancak bu konuda dola\u015fan baz\u0131 iddialar, bilimsel verilerle tam olarak \u00f6rt\u00fc\u015fmemektedir. Bu \u00e7al\u0131\u015fma, Clascoterone\u2019un sa\u00e7 d\u00f6k\u00fclmesindeki ger\u00e7ek etkilerini a\u00e7\u0131k ve net bir \u015fekilde anlatmak, \u201c%537 sa\u00e7 art\u0131\u015f\u0131\u201d gibi yanl\u0131\u015f bilgileri d\u00fczeltmek amac\u0131yla haz\u0131rlanm\u0131\u015ft\u0131r. Ayr\u0131ca Finasteride ve Minoxidil gibi [&hellip;]<\/p>\n","protected":false},"author":6,"featured_media":0,"parent":0,"menu_order":0,"comment_status":"closed","ping_status":"closed","template":"","meta":{"footnotes":""},"class_list":["post-55885","page","type-page","status-publish","hentry"],"_links":{"self":[{"href":"https:\/\/drterziler.com\/tr\/wp-json\/wp\/v2\/pages\/55885","targetHints":{"allow":["GET"]}}],"collection":[{"href":"https:\/\/drterziler.com\/tr\/wp-json\/wp\/v2\/pages"}],"about":[{"href":"https:\/\/drterziler.com\/tr\/wp-json\/wp\/v2\/types\/page"}],"author":[{"embeddable":true,"href":"https:\/\/drterziler.com\/tr\/wp-json\/wp\/v2\/users\/6"}],"replies":[{"embeddable":true,"href":"https:\/\/drterziler.com\/tr\/wp-json\/wp\/v2\/comments?post=55885"}],"version-history":[{"count":16,"href":"https:\/\/drterziler.com\/tr\/wp-json\/wp\/v2\/pages\/55885\/revisions"}],"predecessor-version":[{"id":58530,"href":"https:\/\/drterziler.com\/tr\/wp-json\/wp\/v2\/pages\/55885\/revisions\/58530"}],"wp:attachment":[{"href":"https:\/\/drterziler.com\/tr\/wp-json\/wp\/v2\/media?parent=55885"}],"curies":[{"name":"wp","href":"https:\/\/api.w.org\/{rel}","templated":true}]}}