{"id":6108,"date":"2024-09-19T06:08:42","date_gmt":"2024-09-19T06:08:42","guid":{"rendered":"https:\/\/drterziler.com\/faq\/"},"modified":"2026-03-08T15:56:59","modified_gmt":"2026-03-08T15:56:59","slug":"sss","status":"publish","type":"page","link":"https:\/\/drterziler.com\/tr\/sac-ekimi\/sss\/","title":{"rendered":"SSS"},"content":{"rendered":"<div class=\"page-content\">\n<div id=\"header-area\">\n<div class=\"container\" id=\"firstContent\">\n<div class=\"header-content d-flex flex-column\">\n<h1 class=\"content-title h1-header\">SSS<\/h1>\n<div class=\"content-paragraph\">\n<p class=\"p-text\">\n<\/p><\/div>\n<nav aria-label=\"breadcrumb\" class=\"breadcrumbs\">\n<ul class=\"d-flex align-items-center mb-0\">\n<li><a class=\"link\" href=\"https:\/\/drterziler.com\/tr\/\"><span>Dr. Terziler<\/span><\/a><\/li>\n<li class=\"separator\">\u00bb<\/li>\n<li><a class=\"link\" href=\"https:\/\/drterziler.com\/tr\/sac-ekimi\/\"><span>Sa\u00e7 Ekimi<\/span><\/a><\/li>\n<li class=\"separator\">\u00bb<\/li>\n<li class=\"current-page\"><span>SSS<\/span><\/li>\n<\/ul>\n<\/nav><\/div>\n<\/p><\/div>\n<\/p><\/div>\n<\/div>\n<section id=\"content-area\">\n<div class=\"faq-container\">\n<div class=\"faq-item active\">\n    <button class=\"faq-question\"><span class=\"icon\">&#8211;<\/span> Sa\u00e7 ekimi i\u00e7in neden T\u00fcrkiye?<\/button><\/p>\n<div class=\"faq-answer\" style=\"display: block;\">\n<p>T\u00fcrkiye, sa\u00e7 ekimi alan\u0131nda d\u00fcnyaca \u00fcnl\u00fc bir merkezdir. Dr. Terziler Exclusive Clinic, bu alanda en iyi hizmeti veren lider kliniklerden biridir. Dr. Terziler, sa\u00e7 ekimi ve sa\u00e7 tedavileri konusunda y\u0131llar\u0131n deneyimine sahip bir uzmand\u0131r. Kendisi ve ekibi, en yeni ve en etkili teknikleri kullanarak her hastaya \u00f6zel \u00e7\u00f6z\u00fcmler sunar. Dr. Terziler Exclusive Clinic, hasta memnuniyetine b\u00fcy\u00fck \u00f6nem verir. Tedavi \u00f6ncesi, s\u0131ras\u0131 ve sonras\u0131ndaki t\u00fcm s\u00fcre\u00e7lerde hastalar\u0131n kendilerini g\u00fcvende ve rahat hissetmeleri i\u00e7in kapsaml\u0131 destek sa\u011flar.<\/p>\n<\/p><\/div>\n<\/p><\/div>\n<div class=\"faq-item\">\n    <button class=\"faq-question\"><span class=\"icon\">+<\/span> Sa\u00e7 ekimi pahal\u0131 bir i\u015flem midir?<\/button><\/p>\n<div class=\"faq-answer\">\n<p>Dr. Terziler Exclusive Clinic, y\u00fcksek kaliteli hizmetlerine ve teknolojik yap\u0131s\u0131na ra\u011fmen sa\u00e7 ekimini uygun fiyatlarla ger\u00e7ekle\u015ftirmektedir. Uzun vadeli sonu\u00e7lar g\u00f6z \u00f6n\u00fcne al\u0131nd\u0131\u011f\u0131nda, sa\u00e7 ekimi de\u011ferli bir yat\u0131r\u0131md\u0131r. Bir kez ve buna de\u011fecek bir yerde yap\u0131lmas\u0131 gereken bir i\u015flemdir.<\/p>\n<\/p><\/div>\n<\/p><\/div>\n<div class=\"faq-item\">\n    <button class=\"faq-question\"><span class=\"icon\">+<\/span>Sa\u00e7 ekimi i\u00e7in \u0130stanbul&#8217;da ne kadar kalmam gerekiyor?<\/button><\/p>\n<div class=\"faq-answer\">\n<p>Genellikle sa\u00e7 ekimi i\u00e7in \u0130stanbul&#8217;da 2 ile 3 g\u00fcn kalmak yeterlidir. Dr. Terziler Exclusive Clinic, bu s\u00fcre\u00e7te konforlu bir deneyim sunar ve her ad\u0131mda yan\u0131n\u0131zdad\u0131r. \u0130stanbul&#8217;un en iyi otellerinde konaklar ve VIP ara\u00e7lar\u0131m\u0131zla seyahat edersiniz.<\/p>\n<\/p><\/div>\n<\/p><\/div>\n<div class=\"faq-item\">\n    <button class=\"faq-question\"><span class=\"icon\">+<\/span> Sa\u00e7 ekiminde kullan\u0131lan t\u0131bbi malzemeler tek kullan\u0131ml\u0131k m\u0131d\u0131r?<\/button><\/p>\n<div class=\"faq-answer\">\n<p>Evet, Dr. Terziler Exclusive Clinic&#8217;te sa\u00e7 ekiminde kullan\u0131lan t\u0131bbi malzemeler tek kullan\u0131ml\u0131kt\u0131r. Bu, enfeksiyon riski olmaks\u0131z\u0131n hastalar i\u00e7in en y\u00fcksek hijyen standartlar\u0131n\u0131 sa\u011flar.<\/p>\n<p>   0 <\/p><\/div>\n<\/p><\/div>\n<div class=\"faq-item\">\n    <button class=\"faq-question\"><span class=\"icon\">+<\/span>Sa\u00e7 ekimi i\u00e7in geldi\u011fimde nerede kalaca\u011f\u0131m?<\/button><\/p>\n<div class=\"faq-answer\">\n<p>Dr. Terziler Exclusive Hair Clinic olarak, hastalar\u0131m\u0131za en \u00fcst d\u00fczeyde konfor ve memnuniyet sa\u011flamak amac\u0131yla 5 y\u0131ld\u0131zl\u0131 otellerde konaklama imkan\u0131 sunuyoruz. Bu sayede tedavi s\u00fcreciniz boyunca konforlu ve l\u00fcks bir konaklama deneyimi ya\u015fayabilirsiniz.<\/p>\n<\/p><\/div>\n<\/p><\/div>\n<div class=\"faq-item\">\n    <button class=\"faq-question\"><span class=\"icon\">+<\/span>Beni havaliman\u0131ndan kim alacak?<\/button><\/p>\n<div class=\"faq-answer\">\n<p>Dr. Terziler Exclusive Clinic, sizi havaliman\u0131ndan alacak ve klini\u011fe konforlu bir \u015fekilde ula\u015fman\u0131z\u0131 sa\u011flayacak VIP transfer hizmeti sunmaktad\u0131r.<\/p>\n<\/p><\/div>\n<\/p><\/div>\n<div class=\"faq-item\">\n    <button class=\"faq-question\"><span class=\"icon\">+<\/span>Ailemle birlikte klini\u011fe geldi\u011fimizde rahat edebilir miyiz?<\/button><\/p>\n<div class=\"faq-answer\">\n<p>Evet, Dr. Terziler Exclusive Clinic&#8217;te aileler i\u00e7in konforlu ve rahatlat\u0131c\u0131 bir ortam sa\u011flanmaktad\u0131r. Ailenizle geldi\u011finizde rahat edece\u011finizden emin olabilirsiniz \u00e7\u00fcnk\u00fc VIP odalar\u0131m\u0131zda hasta yak\u0131nlar\u0131 bir otel odas\u0131 konforunu ya\u015fayabilirler. Odada ki\u015fiye \u00f6zel yatak, banyo, televizyon ve internet bulunmaktad\u0131r. Ayr\u0131ca klini\u011fimizde y\u00fcksek kalitede hizmet veren bir restoran\/kafe bulunmaktad\u0131r. Misafirlerimiz lezzetli men\u00fcden diledikleri yeme\u011fi sipari\u015f edip yiyebilirler.<\/p>\n<\/p><\/div>\n<\/p><\/div>\n<div class=\"faq-item\">\n    <button class=\"faq-question\"><span class=\"icon\">+<\/span>T\u0131ra\u015fs\u0131z sa\u00e7 ekimi m\u00fcmk\u00fcn m\u00fc?<\/button><\/p>\n<div class=\"faq-answer\">\n<p>Evet, Dr. Terziler Exclusive Clinic&#8217;te t\u0131ra\u015fs\u0131z sa\u00e7 ekimi m\u00fcmk\u00fcnd\u00fcr. Bu y\u00f6ntemle sa\u00e7lar\u0131n\u0131z kesilmeden ekim i\u015flemi yap\u0131labilmektedir.<\/p>\n<\/p><\/div>\n<\/p><\/div>\n<div class=\"faq-item\">\n    <button class=\"faq-question\"><span class=\"icon\">+<\/span>Sa\u00e7 ekimi yapt\u0131rmadan sa\u00e7lar\u0131 \u00e7o\u011faltmak m\u00fcmk\u00fcn m\u00fc?<\/button><\/p>\n<div class=\"faq-answer\">\n<p>Evet, Dr. Terziler Exclusive Clinic&#8217;te sa\u00e7 g\u00fc\u00e7lendirme ve \u00e7o\u011faltma tedavileri sunulmaktad\u0131r. Bu tedaviler sa\u00e7 d\u00f6k\u00fclmesini azaltabilir, mevcut sa\u00e7lar\u0131 g\u00fc\u00e7lendirebilir ve \u00e7o\u011faltabilir.<\/p>\n<\/p><\/div>\n<\/p><\/div>\n<div class=\"faq-item\">\n    <button class=\"faq-question\"><span class=\"icon\">+<\/span>FUE ve DHI sa\u00e7 ekimi aras\u0131ndaki fark nedir?<\/button><\/p>\n<div class=\"faq-answer\">\n<p>Evet, Dr. Terziler Exclusive Clinic&#8217;te sa\u00e7 g\u00fc\u00e7lendirme ve \u00e7o\u011faltma tedavileri sunulmaktad\u0131r. Bu tedaviler sa\u00e7 d\u00f6k\u00fclmesini azaltabilir, mevcut sa\u00e7lar\u0131 g\u00fc\u00e7lendirebilir ve \u00e7o\u011faltabilir.<\/p>\n<\/p><\/div>\n<\/p><\/div>\n<div class=\"faq-item\">\n    <button class=\"faq-question\"><span class=\"icon\">+<\/span>Kad\u0131nlar da sa\u00e7 ekimi yapt\u0131rabilir mi?<\/button><\/p>\n<div class=\"faq-answer\">\n<p>Evet, kad\u0131nlar da Dr. Terziler Exclusive Clinic&#8217;te sa\u00e7 ekimi yapt\u0131rabilirler. Sa\u00e7\u0131n kad\u0131nlar i\u00e7in ne anlama geldi\u011finin bilincinde olarak, kad\u0131nlara \u00f6zel \u00e7\u00f6z\u00fcmler sunarak en iyi sonu\u00e7lar\u0131 almalar\u0131n\u0131 sa\u011fl\u0131yoruz. Ayr\u0131ca ge\u00e7ici bir \u00e7\u00f6z\u00fcm olan ve s\u00fcrekli yenilenmesi gereken sa\u00e7 protezi gibi tekniklerin sa\u00e7a zarar verdi\u011finin, sa\u00e7 ekiminin ise tek seferlik, daha uygun ve kal\u0131c\u0131 bir \u00e7\u00f6z\u00fcm oldu\u011funun fark\u0131nday\u0131z.<\/p>\n<\/p><\/div>\n<\/p><\/div>\n<div class=\"faq-item\">\n    <button class=\"faq-question\"><span class=\"icon\">+<\/span>Sakal ekimi yap\u0131l\u0131yor mu?<\/button><\/p>\n<div class=\"faq-answer\">\n<p>Evet, Dr. Terziler Exclusive Clinic&#8217;te sakal ekimi yap\u0131lmaktad\u0131r. Do\u011fal ve estetik g\u00f6r\u00fcn\u00fcml\u00fc sakallar i\u00e7in en son teknikler kullan\u0131l\u0131r. Sakal bir erke\u011fin makyaj\u0131d\u0131r ve kal\u0131c\u0131 bir \u00e7\u00f6z\u00fcmd\u00fcr. Bunun bilincinde olarak, ki\u015finin iste\u011fine g\u00f6re milimetrik hesaplamalarla sakal ekimi ger\u00e7ekle\u015ftirilir.<\/p>\n<\/p><\/div>\n<\/p><\/div>\n<div class=\"faq-item\">\n    <button class=\"faq-question\"><span class=\"icon\">+<\/span>Ka\u015f ekimi do\u011fal bir y\u00f6ntem midir?<\/button><\/p>\n<div class=\"faq-answer\">\n<p>Evet, ka\u015f ekimi do\u011fal ve etkili bir y\u00f6ntemdir. Dr. Terziler Exclusive Clinic&#8217;te do\u011fal g\u00f6r\u00fcn\u00fcml\u00fc ve estetik sonu\u00e7lar elde etmek i\u00e7in en son teknikler kullan\u0131l\u0131r. Ayr\u0131ca 20 y\u0131l\u0131 a\u015fk\u0131n deneyime sahip ekibimiz, ka\u015f\u0131n kad\u0131nlar i\u00e7in \u00f6neminin bilincindedir ve ka\u015f a\u00e7\u0131s\u0131 ile s\u0131kl\u0131\u011f\u0131 a\u00e7\u0131s\u0131ndan en do\u011fal sonucu vermek i\u00e7in \u00e7al\u0131\u015fmaktad\u0131r.<\/p>\n<\/p><\/div>\n<\/p><\/div>\n<div class=\"faq-item\">\n    <button class=\"faq-question\"><span class=\"icon\">+<\/span>\u0130stanbul&#8217;da gezilecek yerler nerelerdir?<\/button><\/p>\n<div class=\"faq-answer\">\n<p>\u0130stanbul&#8217;da Ayasofya, Sultanahmet Camii, Topkap\u0131 Saray\u0131 ve Kapal\u0131\u00e7ar\u015f\u0131 gibi bir\u00e7ok tarihi ve turistik yer bulunmaktad\u0131r. Ayr\u0131ca klini\u011fimiz \u0130stanbul&#8217;un en l\u00fcks b\u00f6lgesinde yer almaktad\u0131r. Pop\u00fcler al\u0131\u015fveri\u015f merkezlerine ve restoranlara \u00e7ok yak\u0131nd\u0131r. Dr. Terziler Exclusive Clinic, ziyaretiniz s\u0131ras\u0131nda size rehberlik \u00f6nerileri sunar.<\/p>\n<\/p><\/div>\n<\/p><\/div>\n<\/p><\/div>\n<\/section>\n","protected":false},"excerpt":{"rendered":"<p>SSS Dr. Terziler \u00bb Sa\u00e7 Ekimi \u00bb SSS &#8211; Sa\u00e7 ekimi i\u00e7in neden T\u00fcrkiye? T\u00fcrkiye, sa\u00e7 ekimi alan\u0131nda d\u00fcnyaca \u00fcnl\u00fc bir merkezdir. Dr. Terziler Exclusive Clinic, bu alanda en iyi hizmeti veren lider kliniklerden biridir. Dr. Terziler, sa\u00e7 ekimi ve sa\u00e7 tedavileri konusunda y\u0131llar\u0131n deneyimine sahip bir uzmand\u0131r. Kendisi ve ekibi, en yeni ve en [&hellip;]<\/p>\n","protected":false},"author":6,"featured_media":0,"parent":1297,"menu_order":0,"comment_status":"closed","ping_status":"closed","template":"","meta":{"footnotes":""},"class_list":["post-6108","page","type-page","status-publish","hentry"],"_links":{"self":[{"href":"https:\/\/drterziler.com\/tr\/wp-json\/wp\/v2\/pages\/6108","targetHints":{"allow":["GET"]}}],"collection":[{"href":"https:\/\/drterziler.com\/tr\/wp-json\/wp\/v2\/pages"}],"about":[{"href":"https:\/\/drterziler.com\/tr\/wp-json\/wp\/v2\/types\/page"}],"author":[{"embeddable":true,"href":"https:\/\/drterziler.com\/tr\/wp-json\/wp\/v2\/users\/6"}],"replies":[{"embeddable":true,"href":"https:\/\/drterziler.com\/tr\/wp-json\/wp\/v2\/comments?post=6108"}],"version-history":[{"count":26,"href":"https:\/\/drterziler.com\/tr\/wp-json\/wp\/v2\/pages\/6108\/revisions"}],"predecessor-version":[{"id":59933,"href":"https:\/\/drterziler.com\/tr\/wp-json\/wp\/v2\/pages\/6108\/revisions\/59933"}],"up":[{"embeddable":true,"href":"https:\/\/drterziler.com\/tr\/wp-json\/wp\/v2\/pages\/1297"}],"wp:attachment":[{"href":"https:\/\/drterziler.com\/tr\/wp-json\/wp\/v2\/media?parent=6108"}],"curies":[{"name":"wp","href":"https:\/\/api.w.org\/{rel}","templated":true}]}}