{"id":61399,"date":"2026-04-06T10:56:56","date_gmt":"2026-04-06T10:56:56","guid":{"rendered":"https:\/\/drterziler.com\/?page_id=61399"},"modified":"2026-04-06T12:18:19","modified_gmt":"2026-04-06T12:18:19","slug":"doktorlar","status":"publish","type":"page","link":"https:\/\/drterziler.com\/tr\/doktorlar\/","title":{"rendered":"Doktorlar"},"content":{"rendered":"<style>\n    .sub-doctors {\n        margin-top: 40px;\n        max-width: 800px;\n        margin-left: auto;\n        margin-right: auto;\n    }\n    .sub-doctor-item {\n        display: flex;\n        align-items: center;\n        gap: 30px;\n        margin-bottom: 30px;\n        padding: 20px;\n        background: transparent;\n    }\n    .sub-doctor-img {\n        flex-shrink: 0;\n    }\n    .svc-item .svc-media img {\n        width: 100%;\n        max-width: 600px;\n        height: 600px;\n        object-fit: cover;\n        border-radius: 10px;\n    }\n    .sub-doctor-img img {\n        width: 300px;\n        height: 300px;\n        object-fit: cover;\n        border-radius: 8px;\n    }\n    .sub-doctor-info {\n        flex: 1;\n        margin-left: 50px;\n    }\n    .sub-doctor-info .svc-title {\n        margin-bottom: 5px;\n    }\n    .sub-doctor-specialty {\n        display: block;\n        font-size: 14px;\n        color: #888;\n        font-weight: bold;\n        margin-bottom: 10px;\n    }\n    .sub-doctor-info .svc-text {\n        margin-bottom: 0;\n    }\n    @media (max-width: 768px) {\n        .sub-doctor-item {\n            flex-direction: column;\n            text-align: center;\n            gap: 15px;\n        }\n        .sub-doctor-info {\n            margin-left: 0;\n            margin-top: 10px;\n        }\n        .sub-doctor-img img {\n            width: 225px;\n            height: 225px;\n        }\n        .svc-item .svc-card {\n            text-align: center;\n        }\n        .svc-item .svc-media img {\n            height: 840px;\n        }\n    }\n<\/style>\n<div class=\"page-content category-page\">\n<div id=\"header-area\">\n<div id=\"firstContent\" class=\"container\">\n<div class=\"header-content d-flex flex-column\">\n<h1 class=\"content-title\">Doktorlar\u0131m\u0131z<\/h1>\n<div class=\"content-paragraph\">\n<p class=\"p-text\">Uzman doktor kadromuz, en son teknoloji ve yenilik\u00e7i tedavi y\u00f6ntemlerini kullanarak hastalar\u0131m\u0131za en iyi sa\u011fl\u0131k hizmetlerini sunmaktad\u0131r. Kendi alanlar\u0131nda deneyimli doktorlar\u0131m\u0131z\u0131n her biri, hastalar\u0131n sa\u011fl\u0131k hedeflerine ula\u015fmalar\u0131na yard\u0131mc\u0131 olmak i\u00e7in ki\u015fiselle\u015ftirilmi\u015f tedavi planlar\u0131 olu\u015fturur.<\/p>\n<\/p><\/div>\n<nav class=\"breadcrumbs\" aria-label=\"breadcrumb\">\n<ul class=\"d-flex align-items-center mb-0\">\n<li><a class=\"link\" href=\"https:\/\/drterziler.com\/tr\/\">Dr. Terziler<\/a><\/li>\n<li class=\"separator\">\u00bb<\/li>\n<li class=\"current-page\">Doktorlar\u0131m\u0131z<\/li>\n<\/ul>\n<\/nav><\/div>\n<\/p><\/div>\n<\/p><\/div>\n<\/div>\n<section class=\"svc-section\">\n<div class=\"container\">\n<div class=\"svc-item right-card\">\n<div><img loading=\"lazy\" decoding=\"async\" class=\"cat-img alignnone\"\n                    src=\"https:\/\/drterziler.com\/wp-content\/uploads\/2025\/02\/Servet-Terziler-1-x-1-1.jpg\" alt=\"Dr. Servet Terziler\"\n                    width=\"600\" height=\"600\" \/><\/div>\n<div class=\"svc-card\">\n<h3 class=\"svc-title gilda\">Dr. Servet Terziler<\/h3>\n<p class=\"svc-text barlow\">Lorem ipsum dolor sit amet, consectetur adipiscing elit. Sed do eiusmod tempor incididunt ut labore et dolore magna aliqua. Ut enim ad minim veniam, quis nostrud exercitation ullamco laboris nisi ut aliquip ex ea commodo consequat. Duis aute irure dolor in reprehenderit in voluptate velit esse cillum dolore eu fugiat nulla pariatur.<\/p>\n<\/p><\/div>\n<\/p><\/div>\n<div class=\"sub-doctors\">\n<div class=\"sub-doctor-item d-flex align-items-center\">\n<div class=\"sub-doctor-img\">\n                    <img loading=\"lazy\" decoding=\"async\" src=\"https:\/\/drterziler.com\/wp-content\/uploads\/2026\/03\/kursat_hoca_1.webp\" alt=\"Dr. K\u00fcr\u015fat Yalva\u00e7\" width=\"150\" height=\"150\" \/>\n                <\/div>\n<div class=\"sub-doctor-info\">\n<h3 class=\"svc-title gilda\">Dr. K\u00fcr\u015fat Yalva\u00e7<\/h3>\n<p>                    <span class=\"sub-doctor-specialty barlow\">Medikal Estetik Hekimi<\/span><\/p>\n<p class=\"svc-text barlow\">Lorem ipsum dolor sit amet, consectetur adipiscing elit. Sed do eiusmod tempor incididunt ut labore et dolore magna aliqua. Ut enim ad minim veniam, quis nostrud exercitation ullamco laboris nisi ut aliquip ex ea commodo consequat.<\/p>\n<\/p><\/div>\n<\/p><\/div>\n<div class=\"sub-doctor-item d-flex align-items-center\">\n<div class=\"sub-doctor-img\">\n                    <img loading=\"lazy\" decoding=\"async\" src=\"https:\/\/drterziler.com\/wp-content\/uploads\/2026\/03\/Semra-Uludemir_11zon.webp\" alt=\"Dr. Semra Uludemir\" width=\"150\" height=\"150\" \/>\n                <\/div>\n<div class=\"sub-doctor-info\">\n<h3 class=\"svc-title gilda\">Dr. Semra Uludemir<\/h3>\n<p>                    <span class=\"sub-doctor-specialty barlow\">Anestezi Doktoru<\/span><\/p>\n<p class=\"svc-text barlow\">Lorem ipsum dolor sit amet, consectetur adipiscing elit. Sed do eiusmod tempor incididunt ut labore et dolore magna aliqua. Ut enim ad minim veniam, quis nostrud exercitation ullamco laboris nisi ut aliquip ex ea commodo consequat.<\/p>\n<\/p><\/div>\n<\/p><\/div>\n<div class=\"sub-doctor-item d-flex align-items-center\">\n<div class=\"sub-doctor-img\">\n                    <img loading=\"lazy\" decoding=\"async\" src=\"https:\/\/drterziler.com\/wp-content\/uploads\/2025\/04\/dr-dogukan-sokmen.webp\" alt=\"Op. Dr. Do\u011fukan S\u00f6kmen\" width=\"150\" height=\"150\" \/>\n                <\/div>\n<div class=\"sub-doctor-info\">\n<h3 class=\"svc-title gilda\">Op. Dr. Do\u011fukan S\u00f6kmen<\/h3>\n<p>                    <span class=\"sub-doctor-specialty barlow\">Cerrah<\/span><\/p>\n<p class=\"svc-text barlow\">Lorem ipsum dolor sit amet, consectetur adipiscing elit. Sed do eiusmod tempor incididunt ut labore et dolore magna aliqua. Ut enim ad minim veniam, quis nostrud exercitation ullamco laboris nisi ut aliquip ex ea commodo consequat.<\/p>\n<\/p><\/div>\n<\/p><\/div>\n<\/p><\/div>\n<\/p><\/div>\n<\/section>\n","protected":false},"excerpt":{"rendered":"<p>Doktorlar\u0131m\u0131z Uzman doktor kadromuz, en son teknoloji ve yenilik\u00e7i tedavi y\u00f6ntemlerini kullanarak hastalar\u0131m\u0131za en iyi sa\u011fl\u0131k hizmetlerini sunmaktad\u0131r. Kendi alanlar\u0131nda deneyimli doktorlar\u0131m\u0131z\u0131n her biri, hastalar\u0131n sa\u011fl\u0131k hedeflerine ula\u015fmalar\u0131na yard\u0131mc\u0131 olmak i\u00e7in ki\u015fiselle\u015ftirilmi\u015f tedavi planlar\u0131 olu\u015fturur. Dr. Terziler \u00bb Doktorlar\u0131m\u0131z Dr. Servet Terziler Lorem ipsum dolor sit amet, consectetur adipiscing elit. Sed do eiusmod tempor incididunt [&hellip;]<\/p>\n","protected":false},"author":6,"featured_media":0,"parent":0,"menu_order":0,"comment_status":"closed","ping_status":"closed","template":"","meta":{"footnotes":""},"class_list":["post-61399","page","type-page","status-publish","hentry"],"_links":{"self":[{"href":"https:\/\/drterziler.com\/tr\/wp-json\/wp\/v2\/pages\/61399","targetHints":{"allow":["GET"]}}],"collection":[{"href":"https:\/\/drterziler.com\/tr\/wp-json\/wp\/v2\/pages"}],"about":[{"href":"https:\/\/drterziler.com\/tr\/wp-json\/wp\/v2\/types\/page"}],"author":[{"embeddable":true,"href":"https:\/\/drterziler.com\/tr\/wp-json\/wp\/v2\/users\/6"}],"replies":[{"embeddable":true,"href":"https:\/\/drterziler.com\/tr\/wp-json\/wp\/v2\/comments?post=61399"}],"version-history":[{"count":3,"href":"https:\/\/drterziler.com\/tr\/wp-json\/wp\/v2\/pages\/61399\/revisions"}],"predecessor-version":[{"id":61404,"href":"https:\/\/drterziler.com\/tr\/wp-json\/wp\/v2\/pages\/61399\/revisions\/61404"}],"wp:attachment":[{"href":"https:\/\/drterziler.com\/tr\/wp-json\/wp\/v2\/media?parent=61399"}],"curies":[{"name":"wp","href":"https:\/\/api.w.org\/{rel}","templated":true}]}}