{"id":61655,"date":"2026-04-10T12:45:25","date_gmt":"2026-04-10T12:45:25","guid":{"rendered":"https:\/\/drterziler.com\/womans-sexual-health\/"},"modified":"2026-04-10T17:35:00","modified_gmt":"2026-04-10T17:35:00","slug":"kadin-cinsel-sagligi","status":"publish","type":"page","link":"https:\/\/drterziler.com\/tr\/kadin-cinsel-sagligi\/","title":{"rendered":"Kad\u0131n Cinsel Sa\u011fl\u0131\u011f\u0131"},"content":{"rendered":"<div class=\"page-content category-page\">\n<div id=\"header-area\">\n<div class=\"container\" id=\"firstContent\">\n<div class=\"header-content d-flex flex-column\">\n<h1 class=\"content-title\">Kad\u0131n Cinsel Sa\u011fl\u0131\u011f\u0131<\/h1>\n<div class=\"content-paragraph\">\n<p>Kad\u0131n cinsel sa\u011fl\u0131\u011f\u0131 uygulamalar\u0131; ya\u015flanma, do\u011fum veya yap\u0131sal etkenlerin bedende b\u0131rakt\u0131\u011f\u0131 izlere \u00e7\u00f6z\u00fcmler \u00fcretir. Yenilik\u00e7i medikal ve cerrahi prosed\u00fcrlerle anatomik denge sa\u011flan\u0131r. Nihai hedef, fonksiyonel konforunuzu geri kazand\u0131r\u0131rken estetik kayg\u0131lar\u0131 gidermek ve cinsel ya\u015fam kalitenizi en \u00fcst seviyeye ta\u015f\u0131makt\u0131r.<\/p>\n<\/p><\/div>\n<nav aria-label=\"breadcrumb\" class=\"breadcrumbs\">\n<ul class=\"d-flex align-items-center mb-0\">\n<li><a class=\"link\" href=\"https:\/\/drterziler.com\/tr\/\"><span>Dr. Terziler<\/span><\/a><\/li>\n<li class=\"separator\">\u00bb<\/li>\n<li><a class=\"link\" href=\"https:\/\/drterziler.com\/tr\/longevity\/\"><span>Reset Program<\/span><\/a><\/li>\n<li class=\"separator\">\u00bb<\/li>\n<li class=\"current-page\"><span>Kad\u0131n Cinsel Sa\u011fl\u0131\u011f\u0131<\/span><\/li>\n<\/ul>\n<\/nav><\/div>\n<\/p><\/div>\n<\/p><\/div>\n<\/div>\n<section class=\"svc-section\">\n<div class=\"container\">\n<div class=\"svc-item right-card\">\n<div class=\"svc-media\">\n                <img decoding=\"async\" src=\"https:\/\/drterziler.com\/wp-content\/uploads\/2026\/04\/klitoral.webp\" alt=\"Longevity\" loading=\"lazy\" class=\"cat-img\">\n            <\/div>\n<div class=\"svc-card\">\n<h3 class=\"svc-title gilda\">Klitoral Hudoplasti<\/h3>\n<p class=\"svc-text barlow\">\n                    Klitoral hudoplasti, klitoris \u00e7evresindeki fazla deri katlant\u0131lar\u0131n\u0131n k\u00fc\u00e7\u00fclt\u00fcld\u00fc\u011f\u00fc hassas bir cerrahi i\u015flemdir. S\u00fcrt\u00fcnmeye ba\u011fl\u0131 rahats\u0131zl\u0131k ve hijyen problemlerini ortadan kald\u0131r\u0131r. Estetik ve dengeli bir g\u00f6r\u00fcn\u00fcm sa\u011flayarak kad\u0131n\u0131n bedensel \u00f6zg\u00fcvenini ve cinsel hazz\u0131n\u0131 art\u0131r\u0131r.\n                <\/p>\n<p>                <a class=\"btn-details barlow-condensed\" href=\"https:\/\/drterziler.com\/tr\/kadin-cinsel-sagligi\/klitoral-hudoplasti\/\">DETAYLAR<\/a>\n            <\/div>\n<\/p><\/div>\n<div class=\"svc-item left-card\">\n<div class=\"svc-media\">\n                <img decoding=\"async\" src=\"https:\/\/drterziler.com\/wp-content\/uploads\/2026\/04\/Lobioplasti.webp\" alt=\"Men's Sexual Health\" loading=\"lazy\" class=\"cat-img\">\n            <\/div>\n<div class=\"svc-card\">\n<h3 class=\"svc-title gilda\">Labioplasti<\/h3>\n<p class=\"svc-text barlow\">\n                    Labioplasti, sark\u0131k, b\u00fcy\u00fck veya asimetrik i\u00e7 dudaklar\u0131n yeniden boyutland\u0131r\u0131larak do\u011fal formuna kavu\u015fturulmas\u0131d\u0131r. Dar k\u0131yafetlerde veya spor yaparken hissedilen rahats\u0131zl\u0131klar\u0131 kal\u0131c\u0131 olarak \u00e7\u00f6zer. Simetrik ve estetik bir g\u00f6r\u00fcn\u00fcm yaratarak kad\u0131na g\u00fcnl\u00fck ya\u015fam\u0131nda \u00f6zg\u00fcven ve konfor sa\u011flar.\n                <\/p>\n<p>                <a class=\"btn-details barlow-condensed\" href=\"https:\/\/drterziler.com\/tr\/kadin-cinsel-sagligi\/labioplasti\/\">DETAYLAR<\/a>\n            <\/div>\n<\/p><\/div>\n<div class=\"svc-item right-card\">\n<div class=\"svc-media\">\n                <img decoding=\"async\" src=\"https:\/\/drterziler.com\/wp-content\/uploads\/2026\/04\/vajinoplasti.webp\" alt=\"Woman's Sexual Health\" loading=\"lazy\" class=\"cat-img\">\n            <\/div>\n<div class=\"svc-card\">\n<h3 class=\"svc-title gilda\">Vajinoplasti<\/h3>\n<p class=\"svc-text barlow\">\n                    Vajinoplasti, do\u011fum veya ya\u015flanma etkisiyle s\u0131k\u0131l\u0131\u011f\u0131n\u0131 kaybeden vajina kanal\u0131n\u0131n cerrahi olarak daralt\u0131l\u0131p onar\u0131lmas\u0131d\u0131r. Gev\u015feyen dokular toparlanarak vajinal b\u00f6lge anatomik darl\u0131\u011f\u0131na ve sa\u011fl\u0131\u011f\u0131na kavu\u015fturulur. Bu i\u015flem, fonksiyonel \u015fikayetleri giderirken kad\u0131n\u0131n cinsel ya\u015fam kalitesini ve hayat konforunu y\u00fckseltir.\n                <\/p>\n<p>                <a class=\"btn-details barlow-condensed\" href=\"https:\/\/drterziler.com\/tr\/kadin-cinsel-sagligi\/vajinoplasti\/\">DETAYLAR<\/a>\n            <\/div>\n<\/p><\/div>\n<\/p><\/div>\n<\/section>\n","protected":false},"excerpt":{"rendered":"<p>Kad\u0131n Cinsel Sa\u011fl\u0131\u011f\u0131 Kad\u0131n cinsel sa\u011fl\u0131\u011f\u0131 uygulamalar\u0131; ya\u015flanma, do\u011fum veya yap\u0131sal etkenlerin bedende b\u0131rakt\u0131\u011f\u0131 izlere \u00e7\u00f6z\u00fcmler \u00fcretir. Yenilik\u00e7i medikal ve cerrahi prosed\u00fcrlerle anatomik denge sa\u011flan\u0131r. Nihai hedef, fonksiyonel konforunuzu geri kazand\u0131r\u0131rken estetik kayg\u0131lar\u0131 gidermek ve cinsel ya\u015fam kalitenizi en \u00fcst seviyeye ta\u015f\u0131makt\u0131r. Dr. Terziler \u00bb Reset Program \u00bb Kad\u0131n Cinsel Sa\u011fl\u0131\u011f\u0131 Klitoral Hudoplasti Klitoral hudoplasti, [&hellip;]<\/p>\n","protected":false},"author":6,"featured_media":0,"parent":0,"menu_order":0,"comment_status":"closed","ping_status":"closed","template":"","meta":{"footnotes":""},"class_list":["post-61655","page","type-page","status-publish","hentry"],"_links":{"self":[{"href":"https:\/\/drterziler.com\/tr\/wp-json\/wp\/v2\/pages\/61655","targetHints":{"allow":["GET"]}}],"collection":[{"href":"https:\/\/drterziler.com\/tr\/wp-json\/wp\/v2\/pages"}],"about":[{"href":"https:\/\/drterziler.com\/tr\/wp-json\/wp\/v2\/types\/page"}],"author":[{"embeddable":true,"href":"https:\/\/drterziler.com\/tr\/wp-json\/wp\/v2\/users\/6"}],"replies":[{"embeddable":true,"href":"https:\/\/drterziler.com\/tr\/wp-json\/wp\/v2\/comments?post=61655"}],"version-history":[{"count":9,"href":"https:\/\/drterziler.com\/tr\/wp-json\/wp\/v2\/pages\/61655\/revisions"}],"predecessor-version":[{"id":61778,"href":"https:\/\/drterziler.com\/tr\/wp-json\/wp\/v2\/pages\/61655\/revisions\/61778"}],"wp:attachment":[{"href":"https:\/\/drterziler.com\/tr\/wp-json\/wp\/v2\/media?parent=61655"}],"curies":[{"name":"wp","href":"https:\/\/api.w.org\/{rel}","templated":true}]}}