{"id":61772,"date":"2026-04-10T14:11:01","date_gmt":"2026-04-10T14:11:01","guid":{"rendered":"https:\/\/drterziler.com\/?page_id=61772"},"modified":"2026-04-10T17:37:35","modified_gmt":"2026-04-10T17:37:35","slug":"klitoral-hudoplasti","status":"publish","type":"page","link":"https:\/\/drterziler.com\/tr\/kadin-cinsel-sagligi\/klitoral-hudoplasti\/","title":{"rendered":"Klitoral Hudoplasti"},"content":{"rendered":"<div class=\"page-content\">\n<div id=\"header-area\">\n<div class=\"container\" id=\"firstContent\">\n<div class=\"header-content d-flex flex-column\">\n<h1 class=\"content-title h1-header\">Klitoral Hudoplasti<\/h1>\n<div class=\"content-paragraph\">\n<p class=\"p-text\">Klitoris \u00fczerindeki katlanm\u0131\u015f ve fazla deri dokusunun cerrahi olarak yeniden \u015fekillendirildi\u011fi \u00f6zel bir estetik prosed\u00fcrd\u00fcr. Bu i\u015flem, b\u00f6lgedeki doku birikiminin neden oldu\u011fu hijyen sorunlar\u0131n\u0131 ve dar k\u0131yafetler giyildi\u011finde olu\u015fan fiziksel rahats\u0131zl\u0131\u011f\u0131 ortadan kald\u0131r\u0131r. Ayn\u0131 zamanda fazla dokunun \u00e7\u0131kar\u0131lmas\u0131yla anatomik b\u00fct\u00fcnl\u00fck sa\u011flanarak, kad\u0131n\u0131n cinsel ya\u015fam kalitesi ve bedensel \u00f6zg\u00fcveni \u00f6nemli \u00f6l\u00e7\u00fcde desteklenmi\u015f olur.<\/p>\n<\/p><\/div>\n<nav aria-label=\"breadcrumb\" class=\"breadcrumbs\">\n<ul class=\"d-flex align-items-center mb-0\">\n<li><a class=\"link\" href=\"https:\/\/drterziler.com\/tr\/\"><span>Dr. Terziler<\/span><\/a><\/li>\n<li class=\"separator\">\u00bb<\/li>\n<li><a class=\"link\" href=\"https:\/\/drterziler.com\/tr\/kadin-cinsel-sagligi\/\"><span>Kad\u0131n Cinsel Sa\u011fl\u0131\u011f\u0131<\/span><\/a><\/li>\n<li class=\"separator\">\u00bb<\/li>\n<li class=\"current-page\"><span>Klitoral Hudoplasti<\/span><\/li>\n<\/ul>\n<\/nav><\/div>\n<\/p><\/div>\n<\/p><\/div>\n<\/div>\n<section id=\"content-area\">\n<div class=\"container my-5\">\n<div class=\"row align-items-start\">\n<div class=\"col-md-6 order-2 order-md-1\">\n<div class=\"custom-toc-box\">\n<div id=\"toc-header\">\n<h4>\u0130\u00e7indekiler<\/h4>\n<div class=\"toc-toggle-icon\"><\/div>\n<\/p><\/div>\n<div class=\"toc-full-divider\"><\/div>\n<div id=\"toc-body\">\n<div id=\"toc-container\"><\/div>\n<\/p><\/div>\n<\/p><\/div>\n<\/p><\/div>\n<div class=\"col-md-6 order-1 order-md-2\" id=\"jForm\">\n                <script type=\"text\/javascript\" src=\"https:\/\/form.jotform.com\/jsform\/242882264736970\"><\/script>\n            <\/div>\n<\/p><\/div>\n<\/p><\/div>\n<div class=\"container\">\n<div class=\"img-thumb\">\n            <img loading=\"lazy\" decoding=\"async\" width=\"1140\" height=\"640\" src=\"https:\/\/drterziler.com\/wp-content\/uploads\/2026\/04\/klitoral.webp\" alt=\"Klitoral Hudoplasti\"  sizes=\"auto, (max-width: 1140px) 100vw, 1140px\" \/>\n        <\/div>\n<div>\n<div>\n<h2 class=\"h2-header\">Klitoral Hudoplasti (Klitoris \u00dcst\u00fc Esteti\u011fi)<\/h2>\n<\/p><\/div>\n<div>\n<p class=\"p-text\">Cinsel sa\u011fl\u0131k ve haz, b\u00fct\u00fcnsel esenli\u011fimizin ve ya\u015fam kalitemizin ayr\u0131lmaz bir par\u00e7as\u0131d\u0131r. Ancak bazen anatomik yap\u0131daki k\u00fc\u00e7\u00fck detaylar hem fiziksel konforu hem de cinsel tatmini g\u00f6lgeleyebilir. Klitoris \u00fczerindeki fazla deri dokusu da bu detaylardan biridir. Klini\u011fimizde, kad\u0131n cinselli\u011finin en hassas noktas\u0131n\u0131 hedefleyen Klitoral Hudoplasti i\u015flemini ger\u00e7ekle\u015ftirerek hem estetik b\u00fct\u00fcnl\u00fc\u011f\u00fc sa\u011fl\u0131yor hem de misafirlerimizin cinsel ya\u015famlar\u0131nda yepyeni bir sayfa a\u00e7malar\u0131na yard\u0131mc\u0131 oluyoruz.<\/p>\n<\/p><\/div>\n<\/p><\/div>\n<div>\n<div>\n<h2 class=\"h2-header\">Klitoral Hudoplasti Nedir?<\/h2>\n<\/p><\/div>\n<div>\n<p class=\"p-text\">Klitoris, kad\u0131n v\u00fccudunda tamamen cinsel hazza odaklanm\u0131\u015f tek organd\u0131r ve &#8220;hud&#8221; (ba\u015fl\u0131k) ad\u0131 verilen ince bir deri tabakas\u0131yla korunur. Baz\u0131 kad\u0131nlarda bu koruyucu deri tabakas\u0131 genetik nedenlerle veya ya\u015flanmaya ba\u011fl\u0131 olarak normalden daha kal\u0131n, uzun, katlanm\u0131\u015f veya asimetrik olabilir. Klitoral hudoplasti, bu fazla ve estetik olmayan deri dokusunun mikrocerrahi y\u00f6ntemlerle \u00e7\u0131kar\u0131larak b\u00f6lgenin anatomik olarak uyumlu, zarif ve fonksiyonel hale getirildi\u011fi bir i\u015flemdir.<\/p>\n<\/p><\/div>\n<div>\n<h3 class=\"h3-header\">Cinsel ve Fonksiyonel \u015eikayetler:<\/h3>\n<\/p><\/div>\n<div>\n<p class=\"p-text\">\n<ul>\n<li class=\"p-text\"><strong>Orgazm G\u00fc\u00e7l\u00fc\u011f\u00fc (Anorgazmi):<\/strong> Fazla deri dokusu klitorisi kal\u0131n bir battaniye gibi \u00f6rtt\u00fc\u011f\u00fc i\u00e7in cinsel ili\u015fki s\u0131ras\u0131nda yeterli uyar\u0131lma sa\u011flanamaz.<\/li>\n<li class=\"p-text\"><strong>Hijyen ve Enfeksiyonlar:<\/strong> Katlanm\u0131\u015f deri yap\u0131lar\u0131 aras\u0131nda salg\u0131lar\u0131n birikmesi sonucu ya\u015fanan hijyen sorunlar\u0131 ve tekrarlayan enfeksiyonlar.<\/li>\n<li class=\"p-text\"><strong>Fiziksel Rahats\u0131zl\u0131k:<\/strong> Dar k\u0131yafetler, mayo veya tayt giyildi\u011finde d\u0131\u015far\u0131dan fark edilen kabar\u0131kl\u0131k ve bunun yaratt\u0131\u011f\u0131 fiziksel konforsuzluk.<\/li>\n<\/ul>\n<\/p><\/div>\n<div>\n<h3 class=\"h3-header\">Estetik ve Psikolojik \u015eikayetler:<\/h3>\n<p class=\"p-text\">\n<ul>\n<li class=\"p-text\">Genital b\u00f6lgenin \u00fcst k\u0131sm\u0131ndaki kaba, asimetrik ve sark\u0131k g\u00f6r\u00fcn\u00fcm nedeniyle ya\u015fanan estetik mutsuzluk.<\/li>\n<li class=\"p-text\">Partnerin \u00f6n\u00fcnde \u00e7\u0131plak kalma \u00e7ekincesi ve buna ba\u011fl\u0131 geli\u015fen cinsel \u00f6zg\u00fcven eksikli\u011fi.<\/li>\n<li class=\"p-text\">\u00d6zellikle labioplasti (i\u00e7 dudak k\u00fc\u00e7\u00fcltme) ameliyat\u0131 olup hudoplasti olmayan ki\u015filerde klitoris b\u00f6lgesinin orant\u0131s\u0131z \u015fekilde belirgin durmas\u0131 (&#8220;mikropenis&#8221; g\u00f6r\u00fcn\u00fcm\u00fc).<\/li>\n<\/ul>\n<\/p><\/div>\n<\/p><\/div>\n<div>\n<div>\n<h2 class=\"h2-header\">Ki\u015fiselle\u015ftirilmi\u015f Kons\u00fcltasyon: B\u00fct\u00fcnsel Estetik Yakla\u015f\u0131m\u0131<\/h2>\n<\/p><\/div>\n<div>\n<p class=\"p-text\">Genital estetik bir b\u00fct\u00fcnd\u00fcr. Klini\u011fimizdeki uzman kons\u00fcltasyonunuz s\u0131ras\u0131nda genital anatomik yap\u0131n\u0131z bir b\u00fct\u00fcn olarak de\u011ferlendirilir. \u00c7o\u011fu zaman i\u00e7 dudaklar\u0131n (labia) b\u00fcy\u00fckl\u00fc\u011f\u00fc, klitoris \u00fczerindeki deri fazlal\u0131\u011f\u0131 ile birle\u015fir. Bu nedenle, kusursuz ve do\u011fal bir sonu\u00e7 elde etmek i\u00e7in Klitoral Hudoplasti&#8217;yi genellikle Labioplasti ile kombine ederek &#8220;B\u00fct\u00fcnsel Genital Estetik&#8221; prensibiyle planl\u0131yoruz.<\/p>\n<\/p><\/div>\n<\/p><\/div>\n<div>\n<div>\n<h3 class=\"h3-header\">Hudoplasti Operasyonu Nas\u0131l Yap\u0131l\u0131r?<\/h3>\n<\/p><\/div>\n<div>\n<p class=\"p-text\">Bu operasyon kad\u0131n anatomisinin en hassas b\u00f6lgesinde yap\u0131ld\u0131\u011f\u0131 i\u00e7in y\u00fcksek d\u00fczeyde cerrahi tecr\u00fcbe ve incelik gerektirir.<\/p>\n<\/p><\/div>\n<div>\n<p class=\"p-text\">\n<ul>\n<li class=\"p-text\"><strong>G\u00fcvenlik ve Hassasiyet:<\/strong> Operasyon s\u0131ras\u0131nda as\u0131l klitoris organ\u0131na (sinir a\u011f\u0131n\u0131 i\u00e7eren yap\u0131ya) kesinlikle dokunulmaz. Sadece klitorisin \u00fcst\u00fcn\u00fc ve yanlar\u0131n\u0131 saran fazla deri tabakalar\u0131 (mukoza) \u00f6zel mikrocerrahi tekniklerle inceltilir ve k\u0131salt\u0131l\u0131r.<\/li>\n<li class=\"p-text\"><strong>Anestezi ve S\u00fcre:<\/strong> \u0130\u015flem, misafirlerimizin tercihine ve doktorumuzun de\u011ferlendirmesine g\u00f6re lokal anestezi, sedasyon veya hafif genel anestezi alt\u0131nda ger\u00e7ekle\u015ftirilir. Ortalama 30 ila 45 dakika s\u00fcren bu i\u015flem s\u0131ras\u0131nda herhangi bir a\u011fr\u0131 hissedilmez.<\/li>\n<\/ul>\n<\/p><\/div>\n<\/p><\/div>\n<div>\n<div>\n<h3 class=\"h3-header\">\u0130yile\u015fme S\u00fcreci ve G\u00fcnl\u00fck Hayata D\u00f6n\u00fc\u015f<\/h3>\n<\/p><\/div>\n<div>\n<p class=\"p-text\">Mikrocerrahi teknikler kulland\u0131\u011f\u0131m\u0131z i\u00e7in iyile\u015fme s\u00fcreci olduk\u00e7a konforlu ve h\u0131zl\u0131d\u0131r.<\/p>\n<\/p><\/div>\n<div>\n<p class=\"p-text\">\n<ul>\n<li class=\"p-text\">Operasyonun yap\u0131ld\u0131\u011f\u0131 g\u00fcn klinikten taburcu olabilirsiniz. \u0130lk birka\u00e7 g\u00fcn b\u00f6lgede hafif \u015fi\u015flik (\u00f6dem) ve hassasiyet olmas\u0131 normaldir.<\/li>\n<li class=\"p-text\">Masa ba\u015f\u0131 i\u015fi olan misafirlerimiz 3-4 g\u00fcn i\u00e7inde profesyonel hayatlar\u0131na rahatl\u0131kla d\u00f6nebilirler.<\/li>\n<li class=\"p-text\">Estetik ve kendili\u011finden eriyen diki\u015fler kullan\u0131ld\u0131\u011f\u0131 i\u00e7in diki\u015f ald\u0131rma s\u00fcreci yoktur. Ortalama 4-6 hafta i\u00e7inde dokular tamamen iyile\u015fir ve nihai do\u011fal g\u00f6r\u00fcn\u00fcm\u00fcne kavu\u015fur.<\/li>\n<\/ul>\n<\/p><\/div>\n<\/p><\/div>\n<div>\n<div>\n<h3 class=\"h3-header\">Operasyon Sonras\u0131 Dikkat Edilmesi Gerekenler<\/h3>\n<\/p><\/div>\n<div>\n<p class=\"p-text\">\n<ul>\n<li class=\"p-text\">\u0130yile\u015fme tamamlanana kadar (yakla\u015f\u0131k 4-6 hafta) cinsel ili\u015fkiden ka\u00e7\u0131n\u0131lmal\u0131d\u0131r.<\/li>\n<li class=\"p-text\">\u0130lk 4 hafta deniz, havuz veya T\u00fcrk hamam\u0131 gibi ortamlardan uzak durulmal\u0131d\u0131r.<\/li>\n<li class=\"p-text\">1 ay boyunca dar k\u0131yafetler giyilmemeli ve bisiklete binmek, ata binmek gibi b\u00f6lgeye do\u011frudan bask\u0131 yapacak aktivitelerden ka\u00e7\u0131n\u0131lmal\u0131d\u0131r.<\/li>\n<\/ul>\n<\/p><\/div>\n<\/p><\/div>\n<div>\n<div>\n<h2 class=\"h2-header\">S\u0131k\u00e7a Sorulan Sorular (SSS)<\/h2>\n<\/p><\/div>\n<div>\n<h3 class=\"h3-header\">Klitoral hudoplasti cinsel hazz\u0131 azalt\u0131r m\u0131 veya his kayb\u0131na neden olur mu?<\/h3>\n<\/p><\/div>\n<div>\n<p class=\"p-text\">Aksine, cinsel hazz\u0131 \u00f6nemli \u00f6l\u00e7\u00fcde art\u0131r\u0131r. Operasyon s\u0131ras\u0131nda hazdan sorumlu sinirlere veya klitorisin kendisine dokunulmaz. Sadece uyar\u0131lmay\u0131 engelleyen kal\u0131n deri \u00f6rt\u00fcs\u00fc kald\u0131r\u0131ld\u0131\u011f\u0131 i\u00e7in, operasyon sonras\u0131 klitoris \u00e7ok daha kolay uyar\u0131labilir hale gelir ve orgazm kalitesi artar.<\/p>\n<\/p><\/div>\n<div>\n<h3 class=\"h3-header\">Klitorisimin kesilmesinden korkuyorum; b\u00f6yle bir risk var m\u0131?<\/h3>\n<\/p><\/div>\n<div>\n<p class=\"p-text\">Hay\u0131r, kesinlikle b\u00f6yle bir risk yoktur. Bu operasyon bir &#8220;klitoris kesme&#8221; i\u015flemi de\u011fil, klitorisi \u00e7evreleyen fazla derinin (ba\u015fl\u0131\u011f\u0131n) estetik olarak d\u00fczenlenmesi i\u015flemidir. Uzman ellerde yap\u0131ld\u0131\u011f\u0131nda son derece g\u00fcvenli bir prosed\u00fcrd\u00fcr.<\/p>\n<\/p><\/div>\n<div>\n<h3 class=\"h3-header\">Ameliyattan sonra d\u0131\u015far\u0131dan g\u00f6r\u00fcnen bir cerrahi iz kal\u0131r m\u0131?<\/h3>\n<\/p><\/div>\n<div>\n<p class=\"p-text\">Genital mukoza, insan v\u00fccudunda izleri en iyi gizleyen ve en h\u0131zl\u0131 iyile\u015fen dokulardan biridir. Gizli ve ince estetik diki\u015fler kullan\u0131ld\u0131\u011f\u0131 i\u00e7in, iyile\u015fme tamamland\u0131ktan sonra b\u00f6lgede cerrahi bir i\u015flem yap\u0131ld\u0131\u011f\u0131n\u0131 d\u0131\u015far\u0131dan anlamak kesinlikle m\u00fcmk\u00fcn de\u011fildir.<\/p>\n<\/p><\/div>\n<div>\n<h3 class=\"h3-header\">Labioplasti ve Hudoplasti ayn\u0131 anda yap\u0131lmak zorunda m\u0131?<\/h3>\n<\/p><\/div>\n<div>\n<p class=\"p-text\">Zorunlu olmamakla birlikte t\u0131bbi ve estetik a\u00e7\u0131dan \u015fiddetle tavsiye edilir. \u0130\u00e7 dudaklar k\u00fc\u00e7\u00fclt\u00fcld\u00fc\u011f\u00fcnde, \u00fcst k\u0131s\u0131mdaki (klitoris \u00e7evresindeki) kal\u0131n doku b\u0131rak\u0131l\u0131rsa, \u00fcst taraf daha \u015fi\u015fkin ve \u00e7\u0131k\u0131nt\u0131l\u0131 g\u00f6r\u00fcn\u00fcr. Her ikisinin e\u015f zamanl\u0131 yap\u0131lmas\u0131 kusursuz bir anatomik uyum sa\u011flar.<\/p>\n<p class=\"p-text\">Cinsel hayat\u0131n\u0131zdaki engelleri kald\u0131rmak ve bedensel \u00f6zg\u00fcveninizi en \u00fcst seviyeye ta\u015f\u0131mak i\u00e7in klini\u011fimizin uzman kadrosuyla ileti\u015fime ge\u00e7ebilir, ki\u015fiselle\u015ftirilmi\u015f tedavi plan\u0131 i\u00e7in randevu alabilirsiniz.<\/p>\n<\/p><\/div>\n<\/p><\/div>\n<\/p><\/div>\n<\/section>\n","protected":false},"excerpt":{"rendered":"<p>Klitoral Hudoplasti Klitoris \u00fczerindeki katlanm\u0131\u015f ve fazla deri dokusunun cerrahi olarak yeniden \u015fekillendirildi\u011fi \u00f6zel bir estetik prosed\u00fcrd\u00fcr. Bu i\u015flem, b\u00f6lgedeki doku birikiminin neden oldu\u011fu hijyen sorunlar\u0131n\u0131 ve dar k\u0131yafetler giyildi\u011finde olu\u015fan fiziksel rahats\u0131zl\u0131\u011f\u0131 ortadan kald\u0131r\u0131r. Ayn\u0131 zamanda fazla dokunun \u00e7\u0131kar\u0131lmas\u0131yla anatomik b\u00fct\u00fcnl\u00fck sa\u011flanarak, kad\u0131n\u0131n cinsel ya\u015fam kalitesi ve bedensel \u00f6zg\u00fcveni \u00f6nemli \u00f6l\u00e7\u00fcde desteklenmi\u015f olur. Dr. [&hellip;]<\/p>\n","protected":false},"author":6,"featured_media":0,"parent":61655,"menu_order":0,"comment_status":"closed","ping_status":"closed","template":"","meta":{"footnotes":""},"class_list":["post-61772","page","type-page","status-publish","hentry"],"_links":{"self":[{"href":"https:\/\/drterziler.com\/tr\/wp-json\/wp\/v2\/pages\/61772","targetHints":{"allow":["GET"]}}],"collection":[{"href":"https:\/\/drterziler.com\/tr\/wp-json\/wp\/v2\/pages"}],"about":[{"href":"https:\/\/drterziler.com\/tr\/wp-json\/wp\/v2\/types\/page"}],"author":[{"embeddable":true,"href":"https:\/\/drterziler.com\/tr\/wp-json\/wp\/v2\/users\/6"}],"replies":[{"embeddable":true,"href":"https:\/\/drterziler.com\/tr\/wp-json\/wp\/v2\/comments?post=61772"}],"version-history":[{"count":2,"href":"https:\/\/drterziler.com\/tr\/wp-json\/wp\/v2\/pages\/61772\/revisions"}],"predecessor-version":[{"id":61780,"href":"https:\/\/drterziler.com\/tr\/wp-json\/wp\/v2\/pages\/61772\/revisions\/61780"}],"up":[{"embeddable":true,"href":"https:\/\/drterziler.com\/tr\/wp-json\/wp\/v2\/pages\/61655"}],"wp:attachment":[{"href":"https:\/\/drterziler.com\/tr\/wp-json\/wp\/v2\/media?parent=61772"}],"curies":[{"name":"wp","href":"https:\/\/api.w.org\/{rel}","templated":true}]}}