{"id":61891,"date":"2026-04-13T12:53:33","date_gmt":"2026-04-13T12:53:33","guid":{"rendered":"https:\/\/drterziler.com\/kadin-cinsel-sagligi\/laser-vaginal-rejuvenation\/"},"modified":"2026-04-13T13:59:58","modified_gmt":"2026-04-13T13:59:58","slug":"lazerle-vajinal-genclestirme","status":"publish","type":"page","link":"https:\/\/drterziler.com\/tr\/kadin-cinsel-sagligi\/lazerle-vajinal-genclestirme\/","title":{"rendered":"Lazerle Vajinal Gen\u00e7le\u015ftirme"},"content":{"rendered":"<div class=\"page-content\">\n<div id=\"header-area\">\n<div class=\"container\" id=\"firstContent\">\n<div class=\"header-content d-flex flex-column\">\n<h1 class=\"content-title h1-header\">Lazerle Vajinal Gen\u00e7le\u015ftirme<\/h1>\n<div class=\"content-paragraph\">\n<p class=\"p-text\">Lazerle vajinal gen\u00e7le\u015ftirme, dokunun kendini yenilemesini sa\u011flayarak kuruluk, gev\u015feme ve hassasiyet kayb\u0131n\u0131 azaltmay\u0131 hedefler. Uygulama sonras\u0131nda vajinal b\u00f6lgede s\u0131k\u0131la\u015fma, nem art\u0131\u015f\u0131 ve genel konfor hissinde belirgin iyile\u015fme sa\u011flan\u0131r. Cerrahi m\u00fcdahale gerektirmeyen bu y\u00f6ntem, h\u0131zl\u0131 ve etkili sonu\u00e7lar arayan kad\u0131nlar i\u00e7in g\u00fc\u00e7l\u00fc bir alternatiftir.<\/p>\n<\/p><\/div>\n<nav aria-label=\"breadcrumb\" class=\"breadcrumbs\">\n<ul class=\"d-flex align-items-center mb-0\">\n<li><a class=\"link\" href=\"https:\/\/drterziler.com\/tr\"><span>Dr. Terziler Exclusive Clinic<\/span><\/a>\n                        <\/li>\n<li class=\"separator\">\u00bb<\/li>\n<li><a class=\"link\" href=\"https:\/\/drterziler.com\/tr\/kadin-cinsel-sagligi\/\"><span>Kad\u0131n Cinsel Sa\u011fl\u0131\u011f\u0131<\/span><\/a><\/li>\n<li class=\"separator\">\u00bb<\/li>\n<li class=\"current-page\"><span>Lazerle Vajinal Gen\u00e7le\u015ftirme<\/span><\/li>\n<\/ul>\n<\/nav><\/div>\n<\/p><\/div>\n<\/p><\/div>\n<\/div>\n<section id=\"content-area\">\n<div class=\"container my-5\">\n<div class=\"row align-items-start\">\n<div class=\"col-md-6 order-2 order-md-1\">\n<div class=\"custom-toc-box\">\n<div id=\"toc-header\">\n<h4>\u0130\u00e7indekiler<\/h4>\n<div class=\"toc-toggle-icon\"><\/div>\n<\/p><\/div>\n<div class=\"toc-full-divider\"><\/div>\n<div id=\"toc-body\">\n<div id=\"toc-container\"><\/div>\n<\/p><\/div>\n<\/p><\/div>\n<\/p><\/div>\n<div class=\"col-md-6 order-1 order-md-2\" id=\"jForm\">\n                <script type=\"text\/javascript\" src=\"https:\/\/form.jotform.com\/jsform\/242882264736970\"><\/script>\n            <\/div>\n<\/p><\/div>\n<\/p><\/div>\n<div class=\"container\">\n<div class=\"img-thumb\">\n            <img loading=\"lazy\" decoding=\"async\" width=\"1140\" height=\"641\" src=\"https:\/\/drterziler.com\/wp-content\/uploads\/2026\/04\/Lazerle-Vajinal-Genclestirme-solda-3.webp\" alt=\"Lazerle Vajinal Gen\u00e7le\u015ftirme\" sizes=\"auto, (max-width: 1140px) 100vw, 1140px\" \/>\n        <\/div>\n<div>\n<div>\n<h2 class=\"h2-header\">Lazerle Vajinal Rejuvenasyon (Gen\u00e7le\u015ftirme)<\/h2>\n<\/p><\/div>\n<div>\n<p class=\"p-text\">Kad\u0131n bedeni, y\u0131llar i\u00e7inde hamilelik, do\u011fum, hormonal dalgalanmalar ve menopoz gibi son derece do\u011fal ama y\u0131prat\u0131c\u0131 s\u00fcre\u00e7lerden ge\u00e7er. Bu s\u00fcre\u00e7ler, genital b\u00f6lgedeki dokular\u0131n zamanla esnekli\u011fini, nemini ve canl\u0131l\u0131\u011f\u0131n\u0131 kaybetmesine yol a\u00e7abilir. \u00c7o\u011fu kad\u0131n\u0131n ya\u015flanman\u0131n veya do\u011fumun do\u011fal bir sonucu olarak kabullendi\u011fi bu durumlar, asl\u0131nda modern t\u0131bb\u0131n sundu\u011fu y\u00fcksek teknolojilerle dakikalar i\u00e7inde \u00e7\u00f6z\u00fclebilmektedir.<\/p>\n<p class=\"p-text\">E\u011fer genital b\u00f6lgenizde kuruluk, his kayb\u0131, hafif d\u00fczeyde gev\u015feme veya idrar ka\u00e7\u0131rma gibi ya\u015fam kalitenizi d\u00fc\u015f\u00fcren sorunlar ya\u015f\u0131yor ancak cerrahi bir operasyondan \u00e7ekiniyorsan\u0131z; klini\u011fimizde uygulad\u0131\u011f\u0131m\u0131z Lazerle Vajinal Rejuvenasyon (Gen\u00e7le\u015ftirme), arad\u0131\u011f\u0131n\u0131z konforlu, ameliyats\u0131z ve yenilik\u00e7i \u00e7\u00f6z\u00fcmd\u00fcr.<\/p>\n<\/p><\/div>\n<\/p><\/div>\n<div>\n<div>\n<h2 class=\"h2-header\">Lazerle Vajinal Rejuvenasyon Nedir?<\/h2>\n<\/p><\/div>\n<div>\n<p class=\"p-text\">Vajinal rejuvenasyon, ileri teknoloji medikal lazer sistemleri (Fraksiyonel CO2 veya Erbium YAG lazerler) kullan\u0131larak vajinal kanal\u0131n ve mukoza dokusunun ameliyats\u0131z bir \u015fekilde yenilenmesi i\u015flemidir.<\/p>\n<p class=\"p-text\">Lazer \u0131\u015f\u0131nlar\u0131, vajinal dokunun alt katmanlar\u0131na kontroll\u00fc ve mikro d\u00fczeyde termal (\u0131s\u0131) hasarlar verir. Bu ak\u0131ll\u0131 uyar\u0131 sistemi, v\u00fccudun do\u011fal iyile\u015fme mekanizmas\u0131n\u0131 tetikleyerek o b\u00f6lgedeki kan ak\u0131\u015f\u0131n\u0131 h\u0131zland\u0131r\u0131r ve &#8220;kolajen ile elastin&#8221; \u00fcretimini dramatik bir \u015fekilde art\u0131r\u0131r. Sonu\u00e7 olarak vajinal doku kendi kendini yeniler, s\u0131k\u0131la\u015f\u0131r, kal\u0131nla\u015f\u0131r ve eski nemli, sa\u011fl\u0131kl\u0131 yap\u0131s\u0131na kavu\u015fur.<\/p>\n<\/p><\/div>\n<\/p><\/div>\n<div>\n<div>\n<h2 class=\"h2-header\">Kad\u0131nlar Neden Lazerle Vajinal Gen\u00e7le\u015ftirmeye \u0130htiya\u00e7 Duyar?<\/h2>\n<\/p><\/div>\n<div>\n<p class=\"p-text\">Lazer tedavisi, hem yap\u0131sal hem de hormonal eksikliklerin yaratt\u0131\u011f\u0131 sorunlara h\u00fccresel d\u00fczeyde etki eder. Hastalar\u0131m\u0131z klini\u011fimize s\u0131kl\u0131kla \u015fu \u015fikayetleri \u00e7\u00f6zmek i\u00e7in ba\u015fvurur:<\/p>\n<\/p><\/div>\n<div>\n<h3 class=\"h3-header\">Fonksiyonel ve Medikal \u015eikayetler:<\/h3>\n<p class=\"p-text\">\n<ul>\n<li class=\"p-text\"><strong>\u25cf Vajinal Kuruluk ve Disparoni:<\/strong> \u00d6zellikle menopoz d\u00f6neminde veya emzirme s\u00fcrecinde d\u00fc\u015fen \u00f6strojen seviyelerine ba\u011fl\u0131 olarak geli\u015fen \u015fiddetli vajinal kuruluk ve cinsel ili\u015fki s\u0131ras\u0131nda ya\u015fanan a\u011fr\u0131 (disparoni).<\/li>\n<li class=\"p-text\"><strong>\u25cf Stres Tipi \u0130drar Ka\u00e7\u0131rma (\u0130nkontinans):<\/strong> G\u00fclme, \u00f6ks\u00fcrme, hap\u015f\u0131rma veya spor yaparken ya\u015fanan hafif ve orta dereceli idrar ka\u00e7\u0131rma problemleri.<\/li>\n<li class=\"p-text\"><strong>\u25cf Vajinal Atrofi:<\/strong> Dokunun incelmesi, kurumas\u0131 ve buna ba\u011fl\u0131 olarak s\u0131k tekrarlayan vajinal enfeksiyonlar (mantar, vajinit vb.) ve kronik ka\u015f\u0131nt\u0131\/yanma hissi.<\/li>\n<\/ul>\n<\/p><\/div>\n<div>\n<h3 class=\"h3-header\">Cinsel ve Fiziksel \u015eikayetler:<\/h3>\n<p class=\"p-text\">\n<ul>\n<li class=\"p-text\">\u25cf Vajinal kanalda hissedilen hafif ve orta dereceli gev\u015feme (laksite) hissi.<\/li>\n<li class=\"p-text\">\u25cf Dokudaki incelme ve gev\u015femeye ba\u011fl\u0131 olarak cinsel ili\u015fki s\u0131ras\u0131nda partnerlerin her ikisinde de ya\u015fanan mekanik his kayb\u0131 ve orgazm g\u00fc\u00e7l\u00fc\u011f\u00fc.<\/li>\n<\/ul>\n<\/p><\/div>\n<\/p><\/div>\n<div>\n<div>\n<h2 class=\"h2-header\">Bu Tedavi Kimler \u0130\u00e7in \u0130dealdir?<\/h2>\n<\/p><\/div>\n<div>\n<p class=\"p-text\">Lazerle vajinal gen\u00e7le\u015ftirme;<\/p>\n<\/p><\/div>\n<div>\n<p class=\"p-text\">\n<ul>\n<li class=\"p-text\">\u25cf Cerrahi bir operasyon (Vajinoplasti) ge\u00e7irmek istemeyen veya cerrahi i\u00e7in anatomik olarak hen\u00fcz \u00e7ok erken evrede olan,<\/li>\n<li class=\"p-text\">\u25cf Menopozun y\u0131k\u0131c\u0131 etkilerinden (kuruluk, yanma) ameliyats\u0131z ve hormonsuz bir \u015fekilde kurtulmak isteyen,<\/li>\n<li class=\"p-text\">\u25cf Do\u011fum sonras\u0131 vajinal dokusunun toparlanma s\u00fcrecini h\u0131zland\u0131rmak isteyen,<\/li>\n<li class=\"p-text\">\u25cf Hafif idrar ka\u00e7\u0131rma problemiyle g\u00fcnl\u00fck hayat\u0131 k\u0131s\u0131tlanan her ya\u015ftan kad\u0131n i\u00e7in son derece ideal, g\u00fcvenilir ve konforlu bir prosed\u00fcrd\u00fcr.<\/li>\n<\/ul>\n<\/p><\/div>\n<\/p><\/div>\n<div>\n<div>\n<h2 class=\"h2-header\">\u0130\u015flem S\u00fcreci: Konforlu ve H\u0131zl\u0131 Bir Seans<\/h2>\n<\/p><\/div>\n<div>\n<p class=\"p-text\">Lazerle vajinal rejuvenasyon, t\u0131p d\u00fcnyas\u0131nda &#8220;\u00f6\u011fle aras\u0131 prosed\u00fcr\u00fc&#8221; (lunchtime procedure) olarak da bilinen, son derece pratik bir uygulamad\u0131r.<\/p>\n<\/p><\/div>\n<div>\n<p class=\"p-text\">\n<ul>\n<li class=\"p-text\"><strong>\u25cf Haz\u0131rl\u0131k ve Anestezi:<\/strong> \u0130\u015flem tamamen a\u011fr\u0131s\u0131zd\u0131r. Vajinal kanal\u0131n i\u00e7 k\u0131sm\u0131nda a\u011fr\u0131 resept\u00f6rleri yo\u011fun olmad\u0131\u011f\u0131 i\u00e7in genellikle herhangi bir anesteziye ihtiya\u00e7 duyulmaz. Sadece d\u0131\u015f b\u00f6lgelere at\u0131\u015f yap\u0131lacaksa hafif lokal anestezik kremler kullan\u0131labilir.<\/li>\n<li class=\"p-text\"><strong>\u25cf Uygulama:<\/strong> \u00d6zel olarak tasarlanm\u0131\u015f, anatomik yap\u0131ya uygun steril bir lazer probu vajinal kanala yerle\u015ftirilir. Prob 360 derece d\u00f6nd\u00fcr\u00fclerek t\u00fcm vajinal duvara lazer at\u0131\u015flar\u0131 yap\u0131l\u0131r. \u0130\u015flem s\u0131ras\u0131nda sadece hafif bir titre\u015fim ve tolere edilebilir bir \u0131s\u0131 hissedilir.<\/li>\n<li class=\"p-text\"><strong>\u25cf S\u00fcre:<\/strong> T\u00fcm seans ortalama 15 ila 20 dakika gibi \u00e7ok k\u0131sa bir s\u00fcrede tamamlan\u0131r.<\/li>\n<\/ul>\n<\/p><\/div>\n<\/p><\/div>\n<div>\n<div>\n<h2 class=\"h2-header\">\u0130yile\u015fme S\u00fcreci ve G\u00fcnl\u00fck Hayata D\u00f6n\u00fc\u015f<\/h2>\n<\/p><\/div>\n<div>\n<p class=\"p-text\">Lazer tedavisinin en b\u00fcy\u00fck avantaj\u0131 &#8220;downtime&#8221; (iyile\u015fme s\u00fcresi) gerektirmemesidir. Cerrahi bir kesi veya diki\u015f olmad\u0131\u011f\u0131 i\u00e7in s\u00fcre\u00e7 \u00e7ok rahatt\u0131r.<\/p>\n<\/p><\/div>\n<div>\n<p class=\"p-text\">\n<ul>\n<li class=\"p-text\">\u25cf \u0130\u015flem biter bitmez y\u00fcr\u00fcyerek klini\u011fimizden ayr\u0131labilir, ayn\u0131 g\u00fcn i\u015finize ve sosyal hayat\u0131n\u0131za kald\u0131\u011f\u0131n\u0131z yerden devam edebilirsiniz.<\/li>\n<li class=\"p-text\">\u25cf \u0130lk birka\u00e7 g\u00fcn hafif bir pembe\/\u015feffaf ak\u0131nt\u0131 g\u00f6r\u00fclmesi dokunun yenilenmeye ba\u015flad\u0131\u011f\u0131n\u0131n normal bir i\u015faretidir.<\/li>\n<li class=\"p-text\">\u25cf Etkili bir iyile\u015fme i\u00e7in i\u015flemden sonraki 5 ila 7 g\u00fcn boyunca cinsel ili\u015fkiye girilmemeli; deniz, havuz ve s\u0131cak k\u00fcvet kullan\u0131m\u0131ndan ka\u00e7\u0131n\u0131lmal\u0131d\u0131r.<\/li>\n<\/ul>\n<\/p><\/div>\n<\/p><\/div>\n<div>\n<div>\n<h2 class=\"h2-header\">S\u0131k\u00e7a Sorulan Sorular (SSS)<\/h2>\n<\/p><\/div>\n<div>\n<h3 class=\"h3-header\">Lazerle daraltma m\u0131 yoksa cerrahi vajinoplasti mi yapt\u0131rmal\u0131y\u0131m?<\/h3>\n<\/p><\/div>\n<div>\n<p class=\"p-text\">Bu sorunun cevab\u0131 muayene sonucunuza g\u00f6re de\u011fi\u015fir. E\u011fer vajinal dokunuzda belirgin bir kas y\u0131rt\u0131lmas\u0131 veya ileri derece geni\u015fleme varsa, tek \u00e7\u00f6z\u00fcm cerrahi Vajinoplasti&#8217;dir. Ancak gev\u015feme hafif\/orta d\u00fczeydeyse, temel sorununuz kuruluk, idrar ka\u00e7\u0131rma veya doku incelmesi ise lazer tedavisi sizin i\u00e7in m\u00fckemmel ve ameliyats\u0131z bir se\u00e7enektir.<\/p>\n<\/p><\/div>\n<div>\n<h3 class=\"h3-header\">Lazer tedavisi ne zaman etki g\u00f6stermeye ba\u015flar?<\/h3>\n<\/p><\/div>\n<div>\n<p class=\"p-text\">Lazerin termal etkisiyle dokudaki kanlanma art\u0131\u015f\u0131 an\u0131nda ba\u015flar. \u0130lk seans\u0131n ard\u0131ndan yakla\u015f\u0131k 3-4 hafta i\u00e7inde vajinal kuruluk azal\u0131r, s\u0131k\u0131la\u015fma ve dokudaki gen\u00e7le\u015fme hissi belirginle\u015fir. Kolajen \u00fcretimi devam etti\u011fi i\u00e7in sonu\u00e7lar aylar i\u00e7inde daha da iyiye gider.<\/p>\n<\/p><\/div>\n<div>\n<h3 class=\"h3-header\">\u0130stedi\u011fim sonucu almak i\u00e7in ka\u00e7 seans gereklidir?<\/h3>\n<\/p><\/div>\n<div>\n<p class=\"p-text\">Hastan\u0131n doku kalitesine, ya\u015f\u0131na ve \u015fikayetinin derecesine g\u00f6re seans say\u0131s\u0131 de\u011fi\u015fmektedir. Genellikle 4-6 hafta aral\u0131klarla uygulanan 2 ila 3 seansl\u0131k bir k\u00fcr, en optimum ve kal\u0131c\u0131 sonu\u00e7lar\u0131 vermektedir.<\/p>\n<\/p><\/div>\n<div>\n<h3 class=\"h3-header\">Lazerle vajinal gen\u00e7le\u015ftirmenin sonu\u00e7lar\u0131 kal\u0131c\u0131 m\u0131d\u0131r?<\/h3>\n<\/p><\/div>\n<div>\n<p class=\"p-text\">V\u00fccudumuz ya\u015flanmaya ve kolajen kaybetmeye devam etti\u011fi i\u00e7in hi\u00e7bir ameliyats\u0131z i\u015flem \u00f6m\u00fcr boyu kal\u0131c\u0131 de\u011fildir. Lazerin yaratt\u0131\u011f\u0131 canl\u0131l\u0131k ve s\u0131k\u0131la\u015fma etkisi ki\u015fiden ki\u015fiye de\u011fi\u015fmekle birlikte ortalama 1,5 ila 2 y\u0131l s\u00fcrer. Etkinin devaml\u0131l\u0131\u011f\u0131 i\u00e7in y\u0131lda bir kez tek seansl\u0131k &#8220;hat\u0131rlatma (idame)&#8221; uygulamas\u0131 tavsiye edilir.<\/p>\n<\/p><\/div>\n<\/p><\/div>\n<\/p><\/div>\n<\/section>\n","protected":false},"excerpt":{"rendered":"<p>Lazerle Vajinal Gen\u00e7le\u015ftirme Lazerle vajinal gen\u00e7le\u015ftirme, dokunun kendini yenilemesini sa\u011flayarak kuruluk, gev\u015feme ve hassasiyet kayb\u0131n\u0131 azaltmay\u0131 hedefler. Uygulama sonras\u0131nda vajinal b\u00f6lgede s\u0131k\u0131la\u015fma, nem art\u0131\u015f\u0131 ve genel konfor hissinde belirgin iyile\u015fme sa\u011flan\u0131r. Cerrahi m\u00fcdahale gerektirmeyen bu y\u00f6ntem, h\u0131zl\u0131 ve etkili sonu\u00e7lar arayan kad\u0131nlar i\u00e7in g\u00fc\u00e7l\u00fc bir alternatiftir. Dr. Terziler Exclusive Clinic \u00bb Kad\u0131n Cinsel Sa\u011fl\u0131\u011f\u0131 \u00bb [&hellip;]<\/p>\n","protected":false},"author":6,"featured_media":0,"parent":61655,"menu_order":0,"comment_status":"closed","ping_status":"closed","template":"","meta":{"footnotes":""},"class_list":["post-61891","page","type-page","status-publish","hentry"],"_links":{"self":[{"href":"https:\/\/drterziler.com\/tr\/wp-json\/wp\/v2\/pages\/61891","targetHints":{"allow":["GET"]}}],"collection":[{"href":"https:\/\/drterziler.com\/tr\/wp-json\/wp\/v2\/pages"}],"about":[{"href":"https:\/\/drterziler.com\/tr\/wp-json\/wp\/v2\/types\/page"}],"author":[{"embeddable":true,"href":"https:\/\/drterziler.com\/tr\/wp-json\/wp\/v2\/users\/6"}],"replies":[{"embeddable":true,"href":"https:\/\/drterziler.com\/tr\/wp-json\/wp\/v2\/comments?post=61891"}],"version-history":[{"count":2,"href":"https:\/\/drterziler.com\/tr\/wp-json\/wp\/v2\/pages\/61891\/revisions"}],"predecessor-version":[{"id":61959,"href":"https:\/\/drterziler.com\/tr\/wp-json\/wp\/v2\/pages\/61891\/revisions\/61959"}],"up":[{"embeddable":true,"href":"https:\/\/drterziler.com\/tr\/wp-json\/wp\/v2\/pages\/61655"}],"wp:attachment":[{"href":"https:\/\/drterziler.com\/tr\/wp-json\/wp\/v2\/media?parent=61891"}],"curies":[{"name":"wp","href":"https:\/\/api.w.org\/{rel}","templated":true}]}}